{"id":8298,"date":"2025-09-21T01:09:42","date_gmt":"2025-09-21T01:09:42","guid":{"rendered":"https:\/\/www.plastic-crates.co.in\/en\/product\/black-soldier-fly-breeding-box\/"},"modified":"2025-09-21T01:16:30","modified_gmt":"2025-09-21T01:16:30","slug":"caja-de-cria-de-moscas-soldado-negras","status":"publish","type":"product","link":"https:\/\/www.plastic-crates.co.in\/es\/product\/caja-de-cria-de-moscas-soldado-negras\/","title":{"rendered":"Caja de cr\u00eda de moscas soldado negras"},"content":{"rendered":"<p>Mejore sus operaciones de cultivo de insectos con nuestra caja de cr\u00eda de mosca soldado negra de alta calidad, dise\u00f1ada para compradores mayoristas B2B que buscan capitalizar el floreciente mercado de prote\u00ednas de insectos. Esta caja de cr\u00eda robusta y eficiente est\u00e1 dise\u00f1ada para empresas centradas en pr\u00e1cticas sostenibles e innovadoras.<\/p>\n<div style=\"width: 1280px;\" class=\"wp-video\"><!--[if lt IE 9]><script>document.createElement('video');<\/script><![endif]-->\n<video class=\"wp-video-shortcode\" id=\"video-8298-1\" width=\"1280\" height=\"720\" preload=\"metadata\" controls=\"controls\"><source type=\"video\/mp4\" src=\"https:\/\/www.plastic-crates.co.in\/wp-content\/uploads\/2025\/09\/black-soldier-fly-breeding-box.mp4?_=1\" \/><a href=\"https:\/\/www.plastic-crates.co.in\/wp-content\/uploads\/2025\/09\/black-soldier-fly-breeding-box.mp4\">https:\/\/www.plastic-crates.co.in\/wp-content\/uploads\/2025\/09\/black-soldier-fly-breeding-box.mp4<\/a><\/video><\/div>\n<p>Caracter\u00edsticas principales:<\/p>\n<p><strong>Construcci\u00f3n duradera<\/strong>Fabricada con pl\u00e1stico premium de grado alimenticio que garantiza durabilidad y longevidad. Esta caja es resistente al desgaste, lo que la hace perfecta para uso repetido durante los ciclos de cr\u00eda.<\/p>\n<p><strong>Dise\u00f1o \u00f3ptimo<\/strong>Dise\u00f1ada para condiciones de reproducci\u00f3n ideales, la caja proporciona una excelente ventilaci\u00f3n y retenci\u00f3n de humedad, esencial para la salud y el crecimiento de las larvas de la mosca soldado negra.<\/p>\n<p><strong>F\u00e1cil de manejar<\/strong>Su dise\u00f1o ergon\u00f3mico facilita su transporte y apilamiento, mejorando su eficiencia operativa. Su ligereza no compromete su resistencia, lo que lo hace manejable para el uso diario.<\/p>\n<p><strong>Aplicaciones vers\u00e1tiles<\/strong>:Perfectamente adecuado para diversos modelos de negocio, incluido el reciclaje de residuos org\u00e1nicos, la producci\u00f3n de alimentos para animales y la producci\u00f3n de compost rico en nutrientes, aprovechando m\u00faltiples flujos de ingresos.<\/p>\n<p><strong>Ecol\u00f3gico<\/strong>:Contribuir a los esfuerzos de sostenibilidad utilizando una soluci\u00f3n de reproducci\u00f3n respetuosa con el medio ambiente que ayude a reducir los residuos y promueva una econom\u00eda circular.<\/p>\n<p><strong>Beneficios para su negocio<\/strong>:<\/p>\n<p><strong>Mayor productividad<\/strong>:Maximice su capacidad y eficiencia de reproducci\u00f3n, lo que se traducir\u00e1 en mayores rendimientos larvarios y rentabilidad.<\/p>\n<p><strong>Rentable<\/strong>Las opciones de compra al por mayor garantizan que pueda escalar sus operaciones sin comprometer la calidad ni romper su presupuesto.<\/p>\n<p><strong>Comunidad de apoyo<\/strong>\u00danase a una red en crecimiento de empresas dedicadas a pr\u00e1cticas sustentables, con acceso a las mejores pr\u00e1cticas y conocimientos en la cr\u00eda de insectos.<\/p>\n<p>Invierta hoy mismo en nuestra caja de cr\u00eda de moscas soldado negras para optimizar sus procesos de cultivo de insectos y posicionar su negocio a la vanguardia de la revoluci\u00f3n de las prote\u00ednas sostenibles. \u00a1Cont\u00e1ctenos para obtener precios al por mayor y consultas sobre pedidos al por mayor para impulsar sus operaciones al m\u00e1ximo!<\/p>","protected":false},"excerpt":{"rendered":"<p>Elevate your insect farming operations with our high-quality Black Soldier Fly Breeding Box, designed for B2B wholesale buyers looking to [&hellip;]<\/p>","protected":false},"featured_media":8297,"template":"","meta":{"_acf_changed":false,"_uag_custom_page_level_css":"","site-sidebar-layout":"default","site-content-layout":"","ast-site-content-layout":"default","site-content-style":"default","site-sidebar-style":"default","ast-global-header-display":"","ast-banner-title-visibility":"","ast-main-header-display":"","ast-hfb-above-header-display":"","ast-hfb-below-header-display":"","ast-hfb-mobile-header-display":"","site-post-title":"","ast-breadcrumbs-content":"","ast-featured-img":"","footer-sml-layout":"","theme-transparent-header-meta":"default","adv-header-id-meta":"","stick-header-meta":"","header-above-stick-meta":"","header-main-stick-meta":"","header-below-stick-meta":"","astra-migrate-meta-layouts":"set","ast-page-background-enabled":"default","ast-page-background-meta":{"desktop":{"background-color":"var(--ast-global-color-4)","background-image":"","background-repeat":"repeat","background-position":"center center","background-size":"auto","background-attachment":"scroll","background-type":"","background-media":"","overlay-type":"","overlay-color":"","overlay-opacity":"","overlay-gradient":""},"tablet":{"background-color":"","background-image":"","background-repeat":"repeat","background-position":"center center","background-size":"auto","background-attachment":"scroll","background-type":"","background-media":"","overlay-type":"","overlay-color":"","overlay-opacity":"","overlay-gradient":""},"mobile":{"background-color":"","background-image":"","background-repeat":"repeat","background-position":"center center","background-size":"auto","background-attachment":"scroll","background-type":"","background-media":"","overlay-type":"","overlay-color":"","overlay-opacity":"","overlay-gradient":""}},"ast-content-background-meta":{"desktop":{"background-color":"var(--ast-global-color-5)","background-image":"","background-repeat":"repeat","background-position":"center center","background-size":"auto","background-attachment":"scroll","background-type":"","background-media":"","overlay-type":"","overlay-color":"","overlay-opacity":"","overlay-gradient":""},"tablet":{"background-color":"var(--ast-global-color-5)","background-image":"","background-repeat":"repeat","background-position":"center center","background-size":"auto","background-attachment":"scroll","background-type":"","background-media":"","overlay-type":"","overlay-color":"","overlay-opacity":"","overlay-gradient":""},"mobile":{"background-color":"var(--ast-global-color-5)","background-image":"","background-repeat":"repeat","background-position":"center center","background-size":"auto","background-attachment":"scroll","background-type":"","background-media":"","overlay-type":"","overlay-color":"","overlay-opacity":"","overlay-gradient":""}}},"product_brand":[],"product_cat":[144],"product_tag":[155],"class_list":{"0":"post-8298","1":"product","2":"type-product","3":"status-publish","4":"has-post-thumbnail","6":"product_cat-plastic-trays","7":"product_tag-insect-breeding-box","8":"desktop-align-left","9":"tablet-align-left","10":"mobile-align-left","12":"first","13":"instock","14":"shipping-taxable","15":"product-type-simple"},"acf":[],"yoast_head":"<!-- This site is optimized with the Yoast SEO plugin v26.4 - https:\/\/yoast.com\/wordpress\/plugins\/seo\/ -->\n<title>Black soldier fly breeding box - Wholesale plastic crates<\/title>\n<meta name=\"robots\" content=\"index, follow, max-snippet:-1, max-image-preview:large, max-video-preview:-1\" \/>\n<link rel=\"canonical\" href=\"https:\/\/www.plastic-crates.co.in\/es\/product\/caja-de-cria-de-moscas-soldado-negras\/\" \/>\n<meta property=\"og:locale\" content=\"es_ES\" \/>\n<meta property=\"og:type\" content=\"article\" \/>\n<meta property=\"og:title\" content=\"Black soldier fly breeding box - Wholesale plastic crates\" \/>\n<meta property=\"og:description\" content=\"Elevate your insect farming operations with our high-quality Black Soldier Fly Breeding Box, designed for B2B wholesale buyers looking to [&hellip;]\" \/>\n<meta property=\"og:url\" content=\"https:\/\/www.plastic-crates.co.in\/es\/product\/caja-de-cria-de-moscas-soldado-negras\/\" \/>\n<meta property=\"og:site_name\" content=\"Wholesale plastic crates\" \/>\n<meta property=\"article:modified_time\" content=\"2025-09-21T01:16:30+00:00\" \/>\n<meta property=\"og:image\" content=\"https:\/\/www.plastic-crates.co.in\/wp-content\/uploads\/2025\/09\/black-soldier-fly-breeding-box-5.jpg\" \/>\n\t<meta property=\"og:image:width\" content=\"2000\" \/>\n\t<meta property=\"og:image:height\" content=\"2000\" \/>\n\t<meta property=\"og:image:type\" content=\"image\/jpeg\" \/>\n<meta name=\"twitter:card\" content=\"summary_large_image\" \/>\n<meta name=\"twitter:label1\" content=\"Tiempo de lectura\" \/>\n\t<meta name=\"twitter:data1\" content=\"2 minutos\" \/>\n<script type=\"application\/ld+json\" class=\"yoast-schema-graph\">{\"@context\":\"https:\/\/schema.org\",\"@graph\":[{\"@type\":\"WebPage\",\"@id\":\"https:\/\/www.plastic-crates.co.in\/product\/black-soldier-fly-breeding-box\/\",\"url\":\"https:\/\/www.plastic-crates.co.in\/product\/black-soldier-fly-breeding-box\/\",\"name\":\"Black soldier fly breeding box - Wholesale plastic crates\",\"isPartOf\":{\"@id\":\"https:\/\/www.plastic-crates.co.in\/#website\"},\"primaryImageOfPage\":{\"@id\":\"https:\/\/www.plastic-crates.co.in\/product\/black-soldier-fly-breeding-box\/#primaryimage\"},\"image\":{\"@id\":\"https:\/\/www.plastic-crates.co.in\/product\/black-soldier-fly-breeding-box\/#primaryimage\"},\"thumbnailUrl\":\"https:\/\/www.plastic-crates.co.in\/wp-content\/uploads\/2025\/09\/black-soldier-fly-breeding-box-5.jpg\",\"datePublished\":\"2025-09-21T01:09:42+00:00\",\"dateModified\":\"2025-09-21T01:16:30+00:00\",\"breadcrumb\":{\"@id\":\"https:\/\/www.plastic-crates.co.in\/product\/black-soldier-fly-breeding-box\/#breadcrumb\"},\"inLanguage\":\"es\",\"potentialAction\":[{\"@type\":\"ReadAction\",\"target\":[\"https:\/\/www.plastic-crates.co.in\/product\/black-soldier-fly-breeding-box\/\"]}]},{\"@type\":\"ImageObject\",\"inLanguage\":\"es\",\"@id\":\"https:\/\/www.plastic-crates.co.in\/product\/black-soldier-fly-breeding-box\/#primaryimage\",\"url\":\"https:\/\/www.plastic-crates.co.in\/wp-content\/uploads\/2025\/09\/black-soldier-fly-breeding-box-5.jpg\",\"contentUrl\":\"https:\/\/www.plastic-crates.co.in\/wp-content\/uploads\/2025\/09\/black-soldier-fly-breeding-box-5.jpg\",\"width\":2000,\"height\":2000,\"caption\":\"Black soldier fly breeding box\"},{\"@type\":\"BreadcrumbList\",\"@id\":\"https:\/\/www.plastic-crates.co.in\/product\/black-soldier-fly-breeding-box\/#breadcrumb\",\"itemListElement\":[{\"@type\":\"ListItem\",\"position\":1,\"name\":\"Home\",\"item\":\"https:\/\/www.plastic-crates.co.in\/\"},{\"@type\":\"ListItem\",\"position\":2,\"name\":\"Products\",\"item\":\"https:\/\/www.plastic-crates.co.in\/shop\/\"},{\"@type\":\"ListItem\",\"position\":3,\"name\":\"Black soldier fly breeding box\"}]},{\"@type\":\"WebSite\",\"@id\":\"https:\/\/www.plastic-crates.co.in\/#website\",\"url\":\"https:\/\/www.plastic-crates.co.in\/\",\"name\":\"Wholesale plastic crates\",\"description\":\"Leading plastic crates manufacturer in China\",\"potentialAction\":[{\"@type\":\"SearchAction\",\"target\":{\"@type\":\"EntryPoint\",\"urlTemplate\":\"https:\/\/www.plastic-crates.co.in\/?s={search_term_string}\"},\"query-input\":{\"@type\":\"PropertyValueSpecification\",\"valueRequired\":true,\"valueName\":\"search_term_string\"}}],\"inLanguage\":\"es\"}]}<\/script>\n<!-- \/ Yoast SEO plugin. -->","yoast_head_json":{"title":"Caja de cr\u00eda para moscas soldado negras - Cajas de pl\u00e1stico al por mayor","robots":{"index":"index","follow":"follow","max-snippet":"max-snippet:-1","max-image-preview":"max-image-preview:large","max-video-preview":"max-video-preview:-1"},"canonical":"https:\/\/www.plastic-crates.co.in\/es\/product\/caja-de-cria-de-moscas-soldado-negras\/","og_locale":"es_ES","og_type":"article","og_title":"Black soldier fly breeding box - Wholesale plastic crates","og_description":"Elevate your insect farming operations with our high-quality Black Soldier Fly Breeding Box, designed for B2B wholesale buyers looking to [&hellip;]","og_url":"https:\/\/www.plastic-crates.co.in\/es\/product\/caja-de-cria-de-moscas-soldado-negras\/","og_site_name":"Wholesale plastic crates","article_modified_time":"2025-09-21T01:16:30+00:00","og_image":[{"width":2000,"height":2000,"url":"https:\/\/www.plastic-crates.co.in\/wp-content\/uploads\/2025\/09\/black-soldier-fly-breeding-box-5.jpg","type":"image\/jpeg"}],"twitter_card":"summary_large_image","twitter_misc":{"Tiempo de lectura":"2 minutos"},"schema":{"@context":"https:\/\/schema.org","@graph":[{"@type":"WebPage","@id":"https:\/\/www.plastic-crates.co.in\/product\/black-soldier-fly-breeding-box\/","url":"https:\/\/www.plastic-crates.co.in\/product\/black-soldier-fly-breeding-box\/","name":"Caja de cr\u00eda para moscas soldado negras - Cajas de pl\u00e1stico al por mayor","isPartOf":{"@id":"https:\/\/www.plastic-crates.co.in\/#website"},"primaryImageOfPage":{"@id":"https:\/\/www.plastic-crates.co.in\/product\/black-soldier-fly-breeding-box\/#primaryimage"},"image":{"@id":"https:\/\/www.plastic-crates.co.in\/product\/black-soldier-fly-breeding-box\/#primaryimage"},"thumbnailUrl":"https:\/\/www.plastic-crates.co.in\/wp-content\/uploads\/2025\/09\/black-soldier-fly-breeding-box-5.jpg","datePublished":"2025-09-21T01:09:42+00:00","dateModified":"2025-09-21T01:16:30+00:00","breadcrumb":{"@id":"https:\/\/www.plastic-crates.co.in\/product\/black-soldier-fly-breeding-box\/#breadcrumb"},"inLanguage":"es","potentialAction":[{"@type":"ReadAction","target":["https:\/\/www.plastic-crates.co.in\/product\/black-soldier-fly-breeding-box\/"]}]},{"@type":"ImageObject","inLanguage":"es","@id":"https:\/\/www.plastic-crates.co.in\/product\/black-soldier-fly-breeding-box\/#primaryimage","url":"https:\/\/www.plastic-crates.co.in\/wp-content\/uploads\/2025\/09\/black-soldier-fly-breeding-box-5.jpg","contentUrl":"https:\/\/www.plastic-crates.co.in\/wp-content\/uploads\/2025\/09\/black-soldier-fly-breeding-box-5.jpg","width":2000,"height":2000,"caption":"Black soldier fly breeding box"},{"@type":"BreadcrumbList","@id":"https:\/\/www.plastic-crates.co.in\/product\/black-soldier-fly-breeding-box\/#breadcrumb","itemListElement":[{"@type":"ListItem","position":1,"name":"Home","item":"https:\/\/www.plastic-crates.co.in\/"},{"@type":"ListItem","position":2,"name":"Products","item":"https:\/\/www.plastic-crates.co.in\/shop\/"},{"@type":"ListItem","position":3,"name":"Black soldier fly breeding box"}]},{"@type":"WebSite","@id":"https:\/\/www.plastic-crates.co.in\/#website","url":"https:\/\/www.plastic-crates.co.in\/","name":"Cajas de pl\u00e1stico al por mayor","description":"Fabricante l\u00edder de cajas de pl\u00e1stico en China","potentialAction":[{"@type":"SearchAction","target":{"@type":"EntryPoint","urlTemplate":"https:\/\/www.plastic-crates.co.in\/?s={search_term_string}"},"query-input":{"@type":"PropertyValueSpecification","valueRequired":true,"valueName":"search_term_string"}}],"inLanguage":"es"}]}},"uagb_featured_image_src":{"full":["https:\/\/www.plastic-crates.co.in\/wp-content\/uploads\/2025\/09\/black-soldier-fly-breeding-box-5.jpg",2000,2000,false],"thumbnail":["https:\/\/www.plastic-crates.co.in\/wp-content\/uploads\/2025\/09\/black-soldier-fly-breeding-box-5-150x150.jpg",150,150,true],"medium":["https:\/\/www.plastic-crates.co.in\/wp-content\/uploads\/2025\/09\/black-soldier-fly-breeding-box-5-300x300.jpg",300,300,true],"medium_large":["https:\/\/www.plastic-crates.co.in\/wp-content\/uploads\/2025\/09\/black-soldier-fly-breeding-box-5-768x768.jpg",768,768,true],"large":["https:\/\/www.plastic-crates.co.in\/wp-content\/uploads\/2025\/09\/black-soldier-fly-breeding-box-5-1024x1024.jpg",1024,1024,true],"1536x1536":["https:\/\/www.plastic-crates.co.in\/wp-content\/uploads\/2025\/09\/black-soldier-fly-breeding-box-5-1536x1536.jpg",1536,1536,true],"2048x2048":["https:\/\/www.plastic-crates.co.in\/wp-content\/uploads\/2025\/09\/black-soldier-fly-breeding-box-5.jpg",2000,2000,false],"trp-custom-language-flag":["https:\/\/www.plastic-crates.co.in\/wp-content\/uploads\/2025\/09\/black-soldier-fly-breeding-box-5-12x12.jpg",12,12,true],"woocommerce_thumbnail":["https:\/\/www.plastic-crates.co.in\/wp-content\/uploads\/2025\/09\/black-soldier-fly-breeding-box-5-300x300.jpg",300,300,true],"woocommerce_single":["https:\/\/www.plastic-crates.co.in\/wp-content\/uploads\/2025\/09\/black-soldier-fly-breeding-box-5-600x600.jpg",600,600,true],"woocommerce_gallery_thumbnail":["https:\/\/www.plastic-crates.co.in\/wp-content\/uploads\/2025\/09\/black-soldier-fly-breeding-box-5-100x100.jpg",100,100,true]},"uagb_author_info":{"display_name":"Atticus Dixon","author_link":"https:\/\/www.plastic-crates.co.in\/es\/author\/"},"uagb_comment_info":0,"uagb_excerpt":"Elevate your insect farming operations with our high-quality Black Soldier Fly Breeding Box, designed for B2B wholesale buyers looking to [&hellip;]","_links":{"self":[{"href":"https:\/\/www.plastic-crates.co.in\/es\/wp-json\/wp\/v2\/product\/8298","targetHints":{"allow":["GET"]}}],"collection":[{"href":"https:\/\/www.plastic-crates.co.in\/es\/wp-json\/wp\/v2\/product"}],"about":[{"href":"https:\/\/www.plastic-crates.co.in\/es\/wp-json\/wp\/v2\/types\/product"}],"wp:featuredmedia":[{"embeddable":true,"href":"https:\/\/www.plastic-crates.co.in\/es\/wp-json\/wp\/v2\/media\/8297"}],"wp:attachment":[{"href":"https:\/\/www.plastic-crates.co.in\/es\/wp-json\/wp\/v2\/media?parent=8298"}],"wp:term":[{"taxonomy":"product_brand","embeddable":true,"href":"https:\/\/www.plastic-crates.co.in\/es\/wp-json\/wp\/v2\/product_brand?post=8298"},{"taxonomy":"product_cat","embeddable":true,"href":"https:\/\/www.plastic-crates.co.in\/es\/wp-json\/wp\/v2\/product_cat?post=8298"},{"taxonomy":"product_tag","embeddable":true,"href":"https:\/\/www.plastic-crates.co.in\/es\/wp-json\/wp\/v2\/product_tag?post=8298"}],"curies":[{"name":"wp","href":"https:\/\/api.w.org\/{rel}","templated":true}]}}