{"id":8107,"date":"2025-05-13T20:33:31","date_gmt":"2025-05-13T20:33:31","guid":{"rendered":"https:\/\/www.plastic-crates.co.in\/en\/product\/ibc-spill-containment-pallet\/"},"modified":"2026-03-05T13:17:09","modified_gmt":"2026-03-05T13:17:09","slug":"paleta-de-contencion-de-vertidos-ibc","status":"publish","type":"product","link":"https:\/\/www.plastic-crates.co.in\/es\/product\/paleta-de-contencion-de-vertidos-ibc\/","title":{"rendered":"paleta de contenci\u00f3n de vertidos ibc"},"content":{"rendered":"<p><strong>Paleta de contenci\u00f3n de derrames IBC<\/strong><\/p>\n<p>Proteja su espacio de trabajo con nuestro confiable <strong>Paleta de contenci\u00f3n de derrames IBC<\/strong>Dise\u00f1ado para una seguridad y eficiencia \u00f3ptimas en la gesti\u00f3n de l\u00edquidos peligrosos. Este robusto pallet es esencial para cualquier instalaci\u00f3n que maneje petr\u00f3leo, productos qu\u00edmicos o aceites, ya que ofrece una soluci\u00f3n eficaz para prevenir derrames y fugas, cumpliendo con las normativas ambientales.<\/p>\n<p><strong>Caracter\u00edsticas:<\/strong><\/p>\n<ul>\n<li><strong>Dise\u00f1o robusto:<\/strong>\u00a0Fabricada con polietileno de alta densidad (HDPE), nuestra paleta de contenci\u00f3n de derrames est\u00e1 dise\u00f1ada para soportar cargas pesadas y resistir el deterioro causado por productos qu\u00edmicos agresivos.<\/li>\n<li><strong>Gran capacidad:<\/strong>\u00a0El palet admite varios contenedores IBC, lo que lo hace perfecto para almacenamiento y contenci\u00f3n a granel.<\/li>\n<li><strong>F\u00e1cil mantenimiento:<\/strong>\u00a0Su construcci\u00f3n sin costuras permite una limpieza r\u00e1pida y sencilla, garantizando que sus operaciones permanezcan libres de riesgos.<\/li>\n<li><strong>Drenaje incorporado:<\/strong>\u00a0Equipado con un tap\u00f3n de drenaje est\u00e1ndar para vaciar sin esfuerzo los l\u00edquidos recogidos.<\/li>\n<\/ul>\n<div style=\"width: 1280px;\" class=\"wp-video\"><!--[if lt IE 9]><script>document.createElement('video');<\/script><![endif]-->\n<video class=\"wp-video-shortcode\" id=\"video-8107-1\" width=\"1280\" height=\"720\" preload=\"metadata\" controls=\"controls\"><source type=\"video\/mp4\" src=\"https:\/\/www.plastic-crates.co.in\/wp-content\/uploads\/2023\/11\/spill-containment-pallets.mp4?_=1\" \/><a href=\"https:\/\/www.plastic-crates.co.in\/wp-content\/uploads\/2023\/11\/spill-containment-pallets.mp4\">https:\/\/www.plastic-crates.co.in\/wp-content\/uploads\/2023\/11\/spill-containment-pallets.mp4<\/a><\/video><\/div>\n<p>&nbsp;<\/p>\n<h3>Dimensiones de los palets de contenci\u00f3n de derrames<\/h3>\n<p><img loading=\"lazy\" decoding=\"async\" class=\"alignnone size-full wp-image-7363\" src=\"https:\/\/www.plastic-crates.co.in\/wp-content\/uploads\/2023\/11\/oil-spill-pallet-two-types.jpeg\" alt=\"Dimensiones de la paleta de contenci\u00f3n de derrames de tambor\" width=\"750\" height=\"871\" srcset=\"https:\/\/www.plastic-crates.co.in\/wp-content\/uploads\/2023\/11\/oil-spill-pallet-two-types.jpeg 750w, https:\/\/www.plastic-crates.co.in\/wp-content\/uploads\/2023\/11\/oil-spill-pallet-two-types-258x300.jpeg 258w, https:\/\/www.plastic-crates.co.in\/wp-content\/uploads\/2023\/11\/oil-spill-pallet-two-types-600x697.jpeg 600w\" sizes=\"auto, (max-width: 750px) 100vw, 750px\" \/> <img loading=\"lazy\" decoding=\"async\" class=\"alignnone size-full wp-image-7362\" src=\"https:\/\/www.plastic-crates.co.in\/wp-content\/uploads\/2023\/11\/oil-spill-pallet-material.jpeg\" alt=\"Material de paletas de contenci\u00f3n de derrames de tambor\" width=\"750\" height=\"698\" srcset=\"https:\/\/www.plastic-crates.co.in\/wp-content\/uploads\/2023\/11\/oil-spill-pallet-material.jpeg 750w, https:\/\/www.plastic-crates.co.in\/wp-content\/uploads\/2023\/11\/oil-spill-pallet-material-300x279.jpeg 300w, https:\/\/www.plastic-crates.co.in\/wp-content\/uploads\/2023\/11\/oil-spill-pallet-material-600x558.jpeg 600w\" sizes=\"auto, (max-width: 750px) 100vw, 750px\" \/><\/p>\n<p><strong>Construcci\u00f3n robusta:<\/strong><\/p>\n<p>Nuestra tarima de contenci\u00f3n de derrames est\u00e1 fabricada con materiales de alta calidad y resistentes a los productos qu\u00edmicos para soportar los desaf\u00edos que plantean las sustancias peligrosas. El dise\u00f1o resistente garantiza durabilidad y longevidad en entornos industriales exigentes.<\/p>\n<p><strong>Dise\u00f1o modular:<\/strong><\/p>\n<p>El dise\u00f1o modular permite configurar los pallets de contenci\u00f3n de derrames en dise\u00f1os personalizados, adapt\u00e1ndose a los requisitos espec\u00edficos de su \u00e1rea de almacenamiento. Cree un sistema de contenci\u00f3n de derrames eficaz adaptado a sus necesidades operativas. <img loading=\"lazy\" decoding=\"async\" class=\"alignnone size-full wp-image-7361\" src=\"https:\/\/www.plastic-crates.co.in\/wp-content\/uploads\/2023\/11\/oil-spill-pallet-4-drum.jpeg\" alt=\"Paleta de contenci\u00f3n de derrames de bid\u00f3n 4 bidones\" width=\"750\" height=\"808\" srcset=\"https:\/\/www.plastic-crates.co.in\/wp-content\/uploads\/2023\/11\/oil-spill-pallet-4-drum.jpeg 750w, https:\/\/www.plastic-crates.co.in\/wp-content\/uploads\/2023\/11\/oil-spill-pallet-4-drum-278x300.jpeg 278w, https:\/\/www.plastic-crates.co.in\/wp-content\/uploads\/2023\/11\/oil-spill-pallet-4-drum-600x646.jpeg 600w\" sizes=\"auto, (max-width: 750px) 100vw, 750px\" \/> <img loading=\"lazy\" decoding=\"async\" class=\"alignnone size-full wp-image-7360\" src=\"https:\/\/www.plastic-crates.co.in\/wp-content\/uploads\/2023\/11\/oil-spill-containment-pallet-outfall.jpeg\" alt=\"Paleta de contenci\u00f3n de derrames de tambor\" width=\"750\" height=\"254\" srcset=\"https:\/\/www.plastic-crates.co.in\/wp-content\/uploads\/2023\/11\/oil-spill-containment-pallet-outfall.jpeg 750w, https:\/\/www.plastic-crates.co.in\/wp-content\/uploads\/2023\/11\/oil-spill-containment-pallet-outfall-300x102.jpeg 300w, https:\/\/www.plastic-crates.co.in\/wp-content\/uploads\/2023\/11\/oil-spill-containment-pallet-outfall-600x203.jpeg 600w\" sizes=\"auto, (max-width: 750px) 100vw, 750px\" \/> <img loading=\"lazy\" decoding=\"async\" class=\"alignnone size-full wp-image-7359\" src=\"https:\/\/www.plastic-crates.co.in\/wp-content\/uploads\/2023\/11\/oil-spill-containment-pallet-detail.jpeg\" alt=\"Detalle de la paleta de contenci\u00f3n de derrames de bid\u00f3n\" width=\"750\" height=\"503\" srcset=\"https:\/\/www.plastic-crates.co.in\/wp-content\/uploads\/2023\/11\/oil-spill-containment-pallet-detail.jpeg 750w, https:\/\/www.plastic-crates.co.in\/wp-content\/uploads\/2023\/11\/oil-spill-containment-pallet-detail-300x201.jpeg 300w, https:\/\/www.plastic-crates.co.in\/wp-content\/uploads\/2023\/11\/oil-spill-containment-pallet-detail-600x402.jpeg 600w\" sizes=\"auto, (max-width: 750px) 100vw, 750px\" \/><\/p>\n<p><strong>Contenci\u00f3n segura:<\/strong><\/p>\n<p>Equipadas con cubetas de contenci\u00f3n o rejillas, estas tarimas est\u00e1n dise\u00f1adas para capturar y retener los derrames, evitando que se propaguen y provoquen da\u00f1os ambientales. La contenci\u00f3n segura minimiza el riesgo de accidentes y facilita la limpieza.<\/p>\n<p>&nbsp;<\/p>\n<p>&nbsp;<\/p>\n<p><img loading=\"lazy\" decoding=\"async\" class=\"alignnone size-full wp-image-7358\" src=\"https:\/\/www.plastic-crates.co.in\/wp-content\/uploads\/2023\/11\/drum-spill-containment-pallet-show.jpeg\" alt=\"Paletas de contenci\u00f3n de derrames de tambor\" width=\"750\" height=\"1064\" srcset=\"https:\/\/www.plastic-crates.co.in\/wp-content\/uploads\/2023\/11\/drum-spill-containment-pallet-show.jpeg 750w, https:\/\/www.plastic-crates.co.in\/wp-content\/uploads\/2023\/11\/drum-spill-containment-pallet-show-211x300.jpeg 211w, https:\/\/www.plastic-crates.co.in\/wp-content\/uploads\/2023\/11\/drum-spill-containment-pallet-show-722x1024.jpeg 722w, https:\/\/www.plastic-crates.co.in\/wp-content\/uploads\/2023\/11\/drum-spill-containment-pallet-show-600x851.jpeg 600w\" sizes=\"auto, (max-width: 750px) 100vw, 750px\" \/><\/p>\n<p><strong>F\u00e1cil manejo:<\/strong><\/p>\n<p>Nuestros pal\u00e9s para contenci\u00f3n de derrames, que cuentan con bolsillos para montacargas u otras opciones de manipulaci\u00f3n, est\u00e1n dise\u00f1ados para facilitar el transporte y la maniobrabilidad, lo que facilita la colocaci\u00f3n, la reubicaci\u00f3n y el mantenimiento eficientes dentro de sus instalaciones.<\/p>\n<p><img loading=\"lazy\" decoding=\"async\" class=\"alignnone size-full wp-image-7357\" src=\"https:\/\/www.plastic-crates.co.in\/wp-content\/uploads\/2023\/11\/drum-spill-containment-pallet-nestable.jpeg\" alt=\"Contenci\u00f3n de derrames en tambor encajable\" width=\"750\" height=\"584\" srcset=\"https:\/\/www.plastic-crates.co.in\/wp-content\/uploads\/2023\/11\/drum-spill-containment-pallet-nestable.jpeg 750w, https:\/\/www.plastic-crates.co.in\/wp-content\/uploads\/2023\/11\/drum-spill-containment-pallet-nestable-300x234.jpeg 300w, https:\/\/www.plastic-crates.co.in\/wp-content\/uploads\/2023\/11\/drum-spill-containment-pallet-nestable-600x467.jpeg 600w\" sizes=\"auto, (max-width: 750px) 100vw, 750px\" \/><\/p>\n<p><a href=\"https:\/\/www.plastic-crates.co.in\/es\/product-category\/contenedores-apilables-y-anidados\/\" target=\"_blank\" rel=\"noopener\">contenedores con tapa<\/a>,<a href=\"https:\/\/www.ph-teststrips.com\/product-category\/salt-water-test-strips\/\" target=\"_blank\" rel=\"noopener\">tiras de prueba de agua<\/a><\/p>","protected":false},"excerpt":{"rendered":"<p>Entendemos que cada negocio tiene requisitos \u00fanicos. Nuestra tarima de contenci\u00f3n de derrames IBC est\u00e1 disponible para personalizaci\u00f3n OEM y ODM, lo que le permite adaptar el dise\u00f1o, la marca y las especificaciones a sus necesidades espec\u00edficas. Ofrecemos precios competitivos. <strong>precios al por mayor para pedidos al por mayor<\/strong>, lo que lo convierte en una opci\u00f3n ideal para distribuidores y empresas que buscan equipar sus operaciones con soluciones de contenci\u00f3n de derrames de alta calidad.<\/p>","protected":false},"featured_media":8101,"template":"","meta":{"_acf_changed":false,"_uag_custom_page_level_css":"","site-sidebar-layout":"default","site-content-layout":"","ast-site-content-layout":"default","site-content-style":"default","site-sidebar-style":"default","ast-global-header-display":"","ast-banner-title-visibility":"","ast-main-header-display":"","ast-hfb-above-header-display":"","ast-hfb-below-header-display":"","ast-hfb-mobile-header-display":"","site-post-title":"","ast-breadcrumbs-content":"","ast-featured-img":"","footer-sml-layout":"","theme-transparent-header-meta":"default","adv-header-id-meta":"","stick-header-meta":"","header-above-stick-meta":"","header-main-stick-meta":"","header-below-stick-meta":"","astra-migrate-meta-layouts":"set","ast-page-background-enabled":"default","ast-page-background-meta":{"desktop":{"background-color":"var(--ast-global-color-4)","background-image":"","background-repeat":"repeat","background-position":"center center","background-size":"auto","background-attachment":"scroll","background-type":"","background-media":"","overlay-type":"","overlay-color":"","overlay-opacity":"","overlay-gradient":""},"tablet":{"background-color":"","background-image":"","background-repeat":"repeat","background-position":"center center","background-size":"auto","background-attachment":"scroll","background-type":"","background-media":"","overlay-type":"","overlay-color":"","overlay-opacity":"","overlay-gradient":""},"mobile":{"background-color":"","background-image":"","background-repeat":"repeat","background-position":"center center","background-size":"auto","background-attachment":"scroll","background-type":"","background-media":"","overlay-type":"","overlay-color":"","overlay-opacity":"","overlay-gradient":""}},"ast-content-background-meta":{"desktop":{"background-color":"var(--ast-global-color-5)","background-image":"","background-repeat":"repeat","background-position":"center center","background-size":"auto","background-attachment":"scroll","background-type":"","background-media":"","overlay-type":"","overlay-color":"","overlay-opacity":"","overlay-gradient":""},"tablet":{"background-color":"var(--ast-global-color-5)","background-image":"","background-repeat":"repeat","background-position":"center center","background-size":"auto","background-attachment":"scroll","background-type":"","background-media":"","overlay-type":"","overlay-color":"","overlay-opacity":"","overlay-gradient":""},"mobile":{"background-color":"var(--ast-global-color-5)","background-image":"","background-repeat":"repeat","background-position":"center center","background-size":"auto","background-attachment":"scroll","background-type":"","background-media":"","overlay-type":"","overlay-color":"","overlay-opacity":"","overlay-gradient":""}}},"product_brand":[],"product_cat":[156],"product_tag":[],"class_list":{"0":"post-8107","1":"product","2":"type-product","3":"status-publish","4":"has-post-thumbnail","6":"product_cat-plastic-pallet","7":"desktop-align-left","8":"tablet-align-left","9":"mobile-align-left","11":"first","12":"instock","13":"shipping-taxable","14":"product-type-simple"},"acf":[],"yoast_head":"<!-- This site is optimized with the Yoast SEO plugin v26.4 - https:\/\/yoast.com\/wordpress\/plugins\/seo\/ -->\n<title>ibc spill containment pallet - Wholesale plastic crates<\/title>\n<meta name=\"description\" content=\"Wholesale Spill containment pallet, drum spill containment pallets, cheap ibc spill containment pallet, Spill containment pallet for sale\" \/>\n<meta name=\"robots\" content=\"index, follow, max-snippet:-1, max-image-preview:large, max-video-preview:-1\" \/>\n<link rel=\"canonical\" href=\"https:\/\/www.plastic-crates.co.in\/es\/product\/paleta-de-contencion-de-vertidos-ibc\/\" \/>\n<meta property=\"og:locale\" content=\"es_ES\" \/>\n<meta property=\"og:type\" content=\"article\" \/>\n<meta property=\"og:title\" content=\"ibc spill containment pallet - Wholesale plastic crates\" \/>\n<meta property=\"og:description\" content=\"Wholesale Spill containment pallet, drum spill containment pallets, cheap ibc spill containment pallet, Spill containment pallet for sale\" \/>\n<meta property=\"og:url\" content=\"https:\/\/www.plastic-crates.co.in\/es\/product\/paleta-de-contencion-de-vertidos-ibc\/\" \/>\n<meta property=\"og:site_name\" content=\"Wholesale plastic crates\" \/>\n<meta property=\"article:modified_time\" content=\"2026-03-05T13:17:09+00:00\" \/>\n<meta property=\"og:image\" content=\"https:\/\/www.plastic-crates.co.in\/wp-content\/uploads\/2025\/05\/ibc-spill-containment-pallet-1.jpg\" \/>\n\t<meta property=\"og:image:width\" content=\"800\" \/>\n\t<meta property=\"og:image:height\" content=\"800\" \/>\n\t<meta property=\"og:image:type\" content=\"image\/jpeg\" \/>\n<meta name=\"twitter:card\" content=\"summary_large_image\" \/>\n<meta name=\"twitter:label1\" content=\"Tiempo de lectura\" \/>\n\t<meta name=\"twitter:data1\" content=\"3 minutos\" \/>\n<script type=\"application\/ld+json\" class=\"yoast-schema-graph\">{\"@context\":\"https:\/\/schema.org\",\"@graph\":[{\"@type\":\"WebPage\",\"@id\":\"https:\/\/www.plastic-crates.co.in\/product\/ibc-spill-containment-pallet\/\",\"url\":\"https:\/\/www.plastic-crates.co.in\/product\/ibc-spill-containment-pallet\/\",\"name\":\"ibc spill containment pallet - Wholesale plastic crates\",\"isPartOf\":{\"@id\":\"https:\/\/www.plastic-crates.co.in\/#website\"},\"primaryImageOfPage\":{\"@id\":\"https:\/\/www.plastic-crates.co.in\/product\/ibc-spill-containment-pallet\/#primaryimage\"},\"image\":{\"@id\":\"https:\/\/www.plastic-crates.co.in\/product\/ibc-spill-containment-pallet\/#primaryimage\"},\"thumbnailUrl\":\"https:\/\/www.plastic-crates.co.in\/wp-content\/uploads\/2025\/05\/ibc-spill-containment-pallet-1.jpg\",\"datePublished\":\"2025-05-13T20:33:31+00:00\",\"dateModified\":\"2026-03-05T13:17:09+00:00\",\"description\":\"Wholesale Spill containment pallet, drum spill containment pallets, cheap ibc spill containment pallet, Spill containment pallet for sale\",\"breadcrumb\":{\"@id\":\"https:\/\/www.plastic-crates.co.in\/product\/ibc-spill-containment-pallet\/#breadcrumb\"},\"inLanguage\":\"es\",\"potentialAction\":[{\"@type\":\"ReadAction\",\"target\":[\"https:\/\/www.plastic-crates.co.in\/product\/ibc-spill-containment-pallet\/\"]}]},{\"@type\":\"ImageObject\",\"inLanguage\":\"es\",\"@id\":\"https:\/\/www.plastic-crates.co.in\/product\/ibc-spill-containment-pallet\/#primaryimage\",\"url\":\"https:\/\/www.plastic-crates.co.in\/wp-content\/uploads\/2025\/05\/ibc-spill-containment-pallet-1.jpg\",\"contentUrl\":\"https:\/\/www.plastic-crates.co.in\/wp-content\/uploads\/2025\/05\/ibc-spill-containment-pallet-1.jpg\",\"width\":800,\"height\":800,\"caption\":\"ibc spill containment pallet\"},{\"@type\":\"BreadcrumbList\",\"@id\":\"https:\/\/www.plastic-crates.co.in\/product\/ibc-spill-containment-pallet\/#breadcrumb\",\"itemListElement\":[{\"@type\":\"ListItem\",\"position\":1,\"name\":\"Home\",\"item\":\"https:\/\/www.plastic-crates.co.in\/\"},{\"@type\":\"ListItem\",\"position\":2,\"name\":\"Products\",\"item\":\"https:\/\/www.plastic-crates.co.in\/shop\/\"},{\"@type\":\"ListItem\",\"position\":3,\"name\":\"ibc spill containment pallet\"}]},{\"@type\":\"WebSite\",\"@id\":\"https:\/\/www.plastic-crates.co.in\/#website\",\"url\":\"https:\/\/www.plastic-crates.co.in\/\",\"name\":\"Wholesale plastic crates\",\"description\":\"Leading plastic crates manufacturer in China\",\"potentialAction\":[{\"@type\":\"SearchAction\",\"target\":{\"@type\":\"EntryPoint\",\"urlTemplate\":\"https:\/\/www.plastic-crates.co.in\/?s={search_term_string}\"},\"query-input\":{\"@type\":\"PropertyValueSpecification\",\"valueRequired\":true,\"valueName\":\"search_term_string\"}}],\"inLanguage\":\"es\"}]}<\/script>\n<!-- \/ Yoast SEO plugin. -->","yoast_head_json":{"title":"Pal\u00e9 de contenci\u00f3n de derrames IBC - Cajas de pl\u00e1stico al por mayor","description":"Pal\u00e9s de contenci\u00f3n de derrames al por mayor, pal\u00e9s de contenci\u00f3n de derrames de tambor, pal\u00e9s de contenci\u00f3n de derrames de IBC baratos, pal\u00e9s de contenci\u00f3n de derrames a la venta","robots":{"index":"index","follow":"follow","max-snippet":"max-snippet:-1","max-image-preview":"max-image-preview:large","max-video-preview":"max-video-preview:-1"},"canonical":"https:\/\/www.plastic-crates.co.in\/es\/product\/paleta-de-contencion-de-vertidos-ibc\/","og_locale":"es_ES","og_type":"article","og_title":"ibc spill containment pallet - Wholesale plastic crates","og_description":"Wholesale Spill containment pallet, drum spill containment pallets, cheap ibc spill containment pallet, Spill containment pallet for sale","og_url":"https:\/\/www.plastic-crates.co.in\/es\/product\/paleta-de-contencion-de-vertidos-ibc\/","og_site_name":"Wholesale plastic crates","article_modified_time":"2026-03-05T13:17:09+00:00","og_image":[{"width":800,"height":800,"url":"https:\/\/www.plastic-crates.co.in\/wp-content\/uploads\/2025\/05\/ibc-spill-containment-pallet-1.jpg","type":"image\/jpeg"}],"twitter_card":"summary_large_image","twitter_misc":{"Tiempo de lectura":"3 minutos"},"schema":{"@context":"https:\/\/schema.org","@graph":[{"@type":"WebPage","@id":"https:\/\/www.plastic-crates.co.in\/product\/ibc-spill-containment-pallet\/","url":"https:\/\/www.plastic-crates.co.in\/product\/ibc-spill-containment-pallet\/","name":"Pal\u00e9 de contenci\u00f3n de derrames IBC - Cajas de pl\u00e1stico al por mayor","isPartOf":{"@id":"https:\/\/www.plastic-crates.co.in\/#website"},"primaryImageOfPage":{"@id":"https:\/\/www.plastic-crates.co.in\/product\/ibc-spill-containment-pallet\/#primaryimage"},"image":{"@id":"https:\/\/www.plastic-crates.co.in\/product\/ibc-spill-containment-pallet\/#primaryimage"},"thumbnailUrl":"https:\/\/www.plastic-crates.co.in\/wp-content\/uploads\/2025\/05\/ibc-spill-containment-pallet-1.jpg","datePublished":"2025-05-13T20:33:31+00:00","dateModified":"2026-03-05T13:17:09+00:00","description":"Pal\u00e9s de contenci\u00f3n de derrames al por mayor, pal\u00e9s de contenci\u00f3n de derrames de tambor, pal\u00e9s de contenci\u00f3n de derrames de IBC baratos, pal\u00e9s de contenci\u00f3n de derrames a la venta","breadcrumb":{"@id":"https:\/\/www.plastic-crates.co.in\/product\/ibc-spill-containment-pallet\/#breadcrumb"},"inLanguage":"es","potentialAction":[{"@type":"ReadAction","target":["https:\/\/www.plastic-crates.co.in\/product\/ibc-spill-containment-pallet\/"]}]},{"@type":"ImageObject","inLanguage":"es","@id":"https:\/\/www.plastic-crates.co.in\/product\/ibc-spill-containment-pallet\/#primaryimage","url":"https:\/\/www.plastic-crates.co.in\/wp-content\/uploads\/2025\/05\/ibc-spill-containment-pallet-1.jpg","contentUrl":"https:\/\/www.plastic-crates.co.in\/wp-content\/uploads\/2025\/05\/ibc-spill-containment-pallet-1.jpg","width":800,"height":800,"caption":"ibc spill containment pallet"},{"@type":"BreadcrumbList","@id":"https:\/\/www.plastic-crates.co.in\/product\/ibc-spill-containment-pallet\/#breadcrumb","itemListElement":[{"@type":"ListItem","position":1,"name":"Home","item":"https:\/\/www.plastic-crates.co.in\/"},{"@type":"ListItem","position":2,"name":"Products","item":"https:\/\/www.plastic-crates.co.in\/shop\/"},{"@type":"ListItem","position":3,"name":"ibc spill containment pallet"}]},{"@type":"WebSite","@id":"https:\/\/www.plastic-crates.co.in\/#website","url":"https:\/\/www.plastic-crates.co.in\/","name":"Cajas de pl\u00e1stico al por mayor","description":"Fabricante l\u00edder de cajas de pl\u00e1stico en China","potentialAction":[{"@type":"SearchAction","target":{"@type":"EntryPoint","urlTemplate":"https:\/\/www.plastic-crates.co.in\/?s={search_term_string}"},"query-input":{"@type":"PropertyValueSpecification","valueRequired":true,"valueName":"search_term_string"}}],"inLanguage":"es"}]}},"uagb_featured_image_src":{"full":["https:\/\/www.plastic-crates.co.in\/wp-content\/uploads\/2025\/05\/ibc-spill-containment-pallet-1.jpg",800,800,false],"thumbnail":["https:\/\/www.plastic-crates.co.in\/wp-content\/uploads\/2025\/05\/ibc-spill-containment-pallet-1-150x150.jpg",150,150,true],"medium":["https:\/\/www.plastic-crates.co.in\/wp-content\/uploads\/2025\/05\/ibc-spill-containment-pallet-1-300x300.jpg",300,300,true],"medium_large":["https:\/\/www.plastic-crates.co.in\/wp-content\/uploads\/2025\/05\/ibc-spill-containment-pallet-1-768x768.jpg",768,768,true],"large":["https:\/\/www.plastic-crates.co.in\/wp-content\/uploads\/2025\/05\/ibc-spill-containment-pallet-1.jpg",800,800,false],"1536x1536":["https:\/\/www.plastic-crates.co.in\/wp-content\/uploads\/2025\/05\/ibc-spill-containment-pallet-1.jpg",800,800,false],"2048x2048":["https:\/\/www.plastic-crates.co.in\/wp-content\/uploads\/2025\/05\/ibc-spill-containment-pallet-1.jpg",800,800,false],"trp-custom-language-flag":["https:\/\/www.plastic-crates.co.in\/wp-content\/uploads\/2025\/05\/ibc-spill-containment-pallet-1-12x12.jpg",12,12,true],"woocommerce_thumbnail":["https:\/\/www.plastic-crates.co.in\/wp-content\/uploads\/2025\/05\/ibc-spill-containment-pallet-1-300x300.jpg",300,300,true],"woocommerce_single":["https:\/\/www.plastic-crates.co.in\/wp-content\/uploads\/2025\/05\/ibc-spill-containment-pallet-1-600x600.jpg",600,600,true],"woocommerce_gallery_thumbnail":["https:\/\/www.plastic-crates.co.in\/wp-content\/uploads\/2025\/05\/ibc-spill-containment-pallet-1-100x100.jpg",100,100,true]},"uagb_author_info":{"display_name":"Atticus Dixon","author_link":"https:\/\/www.plastic-crates.co.in\/es\/author\/"},"uagb_comment_info":0,"uagb_excerpt":"We understand that every business has unique requirements. Our IBC Spill Containment Pallet is available for OEM and ODM customization, allowing you to tailor design, branding, and specifications to meet your specific needs. We offer competitive wholesale pricing for bulk orders, making it an ideal choice for distributors and businesses looking to equip their operations&hellip;","_links":{"self":[{"href":"https:\/\/www.plastic-crates.co.in\/es\/wp-json\/wp\/v2\/product\/8107","targetHints":{"allow":["GET"]}}],"collection":[{"href":"https:\/\/www.plastic-crates.co.in\/es\/wp-json\/wp\/v2\/product"}],"about":[{"href":"https:\/\/www.plastic-crates.co.in\/es\/wp-json\/wp\/v2\/types\/product"}],"wp:featuredmedia":[{"embeddable":true,"href":"https:\/\/www.plastic-crates.co.in\/es\/wp-json\/wp\/v2\/media\/8101"}],"wp:attachment":[{"href":"https:\/\/www.plastic-crates.co.in\/es\/wp-json\/wp\/v2\/media?parent=8107"}],"wp:term":[{"taxonomy":"product_brand","embeddable":true,"href":"https:\/\/www.plastic-crates.co.in\/es\/wp-json\/wp\/v2\/product_brand?post=8107"},{"taxonomy":"product_cat","embeddable":true,"href":"https:\/\/www.plastic-crates.co.in\/es\/wp-json\/wp\/v2\/product_cat?post=8107"},{"taxonomy":"product_tag","embeddable":true,"href":"https:\/\/www.plastic-crates.co.in\/es\/wp-json\/wp\/v2\/product_tag?post=8107"}],"curies":[{"name":"wp","href":"https:\/\/api.w.org\/{rel}","templated":true}]}}