{"id":8050,"date":"2025-05-11T22:50:48","date_gmt":"2025-05-11T22:50:48","guid":{"rendered":"https:\/\/www.plastic-crates.co.in\/hi\/product\/10l-clear-storage-container\/"},"modified":"2025-05-12T23:19:14","modified_gmt":"2025-05-12T23:19:14","slug":"contenedor-de-almacenamiento-transparente-de-10-l","status":"publish","type":"product","link":"https:\/\/www.plastic-crates.co.in\/es\/product\/contenedor-de-almacenamiento-transparente-de-10-l\/","title":{"rendered":"Contenedor de almacenamiento transparente de 10 litros"},"content":{"rendered":"<p>Presentamos nuestro vers\u00e1til contenedor de almacenamiento transparente de 10 litros, dise\u00f1ado para satisfacer todas tus necesidades de organizaci\u00f3n con estilo y eficiencia. Perfecto para una variedad de art\u00edculos, este contenedor es ideal para mantener tus pertenencias ordenadas en cualquier espacio, ya sea un armario, el garaje o debajo de la cama. Su dise\u00f1o transparente te permite ver f\u00e1cilmente su interior, eliminando la molestia de buscar entre varias cajas.<\/p>\n<div style=\"width: 960px;\" class=\"wp-video\"><!--[if lt IE 9]><script>document.createElement('video');<\/script><![endif]-->\n<video class=\"wp-video-shortcode\" id=\"video-8050-1\" width=\"960\" height=\"540\" poster=\"https:\/\/www.plastic-crates.co.in\/wp-content\/uploads\/2025\/05\/128l-extra-large-clear-plastic-storage-box-2.jpg\" preload=\"metadata\" controls=\"controls\"><source type=\"video\/mp4\" src=\"https:\/\/www.plastic-crates.co.in\/wp-content\/uploads\/2025\/05\/5L-clear-plastic-storage-box-with-lid.mp4?_=1\" \/><a href=\"https:\/\/www.plastic-crates.co.in\/wp-content\/uploads\/2025\/05\/5L-clear-plastic-storage-box-with-lid.mp4\">https:\/\/www.plastic-crates.co.in\/wp-content\/uploads\/2025\/05\/5L-clear-plastic-storage-box-with-lid.mp4<\/a><\/video><\/div>\n<p>Dise\u00f1ado para ser duradero, nuestro contenedor de almacenamiento es perfecto tanto para uso residencial como comercial. Destaca en aplicaciones para la venta al por mayor, ofreciendo una soluci\u00f3n pr\u00e1ctica para minoristas que buscan maximizar la eficiencia de su almacenamiento.<\/p>\n<p><img loading=\"lazy\" decoding=\"async\" class=\"alignnone size-full wp-image-5115\" src=\"https:\/\/www.plastic-crates.co.in\/wp-content\/uploads\/2025\/05\/10L-Clear-clothing-Storage-Bins-with-lids-detail.jpg\" alt=\"Contenedores de almacenamiento de ropa transparentes de 10 l con tapa\" width=\"750\" height=\"1059\" \/><\/p>\n<h3 id=\"text9\">20GP: \/<\/h3>\n<div class=\"content content-nine\">\n<h3 id=\"text10\">40GP: \/<\/h3>\n<\/div>\n<div class=\"content content-ten\">\n<h3>40HQ: 17760 piezas<\/h3>\n<\/div>\n<h3 id=\"text9\"><img loading=\"lazy\" decoding=\"async\" class=\"alignnone size-full wp-image-5040\" style=\"font-size: 16px;\" src=\"https:\/\/www.plastic-crates.co.in\/wp-content\/uploads\/2025\/05\/12L-clear-plastic-containers-shipping.jpg\" alt=\"Detalle de env\u00edo de contenedores de pl\u00e1stico transparente de 12L\" width=\"750\" height=\"1039\" \/><\/h3>","protected":false},"excerpt":{"rendered":"<p>Con opciones de personalizaci\u00f3n OEM\/ODM, puede personalizar sus contenedores de almacenamiento transparentes para satisfacer sus necesidades de marca o preferencias de dise\u00f1o \u00fanicas. Ya sea que guarde juguetes, ropa de temporada, materiales de artesan\u00eda o documentos de oficina, este contenedor combina funcionalidad y adaptabilidad.<\/p>\n<p>Olv\u00eddate del desorden y disfruta de la comodidad de saber exactamente lo que tienes de un vistazo. Elige la soluci\u00f3n de almacenamiento inteligente con nuestro contenedor transparente de 10 litros, donde la calidad se une a la practicidad.<\/p>","protected":false},"featured_media":8044,"template":"","meta":{"_acf_changed":false,"_uag_custom_page_level_css":"","site-sidebar-layout":"default","site-content-layout":"","ast-site-content-layout":"default","site-content-style":"default","site-sidebar-style":"default","ast-global-header-display":"","ast-banner-title-visibility":"","ast-main-header-display":"","ast-hfb-above-header-display":"","ast-hfb-below-header-display":"","ast-hfb-mobile-header-display":"","site-post-title":"","ast-breadcrumbs-content":"","ast-featured-img":"","footer-sml-layout":"","theme-transparent-header-meta":"default","adv-header-id-meta":"","stick-header-meta":"","header-above-stick-meta":"","header-main-stick-meta":"","header-below-stick-meta":"","astra-migrate-meta-layouts":"set","ast-page-background-enabled":"default","ast-page-background-meta":{"desktop":{"background-color":"var(--ast-global-color-4)","background-image":"","background-repeat":"repeat","background-position":"center center","background-size":"auto","background-attachment":"scroll","background-type":"","background-media":"","overlay-type":"","overlay-color":"","overlay-opacity":"","overlay-gradient":""},"tablet":{"background-color":"","background-image":"","background-repeat":"repeat","background-position":"center center","background-size":"auto","background-attachment":"scroll","background-type":"","background-media":"","overlay-type":"","overlay-color":"","overlay-opacity":"","overlay-gradient":""},"mobile":{"background-color":"","background-image":"","background-repeat":"repeat","background-position":"center center","background-size":"auto","background-attachment":"scroll","background-type":"","background-media":"","overlay-type":"","overlay-color":"","overlay-opacity":"","overlay-gradient":""}},"ast-content-background-meta":{"desktop":{"background-color":"var(--ast-global-color-5)","background-image":"","background-repeat":"repeat","background-position":"center center","background-size":"auto","background-attachment":"scroll","background-type":"","background-media":"","overlay-type":"","overlay-color":"","overlay-opacity":"","overlay-gradient":""},"tablet":{"background-color":"var(--ast-global-color-5)","background-image":"","background-repeat":"repeat","background-position":"center center","background-size":"auto","background-attachment":"scroll","background-type":"","background-media":"","overlay-type":"","overlay-color":"","overlay-opacity":"","overlay-gradient":""},"mobile":{"background-color":"var(--ast-global-color-5)","background-image":"","background-repeat":"repeat","background-position":"center center","background-size":"auto","background-attachment":"scroll","background-type":"","background-media":"","overlay-type":"","overlay-color":"","overlay-opacity":"","overlay-gradient":""}}},"product_brand":[],"product_cat":[140],"product_tag":[],"class_list":{"0":"post-8050","1":"product","2":"type-product","3":"status-publish","4":"has-post-thumbnail","6":"product_cat-clear-storage-boxes","7":"desktop-align-left","8":"tablet-align-left","9":"mobile-align-left","11":"first","12":"instock","13":"shipping-taxable","14":"product-type-simple"},"acf":[],"yoast_head":"<!-- This site is optimized with the Yoast SEO plugin v26.4 - https:\/\/yoast.com\/wordpress\/plugins\/seo\/ -->\n<title>10L clear storage container - Wholesale plastic crates<\/title>\n<meta name=\"robots\" content=\"index, follow, max-snippet:-1, max-image-preview:large, max-video-preview:-1\" \/>\n<link rel=\"canonical\" href=\"https:\/\/www.plastic-crates.co.in\/es\/product\/contenedor-de-almacenamiento-transparente-de-10-l\/\" \/>\n<meta property=\"og:locale\" content=\"es_ES\" \/>\n<meta property=\"og:type\" content=\"article\" \/>\n<meta property=\"og:title\" content=\"10L clear storage container - Wholesale plastic crates\" \/>\n<meta property=\"og:description\" content=\"With options for OEM\/ODM customization, you can personalize your clear storage containers to meet specific branding needs or unique design preferences. Whether you\u2019re storing toys, seasonal clothing, craft supplies, or office documents, this container combines functionality with adaptability.  Say goodbye to clutter and enjoy the convenience of knowing exactly what you have at a glance. Make the smart choice for your storage solutions with our 10L Clear Storage Container, where quality meets practicality.\" \/>\n<meta property=\"og:url\" content=\"https:\/\/www.plastic-crates.co.in\/es\/product\/contenedor-de-almacenamiento-transparente-de-10-l\/\" \/>\n<meta property=\"og:site_name\" content=\"Wholesale plastic crates\" \/>\n<meta property=\"article:modified_time\" content=\"2025-05-12T23:19:14+00:00\" \/>\n<meta property=\"og:image\" content=\"https:\/\/www.plastic-crates.co.in\/wp-content\/uploads\/2025\/05\/10l-clear-storage-container-1.jpg\" \/>\n\t<meta property=\"og:image:width\" content=\"1000\" \/>\n\t<meta property=\"og:image:height\" content=\"1000\" \/>\n\t<meta property=\"og:image:type\" content=\"image\/jpeg\" \/>\n<meta name=\"twitter:card\" content=\"summary_large_image\" \/>\n<meta name=\"twitter:label1\" content=\"Tiempo de lectura\" \/>\n\t<meta name=\"twitter:data1\" content=\"2 minutos\" \/>\n<script type=\"application\/ld+json\" class=\"yoast-schema-graph\">{\"@context\":\"https:\/\/schema.org\",\"@graph\":[{\"@type\":\"WebPage\",\"@id\":\"https:\/\/www.plastic-crates.co.in\/product\/10l-clear-storage-container\/\",\"url\":\"https:\/\/www.plastic-crates.co.in\/product\/10l-clear-storage-container\/\",\"name\":\"10L clear storage container - Wholesale plastic crates\",\"isPartOf\":{\"@id\":\"https:\/\/www.plastic-crates.co.in\/#website\"},\"primaryImageOfPage\":{\"@id\":\"https:\/\/www.plastic-crates.co.in\/product\/10l-clear-storage-container\/#primaryimage\"},\"image\":{\"@id\":\"https:\/\/www.plastic-crates.co.in\/product\/10l-clear-storage-container\/#primaryimage\"},\"thumbnailUrl\":\"https:\/\/www.plastic-crates.co.in\/wp-content\/uploads\/2025\/05\/10l-clear-storage-container-1.jpg\",\"datePublished\":\"2025-05-11T22:50:48+00:00\",\"dateModified\":\"2025-05-12T23:19:14+00:00\",\"breadcrumb\":{\"@id\":\"https:\/\/www.plastic-crates.co.in\/product\/10l-clear-storage-container\/#breadcrumb\"},\"inLanguage\":\"es\",\"potentialAction\":[{\"@type\":\"ReadAction\",\"target\":[\"https:\/\/www.plastic-crates.co.in\/product\/10l-clear-storage-container\/\"]}]},{\"@type\":\"ImageObject\",\"inLanguage\":\"es\",\"@id\":\"https:\/\/www.plastic-crates.co.in\/product\/10l-clear-storage-container\/#primaryimage\",\"url\":\"https:\/\/www.plastic-crates.co.in\/wp-content\/uploads\/2025\/05\/10l-clear-storage-container-1.jpg\",\"contentUrl\":\"https:\/\/www.plastic-crates.co.in\/wp-content\/uploads\/2025\/05\/10l-clear-storage-container-1.jpg\",\"width\":1000,\"height\":1000,\"caption\":\"10L clear storage container\"},{\"@type\":\"BreadcrumbList\",\"@id\":\"https:\/\/www.plastic-crates.co.in\/product\/10l-clear-storage-container\/#breadcrumb\",\"itemListElement\":[{\"@type\":\"ListItem\",\"position\":1,\"name\":\"Home\",\"item\":\"https:\/\/www.plastic-crates.co.in\/\"},{\"@type\":\"ListItem\",\"position\":2,\"name\":\"Products\",\"item\":\"https:\/\/www.plastic-crates.co.in\/shop\/\"},{\"@type\":\"ListItem\",\"position\":3,\"name\":\"10L clear storage container\"}]},{\"@type\":\"WebSite\",\"@id\":\"https:\/\/www.plastic-crates.co.in\/#website\",\"url\":\"https:\/\/www.plastic-crates.co.in\/\",\"name\":\"Wholesale plastic crates\",\"description\":\"Leading plastic crates manufacturer in China\",\"potentialAction\":[{\"@type\":\"SearchAction\",\"target\":{\"@type\":\"EntryPoint\",\"urlTemplate\":\"https:\/\/www.plastic-crates.co.in\/?s={search_term_string}\"},\"query-input\":{\"@type\":\"PropertyValueSpecification\",\"valueRequired\":true,\"valueName\":\"search_term_string\"}}],\"inLanguage\":\"es\"}]}<\/script>\n<!-- \/ Yoast SEO plugin. -->","yoast_head_json":{"title":"Contenedor de almacenamiento transparente de 10 litros - Cajas de pl\u00e1stico al por mayor","robots":{"index":"index","follow":"follow","max-snippet":"max-snippet:-1","max-image-preview":"max-image-preview:large","max-video-preview":"max-video-preview:-1"},"canonical":"https:\/\/www.plastic-crates.co.in\/es\/product\/contenedor-de-almacenamiento-transparente-de-10-l\/","og_locale":"es_ES","og_type":"article","og_title":"10L clear storage container - Wholesale plastic crates","og_description":"With options for OEM\/ODM customization, you can personalize your clear storage containers to meet specific branding needs or unique design preferences. Whether you\u2019re storing toys, seasonal clothing, craft supplies, or office documents, this container combines functionality with adaptability.  Say goodbye to clutter and enjoy the convenience of knowing exactly what you have at a glance. Make the smart choice for your storage solutions with our 10L Clear Storage Container, where quality meets practicality.","og_url":"https:\/\/www.plastic-crates.co.in\/es\/product\/contenedor-de-almacenamiento-transparente-de-10-l\/","og_site_name":"Wholesale plastic crates","article_modified_time":"2025-05-12T23:19:14+00:00","og_image":[{"width":1000,"height":1000,"url":"https:\/\/www.plastic-crates.co.in\/wp-content\/uploads\/2025\/05\/10l-clear-storage-container-1.jpg","type":"image\/jpeg"}],"twitter_card":"summary_large_image","twitter_misc":{"Tiempo de lectura":"2 minutos"},"schema":{"@context":"https:\/\/schema.org","@graph":[{"@type":"WebPage","@id":"https:\/\/www.plastic-crates.co.in\/product\/10l-clear-storage-container\/","url":"https:\/\/www.plastic-crates.co.in\/product\/10l-clear-storage-container\/","name":"Contenedor de almacenamiento transparente de 10 litros - Cajas de pl\u00e1stico al por mayor","isPartOf":{"@id":"https:\/\/www.plastic-crates.co.in\/#website"},"primaryImageOfPage":{"@id":"https:\/\/www.plastic-crates.co.in\/product\/10l-clear-storage-container\/#primaryimage"},"image":{"@id":"https:\/\/www.plastic-crates.co.in\/product\/10l-clear-storage-container\/#primaryimage"},"thumbnailUrl":"https:\/\/www.plastic-crates.co.in\/wp-content\/uploads\/2025\/05\/10l-clear-storage-container-1.jpg","datePublished":"2025-05-11T22:50:48+00:00","dateModified":"2025-05-12T23:19:14+00:00","breadcrumb":{"@id":"https:\/\/www.plastic-crates.co.in\/product\/10l-clear-storage-container\/#breadcrumb"},"inLanguage":"es","potentialAction":[{"@type":"ReadAction","target":["https:\/\/www.plastic-crates.co.in\/product\/10l-clear-storage-container\/"]}]},{"@type":"ImageObject","inLanguage":"es","@id":"https:\/\/www.plastic-crates.co.in\/product\/10l-clear-storage-container\/#primaryimage","url":"https:\/\/www.plastic-crates.co.in\/wp-content\/uploads\/2025\/05\/10l-clear-storage-container-1.jpg","contentUrl":"https:\/\/www.plastic-crates.co.in\/wp-content\/uploads\/2025\/05\/10l-clear-storage-container-1.jpg","width":1000,"height":1000,"caption":"10L clear storage container"},{"@type":"BreadcrumbList","@id":"https:\/\/www.plastic-crates.co.in\/product\/10l-clear-storage-container\/#breadcrumb","itemListElement":[{"@type":"ListItem","position":1,"name":"Home","item":"https:\/\/www.plastic-crates.co.in\/"},{"@type":"ListItem","position":2,"name":"Products","item":"https:\/\/www.plastic-crates.co.in\/shop\/"},{"@type":"ListItem","position":3,"name":"10L clear storage container"}]},{"@type":"WebSite","@id":"https:\/\/www.plastic-crates.co.in\/#website","url":"https:\/\/www.plastic-crates.co.in\/","name":"Cajas de pl\u00e1stico al por mayor","description":"Fabricante l\u00edder de cajas de pl\u00e1stico en China","potentialAction":[{"@type":"SearchAction","target":{"@type":"EntryPoint","urlTemplate":"https:\/\/www.plastic-crates.co.in\/?s={search_term_string}"},"query-input":{"@type":"PropertyValueSpecification","valueRequired":true,"valueName":"search_term_string"}}],"inLanguage":"es"}]}},"uagb_featured_image_src":{"full":["https:\/\/www.plastic-crates.co.in\/wp-content\/uploads\/2025\/05\/10l-clear-storage-container-1.jpg",1000,1000,false],"thumbnail":["https:\/\/www.plastic-crates.co.in\/wp-content\/uploads\/2025\/05\/10l-clear-storage-container-1-150x150.jpg",150,150,true],"medium":["https:\/\/www.plastic-crates.co.in\/wp-content\/uploads\/2025\/05\/10l-clear-storage-container-1-300x300.jpg",300,300,true],"medium_large":["https:\/\/www.plastic-crates.co.in\/wp-content\/uploads\/2025\/05\/10l-clear-storage-container-1-768x768.jpg",768,768,true],"large":["https:\/\/www.plastic-crates.co.in\/wp-content\/uploads\/2025\/05\/10l-clear-storage-container-1.jpg",1000,1000,false],"1536x1536":["https:\/\/www.plastic-crates.co.in\/wp-content\/uploads\/2025\/05\/10l-clear-storage-container-1.jpg",1000,1000,false],"2048x2048":["https:\/\/www.plastic-crates.co.in\/wp-content\/uploads\/2025\/05\/10l-clear-storage-container-1.jpg",1000,1000,false],"trp-custom-language-flag":["https:\/\/www.plastic-crates.co.in\/wp-content\/uploads\/2025\/05\/10l-clear-storage-container-1-12x12.jpg",12,12,true],"woocommerce_thumbnail":["https:\/\/www.plastic-crates.co.in\/wp-content\/uploads\/2025\/05\/10l-clear-storage-container-1-300x300.jpg",300,300,true],"woocommerce_single":["https:\/\/www.plastic-crates.co.in\/wp-content\/uploads\/2025\/05\/10l-clear-storage-container-1-600x600.jpg",600,600,true],"woocommerce_gallery_thumbnail":["https:\/\/www.plastic-crates.co.in\/wp-content\/uploads\/2025\/05\/10l-clear-storage-container-1-100x100.jpg",100,100,true]},"uagb_author_info":{"display_name":"Atticus Dixon","author_link":"https:\/\/www.plastic-crates.co.in\/es\/author\/"},"uagb_comment_info":0,"uagb_excerpt":"With options for OEM\/ODM customization, you can personalize your clear storage containers to meet specific branding needs or unique design preferences. Whether you\u2019re storing toys, seasonal clothing, craft supplies, or office documents, this container combines functionality with adaptability. Say goodbye to clutter and enjoy the convenience of knowing exactly what you have at a glance.&hellip;","_links":{"self":[{"href":"https:\/\/www.plastic-crates.co.in\/es\/wp-json\/wp\/v2\/product\/8050","targetHints":{"allow":["GET"]}}],"collection":[{"href":"https:\/\/www.plastic-crates.co.in\/es\/wp-json\/wp\/v2\/product"}],"about":[{"href":"https:\/\/www.plastic-crates.co.in\/es\/wp-json\/wp\/v2\/types\/product"}],"wp:featuredmedia":[{"embeddable":true,"href":"https:\/\/www.plastic-crates.co.in\/es\/wp-json\/wp\/v2\/media\/8044"}],"wp:attachment":[{"href":"https:\/\/www.plastic-crates.co.in\/es\/wp-json\/wp\/v2\/media?parent=8050"}],"wp:term":[{"taxonomy":"product_brand","embeddable":true,"href":"https:\/\/www.plastic-crates.co.in\/es\/wp-json\/wp\/v2\/product_brand?post=8050"},{"taxonomy":"product_cat","embeddable":true,"href":"https:\/\/www.plastic-crates.co.in\/es\/wp-json\/wp\/v2\/product_cat?post=8050"},{"taxonomy":"product_tag","embeddable":true,"href":"https:\/\/www.plastic-crates.co.in\/es\/wp-json\/wp\/v2\/product_tag?post=8050"}],"curies":[{"name":"wp","href":"https:\/\/api.w.org\/{rel}","templated":true}]}}