{"id":8042,"date":"2025-05-10T21:41:16","date_gmt":"2025-05-10T21:41:16","guid":{"rendered":"https:\/\/www.plastic-crates.co.in\/hi\/product\/plastic-stackable-bread-trays\/"},"modified":"2025-05-10T21:43:02","modified_gmt":"2025-05-10T21:43:02","slug":"bandejas-de-pan-apilables-de-plastico","status":"publish","type":"product","link":"https:\/\/www.plastic-crates.co.in\/es\/product\/bandejas-de-pan-apilables-de-plastico\/","title":{"rendered":"Bandejas de pan apilables de pl\u00e1stico"},"content":{"rendered":"<p>Nuestro <strong>bandejas de pan apilables de pl\u00e1stico<\/strong> Dise\u00f1adas para la manipulaci\u00f3n, el almacenamiento y la distribuci\u00f3n eficientes de productos reci\u00e9n horneados, pasteles envasados y productos de panader\u00eda congelados, estas bandejas satisfacen las necesidades de las panader\u00edas modernas, las cadenas de suministro minoristas y los proveedores de log\u00edstica alimentaria, garantizando as\u00ed el transporte seguro y eficiente de sus productos horneados, tanto si se realiza manualmente como mediante sistemas automatizados.<\/p>\n<p>Fabricadas con pl\u00e1stico resistente apto para uso alimentario, nuestras bandejas para pan ofrecen una resistencia, ventilaci\u00f3n y apilamiento superiores, lo que las hace ideales para todo tipo de panes, desde panes de molde y bollos hasta tortillas y paquetes de snacks. Se encajan y apilan de forma segura, optimizando el espacio durante el transporte y el almacenamiento.<\/p>\n<ul>\n<li>Ideal para pan, pasteles, tortillas y productos horneados.<\/li>\n<li>Dise\u00f1o apilable y encajable para un almacenamiento y transporte eficientes.<\/li>\n<li>Fabricado con pl\u00e1stico resistente a los impactos y apto para uso alimentario.<\/li>\n<li>Apto para sistemas de panader\u00eda manuales y automatizados<\/li>\n<li>Venta al por mayor disponible para distribuidores y panader\u00edas.<\/li>\n<li>Soporte completo OEM\/ODM para tama\u00f1os, colores y logotipos personalizados.<\/li>\n<\/ul>","protected":false},"excerpt":{"rendered":"<p>Como fabricante y proveedor l\u00edder, ofrecemos precios mayoristas competitivos y personalizaci\u00f3n OEM\/ODM, incluyendo tama\u00f1o, color, marca y estructura de la bandeja, adaptados a sus necesidades operativas.<\/p>","protected":false},"featured_media":8035,"template":"","meta":{"_acf_changed":false,"_uag_custom_page_level_css":"","site-sidebar-layout":"default","site-content-layout":"","ast-site-content-layout":"default","site-content-style":"default","site-sidebar-style":"default","ast-global-header-display":"","ast-banner-title-visibility":"","ast-main-header-display":"","ast-hfb-above-header-display":"","ast-hfb-below-header-display":"","ast-hfb-mobile-header-display":"","site-post-title":"","ast-breadcrumbs-content":"","ast-featured-img":"","footer-sml-layout":"","theme-transparent-header-meta":"default","adv-header-id-meta":"","stick-header-meta":"","header-above-stick-meta":"","header-main-stick-meta":"","header-below-stick-meta":"","astra-migrate-meta-layouts":"set","ast-page-background-enabled":"default","ast-page-background-meta":{"desktop":{"background-color":"var(--ast-global-color-4)","background-image":"","background-repeat":"repeat","background-position":"center center","background-size":"auto","background-attachment":"scroll","background-type":"","background-media":"","overlay-type":"","overlay-color":"","overlay-opacity":"","overlay-gradient":""},"tablet":{"background-color":"","background-image":"","background-repeat":"repeat","background-position":"center center","background-size":"auto","background-attachment":"scroll","background-type":"","background-media":"","overlay-type":"","overlay-color":"","overlay-opacity":"","overlay-gradient":""},"mobile":{"background-color":"","background-image":"","background-repeat":"repeat","background-position":"center center","background-size":"auto","background-attachment":"scroll","background-type":"","background-media":"","overlay-type":"","overlay-color":"","overlay-opacity":"","overlay-gradient":""}},"ast-content-background-meta":{"desktop":{"background-color":"var(--ast-global-color-5)","background-image":"","background-repeat":"repeat","background-position":"center center","background-size":"auto","background-attachment":"scroll","background-type":"","background-media":"","overlay-type":"","overlay-color":"","overlay-opacity":"","overlay-gradient":""},"tablet":{"background-color":"var(--ast-global-color-5)","background-image":"","background-repeat":"repeat","background-position":"center center","background-size":"auto","background-attachment":"scroll","background-type":"","background-media":"","overlay-type":"","overlay-color":"","overlay-opacity":"","overlay-gradient":""},"mobile":{"background-color":"var(--ast-global-color-5)","background-image":"","background-repeat":"repeat","background-position":"center center","background-size":"auto","background-attachment":"scroll","background-type":"","background-media":"","overlay-type":"","overlay-color":"","overlay-opacity":"","overlay-gradient":""}}},"product_brand":[],"product_cat":[144],"product_tag":[],"class_list":{"0":"post-8042","1":"product","2":"type-product","3":"status-publish","4":"has-post-thumbnail","6":"product_cat-plastic-trays","7":"desktop-align-left","8":"tablet-align-left","9":"mobile-align-left","11":"first","12":"instock","13":"shipping-taxable","14":"product-type-simple"},"acf":[],"yoast_head":"<!-- This site is optimized with the Yoast SEO plugin v26.4 - https:\/\/yoast.com\/wordpress\/plugins\/seo\/ -->\n<title>Plastic stackable bread trays - Wholesale plastic crates<\/title>\n<meta name=\"robots\" content=\"index, follow, max-snippet:-1, max-image-preview:large, max-video-preview:-1\" \/>\n<link rel=\"canonical\" href=\"https:\/\/www.plastic-crates.co.in\/es\/product\/bandejas-de-pan-apilables-de-plastico\/\" \/>\n<meta property=\"og:locale\" content=\"es_ES\" \/>\n<meta property=\"og:type\" content=\"article\" \/>\n<meta property=\"og:title\" content=\"Plastic stackable bread trays - Wholesale plastic crates\" \/>\n<meta property=\"og:description\" content=\"As a leading manufacturer and supplier, we offer competitive wholesale pricing and OEM\/ODM customization, including size, color, branding, and tray structure \u2014 tailored to your operational needs.\" \/>\n<meta property=\"og:url\" content=\"https:\/\/www.plastic-crates.co.in\/es\/product\/bandejas-de-pan-apilables-de-plastico\/\" \/>\n<meta property=\"og:site_name\" content=\"Wholesale plastic crates\" \/>\n<meta property=\"article:modified_time\" content=\"2025-05-10T21:43:02+00:00\" \/>\n<meta property=\"og:image\" content=\"https:\/\/www.plastic-crates.co.in\/wp-content\/uploads\/2025\/05\/plastic-stackable-bread-trays-1.jpg\" \/>\n\t<meta property=\"og:image:width\" content=\"1000\" \/>\n\t<meta property=\"og:image:height\" content=\"1000\" \/>\n\t<meta property=\"og:image:type\" content=\"image\/jpeg\" \/>\n<meta name=\"twitter:card\" content=\"summary_large_image\" \/>\n<meta name=\"twitter:label1\" content=\"Tiempo de lectura\" \/>\n\t<meta name=\"twitter:data1\" content=\"1 minuto\" \/>\n<script type=\"application\/ld+json\" class=\"yoast-schema-graph\">{\"@context\":\"https:\/\/schema.org\",\"@graph\":[{\"@type\":\"WebPage\",\"@id\":\"https:\/\/www.plastic-crates.co.in\/product\/plastic-stackable-bread-trays\/\",\"url\":\"https:\/\/www.plastic-crates.co.in\/product\/plastic-stackable-bread-trays\/\",\"name\":\"Plastic stackable bread trays - Wholesale plastic crates\",\"isPartOf\":{\"@id\":\"https:\/\/www.plastic-crates.co.in\/#website\"},\"primaryImageOfPage\":{\"@id\":\"https:\/\/www.plastic-crates.co.in\/product\/plastic-stackable-bread-trays\/#primaryimage\"},\"image\":{\"@id\":\"https:\/\/www.plastic-crates.co.in\/product\/plastic-stackable-bread-trays\/#primaryimage\"},\"thumbnailUrl\":\"https:\/\/www.plastic-crates.co.in\/wp-content\/uploads\/2025\/05\/plastic-stackable-bread-trays-1.jpg\",\"datePublished\":\"2025-05-10T21:41:16+00:00\",\"dateModified\":\"2025-05-10T21:43:02+00:00\",\"breadcrumb\":{\"@id\":\"https:\/\/www.plastic-crates.co.in\/product\/plastic-stackable-bread-trays\/#breadcrumb\"},\"inLanguage\":\"es\",\"potentialAction\":[{\"@type\":\"ReadAction\",\"target\":[\"https:\/\/www.plastic-crates.co.in\/product\/plastic-stackable-bread-trays\/\"]}]},{\"@type\":\"ImageObject\",\"inLanguage\":\"es\",\"@id\":\"https:\/\/www.plastic-crates.co.in\/product\/plastic-stackable-bread-trays\/#primaryimage\",\"url\":\"https:\/\/www.plastic-crates.co.in\/wp-content\/uploads\/2025\/05\/plastic-stackable-bread-trays-1.jpg\",\"contentUrl\":\"https:\/\/www.plastic-crates.co.in\/wp-content\/uploads\/2025\/05\/plastic-stackable-bread-trays-1.jpg\",\"width\":1000,\"height\":1000,\"caption\":\"plastic stackable bread trays\"},{\"@type\":\"BreadcrumbList\",\"@id\":\"https:\/\/www.plastic-crates.co.in\/product\/plastic-stackable-bread-trays\/#breadcrumb\",\"itemListElement\":[{\"@type\":\"ListItem\",\"position\":1,\"name\":\"Home\",\"item\":\"https:\/\/www.plastic-crates.co.in\/\"},{\"@type\":\"ListItem\",\"position\":2,\"name\":\"Products\",\"item\":\"https:\/\/www.plastic-crates.co.in\/shop\/\"},{\"@type\":\"ListItem\",\"position\":3,\"name\":\"Plastic stackable bread trays\"}]},{\"@type\":\"WebSite\",\"@id\":\"https:\/\/www.plastic-crates.co.in\/#website\",\"url\":\"https:\/\/www.plastic-crates.co.in\/\",\"name\":\"Wholesale plastic crates\",\"description\":\"Leading plastic crates manufacturer in China\",\"potentialAction\":[{\"@type\":\"SearchAction\",\"target\":{\"@type\":\"EntryPoint\",\"urlTemplate\":\"https:\/\/www.plastic-crates.co.in\/?s={search_term_string}\"},\"query-input\":{\"@type\":\"PropertyValueSpecification\",\"valueRequired\":true,\"valueName\":\"search_term_string\"}}],\"inLanguage\":\"es\"}]}<\/script>\n<!-- \/ Yoast SEO plugin. -->","yoast_head_json":{"title":"Bandejas de pan apilables de pl\u00e1stico - Cajas de pl\u00e1stico al por mayor","robots":{"index":"index","follow":"follow","max-snippet":"max-snippet:-1","max-image-preview":"max-image-preview:large","max-video-preview":"max-video-preview:-1"},"canonical":"https:\/\/www.plastic-crates.co.in\/es\/product\/bandejas-de-pan-apilables-de-plastico\/","og_locale":"es_ES","og_type":"article","og_title":"Plastic stackable bread trays - Wholesale plastic crates","og_description":"As a leading manufacturer and supplier, we offer competitive wholesale pricing and OEM\/ODM customization, including size, color, branding, and tray structure \u2014 tailored to your operational needs.","og_url":"https:\/\/www.plastic-crates.co.in\/es\/product\/bandejas-de-pan-apilables-de-plastico\/","og_site_name":"Wholesale plastic crates","article_modified_time":"2025-05-10T21:43:02+00:00","og_image":[{"width":1000,"height":1000,"url":"https:\/\/www.plastic-crates.co.in\/wp-content\/uploads\/2025\/05\/plastic-stackable-bread-trays-1.jpg","type":"image\/jpeg"}],"twitter_card":"summary_large_image","twitter_misc":{"Tiempo de lectura":"1 minuto"},"schema":{"@context":"https:\/\/schema.org","@graph":[{"@type":"WebPage","@id":"https:\/\/www.plastic-crates.co.in\/product\/plastic-stackable-bread-trays\/","url":"https:\/\/www.plastic-crates.co.in\/product\/plastic-stackable-bread-trays\/","name":"Bandejas de pan apilables de pl\u00e1stico - Cajas de pl\u00e1stico al por mayor","isPartOf":{"@id":"https:\/\/www.plastic-crates.co.in\/#website"},"primaryImageOfPage":{"@id":"https:\/\/www.plastic-crates.co.in\/product\/plastic-stackable-bread-trays\/#primaryimage"},"image":{"@id":"https:\/\/www.plastic-crates.co.in\/product\/plastic-stackable-bread-trays\/#primaryimage"},"thumbnailUrl":"https:\/\/www.plastic-crates.co.in\/wp-content\/uploads\/2025\/05\/plastic-stackable-bread-trays-1.jpg","datePublished":"2025-05-10T21:41:16+00:00","dateModified":"2025-05-10T21:43:02+00:00","breadcrumb":{"@id":"https:\/\/www.plastic-crates.co.in\/product\/plastic-stackable-bread-trays\/#breadcrumb"},"inLanguage":"es","potentialAction":[{"@type":"ReadAction","target":["https:\/\/www.plastic-crates.co.in\/product\/plastic-stackable-bread-trays\/"]}]},{"@type":"ImageObject","inLanguage":"es","@id":"https:\/\/www.plastic-crates.co.in\/product\/plastic-stackable-bread-trays\/#primaryimage","url":"https:\/\/www.plastic-crates.co.in\/wp-content\/uploads\/2025\/05\/plastic-stackable-bread-trays-1.jpg","contentUrl":"https:\/\/www.plastic-crates.co.in\/wp-content\/uploads\/2025\/05\/plastic-stackable-bread-trays-1.jpg","width":1000,"height":1000,"caption":"plastic stackable bread trays"},{"@type":"BreadcrumbList","@id":"https:\/\/www.plastic-crates.co.in\/product\/plastic-stackable-bread-trays\/#breadcrumb","itemListElement":[{"@type":"ListItem","position":1,"name":"Home","item":"https:\/\/www.plastic-crates.co.in\/"},{"@type":"ListItem","position":2,"name":"Products","item":"https:\/\/www.plastic-crates.co.in\/shop\/"},{"@type":"ListItem","position":3,"name":"Plastic stackable bread trays"}]},{"@type":"WebSite","@id":"https:\/\/www.plastic-crates.co.in\/#website","url":"https:\/\/www.plastic-crates.co.in\/","name":"Cajas de pl\u00e1stico al por mayor","description":"Fabricante l\u00edder de cajas de pl\u00e1stico en China","potentialAction":[{"@type":"SearchAction","target":{"@type":"EntryPoint","urlTemplate":"https:\/\/www.plastic-crates.co.in\/?s={search_term_string}"},"query-input":{"@type":"PropertyValueSpecification","valueRequired":true,"valueName":"search_term_string"}}],"inLanguage":"es"}]}},"uagb_featured_image_src":{"full":["https:\/\/www.plastic-crates.co.in\/wp-content\/uploads\/2025\/05\/plastic-stackable-bread-trays-1.jpg",1000,1000,false],"thumbnail":["https:\/\/www.plastic-crates.co.in\/wp-content\/uploads\/2025\/05\/plastic-stackable-bread-trays-1-150x150.jpg",150,150,true],"medium":["https:\/\/www.plastic-crates.co.in\/wp-content\/uploads\/2025\/05\/plastic-stackable-bread-trays-1-300x300.jpg",300,300,true],"medium_large":["https:\/\/www.plastic-crates.co.in\/wp-content\/uploads\/2025\/05\/plastic-stackable-bread-trays-1-768x768.jpg",768,768,true],"large":["https:\/\/www.plastic-crates.co.in\/wp-content\/uploads\/2025\/05\/plastic-stackable-bread-trays-1.jpg",1000,1000,false],"1536x1536":["https:\/\/www.plastic-crates.co.in\/wp-content\/uploads\/2025\/05\/plastic-stackable-bread-trays-1.jpg",1000,1000,false],"2048x2048":["https:\/\/www.plastic-crates.co.in\/wp-content\/uploads\/2025\/05\/plastic-stackable-bread-trays-1.jpg",1000,1000,false],"trp-custom-language-flag":["https:\/\/www.plastic-crates.co.in\/wp-content\/uploads\/2025\/05\/plastic-stackable-bread-trays-1-12x12.jpg",12,12,true],"woocommerce_thumbnail":["https:\/\/www.plastic-crates.co.in\/wp-content\/uploads\/2025\/05\/plastic-stackable-bread-trays-1-300x300.jpg",300,300,true],"woocommerce_single":["https:\/\/www.plastic-crates.co.in\/wp-content\/uploads\/2025\/05\/plastic-stackable-bread-trays-1-600x600.jpg",600,600,true],"woocommerce_gallery_thumbnail":["https:\/\/www.plastic-crates.co.in\/wp-content\/uploads\/2025\/05\/plastic-stackable-bread-trays-1-100x100.jpg",100,100,true]},"uagb_author_info":{"display_name":"Atticus Dixon","author_link":"https:\/\/www.plastic-crates.co.in\/es\/author\/"},"uagb_comment_info":0,"uagb_excerpt":"As a leading manufacturer and supplier, we offer competitive wholesale pricing and OEM\/ODM customization, including size, color, branding, and tray structure \u2014 tailored to your operational needs.","_links":{"self":[{"href":"https:\/\/www.plastic-crates.co.in\/es\/wp-json\/wp\/v2\/product\/8042","targetHints":{"allow":["GET"]}}],"collection":[{"href":"https:\/\/www.plastic-crates.co.in\/es\/wp-json\/wp\/v2\/product"}],"about":[{"href":"https:\/\/www.plastic-crates.co.in\/es\/wp-json\/wp\/v2\/types\/product"}],"wp:featuredmedia":[{"embeddable":true,"href":"https:\/\/www.plastic-crates.co.in\/es\/wp-json\/wp\/v2\/media\/8035"}],"wp:attachment":[{"href":"https:\/\/www.plastic-crates.co.in\/es\/wp-json\/wp\/v2\/media?parent=8042"}],"wp:term":[{"taxonomy":"product_brand","embeddable":true,"href":"https:\/\/www.plastic-crates.co.in\/es\/wp-json\/wp\/v2\/product_brand?post=8042"},{"taxonomy":"product_cat","embeddable":true,"href":"https:\/\/www.plastic-crates.co.in\/es\/wp-json\/wp\/v2\/product_cat?post=8042"},{"taxonomy":"product_tag","embeddable":true,"href":"https:\/\/www.plastic-crates.co.in\/es\/wp-json\/wp\/v2\/product_tag?post=8042"}],"curies":[{"name":"wp","href":"https:\/\/api.w.org\/{rel}","templated":true}]}}