{"id":8032,"date":"2025-05-10T21:21:55","date_gmt":"2025-05-10T21:21:55","guid":{"rendered":"https:\/\/www.plastic-crates.co.in\/hi\/product\/bread-rack-trays-for-sale\/"},"modified":"2025-05-10T21:32:08","modified_gmt":"2025-05-10T21:32:08","slug":"bandejas-para-rejilla-de-pan-en-venta","status":"publish","type":"product","link":"https:\/\/www.plastic-crates.co.in\/es\/product\/bandejas-para-rejilla-de-pan-en-venta\/","title":{"rendered":"Bandejas para rejilla de pan en venta"},"content":{"rendered":"<p>Presentamos nuestra alta calidad <strong>Bandejas para rejilla de pan<\/strong>Dise\u00f1adas para un rendimiento \u00f3ptimo en panader\u00edas, supermercados y centros de distribuci\u00f3n de alimentos. Estas bandejas son perfectas para almacenar y transportar eficazmente panes, pasteles y otros productos horneados reci\u00e9n horneados, garantizando su perfecto estado durante el transporte.<\/p>\n<p>Caracter\u00edsticas:<\/p>\n<p>Construcci\u00f3n duradera: Fabricadas con materiales robustos de calidad alimentaria, nuestras bandejas son resistentes al desgaste y brindan una durabilidad duradera.<br \/>\nDise\u00f1o ventilado: La estructura de celos\u00eda abierta promueve la circulaci\u00f3n del aire, manteniendo los productos frescos por m\u00e1s tiempo y minimizando la acumulaci\u00f3n de humedad.<br \/>\nApilables y ahorran espacio: nuestras bandejas est\u00e1n dise\u00f1adas para apilarse de forma segura, lo que las convierte en una excelente opci\u00f3n para maximizar el espacio de almacenamiento en cualquier entorno.<br \/>\nUso vers\u00e1til: ideal tanto para manipulaci\u00f3n manual como para sistemas automatizados, perfecto para cualquier panader\u00eda o cocina comercial.<\/p>\n<p>Tama\u00f1os disponibles de bandejas para rejilla de pan:<\/p>\n<p>725x650x150,<\/p>\n<p>550x480x165,<\/p>\n<p>550x480x153<\/p>","protected":false},"excerpt":{"rendered":"<p>Ofrecemos precios al por mayor para pedidos al por mayor, lo que garantiza que obtendr\u00e1 los mejores productos a precios competitivos. Nuestras opciones OEM\/ODM permiten la personalizaci\u00f3n para satisfacer sus necesidades espec\u00edficas, incluyendo colores, tama\u00f1os y marca.<\/p>\n<p>Invierta en nuestras bandejas para pan y disfrute de una soluci\u00f3n eficiente y eficaz para el almacenamiento y transporte de alimentos. Experimente la diferencia con nuestro producto confiable y vers\u00e1til, dise\u00f1ado para satisfacer las necesidades de su negocio.<\/p>","protected":false},"featured_media":8025,"template":"","meta":{"_acf_changed":false,"_uag_custom_page_level_css":"","site-sidebar-layout":"default","site-content-layout":"","ast-site-content-layout":"default","site-content-style":"default","site-sidebar-style":"default","ast-global-header-display":"","ast-banner-title-visibility":"","ast-main-header-display":"","ast-hfb-above-header-display":"","ast-hfb-below-header-display":"","ast-hfb-mobile-header-display":"","site-post-title":"","ast-breadcrumbs-content":"","ast-featured-img":"","footer-sml-layout":"","theme-transparent-header-meta":"default","adv-header-id-meta":"","stick-header-meta":"","header-above-stick-meta":"","header-main-stick-meta":"","header-below-stick-meta":"","astra-migrate-meta-layouts":"set","ast-page-background-enabled":"default","ast-page-background-meta":{"desktop":{"background-color":"var(--ast-global-color-4)","background-image":"","background-repeat":"repeat","background-position":"center center","background-size":"auto","background-attachment":"scroll","background-type":"","background-media":"","overlay-type":"","overlay-color":"","overlay-opacity":"","overlay-gradient":""},"tablet":{"background-color":"","background-image":"","background-repeat":"repeat","background-position":"center center","background-size":"auto","background-attachment":"scroll","background-type":"","background-media":"","overlay-type":"","overlay-color":"","overlay-opacity":"","overlay-gradient":""},"mobile":{"background-color":"","background-image":"","background-repeat":"repeat","background-position":"center center","background-size":"auto","background-attachment":"scroll","background-type":"","background-media":"","overlay-type":"","overlay-color":"","overlay-opacity":"","overlay-gradient":""}},"ast-content-background-meta":{"desktop":{"background-color":"var(--ast-global-color-5)","background-image":"","background-repeat":"repeat","background-position":"center center","background-size":"auto","background-attachment":"scroll","background-type":"","background-media":"","overlay-type":"","overlay-color":"","overlay-opacity":"","overlay-gradient":""},"tablet":{"background-color":"var(--ast-global-color-5)","background-image":"","background-repeat":"repeat","background-position":"center center","background-size":"auto","background-attachment":"scroll","background-type":"","background-media":"","overlay-type":"","overlay-color":"","overlay-opacity":"","overlay-gradient":""},"mobile":{"background-color":"var(--ast-global-color-5)","background-image":"","background-repeat":"repeat","background-position":"center center","background-size":"auto","background-attachment":"scroll","background-type":"","background-media":"","overlay-type":"","overlay-color":"","overlay-opacity":"","overlay-gradient":""}}},"product_brand":[],"product_cat":[144],"product_tag":[],"class_list":{"0":"post-8032","1":"product","2":"type-product","3":"status-publish","4":"has-post-thumbnail","6":"product_cat-plastic-trays","7":"desktop-align-left","8":"tablet-align-left","9":"mobile-align-left","11":"first","12":"instock","13":"shipping-taxable","14":"product-type-simple"},"acf":[],"yoast_head":"<!-- This site is optimized with the Yoast SEO plugin v26.4 - https:\/\/yoast.com\/wordpress\/plugins\/seo\/ -->\n<title>Bread rack trays for sale - wholesale bread trays<\/title>\n<meta name=\"robots\" content=\"index, follow, max-snippet:-1, max-image-preview:large, max-video-preview:-1\" \/>\n<link rel=\"canonical\" href=\"https:\/\/www.plastic-crates.co.in\/es\/product\/bandejas-para-rejilla-de-pan-en-venta\/\" \/>\n<meta property=\"og:locale\" content=\"es_ES\" \/>\n<meta property=\"og:type\" content=\"article\" \/>\n<meta property=\"og:title\" content=\"Bread rack trays for sale - wholesale bread trays\" \/>\n<meta property=\"og:description\" content=\"We offer wholesale pricing for bulk orders, ensuring that you have the best products at competitive rates. Our OEM\/ODM options allow for customization to meet your specific needs, including colors, sizes, and branding.  Invest in our Bread Rack Trays for an efficient and effective solution in food storage and transportation. Experience the difference with our reliable and versatile product, tailored to support the demands of your business!\" \/>\n<meta property=\"og:url\" content=\"https:\/\/www.plastic-crates.co.in\/es\/product\/bandejas-para-rejilla-de-pan-en-venta\/\" \/>\n<meta property=\"og:site_name\" content=\"Wholesale plastic crates\" \/>\n<meta property=\"article:modified_time\" content=\"2025-05-10T21:32:08+00:00\" \/>\n<meta property=\"og:image\" content=\"https:\/\/www.plastic-crates.co.in\/wp-content\/uploads\/2025\/05\/bread-rack-trays-for-sale-1.jpg\" \/>\n\t<meta property=\"og:image:width\" content=\"800\" \/>\n\t<meta property=\"og:image:height\" content=\"800\" \/>\n\t<meta property=\"og:image:type\" content=\"image\/jpeg\" \/>\n<meta name=\"twitter:card\" content=\"summary_large_image\" \/>\n<meta name=\"twitter:label1\" content=\"Tiempo de lectura\" \/>\n\t<meta name=\"twitter:data1\" content=\"1 minuto\" \/>\n<script type=\"application\/ld+json\" class=\"yoast-schema-graph\">{\"@context\":\"https:\/\/schema.org\",\"@graph\":[{\"@type\":\"WebPage\",\"@id\":\"https:\/\/www.plastic-crates.co.in\/product\/bread-rack-trays-for-sale\/\",\"url\":\"https:\/\/www.plastic-crates.co.in\/product\/bread-rack-trays-for-sale\/\",\"name\":\"Bread rack trays for sale - wholesale bread trays\",\"isPartOf\":{\"@id\":\"https:\/\/www.plastic-crates.co.in\/#website\"},\"primaryImageOfPage\":{\"@id\":\"https:\/\/www.plastic-crates.co.in\/product\/bread-rack-trays-for-sale\/#primaryimage\"},\"image\":{\"@id\":\"https:\/\/www.plastic-crates.co.in\/product\/bread-rack-trays-for-sale\/#primaryimage\"},\"thumbnailUrl\":\"https:\/\/www.plastic-crates.co.in\/wp-content\/uploads\/2025\/05\/bread-rack-trays-for-sale-1.jpg\",\"datePublished\":\"2025-05-10T21:21:55+00:00\",\"dateModified\":\"2025-05-10T21:32:08+00:00\",\"breadcrumb\":{\"@id\":\"https:\/\/www.plastic-crates.co.in\/product\/bread-rack-trays-for-sale\/#breadcrumb\"},\"inLanguage\":\"es\",\"potentialAction\":[{\"@type\":\"ReadAction\",\"target\":[\"https:\/\/www.plastic-crates.co.in\/product\/bread-rack-trays-for-sale\/\"]}]},{\"@type\":\"ImageObject\",\"inLanguage\":\"es\",\"@id\":\"https:\/\/www.plastic-crates.co.in\/product\/bread-rack-trays-for-sale\/#primaryimage\",\"url\":\"https:\/\/www.plastic-crates.co.in\/wp-content\/uploads\/2025\/05\/bread-rack-trays-for-sale-1.jpg\",\"contentUrl\":\"https:\/\/www.plastic-crates.co.in\/wp-content\/uploads\/2025\/05\/bread-rack-trays-for-sale-1.jpg\",\"width\":800,\"height\":800,\"caption\":\"bread rack trays for sale\"},{\"@type\":\"BreadcrumbList\",\"@id\":\"https:\/\/www.plastic-crates.co.in\/product\/bread-rack-trays-for-sale\/#breadcrumb\",\"itemListElement\":[{\"@type\":\"ListItem\",\"position\":1,\"name\":\"Home\",\"item\":\"https:\/\/www.plastic-crates.co.in\/\"},{\"@type\":\"ListItem\",\"position\":2,\"name\":\"Products\",\"item\":\"https:\/\/www.plastic-crates.co.in\/shop\/\"},{\"@type\":\"ListItem\",\"position\":3,\"name\":\"Bread rack trays for sale\"}]},{\"@type\":\"WebSite\",\"@id\":\"https:\/\/www.plastic-crates.co.in\/#website\",\"url\":\"https:\/\/www.plastic-crates.co.in\/\",\"name\":\"Wholesale plastic crates\",\"description\":\"Leading plastic crates manufacturer in China\",\"potentialAction\":[{\"@type\":\"SearchAction\",\"target\":{\"@type\":\"EntryPoint\",\"urlTemplate\":\"https:\/\/www.plastic-crates.co.in\/?s={search_term_string}\"},\"query-input\":{\"@type\":\"PropertyValueSpecification\",\"valueRequired\":true,\"valueName\":\"search_term_string\"}}],\"inLanguage\":\"es\"}]}<\/script>\n<!-- \/ Yoast SEO plugin. -->","yoast_head_json":{"title":"Venta de bandejas para pan - Bandejas para pan al por mayor","robots":{"index":"index","follow":"follow","max-snippet":"max-snippet:-1","max-image-preview":"max-image-preview:large","max-video-preview":"max-video-preview:-1"},"canonical":"https:\/\/www.plastic-crates.co.in\/es\/product\/bandejas-para-rejilla-de-pan-en-venta\/","og_locale":"es_ES","og_type":"article","og_title":"Bread rack trays for sale - wholesale bread trays","og_description":"We offer wholesale pricing for bulk orders, ensuring that you have the best products at competitive rates. Our OEM\/ODM options allow for customization to meet your specific needs, including colors, sizes, and branding.  Invest in our Bread Rack Trays for an efficient and effective solution in food storage and transportation. Experience the difference with our reliable and versatile product, tailored to support the demands of your business!","og_url":"https:\/\/www.plastic-crates.co.in\/es\/product\/bandejas-para-rejilla-de-pan-en-venta\/","og_site_name":"Wholesale plastic crates","article_modified_time":"2025-05-10T21:32:08+00:00","og_image":[{"width":800,"height":800,"url":"https:\/\/www.plastic-crates.co.in\/wp-content\/uploads\/2025\/05\/bread-rack-trays-for-sale-1.jpg","type":"image\/jpeg"}],"twitter_card":"summary_large_image","twitter_misc":{"Tiempo de lectura":"1 minuto"},"schema":{"@context":"https:\/\/schema.org","@graph":[{"@type":"WebPage","@id":"https:\/\/www.plastic-crates.co.in\/product\/bread-rack-trays-for-sale\/","url":"https:\/\/www.plastic-crates.co.in\/product\/bread-rack-trays-for-sale\/","name":"Venta de bandejas para pan - Bandejas para pan al por mayor","isPartOf":{"@id":"https:\/\/www.plastic-crates.co.in\/#website"},"primaryImageOfPage":{"@id":"https:\/\/www.plastic-crates.co.in\/product\/bread-rack-trays-for-sale\/#primaryimage"},"image":{"@id":"https:\/\/www.plastic-crates.co.in\/product\/bread-rack-trays-for-sale\/#primaryimage"},"thumbnailUrl":"https:\/\/www.plastic-crates.co.in\/wp-content\/uploads\/2025\/05\/bread-rack-trays-for-sale-1.jpg","datePublished":"2025-05-10T21:21:55+00:00","dateModified":"2025-05-10T21:32:08+00:00","breadcrumb":{"@id":"https:\/\/www.plastic-crates.co.in\/product\/bread-rack-trays-for-sale\/#breadcrumb"},"inLanguage":"es","potentialAction":[{"@type":"ReadAction","target":["https:\/\/www.plastic-crates.co.in\/product\/bread-rack-trays-for-sale\/"]}]},{"@type":"ImageObject","inLanguage":"es","@id":"https:\/\/www.plastic-crates.co.in\/product\/bread-rack-trays-for-sale\/#primaryimage","url":"https:\/\/www.plastic-crates.co.in\/wp-content\/uploads\/2025\/05\/bread-rack-trays-for-sale-1.jpg","contentUrl":"https:\/\/www.plastic-crates.co.in\/wp-content\/uploads\/2025\/05\/bread-rack-trays-for-sale-1.jpg","width":800,"height":800,"caption":"bread rack trays for sale"},{"@type":"BreadcrumbList","@id":"https:\/\/www.plastic-crates.co.in\/product\/bread-rack-trays-for-sale\/#breadcrumb","itemListElement":[{"@type":"ListItem","position":1,"name":"Home","item":"https:\/\/www.plastic-crates.co.in\/"},{"@type":"ListItem","position":2,"name":"Products","item":"https:\/\/www.plastic-crates.co.in\/shop\/"},{"@type":"ListItem","position":3,"name":"Bread rack trays for sale"}]},{"@type":"WebSite","@id":"https:\/\/www.plastic-crates.co.in\/#website","url":"https:\/\/www.plastic-crates.co.in\/","name":"Cajas de pl\u00e1stico al por mayor","description":"Fabricante l\u00edder de cajas de pl\u00e1stico en China","potentialAction":[{"@type":"SearchAction","target":{"@type":"EntryPoint","urlTemplate":"https:\/\/www.plastic-crates.co.in\/?s={search_term_string}"},"query-input":{"@type":"PropertyValueSpecification","valueRequired":true,"valueName":"search_term_string"}}],"inLanguage":"es"}]}},"uagb_featured_image_src":{"full":["https:\/\/www.plastic-crates.co.in\/wp-content\/uploads\/2025\/05\/bread-rack-trays-for-sale-1.jpg",800,800,false],"thumbnail":["https:\/\/www.plastic-crates.co.in\/wp-content\/uploads\/2025\/05\/bread-rack-trays-for-sale-1-150x150.jpg",150,150,true],"medium":["https:\/\/www.plastic-crates.co.in\/wp-content\/uploads\/2025\/05\/bread-rack-trays-for-sale-1-300x300.jpg",300,300,true],"medium_large":["https:\/\/www.plastic-crates.co.in\/wp-content\/uploads\/2025\/05\/bread-rack-trays-for-sale-1-768x768.jpg",768,768,true],"large":["https:\/\/www.plastic-crates.co.in\/wp-content\/uploads\/2025\/05\/bread-rack-trays-for-sale-1.jpg",800,800,false],"1536x1536":["https:\/\/www.plastic-crates.co.in\/wp-content\/uploads\/2025\/05\/bread-rack-trays-for-sale-1.jpg",800,800,false],"2048x2048":["https:\/\/www.plastic-crates.co.in\/wp-content\/uploads\/2025\/05\/bread-rack-trays-for-sale-1.jpg",800,800,false],"trp-custom-language-flag":["https:\/\/www.plastic-crates.co.in\/wp-content\/uploads\/2025\/05\/bread-rack-trays-for-sale-1-12x12.jpg",12,12,true],"woocommerce_thumbnail":["https:\/\/www.plastic-crates.co.in\/wp-content\/uploads\/2025\/05\/bread-rack-trays-for-sale-1-300x300.jpg",300,300,true],"woocommerce_single":["https:\/\/www.plastic-crates.co.in\/wp-content\/uploads\/2025\/05\/bread-rack-trays-for-sale-1-600x600.jpg",600,600,true],"woocommerce_gallery_thumbnail":["https:\/\/www.plastic-crates.co.in\/wp-content\/uploads\/2025\/05\/bread-rack-trays-for-sale-1-100x100.jpg",100,100,true]},"uagb_author_info":{"display_name":"Atticus Dixon","author_link":"https:\/\/www.plastic-crates.co.in\/es\/author\/"},"uagb_comment_info":0,"uagb_excerpt":"We offer wholesale pricing for bulk orders, ensuring that you have the best products at competitive rates. Our OEM\/ODM options allow for customization to meet your specific needs, including colors, sizes, and branding. Invest in our Bread Rack Trays for an efficient and effective solution in food storage and transportation. Experience the difference with our&hellip;","_links":{"self":[{"href":"https:\/\/www.plastic-crates.co.in\/es\/wp-json\/wp\/v2\/product\/8032","targetHints":{"allow":["GET"]}}],"collection":[{"href":"https:\/\/www.plastic-crates.co.in\/es\/wp-json\/wp\/v2\/product"}],"about":[{"href":"https:\/\/www.plastic-crates.co.in\/es\/wp-json\/wp\/v2\/types\/product"}],"wp:featuredmedia":[{"embeddable":true,"href":"https:\/\/www.plastic-crates.co.in\/es\/wp-json\/wp\/v2\/media\/8025"}],"wp:attachment":[{"href":"https:\/\/www.plastic-crates.co.in\/es\/wp-json\/wp\/v2\/media?parent=8032"}],"wp:term":[{"taxonomy":"product_brand","embeddable":true,"href":"https:\/\/www.plastic-crates.co.in\/es\/wp-json\/wp\/v2\/product_brand?post=8032"},{"taxonomy":"product_cat","embeddable":true,"href":"https:\/\/www.plastic-crates.co.in\/es\/wp-json\/wp\/v2\/product_cat?post=8032"},{"taxonomy":"product_tag","embeddable":true,"href":"https:\/\/www.plastic-crates.co.in\/es\/wp-json\/wp\/v2\/product_tag?post=8032"}],"curies":[{"name":"wp","href":"https:\/\/api.w.org\/{rel}","templated":true}]}}