{"id":8015,"date":"2025-05-10T15:05:11","date_gmt":"2025-05-10T15:05:11","guid":{"rendered":"https:\/\/www.plastic-crates.co.in\/hi\/product\/airport-security-check-tray\/"},"modified":"2025-05-10T15:11:30","modified_gmt":"2025-05-10T15:11:30","slug":"bandeja-de-control-de-seguridad-del-aeropuerto","status":"publish","type":"product","link":"https:\/\/www.plastic-crates.co.in\/es\/product\/bandeja-de-control-de-seguridad-del-aeropuerto\/","title":{"rendered":"bandeja de control de seguridad del aeropuerto"},"content":{"rendered":"<p>Optimice sus procesos de seguridad aeroportuaria con nuestra bandeja de alta calidad para controles de seguridad. Dise\u00f1ada para m\u00e1xima eficiencia, esta resistente bandeja azul es perfecta para transportar objetos personales f\u00e1cilmente a trav\u00e9s de los controles de seguridad.<\/p>\n<div style=\"width: 1280px;\" class=\"wp-video\"><!--[if lt IE 9]><script>document.createElement('video');<\/script><![endif]-->\n<video class=\"wp-video-shortcode\" id=\"video-8015-1\" width=\"1280\" height=\"720\" preload=\"metadata\" controls=\"controls\"><source type=\"video\/mp4\" src=\"https:\/\/www.plastic-crates.co.in\/wp-content\/uploads\/2025\/05\/airport-security-check-tray.mp4?_=1\" \/><a href=\"https:\/\/www.plastic-crates.co.in\/wp-content\/uploads\/2025\/05\/airport-security-check-tray.mp4\">https:\/\/www.plastic-crates.co.in\/wp-content\/uploads\/2025\/05\/airport-security-check-tray.mp4<\/a><\/video><\/div>\n<p>Construcci\u00f3n robusta: hecha de pl\u00e1stico resistente y de alta densidad que garantiza longevidad y confiabilidad en entornos de alto tr\u00e1fico.<br \/>\nDise\u00f1o ergon\u00f3mico: Los lados inclinados y el interior espacioso acomodan una amplia gama de art\u00edculos, desde computadoras port\u00e1tiles hasta l\u00edquidos, lo que facilita que los pasajeros coloquen sus pertenencias.<br \/>\nF\u00e1cil de limpiar: La superficie lisa permite una limpieza r\u00e1pida, garantizando la higiene y la seguridad en todo momento.<br \/>\nDise\u00f1o apilable: Apilable para un almacenamiento eficiente cuando no est\u00e1 en uso, optimizando el espacio para las operaciones del aeropuerto.<\/p>","protected":false},"excerpt":{"rendered":"<p>Ofrecemos precios atractivos al por mayor para pedidos al por mayor, junto con servicios OEM y ODM para satisfacer sus necesidades \u00fanicas de marca y dise\u00f1o. Modifique tama\u00f1os, colores y logotipos para adaptar las bandejas a la estrategia de marca de su aeropuerto.<\/p>\n<p>Mejore su experiencia de seguridad aeroportuaria con nuestra bandeja de control de seguridad, donde la durabilidad se une a la eficiencia. \u00a1Cont\u00e1ctenos hoy mismo para consultas sobre ventas al por mayor o para hablar sobre opciones personalizadas!<\/p>","protected":false},"featured_media":8009,"template":"","meta":{"_acf_changed":false,"_uag_custom_page_level_css":"","site-sidebar-layout":"default","site-content-layout":"","ast-site-content-layout":"default","site-content-style":"default","site-sidebar-style":"default","ast-global-header-display":"","ast-banner-title-visibility":"","ast-main-header-display":"","ast-hfb-above-header-display":"","ast-hfb-below-header-display":"","ast-hfb-mobile-header-display":"","site-post-title":"","ast-breadcrumbs-content":"","ast-featured-img":"","footer-sml-layout":"","theme-transparent-header-meta":"default","adv-header-id-meta":"","stick-header-meta":"","header-above-stick-meta":"","header-main-stick-meta":"","header-below-stick-meta":"","astra-migrate-meta-layouts":"set","ast-page-background-enabled":"default","ast-page-background-meta":{"desktop":{"background-color":"var(--ast-global-color-4)","background-image":"","background-repeat":"repeat","background-position":"center center","background-size":"auto","background-attachment":"scroll","background-type":"","background-media":"","overlay-type":"","overlay-color":"","overlay-opacity":"","overlay-gradient":""},"tablet":{"background-color":"","background-image":"","background-repeat":"repeat","background-position":"center center","background-size":"auto","background-attachment":"scroll","background-type":"","background-media":"","overlay-type":"","overlay-color":"","overlay-opacity":"","overlay-gradient":""},"mobile":{"background-color":"","background-image":"","background-repeat":"repeat","background-position":"center center","background-size":"auto","background-attachment":"scroll","background-type":"","background-media":"","overlay-type":"","overlay-color":"","overlay-opacity":"","overlay-gradient":""}},"ast-content-background-meta":{"desktop":{"background-color":"var(--ast-global-color-5)","background-image":"","background-repeat":"repeat","background-position":"center center","background-size":"auto","background-attachment":"scroll","background-type":"","background-media":"","overlay-type":"","overlay-color":"","overlay-opacity":"","overlay-gradient":""},"tablet":{"background-color":"var(--ast-global-color-5)","background-image":"","background-repeat":"repeat","background-position":"center center","background-size":"auto","background-attachment":"scroll","background-type":"","background-media":"","overlay-type":"","overlay-color":"","overlay-opacity":"","overlay-gradient":""},"mobile":{"background-color":"var(--ast-global-color-5)","background-image":"","background-repeat":"repeat","background-position":"center center","background-size":"auto","background-attachment":"scroll","background-type":"","background-media":"","overlay-type":"","overlay-color":"","overlay-opacity":"","overlay-gradient":""}}},"product_brand":[],"product_cat":[144],"product_tag":[],"class_list":{"0":"post-8015","1":"product","2":"type-product","3":"status-publish","4":"has-post-thumbnail","6":"product_cat-plastic-trays","7":"desktop-align-left","8":"tablet-align-left","9":"mobile-align-left","11":"first","12":"instock","13":"shipping-taxable","14":"product-type-simple"},"acf":[],"yoast_head":"<!-- This site is optimized with the Yoast SEO plugin v26.4 - https:\/\/yoast.com\/wordpress\/plugins\/seo\/ -->\n<title>airport security check tray - Wholesale plastic crates<\/title>\n<meta name=\"robots\" content=\"index, follow, max-snippet:-1, max-image-preview:large, max-video-preview:-1\" \/>\n<link rel=\"canonical\" href=\"https:\/\/www.plastic-crates.co.in\/es\/product\/bandeja-de-control-de-seguridad-del-aeropuerto\/\" \/>\n<meta property=\"og:locale\" content=\"es_ES\" \/>\n<meta property=\"og:type\" content=\"article\" \/>\n<meta property=\"og:title\" content=\"airport security check tray - Wholesale plastic crates\" \/>\n<meta property=\"og:description\" content=\"We offer attractive wholesale pricing for bulk orders along with OEM and ODM services to meet your unique branding and design needs. Modify sizes, colors, and logos to align the trays with your airport\u2019s branding strategy.  Upgrade your airport security experience with our Airport Security Check Tray\u2014where durability meets efficiency. Contact us today for wholesale inquiries or to discuss custom options!\" \/>\n<meta property=\"og:url\" content=\"https:\/\/www.plastic-crates.co.in\/es\/product\/bandeja-de-control-de-seguridad-del-aeropuerto\/\" \/>\n<meta property=\"og:site_name\" content=\"Wholesale plastic crates\" \/>\n<meta property=\"article:modified_time\" content=\"2025-05-10T15:11:30+00:00\" \/>\n<meta property=\"og:image\" content=\"https:\/\/www.plastic-crates.co.in\/wp-content\/uploads\/2025\/05\/airport-security-check-tray-1.png\" \/>\n\t<meta property=\"og:image:width\" content=\"667\" \/>\n\t<meta property=\"og:image:height\" content=\"667\" \/>\n\t<meta property=\"og:image:type\" content=\"image\/png\" \/>\n<meta name=\"twitter:card\" content=\"summary_large_image\" \/>\n<meta name=\"twitter:label1\" content=\"Tiempo de lectura\" \/>\n\t<meta name=\"twitter:data1\" content=\"1 minuto\" \/>\n<script type=\"application\/ld+json\" class=\"yoast-schema-graph\">{\"@context\":\"https:\/\/schema.org\",\"@graph\":[{\"@type\":\"WebPage\",\"@id\":\"https:\/\/www.plastic-crates.co.in\/product\/airport-security-check-tray\/\",\"url\":\"https:\/\/www.plastic-crates.co.in\/product\/airport-security-check-tray\/\",\"name\":\"airport security check tray - Wholesale plastic crates\",\"isPartOf\":{\"@id\":\"https:\/\/www.plastic-crates.co.in\/#website\"},\"primaryImageOfPage\":{\"@id\":\"https:\/\/www.plastic-crates.co.in\/product\/airport-security-check-tray\/#primaryimage\"},\"image\":{\"@id\":\"https:\/\/www.plastic-crates.co.in\/product\/airport-security-check-tray\/#primaryimage\"},\"thumbnailUrl\":\"https:\/\/www.plastic-crates.co.in\/wp-content\/uploads\/2025\/05\/airport-security-check-tray-1.png\",\"datePublished\":\"2025-05-10T15:05:11+00:00\",\"dateModified\":\"2025-05-10T15:11:30+00:00\",\"breadcrumb\":{\"@id\":\"https:\/\/www.plastic-crates.co.in\/product\/airport-security-check-tray\/#breadcrumb\"},\"inLanguage\":\"es\",\"potentialAction\":[{\"@type\":\"ReadAction\",\"target\":[\"https:\/\/www.plastic-crates.co.in\/product\/airport-security-check-tray\/\"]}]},{\"@type\":\"ImageObject\",\"inLanguage\":\"es\",\"@id\":\"https:\/\/www.plastic-crates.co.in\/product\/airport-security-check-tray\/#primaryimage\",\"url\":\"https:\/\/www.plastic-crates.co.in\/wp-content\/uploads\/2025\/05\/airport-security-check-tray-1.png\",\"contentUrl\":\"https:\/\/www.plastic-crates.co.in\/wp-content\/uploads\/2025\/05\/airport-security-check-tray-1.png\",\"width\":667,\"height\":667,\"caption\":\"airport security check tray\"},{\"@type\":\"BreadcrumbList\",\"@id\":\"https:\/\/www.plastic-crates.co.in\/product\/airport-security-check-tray\/#breadcrumb\",\"itemListElement\":[{\"@type\":\"ListItem\",\"position\":1,\"name\":\"Home\",\"item\":\"https:\/\/www.plastic-crates.co.in\/\"},{\"@type\":\"ListItem\",\"position\":2,\"name\":\"Products\",\"item\":\"https:\/\/www.plastic-crates.co.in\/shop\/\"},{\"@type\":\"ListItem\",\"position\":3,\"name\":\"airport security check tray\"}]},{\"@type\":\"WebSite\",\"@id\":\"https:\/\/www.plastic-crates.co.in\/#website\",\"url\":\"https:\/\/www.plastic-crates.co.in\/\",\"name\":\"Wholesale plastic crates\",\"description\":\"Leading plastic crates manufacturer in China\",\"potentialAction\":[{\"@type\":\"SearchAction\",\"target\":{\"@type\":\"EntryPoint\",\"urlTemplate\":\"https:\/\/www.plastic-crates.co.in\/?s={search_term_string}\"},\"query-input\":{\"@type\":\"PropertyValueSpecification\",\"valueRequired\":true,\"valueName\":\"search_term_string\"}}],\"inLanguage\":\"es\"}]}<\/script>\n<!-- \/ Yoast SEO plugin. -->","yoast_head_json":{"title":"Bandeja para control de seguridad del aeropuerto - Cajas de pl\u00e1stico al por mayor","robots":{"index":"index","follow":"follow","max-snippet":"max-snippet:-1","max-image-preview":"max-image-preview:large","max-video-preview":"max-video-preview:-1"},"canonical":"https:\/\/www.plastic-crates.co.in\/es\/product\/bandeja-de-control-de-seguridad-del-aeropuerto\/","og_locale":"es_ES","og_type":"article","og_title":"airport security check tray - Wholesale plastic crates","og_description":"We offer attractive wholesale pricing for bulk orders along with OEM and ODM services to meet your unique branding and design needs. Modify sizes, colors, and logos to align the trays with your airport\u2019s branding strategy.  Upgrade your airport security experience with our Airport Security Check Tray\u2014where durability meets efficiency. Contact us today for wholesale inquiries or to discuss custom options!","og_url":"https:\/\/www.plastic-crates.co.in\/es\/product\/bandeja-de-control-de-seguridad-del-aeropuerto\/","og_site_name":"Wholesale plastic crates","article_modified_time":"2025-05-10T15:11:30+00:00","og_image":[{"width":667,"height":667,"url":"https:\/\/www.plastic-crates.co.in\/wp-content\/uploads\/2025\/05\/airport-security-check-tray-1.png","type":"image\/png"}],"twitter_card":"summary_large_image","twitter_misc":{"Tiempo de lectura":"1 minuto"},"schema":{"@context":"https:\/\/schema.org","@graph":[{"@type":"WebPage","@id":"https:\/\/www.plastic-crates.co.in\/product\/airport-security-check-tray\/","url":"https:\/\/www.plastic-crates.co.in\/product\/airport-security-check-tray\/","name":"Bandeja para control de seguridad del aeropuerto - Cajas de pl\u00e1stico al por mayor","isPartOf":{"@id":"https:\/\/www.plastic-crates.co.in\/#website"},"primaryImageOfPage":{"@id":"https:\/\/www.plastic-crates.co.in\/product\/airport-security-check-tray\/#primaryimage"},"image":{"@id":"https:\/\/www.plastic-crates.co.in\/product\/airport-security-check-tray\/#primaryimage"},"thumbnailUrl":"https:\/\/www.plastic-crates.co.in\/wp-content\/uploads\/2025\/05\/airport-security-check-tray-1.png","datePublished":"2025-05-10T15:05:11+00:00","dateModified":"2025-05-10T15:11:30+00:00","breadcrumb":{"@id":"https:\/\/www.plastic-crates.co.in\/product\/airport-security-check-tray\/#breadcrumb"},"inLanguage":"es","potentialAction":[{"@type":"ReadAction","target":["https:\/\/www.plastic-crates.co.in\/product\/airport-security-check-tray\/"]}]},{"@type":"ImageObject","inLanguage":"es","@id":"https:\/\/www.plastic-crates.co.in\/product\/airport-security-check-tray\/#primaryimage","url":"https:\/\/www.plastic-crates.co.in\/wp-content\/uploads\/2025\/05\/airport-security-check-tray-1.png","contentUrl":"https:\/\/www.plastic-crates.co.in\/wp-content\/uploads\/2025\/05\/airport-security-check-tray-1.png","width":667,"height":667,"caption":"airport security check tray"},{"@type":"BreadcrumbList","@id":"https:\/\/www.plastic-crates.co.in\/product\/airport-security-check-tray\/#breadcrumb","itemListElement":[{"@type":"ListItem","position":1,"name":"Home","item":"https:\/\/www.plastic-crates.co.in\/"},{"@type":"ListItem","position":2,"name":"Products","item":"https:\/\/www.plastic-crates.co.in\/shop\/"},{"@type":"ListItem","position":3,"name":"airport security check tray"}]},{"@type":"WebSite","@id":"https:\/\/www.plastic-crates.co.in\/#website","url":"https:\/\/www.plastic-crates.co.in\/","name":"Cajas de pl\u00e1stico al por mayor","description":"Fabricante l\u00edder de cajas de pl\u00e1stico en China","potentialAction":[{"@type":"SearchAction","target":{"@type":"EntryPoint","urlTemplate":"https:\/\/www.plastic-crates.co.in\/?s={search_term_string}"},"query-input":{"@type":"PropertyValueSpecification","valueRequired":true,"valueName":"search_term_string"}}],"inLanguage":"es"}]}},"uagb_featured_image_src":{"full":["https:\/\/www.plastic-crates.co.in\/wp-content\/uploads\/2025\/05\/airport-security-check-tray-1.png",667,667,false],"thumbnail":["https:\/\/www.plastic-crates.co.in\/wp-content\/uploads\/2025\/05\/airport-security-check-tray-1-150x150.png",150,150,true],"medium":["https:\/\/www.plastic-crates.co.in\/wp-content\/uploads\/2025\/05\/airport-security-check-tray-1-300x300.png",300,300,true],"medium_large":["https:\/\/www.plastic-crates.co.in\/wp-content\/uploads\/2025\/05\/airport-security-check-tray-1.png",667,667,false],"large":["https:\/\/www.plastic-crates.co.in\/wp-content\/uploads\/2025\/05\/airport-security-check-tray-1.png",667,667,false],"1536x1536":["https:\/\/www.plastic-crates.co.in\/wp-content\/uploads\/2025\/05\/airport-security-check-tray-1.png",667,667,false],"2048x2048":["https:\/\/www.plastic-crates.co.in\/wp-content\/uploads\/2025\/05\/airport-security-check-tray-1.png",667,667,false],"trp-custom-language-flag":["https:\/\/www.plastic-crates.co.in\/wp-content\/uploads\/2025\/05\/airport-security-check-tray-1-12x12.png",12,12,true],"woocommerce_thumbnail":["https:\/\/www.plastic-crates.co.in\/wp-content\/uploads\/2025\/05\/airport-security-check-tray-1-300x300.png",300,300,true],"woocommerce_single":["https:\/\/www.plastic-crates.co.in\/wp-content\/uploads\/2025\/05\/airport-security-check-tray-1-600x600.png",600,600,true],"woocommerce_gallery_thumbnail":["https:\/\/www.plastic-crates.co.in\/wp-content\/uploads\/2025\/05\/airport-security-check-tray-1-100x100.png",100,100,true]},"uagb_author_info":{"display_name":"Atticus Dixon","author_link":"https:\/\/www.plastic-crates.co.in\/es\/author\/"},"uagb_comment_info":0,"uagb_excerpt":"We offer attractive wholesale pricing for bulk orders along with OEM and ODM services to meet your unique branding and design needs. Modify sizes, colors, and logos to align the trays with your airport\u2019s branding strategy. Upgrade your airport security experience with our Airport Security Check Tray\u2014where durability meets efficiency. Contact us today for wholesale&hellip;","_links":{"self":[{"href":"https:\/\/www.plastic-crates.co.in\/es\/wp-json\/wp\/v2\/product\/8015","targetHints":{"allow":["GET"]}}],"collection":[{"href":"https:\/\/www.plastic-crates.co.in\/es\/wp-json\/wp\/v2\/product"}],"about":[{"href":"https:\/\/www.plastic-crates.co.in\/es\/wp-json\/wp\/v2\/types\/product"}],"wp:featuredmedia":[{"embeddable":true,"href":"https:\/\/www.plastic-crates.co.in\/es\/wp-json\/wp\/v2\/media\/8009"}],"wp:attachment":[{"href":"https:\/\/www.plastic-crates.co.in\/es\/wp-json\/wp\/v2\/media?parent=8015"}],"wp:term":[{"taxonomy":"product_brand","embeddable":true,"href":"https:\/\/www.plastic-crates.co.in\/es\/wp-json\/wp\/v2\/product_brand?post=8015"},{"taxonomy":"product_cat","embeddable":true,"href":"https:\/\/www.plastic-crates.co.in\/es\/wp-json\/wp\/v2\/product_cat?post=8015"},{"taxonomy":"product_tag","embeddable":true,"href":"https:\/\/www.plastic-crates.co.in\/es\/wp-json\/wp\/v2\/product_tag?post=8015"}],"curies":[{"name":"wp","href":"https:\/\/api.w.org\/{rel}","templated":true}]}}