{"id":8002,"date":"2025-05-10T14:42:25","date_gmt":"2025-05-10T14:42:25","guid":{"rendered":"https:\/\/www.plastic-crates.co.in\/hi\/product\/plastic-mesh-tray-food-dehydrator-tray\/"},"modified":"2025-05-10T14:55:44","modified_gmt":"2025-05-10T14:55:44","slug":"bandeja-de-malla-de-plastico-para-deshidratador-de-alimentos","status":"publish","type":"product","link":"https:\/\/www.plastic-crates.co.in\/es\/product\/bandeja-de-malla-de-plastico-para-deshidratador-de-alimentos\/","title":{"rendered":"Bandeja de malla de pl\u00e1stico Bandeja deshidratadora de alimentos"},"content":{"rendered":"<p>Material de alta calidad: Fabricado con pl\u00e1stico apto para uso alimentario, lo que garantiza un uso seguro para todo tipo de alimentos.<br \/>\nFlujo de aire \u00f3ptimo: La superficie de malla permite que el aire circule libremente, mejorando la eficiencia del secado y reduciendo el tiempo de secado.<br \/>\nF\u00e1cil de limpiar: Su dise\u00f1o patentado garantiza una limpieza y un mantenimiento sin complicaciones; simplemente enjuague o coloque en el lavavajillas.<br \/>\nDuradero y resistente: Dise\u00f1ado para soportar un uso repetido, lo que lo convierte en un complemento duradero para su arsenal de cocina.<br \/>\nOpciones de venta al por mayor y personalizaci\u00f3n: Ideales para minoristas y distribuidores, nuestras bandejas deshidratadoras est\u00e1n disponibles para compra al por mayor. Tambi\u00e9n ofrecemos servicios OEM\/ODM, que le permiten personalizar las bandejas seg\u00fan las necesidades de su marca. Elija entre varios tama\u00f1os y opciones de empaque para crear una l\u00ednea de productos \u00fanica, adaptada a su mercado.<\/p>\n<p>Aplicaciones: Ideales para cocineros aficionados, chefs profesionales y fabricantes de alimentos que buscan mejorar sus t\u00e9cnicas de conservaci\u00f3n. Tanto para deshidratar para uso personal como para aumentar la producci\u00f3n a nivel comercial, nuestras bandejas son lo suficientemente vers\u00e1tiles como para satisfacer diversas necesidades culinarias.<\/p>\n<p><img loading=\"lazy\" decoding=\"async\" class=\"alignnone size-full wp-image-8003\" src=\"https:\/\/www.plastic-crates.co.in\/wp-content\/uploads\/2025\/05\/plastic-mesh-tray-food-dehydrator-tray-detail-1-min.jpg\" alt=\"Caso de uso de la bandeja deshidratadora de alimentos\" width=\"790\" height=\"902\" srcset=\"https:\/\/www.plastic-crates.co.in\/wp-content\/uploads\/2025\/05\/plastic-mesh-tray-food-dehydrator-tray-detail-1-min.jpg 790w, https:\/\/www.plastic-crates.co.in\/wp-content\/uploads\/2025\/05\/plastic-mesh-tray-food-dehydrator-tray-detail-1-min-263x300.jpg 263w, https:\/\/www.plastic-crates.co.in\/wp-content\/uploads\/2025\/05\/plastic-mesh-tray-food-dehydrator-tray-detail-1-min-768x877.jpg 768w, https:\/\/www.plastic-crates.co.in\/wp-content\/uploads\/2025\/05\/plastic-mesh-tray-food-dehydrator-tray-detail-1-min-11x12.jpg 11w, https:\/\/www.plastic-crates.co.in\/wp-content\/uploads\/2025\/05\/plastic-mesh-tray-food-dehydrator-tray-detail-1-min-600x685.jpg 600w\" sizes=\"auto, (max-width: 790px) 100vw, 790px\" \/> <img loading=\"lazy\" decoding=\"async\" class=\"alignnone size-full wp-image-8004\" src=\"https:\/\/www.plastic-crates.co.in\/wp-content\/uploads\/2025\/05\/plastic-mesh-tray-food-dehydrator-tray-detail-2-min.jpg\" alt=\"tama\u00f1os de bandejas de malla de pl\u00e1stico\" width=\"790\" height=\"876\" srcset=\"https:\/\/www.plastic-crates.co.in\/wp-content\/uploads\/2025\/05\/plastic-mesh-tray-food-dehydrator-tray-detail-2-min.jpg 790w, https:\/\/www.plastic-crates.co.in\/wp-content\/uploads\/2025\/05\/plastic-mesh-tray-food-dehydrator-tray-detail-2-min-271x300.jpg 271w, https:\/\/www.plastic-crates.co.in\/wp-content\/uploads\/2025\/05\/plastic-mesh-tray-food-dehydrator-tray-detail-2-min-768x852.jpg 768w, https:\/\/www.plastic-crates.co.in\/wp-content\/uploads\/2025\/05\/plastic-mesh-tray-food-dehydrator-tray-detail-2-min-11x12.jpg 11w, https:\/\/www.plastic-crates.co.in\/wp-content\/uploads\/2025\/05\/plastic-mesh-tray-food-dehydrator-tray-detail-2-min-600x665.jpg 600w\" sizes=\"auto, (max-width: 790px) 100vw, 790px\" \/> <img loading=\"lazy\" decoding=\"async\" class=\"alignnone size-full wp-image-8006\" src=\"https:\/\/www.plastic-crates.co.in\/wp-content\/uploads\/2025\/05\/plastic-mesh-tray-food-dehydrator-tray-detail-3-min.jpg\" alt=\"Bandeja deshidratadora de alimentos de malla de pl\u00e1stico, estuche adecuado\" width=\"790\" height=\"1500\" srcset=\"https:\/\/www.plastic-crates.co.in\/wp-content\/uploads\/2025\/05\/plastic-mesh-tray-food-dehydrator-tray-detail-3-min.jpg 790w, https:\/\/www.plastic-crates.co.in\/wp-content\/uploads\/2025\/05\/plastic-mesh-tray-food-dehydrator-tray-detail-3-min-158x300.jpg 158w, https:\/\/www.plastic-crates.co.in\/wp-content\/uploads\/2025\/05\/plastic-mesh-tray-food-dehydrator-tray-detail-3-min-539x1024.jpg 539w, https:\/\/www.plastic-crates.co.in\/wp-content\/uploads\/2025\/05\/plastic-mesh-tray-food-dehydrator-tray-detail-3-min-768x1458.jpg 768w, https:\/\/www.plastic-crates.co.in\/wp-content\/uploads\/2025\/05\/plastic-mesh-tray-food-dehydrator-tray-detail-3-min-6x12.jpg 6w, https:\/\/www.plastic-crates.co.in\/wp-content\/uploads\/2025\/05\/plastic-mesh-tray-food-dehydrator-tray-detail-3-min-600x1139.jpg 600w\" sizes=\"auto, (max-width: 790px) 100vw, 790px\" \/> <img loading=\"lazy\" decoding=\"async\" class=\"alignnone size-full wp-image-8007\" src=\"https:\/\/www.plastic-crates.co.in\/wp-content\/uploads\/2025\/05\/plastic-mesh-tray-food-dehydrator-tray-detail-4-min.jpg\" alt=\"Bandeja deshidratadora de alimentos de malla de pl\u00e1stico\" width=\"790\" height=\"651\" srcset=\"https:\/\/www.plastic-crates.co.in\/wp-content\/uploads\/2025\/05\/plastic-mesh-tray-food-dehydrator-tray-detail-4-min.jpg 790w, https:\/\/www.plastic-crates.co.in\/wp-content\/uploads\/2025\/05\/plastic-mesh-tray-food-dehydrator-tray-detail-4-min-300x247.jpg 300w, https:\/\/www.plastic-crates.co.in\/wp-content\/uploads\/2025\/05\/plastic-mesh-tray-food-dehydrator-tray-detail-4-min-768x633.jpg 768w, https:\/\/www.plastic-crates.co.in\/wp-content\/uploads\/2025\/05\/plastic-mesh-tray-food-dehydrator-tray-detail-4-min-15x12.jpg 15w, https:\/\/www.plastic-crates.co.in\/wp-content\/uploads\/2025\/05\/plastic-mesh-tray-food-dehydrator-tray-detail-4-min-600x494.jpg 600w\" sizes=\"auto, (max-width: 790px) 100vw, 790px\" \/> <img loading=\"lazy\" decoding=\"async\" class=\"alignnone size-full wp-image-8008\" src=\"https:\/\/www.plastic-crates.co.in\/wp-content\/uploads\/2025\/05\/plastic-mesh-tray-food-dehydrator-tray-detail-5-min.jpg\" alt=\"Bandeja deshidratadora de alimentos de malla de pl\u00e1stico (recomendaci\u00f3n popular)\" width=\"790\" height=\"750\" srcset=\"https:\/\/www.plastic-crates.co.in\/wp-content\/uploads\/2025\/05\/plastic-mesh-tray-food-dehydrator-tray-detail-5-min.jpg 790w, https:\/\/www.plastic-crates.co.in\/wp-content\/uploads\/2025\/05\/plastic-mesh-tray-food-dehydrator-tray-detail-5-min-300x285.jpg 300w, https:\/\/www.plastic-crates.co.in\/wp-content\/uploads\/2025\/05\/plastic-mesh-tray-food-dehydrator-tray-detail-5-min-768x729.jpg 768w, https:\/\/www.plastic-crates.co.in\/wp-content\/uploads\/2025\/05\/plastic-mesh-tray-food-dehydrator-tray-detail-5-min-13x12.jpg 13w, https:\/\/www.plastic-crates.co.in\/wp-content\/uploads\/2025\/05\/plastic-mesh-tray-food-dehydrator-tray-detail-5-min-600x570.jpg 600w\" sizes=\"auto, (max-width: 790px) 100vw, 790px\" \/><\/p>\n<p>\u00a1Mejora hoy mismo tu experiencia de secado de alimentos con la bandeja deshidratadora de malla pl\u00e1stica: donde la calidad se une a la practicidad!<\/p>","protected":false},"excerpt":{"rendered":"<p>Mejora la conservaci\u00f3n de tus alimentos con nuestra bandeja deshidratadora de malla pl\u00e1stica, dise\u00f1ada por expertos para ofrecer eficiencia y practicidad. Fabricada con pl\u00e1stico de alta calidad apto para uso alimentario, esta bandeja permite una \u00f3ptima circulaci\u00f3n del aire y garantiza un secado uniforme de frutas, verduras, hierbas y mucho m\u00e1s.<\/p>","protected":false},"featured_media":7995,"template":"","meta":{"_acf_changed":false,"_uag_custom_page_level_css":"","site-sidebar-layout":"default","site-content-layout":"","ast-site-content-layout":"default","site-content-style":"default","site-sidebar-style":"default","ast-global-header-display":"","ast-banner-title-visibility":"","ast-main-header-display":"","ast-hfb-above-header-display":"","ast-hfb-below-header-display":"","ast-hfb-mobile-header-display":"","site-post-title":"","ast-breadcrumbs-content":"","ast-featured-img":"","footer-sml-layout":"","theme-transparent-header-meta":"default","adv-header-id-meta":"","stick-header-meta":"","header-above-stick-meta":"","header-main-stick-meta":"","header-below-stick-meta":"","astra-migrate-meta-layouts":"set","ast-page-background-enabled":"default","ast-page-background-meta":{"desktop":{"background-color":"var(--ast-global-color-4)","background-image":"","background-repeat":"repeat","background-position":"center center","background-size":"auto","background-attachment":"scroll","background-type":"","background-media":"","overlay-type":"","overlay-color":"","overlay-opacity":"","overlay-gradient":""},"tablet":{"background-color":"","background-image":"","background-repeat":"repeat","background-position":"center center","background-size":"auto","background-attachment":"scroll","background-type":"","background-media":"","overlay-type":"","overlay-color":"","overlay-opacity":"","overlay-gradient":""},"mobile":{"background-color":"","background-image":"","background-repeat":"repeat","background-position":"center center","background-size":"auto","background-attachment":"scroll","background-type":"","background-media":"","overlay-type":"","overlay-color":"","overlay-opacity":"","overlay-gradient":""}},"ast-content-background-meta":{"desktop":{"background-color":"var(--ast-global-color-5)","background-image":"","background-repeat":"repeat","background-position":"center center","background-size":"auto","background-attachment":"scroll","background-type":"","background-media":"","overlay-type":"","overlay-color":"","overlay-opacity":"","overlay-gradient":""},"tablet":{"background-color":"var(--ast-global-color-5)","background-image":"","background-repeat":"repeat","background-position":"center center","background-size":"auto","background-attachment":"scroll","background-type":"","background-media":"","overlay-type":"","overlay-color":"","overlay-opacity":"","overlay-gradient":""},"mobile":{"background-color":"var(--ast-global-color-5)","background-image":"","background-repeat":"repeat","background-position":"center center","background-size":"auto","background-attachment":"scroll","background-type":"","background-media":"","overlay-type":"","overlay-color":"","overlay-opacity":"","overlay-gradient":""}}},"product_brand":[],"product_cat":[144],"product_tag":[],"class_list":{"0":"post-8002","1":"product","2":"type-product","3":"status-publish","4":"has-post-thumbnail","6":"product_cat-plastic-trays","7":"desktop-align-left","8":"tablet-align-left","9":"mobile-align-left","11":"first","12":"instock","13":"shipping-taxable","14":"product-type-simple"},"acf":[],"yoast_head":"<!-- This site is optimized with the Yoast SEO plugin v26.4 - https:\/\/yoast.com\/wordpress\/plugins\/seo\/ -->\n<title>Plastic mesh tray Food Dehydrator Tray - Wholesale plastic crates<\/title>\n<meta name=\"robots\" content=\"index, follow, max-snippet:-1, max-image-preview:large, max-video-preview:-1\" \/>\n<link rel=\"canonical\" href=\"https:\/\/www.plastic-crates.co.in\/es\/product\/bandeja-de-malla-de-plastico-para-deshidratador-de-alimentos\/\" \/>\n<meta property=\"og:locale\" content=\"es_ES\" \/>\n<meta property=\"og:type\" content=\"article\" \/>\n<meta property=\"og:title\" content=\"Plastic mesh tray Food Dehydrator Tray - Wholesale plastic crates\" \/>\n<meta property=\"og:description\" content=\"Elevate your food preservation game with our Plastic Mesh Food Dehydrator Tray, expertly designed for efficiency and practicality. Crafted from high-quality, food-safe plastic, this tray allows for optimal airflow while ensuring even drying of fruits, vegetables, herbs, and more.\" \/>\n<meta property=\"og:url\" content=\"https:\/\/www.plastic-crates.co.in\/es\/product\/bandeja-de-malla-de-plastico-para-deshidratador-de-alimentos\/\" \/>\n<meta property=\"og:site_name\" content=\"Wholesale plastic crates\" \/>\n<meta property=\"article:modified_time\" content=\"2025-05-10T14:55:44+00:00\" \/>\n<meta property=\"og:image\" content=\"https:\/\/www.plastic-crates.co.in\/wp-content\/uploads\/2025\/05\/plastic-mesh-tray-food-dehydrator-tray-1.jpg\" \/>\n\t<meta property=\"og:image:width\" content=\"1000\" \/>\n\t<meta property=\"og:image:height\" content=\"1000\" \/>\n\t<meta property=\"og:image:type\" content=\"image\/jpeg\" \/>\n<meta name=\"twitter:card\" content=\"summary_large_image\" \/>\n<meta name=\"twitter:label1\" content=\"Tiempo de lectura\" \/>\n\t<meta name=\"twitter:data1\" content=\"2 minutos\" \/>\n<script type=\"application\/ld+json\" class=\"yoast-schema-graph\">{\"@context\":\"https:\/\/schema.org\",\"@graph\":[{\"@type\":\"WebPage\",\"@id\":\"https:\/\/www.plastic-crates.co.in\/product\/plastic-mesh-tray-food-dehydrator-tray\/\",\"url\":\"https:\/\/www.plastic-crates.co.in\/product\/plastic-mesh-tray-food-dehydrator-tray\/\",\"name\":\"Plastic mesh tray Food Dehydrator Tray - Wholesale plastic crates\",\"isPartOf\":{\"@id\":\"https:\/\/www.plastic-crates.co.in\/#website\"},\"primaryImageOfPage\":{\"@id\":\"https:\/\/www.plastic-crates.co.in\/product\/plastic-mesh-tray-food-dehydrator-tray\/#primaryimage\"},\"image\":{\"@id\":\"https:\/\/www.plastic-crates.co.in\/product\/plastic-mesh-tray-food-dehydrator-tray\/#primaryimage\"},\"thumbnailUrl\":\"https:\/\/www.plastic-crates.co.in\/wp-content\/uploads\/2025\/05\/plastic-mesh-tray-food-dehydrator-tray-1.jpg\",\"datePublished\":\"2025-05-10T14:42:25+00:00\",\"dateModified\":\"2025-05-10T14:55:44+00:00\",\"breadcrumb\":{\"@id\":\"https:\/\/www.plastic-crates.co.in\/product\/plastic-mesh-tray-food-dehydrator-tray\/#breadcrumb\"},\"inLanguage\":\"es\",\"potentialAction\":[{\"@type\":\"ReadAction\",\"target\":[\"https:\/\/www.plastic-crates.co.in\/product\/plastic-mesh-tray-food-dehydrator-tray\/\"]}]},{\"@type\":\"ImageObject\",\"inLanguage\":\"es\",\"@id\":\"https:\/\/www.plastic-crates.co.in\/product\/plastic-mesh-tray-food-dehydrator-tray\/#primaryimage\",\"url\":\"https:\/\/www.plastic-crates.co.in\/wp-content\/uploads\/2025\/05\/plastic-mesh-tray-food-dehydrator-tray-1.jpg\",\"contentUrl\":\"https:\/\/www.plastic-crates.co.in\/wp-content\/uploads\/2025\/05\/plastic-mesh-tray-food-dehydrator-tray-1.jpg\",\"width\":1000,\"height\":1000,\"caption\":\"Plastic mesh tray Food Dehydrator Tray\"},{\"@type\":\"BreadcrumbList\",\"@id\":\"https:\/\/www.plastic-crates.co.in\/product\/plastic-mesh-tray-food-dehydrator-tray\/#breadcrumb\",\"itemListElement\":[{\"@type\":\"ListItem\",\"position\":1,\"name\":\"Home\",\"item\":\"https:\/\/www.plastic-crates.co.in\/\"},{\"@type\":\"ListItem\",\"position\":2,\"name\":\"Products\",\"item\":\"https:\/\/www.plastic-crates.co.in\/shop\/\"},{\"@type\":\"ListItem\",\"position\":3,\"name\":\"Plastic mesh tray Food Dehydrator Tray\"}]},{\"@type\":\"WebSite\",\"@id\":\"https:\/\/www.plastic-crates.co.in\/#website\",\"url\":\"https:\/\/www.plastic-crates.co.in\/\",\"name\":\"Wholesale plastic crates\",\"description\":\"Leading plastic crates manufacturer in China\",\"potentialAction\":[{\"@type\":\"SearchAction\",\"target\":{\"@type\":\"EntryPoint\",\"urlTemplate\":\"https:\/\/www.plastic-crates.co.in\/?s={search_term_string}\"},\"query-input\":{\"@type\":\"PropertyValueSpecification\",\"valueRequired\":true,\"valueName\":\"search_term_string\"}}],\"inLanguage\":\"es\"}]}<\/script>\n<!-- \/ Yoast SEO plugin. -->","yoast_head_json":{"title":"Bandeja de malla de pl\u00e1stico para deshidratador de alimentos - Cajas de pl\u00e1stico al por mayor","robots":{"index":"index","follow":"follow","max-snippet":"max-snippet:-1","max-image-preview":"max-image-preview:large","max-video-preview":"max-video-preview:-1"},"canonical":"https:\/\/www.plastic-crates.co.in\/es\/product\/bandeja-de-malla-de-plastico-para-deshidratador-de-alimentos\/","og_locale":"es_ES","og_type":"article","og_title":"Plastic mesh tray Food Dehydrator Tray - Wholesale plastic crates","og_description":"Elevate your food preservation game with our Plastic Mesh Food Dehydrator Tray, expertly designed for efficiency and practicality. Crafted from high-quality, food-safe plastic, this tray allows for optimal airflow while ensuring even drying of fruits, vegetables, herbs, and more.","og_url":"https:\/\/www.plastic-crates.co.in\/es\/product\/bandeja-de-malla-de-plastico-para-deshidratador-de-alimentos\/","og_site_name":"Wholesale plastic crates","article_modified_time":"2025-05-10T14:55:44+00:00","og_image":[{"width":1000,"height":1000,"url":"https:\/\/www.plastic-crates.co.in\/wp-content\/uploads\/2025\/05\/plastic-mesh-tray-food-dehydrator-tray-1.jpg","type":"image\/jpeg"}],"twitter_card":"summary_large_image","twitter_misc":{"Tiempo de lectura":"2 minutos"},"schema":{"@context":"https:\/\/schema.org","@graph":[{"@type":"WebPage","@id":"https:\/\/www.plastic-crates.co.in\/product\/plastic-mesh-tray-food-dehydrator-tray\/","url":"https:\/\/www.plastic-crates.co.in\/product\/plastic-mesh-tray-food-dehydrator-tray\/","name":"Bandeja de malla de pl\u00e1stico para deshidratador de alimentos - Cajas de pl\u00e1stico al por mayor","isPartOf":{"@id":"https:\/\/www.plastic-crates.co.in\/#website"},"primaryImageOfPage":{"@id":"https:\/\/www.plastic-crates.co.in\/product\/plastic-mesh-tray-food-dehydrator-tray\/#primaryimage"},"image":{"@id":"https:\/\/www.plastic-crates.co.in\/product\/plastic-mesh-tray-food-dehydrator-tray\/#primaryimage"},"thumbnailUrl":"https:\/\/www.plastic-crates.co.in\/wp-content\/uploads\/2025\/05\/plastic-mesh-tray-food-dehydrator-tray-1.jpg","datePublished":"2025-05-10T14:42:25+00:00","dateModified":"2025-05-10T14:55:44+00:00","breadcrumb":{"@id":"https:\/\/www.plastic-crates.co.in\/product\/plastic-mesh-tray-food-dehydrator-tray\/#breadcrumb"},"inLanguage":"es","potentialAction":[{"@type":"ReadAction","target":["https:\/\/www.plastic-crates.co.in\/product\/plastic-mesh-tray-food-dehydrator-tray\/"]}]},{"@type":"ImageObject","inLanguage":"es","@id":"https:\/\/www.plastic-crates.co.in\/product\/plastic-mesh-tray-food-dehydrator-tray\/#primaryimage","url":"https:\/\/www.plastic-crates.co.in\/wp-content\/uploads\/2025\/05\/plastic-mesh-tray-food-dehydrator-tray-1.jpg","contentUrl":"https:\/\/www.plastic-crates.co.in\/wp-content\/uploads\/2025\/05\/plastic-mesh-tray-food-dehydrator-tray-1.jpg","width":1000,"height":1000,"caption":"Plastic mesh tray Food Dehydrator Tray"},{"@type":"BreadcrumbList","@id":"https:\/\/www.plastic-crates.co.in\/product\/plastic-mesh-tray-food-dehydrator-tray\/#breadcrumb","itemListElement":[{"@type":"ListItem","position":1,"name":"Home","item":"https:\/\/www.plastic-crates.co.in\/"},{"@type":"ListItem","position":2,"name":"Products","item":"https:\/\/www.plastic-crates.co.in\/shop\/"},{"@type":"ListItem","position":3,"name":"Plastic mesh tray Food Dehydrator Tray"}]},{"@type":"WebSite","@id":"https:\/\/www.plastic-crates.co.in\/#website","url":"https:\/\/www.plastic-crates.co.in\/","name":"Cajas de pl\u00e1stico al por mayor","description":"Fabricante l\u00edder de cajas de pl\u00e1stico en China","potentialAction":[{"@type":"SearchAction","target":{"@type":"EntryPoint","urlTemplate":"https:\/\/www.plastic-crates.co.in\/?s={search_term_string}"},"query-input":{"@type":"PropertyValueSpecification","valueRequired":true,"valueName":"search_term_string"}}],"inLanguage":"es"}]}},"uagb_featured_image_src":{"full":["https:\/\/www.plastic-crates.co.in\/wp-content\/uploads\/2025\/05\/plastic-mesh-tray-food-dehydrator-tray-1.jpg",1000,1000,false],"thumbnail":["https:\/\/www.plastic-crates.co.in\/wp-content\/uploads\/2025\/05\/plastic-mesh-tray-food-dehydrator-tray-1-150x150.jpg",150,150,true],"medium":["https:\/\/www.plastic-crates.co.in\/wp-content\/uploads\/2025\/05\/plastic-mesh-tray-food-dehydrator-tray-1-300x300.jpg",300,300,true],"medium_large":["https:\/\/www.plastic-crates.co.in\/wp-content\/uploads\/2025\/05\/plastic-mesh-tray-food-dehydrator-tray-1-768x768.jpg",768,768,true],"large":["https:\/\/www.plastic-crates.co.in\/wp-content\/uploads\/2025\/05\/plastic-mesh-tray-food-dehydrator-tray-1.jpg",1000,1000,false],"1536x1536":["https:\/\/www.plastic-crates.co.in\/wp-content\/uploads\/2025\/05\/plastic-mesh-tray-food-dehydrator-tray-1.jpg",1000,1000,false],"2048x2048":["https:\/\/www.plastic-crates.co.in\/wp-content\/uploads\/2025\/05\/plastic-mesh-tray-food-dehydrator-tray-1.jpg",1000,1000,false],"trp-custom-language-flag":["https:\/\/www.plastic-crates.co.in\/wp-content\/uploads\/2025\/05\/plastic-mesh-tray-food-dehydrator-tray-1-12x12.jpg",12,12,true],"woocommerce_thumbnail":["https:\/\/www.plastic-crates.co.in\/wp-content\/uploads\/2025\/05\/plastic-mesh-tray-food-dehydrator-tray-1-300x300.jpg",300,300,true],"woocommerce_single":["https:\/\/www.plastic-crates.co.in\/wp-content\/uploads\/2025\/05\/plastic-mesh-tray-food-dehydrator-tray-1-600x600.jpg",600,600,true],"woocommerce_gallery_thumbnail":["https:\/\/www.plastic-crates.co.in\/wp-content\/uploads\/2025\/05\/plastic-mesh-tray-food-dehydrator-tray-1-100x100.jpg",100,100,true]},"uagb_author_info":{"display_name":"Atticus Dixon","author_link":"https:\/\/www.plastic-crates.co.in\/es\/author\/"},"uagb_comment_info":0,"uagb_excerpt":"Elevate your food preservation game with our Plastic Mesh Food Dehydrator Tray, expertly designed for efficiency and practicality. Crafted from high-quality, food-safe plastic, this tray allows for optimal airflow while ensuring even drying of fruits, vegetables, herbs, and more.","_links":{"self":[{"href":"https:\/\/www.plastic-crates.co.in\/es\/wp-json\/wp\/v2\/product\/8002","targetHints":{"allow":["GET"]}}],"collection":[{"href":"https:\/\/www.plastic-crates.co.in\/es\/wp-json\/wp\/v2\/product"}],"about":[{"href":"https:\/\/www.plastic-crates.co.in\/es\/wp-json\/wp\/v2\/types\/product"}],"wp:featuredmedia":[{"embeddable":true,"href":"https:\/\/www.plastic-crates.co.in\/es\/wp-json\/wp\/v2\/media\/7995"}],"wp:attachment":[{"href":"https:\/\/www.plastic-crates.co.in\/es\/wp-json\/wp\/v2\/media?parent=8002"}],"wp:term":[{"taxonomy":"product_brand","embeddable":true,"href":"https:\/\/www.plastic-crates.co.in\/es\/wp-json\/wp\/v2\/product_brand?post=8002"},{"taxonomy":"product_cat","embeddable":true,"href":"https:\/\/www.plastic-crates.co.in\/es\/wp-json\/wp\/v2\/product_cat?post=8002"},{"taxonomy":"product_tag","embeddable":true,"href":"https:\/\/www.plastic-crates.co.in\/es\/wp-json\/wp\/v2\/product_tag?post=8002"}],"curies":[{"name":"wp","href":"https:\/\/api.w.org\/{rel}","templated":true}]}}