{"id":7992,"date":"2025-05-10T14:14:04","date_gmt":"2025-05-10T14:14:04","guid":{"rendered":"https:\/\/www.plastic-crates.co.in\/hi\/product\/insect-rearing-tray\/"},"modified":"2025-05-10T14:24:24","modified_gmt":"2025-05-10T14:24:24","slug":"bandeja-de-cria-de-insectos","status":"publish","type":"product","link":"https:\/\/www.plastic-crates.co.in\/es\/product\/bandeja-de-cria-de-insectos\/","title":{"rendered":"Bandeja de cr\u00eda de insectos"},"content":{"rendered":"<p><strong>Bandeja de cr\u00eda de insectos<\/strong> \u2013 Bandejas de pl\u00e1stico duraderas para la cr\u00eda de larvas, lombrices e insectos<\/p>\n<div style=\"width: 1280px;\" class=\"wp-video\"><!--[if lt IE 9]><script>document.createElement('video');<\/script><![endif]-->\n<video class=\"wp-video-shortcode\" id=\"video-7992-1\" width=\"1280\" height=\"720\" preload=\"metadata\" controls=\"controls\"><source type=\"video\/mp4\" src=\"https:\/\/www.plastic-crates.co.in\/wp-content\/uploads\/2025\/05\/insect-rearing-tray.mp4?_=1\" \/><a href=\"https:\/\/www.plastic-crates.co.in\/wp-content\/uploads\/2025\/05\/insect-rearing-tray.mp4\">https:\/\/www.plastic-crates.co.in\/wp-content\/uploads\/2025\/05\/insect-rearing-tray.mp4<\/a><\/video><\/div>\n<p><strong>Dise\u00f1o apilable<\/strong>Optimiza tu espacio de forma eficiente con una estructura apilable que permite el almacenamiento vertical sin comprometer la accesibilidad.<br \/>\n<strong>Higi\u00e9nico y f\u00e1cil de limpiar<\/strong>Las superficies lisas facilitan la limpieza y el mantenimiento, promoviendo un ambiente saludable para sus insectos.<br \/>\n<strong>Ventilaci\u00f3n<\/strong>La bandeja cuenta con ranuras de ventilaci\u00f3n integradas para garantizar un flujo de aire \u00f3ptimo, reduciendo la humedad y evitando la acumulaci\u00f3n de moho.<br \/>\n<strong>Opciones de venta al por mayor y personalizaci\u00f3n<\/strong>Atendemos pedidos al por mayor, ofreciendo precios competitivos para empresas que buscan abastecerse de equipos esenciales para la cr\u00eda de insectos. Nuestras bandejas para la cr\u00eda de insectos est\u00e1n disponibles para <strong>Fabricante de equipos originales (OEM) y fabricante de dise\u00f1os originales (ODM)<\/strong> La producci\u00f3n le permite personalizar el color, la marca y las dimensiones para que se ajusten perfectamente a las necesidades de su empresa.<\/p>","protected":false},"excerpt":{"rendered":"<p>Optimiza tu proceso de cr\u00eda de insectos con nuestros productos premium. <strong>Bandeja de cr\u00eda de insectos<\/strong>Dise\u00f1ada para satisfacer las necesidades espec\u00edficas de criadores e investigadores, esta bandeja, fabricada con materiales duraderos y de alta calidad, garantiza una larga vida \u00fatil y resistencia al desgaste, convirti\u00e9ndola en la opci\u00f3n ideal para la cr\u00eda sostenible de insectos.<\/p>","protected":false},"featured_media":7986,"template":"","meta":{"_acf_changed":false,"_uag_custom_page_level_css":"","site-sidebar-layout":"default","site-content-layout":"","ast-site-content-layout":"default","site-content-style":"default","site-sidebar-style":"default","ast-global-header-display":"","ast-banner-title-visibility":"","ast-main-header-display":"","ast-hfb-above-header-display":"","ast-hfb-below-header-display":"","ast-hfb-mobile-header-display":"","site-post-title":"","ast-breadcrumbs-content":"","ast-featured-img":"","footer-sml-layout":"","theme-transparent-header-meta":"default","adv-header-id-meta":"","stick-header-meta":"","header-above-stick-meta":"","header-main-stick-meta":"","header-below-stick-meta":"","astra-migrate-meta-layouts":"set","ast-page-background-enabled":"default","ast-page-background-meta":{"desktop":{"background-color":"var(--ast-global-color-4)","background-image":"","background-repeat":"repeat","background-position":"center center","background-size":"auto","background-attachment":"scroll","background-type":"","background-media":"","overlay-type":"","overlay-color":"","overlay-opacity":"","overlay-gradient":""},"tablet":{"background-color":"","background-image":"","background-repeat":"repeat","background-position":"center center","background-size":"auto","background-attachment":"scroll","background-type":"","background-media":"","overlay-type":"","overlay-color":"","overlay-opacity":"","overlay-gradient":""},"mobile":{"background-color":"","background-image":"","background-repeat":"repeat","background-position":"center center","background-size":"auto","background-attachment":"scroll","background-type":"","background-media":"","overlay-type":"","overlay-color":"","overlay-opacity":"","overlay-gradient":""}},"ast-content-background-meta":{"desktop":{"background-color":"var(--ast-global-color-5)","background-image":"","background-repeat":"repeat","background-position":"center center","background-size":"auto","background-attachment":"scroll","background-type":"","background-media":"","overlay-type":"","overlay-color":"","overlay-opacity":"","overlay-gradient":""},"tablet":{"background-color":"var(--ast-global-color-5)","background-image":"","background-repeat":"repeat","background-position":"center center","background-size":"auto","background-attachment":"scroll","background-type":"","background-media":"","overlay-type":"","overlay-color":"","overlay-opacity":"","overlay-gradient":""},"mobile":{"background-color":"var(--ast-global-color-5)","background-image":"","background-repeat":"repeat","background-position":"center center","background-size":"auto","background-attachment":"scroll","background-type":"","background-media":"","overlay-type":"","overlay-color":"","overlay-opacity":"","overlay-gradient":""}}},"product_brand":[],"product_cat":[144],"product_tag":[],"class_list":{"0":"post-7992","1":"product","2":"type-product","3":"status-publish","4":"has-post-thumbnail","6":"product_cat-plastic-trays","7":"desktop-align-left","8":"tablet-align-left","9":"mobile-align-left","11":"first","12":"instock","13":"shipping-taxable","14":"product-type-simple"},"acf":[],"yoast_head":"<!-- This site is optimized with the Yoast SEO plugin v26.4 - https:\/\/yoast.com\/wordpress\/plugins\/seo\/ -->\n<title>Insect rearing tray - Wholesale plastic crates<\/title>\n<meta name=\"robots\" content=\"index, follow, max-snippet:-1, max-image-preview:large, max-video-preview:-1\" \/>\n<link rel=\"canonical\" href=\"https:\/\/www.plastic-crates.co.in\/es\/product\/bandeja-de-cria-de-insectos\/\" \/>\n<meta property=\"og:locale\" content=\"es_ES\" \/>\n<meta property=\"og:type\" content=\"article\" \/>\n<meta property=\"og:title\" content=\"Insect rearing tray - Wholesale plastic crates\" \/>\n<meta property=\"og:description\" content=\"Optimize your insect rearing process with our premium Insect Rearing Tray, designed to meet the specific needs of breeders and researchers. Constructed from durable, high-quality materials, this tray ensures longevity and resistance to wear and tear, making it an ideal choice for sustainable insect farming.\" \/>\n<meta property=\"og:url\" content=\"https:\/\/www.plastic-crates.co.in\/es\/product\/bandeja-de-cria-de-insectos\/\" \/>\n<meta property=\"og:site_name\" content=\"Wholesale plastic crates\" \/>\n<meta property=\"article:modified_time\" content=\"2025-05-10T14:24:24+00:00\" \/>\n<meta property=\"og:image\" content=\"https:\/\/www.plastic-crates.co.in\/wp-content\/uploads\/2025\/05\/insect-rearing-tray-1.png\" \/>\n\t<meta property=\"og:image:width\" content=\"720\" \/>\n\t<meta property=\"og:image:height\" content=\"720\" \/>\n\t<meta property=\"og:image:type\" content=\"image\/png\" \/>\n<meta name=\"twitter:card\" content=\"summary_large_image\" \/>\n<meta name=\"twitter:label1\" content=\"Tiempo de lectura\" \/>\n\t<meta name=\"twitter:data1\" content=\"1 minuto\" \/>\n<script type=\"application\/ld+json\" class=\"yoast-schema-graph\">{\"@context\":\"https:\/\/schema.org\",\"@graph\":[{\"@type\":\"WebPage\",\"@id\":\"https:\/\/www.plastic-crates.co.in\/product\/insect-rearing-tray\/\",\"url\":\"https:\/\/www.plastic-crates.co.in\/product\/insect-rearing-tray\/\",\"name\":\"Insect rearing tray - Wholesale plastic crates\",\"isPartOf\":{\"@id\":\"https:\/\/www.plastic-crates.co.in\/#website\"},\"primaryImageOfPage\":{\"@id\":\"https:\/\/www.plastic-crates.co.in\/product\/insect-rearing-tray\/#primaryimage\"},\"image\":{\"@id\":\"https:\/\/www.plastic-crates.co.in\/product\/insect-rearing-tray\/#primaryimage\"},\"thumbnailUrl\":\"https:\/\/www.plastic-crates.co.in\/wp-content\/uploads\/2025\/05\/insect-rearing-tray-1.png\",\"datePublished\":\"2025-05-10T14:14:04+00:00\",\"dateModified\":\"2025-05-10T14:24:24+00:00\",\"breadcrumb\":{\"@id\":\"https:\/\/www.plastic-crates.co.in\/product\/insect-rearing-tray\/#breadcrumb\"},\"inLanguage\":\"es\",\"potentialAction\":[{\"@type\":\"ReadAction\",\"target\":[\"https:\/\/www.plastic-crates.co.in\/product\/insect-rearing-tray\/\"]}]},{\"@type\":\"ImageObject\",\"inLanguage\":\"es\",\"@id\":\"https:\/\/www.plastic-crates.co.in\/product\/insect-rearing-tray\/#primaryimage\",\"url\":\"https:\/\/www.plastic-crates.co.in\/wp-content\/uploads\/2025\/05\/insect-rearing-tray-1.png\",\"contentUrl\":\"https:\/\/www.plastic-crates.co.in\/wp-content\/uploads\/2025\/05\/insect-rearing-tray-1.png\",\"width\":720,\"height\":720,\"caption\":\"insect rearing tray\"},{\"@type\":\"BreadcrumbList\",\"@id\":\"https:\/\/www.plastic-crates.co.in\/product\/insect-rearing-tray\/#breadcrumb\",\"itemListElement\":[{\"@type\":\"ListItem\",\"position\":1,\"name\":\"Home\",\"item\":\"https:\/\/www.plastic-crates.co.in\/\"},{\"@type\":\"ListItem\",\"position\":2,\"name\":\"Products\",\"item\":\"https:\/\/www.plastic-crates.co.in\/shop\/\"},{\"@type\":\"ListItem\",\"position\":3,\"name\":\"Insect rearing tray\"}]},{\"@type\":\"WebSite\",\"@id\":\"https:\/\/www.plastic-crates.co.in\/#website\",\"url\":\"https:\/\/www.plastic-crates.co.in\/\",\"name\":\"Wholesale plastic crates\",\"description\":\"Leading plastic crates manufacturer in China\",\"potentialAction\":[{\"@type\":\"SearchAction\",\"target\":{\"@type\":\"EntryPoint\",\"urlTemplate\":\"https:\/\/www.plastic-crates.co.in\/?s={search_term_string}\"},\"query-input\":{\"@type\":\"PropertyValueSpecification\",\"valueRequired\":true,\"valueName\":\"search_term_string\"}}],\"inLanguage\":\"es\"}]}<\/script>\n<!-- \/ Yoast SEO plugin. -->","yoast_head_json":{"title":"Bandeja para cr\u00eda de insectos - Cajas de pl\u00e1stico al por mayor","robots":{"index":"index","follow":"follow","max-snippet":"max-snippet:-1","max-image-preview":"max-image-preview:large","max-video-preview":"max-video-preview:-1"},"canonical":"https:\/\/www.plastic-crates.co.in\/es\/product\/bandeja-de-cria-de-insectos\/","og_locale":"es_ES","og_type":"article","og_title":"Insect rearing tray - Wholesale plastic crates","og_description":"Optimize your insect rearing process with our premium Insect Rearing Tray, designed to meet the specific needs of breeders and researchers. Constructed from durable, high-quality materials, this tray ensures longevity and resistance to wear and tear, making it an ideal choice for sustainable insect farming.","og_url":"https:\/\/www.plastic-crates.co.in\/es\/product\/bandeja-de-cria-de-insectos\/","og_site_name":"Wholesale plastic crates","article_modified_time":"2025-05-10T14:24:24+00:00","og_image":[{"width":720,"height":720,"url":"https:\/\/www.plastic-crates.co.in\/wp-content\/uploads\/2025\/05\/insect-rearing-tray-1.png","type":"image\/png"}],"twitter_card":"summary_large_image","twitter_misc":{"Tiempo de lectura":"1 minuto"},"schema":{"@context":"https:\/\/schema.org","@graph":[{"@type":"WebPage","@id":"https:\/\/www.plastic-crates.co.in\/product\/insect-rearing-tray\/","url":"https:\/\/www.plastic-crates.co.in\/product\/insect-rearing-tray\/","name":"Bandeja para cr\u00eda de insectos - Cajas de pl\u00e1stico al por mayor","isPartOf":{"@id":"https:\/\/www.plastic-crates.co.in\/#website"},"primaryImageOfPage":{"@id":"https:\/\/www.plastic-crates.co.in\/product\/insect-rearing-tray\/#primaryimage"},"image":{"@id":"https:\/\/www.plastic-crates.co.in\/product\/insect-rearing-tray\/#primaryimage"},"thumbnailUrl":"https:\/\/www.plastic-crates.co.in\/wp-content\/uploads\/2025\/05\/insect-rearing-tray-1.png","datePublished":"2025-05-10T14:14:04+00:00","dateModified":"2025-05-10T14:24:24+00:00","breadcrumb":{"@id":"https:\/\/www.plastic-crates.co.in\/product\/insect-rearing-tray\/#breadcrumb"},"inLanguage":"es","potentialAction":[{"@type":"ReadAction","target":["https:\/\/www.plastic-crates.co.in\/product\/insect-rearing-tray\/"]}]},{"@type":"ImageObject","inLanguage":"es","@id":"https:\/\/www.plastic-crates.co.in\/product\/insect-rearing-tray\/#primaryimage","url":"https:\/\/www.plastic-crates.co.in\/wp-content\/uploads\/2025\/05\/insect-rearing-tray-1.png","contentUrl":"https:\/\/www.plastic-crates.co.in\/wp-content\/uploads\/2025\/05\/insect-rearing-tray-1.png","width":720,"height":720,"caption":"insect rearing tray"},{"@type":"BreadcrumbList","@id":"https:\/\/www.plastic-crates.co.in\/product\/insect-rearing-tray\/#breadcrumb","itemListElement":[{"@type":"ListItem","position":1,"name":"Home","item":"https:\/\/www.plastic-crates.co.in\/"},{"@type":"ListItem","position":2,"name":"Products","item":"https:\/\/www.plastic-crates.co.in\/shop\/"},{"@type":"ListItem","position":3,"name":"Insect rearing tray"}]},{"@type":"WebSite","@id":"https:\/\/www.plastic-crates.co.in\/#website","url":"https:\/\/www.plastic-crates.co.in\/","name":"Cajas de pl\u00e1stico al por mayor","description":"Fabricante l\u00edder de cajas de pl\u00e1stico en China","potentialAction":[{"@type":"SearchAction","target":{"@type":"EntryPoint","urlTemplate":"https:\/\/www.plastic-crates.co.in\/?s={search_term_string}"},"query-input":{"@type":"PropertyValueSpecification","valueRequired":true,"valueName":"search_term_string"}}],"inLanguage":"es"}]}},"uagb_featured_image_src":{"full":["https:\/\/www.plastic-crates.co.in\/wp-content\/uploads\/2025\/05\/insect-rearing-tray-1.png",720,720,false],"thumbnail":["https:\/\/www.plastic-crates.co.in\/wp-content\/uploads\/2025\/05\/insect-rearing-tray-1-150x150.png",150,150,true],"medium":["https:\/\/www.plastic-crates.co.in\/wp-content\/uploads\/2025\/05\/insect-rearing-tray-1-300x300.png",300,300,true],"medium_large":["https:\/\/www.plastic-crates.co.in\/wp-content\/uploads\/2025\/05\/insect-rearing-tray-1.png",720,720,false],"large":["https:\/\/www.plastic-crates.co.in\/wp-content\/uploads\/2025\/05\/insect-rearing-tray-1.png",720,720,false],"1536x1536":["https:\/\/www.plastic-crates.co.in\/wp-content\/uploads\/2025\/05\/insect-rearing-tray-1.png",720,720,false],"2048x2048":["https:\/\/www.plastic-crates.co.in\/wp-content\/uploads\/2025\/05\/insect-rearing-tray-1.png",720,720,false],"trp-custom-language-flag":["https:\/\/www.plastic-crates.co.in\/wp-content\/uploads\/2025\/05\/insect-rearing-tray-1-12x12.png",12,12,true],"woocommerce_thumbnail":["https:\/\/www.plastic-crates.co.in\/wp-content\/uploads\/2025\/05\/insect-rearing-tray-1-300x300.png",300,300,true],"woocommerce_single":["https:\/\/www.plastic-crates.co.in\/wp-content\/uploads\/2025\/05\/insect-rearing-tray-1-600x600.png",600,600,true],"woocommerce_gallery_thumbnail":["https:\/\/www.plastic-crates.co.in\/wp-content\/uploads\/2025\/05\/insect-rearing-tray-1-100x100.png",100,100,true]},"uagb_author_info":{"display_name":"Atticus Dixon","author_link":"https:\/\/www.plastic-crates.co.in\/es\/author\/"},"uagb_comment_info":0,"uagb_excerpt":"Optimize your insect rearing process with our premium Insect Rearing Tray, designed to meet the specific needs of breeders and researchers. Constructed from durable, high-quality materials, this tray ensures longevity and resistance to wear and tear, making it an ideal choice for sustainable insect farming.","_links":{"self":[{"href":"https:\/\/www.plastic-crates.co.in\/es\/wp-json\/wp\/v2\/product\/7992","targetHints":{"allow":["GET"]}}],"collection":[{"href":"https:\/\/www.plastic-crates.co.in\/es\/wp-json\/wp\/v2\/product"}],"about":[{"href":"https:\/\/www.plastic-crates.co.in\/es\/wp-json\/wp\/v2\/types\/product"}],"wp:featuredmedia":[{"embeddable":true,"href":"https:\/\/www.plastic-crates.co.in\/es\/wp-json\/wp\/v2\/media\/7986"}],"wp:attachment":[{"href":"https:\/\/www.plastic-crates.co.in\/es\/wp-json\/wp\/v2\/media?parent=7992"}],"wp:term":[{"taxonomy":"product_brand","embeddable":true,"href":"https:\/\/www.plastic-crates.co.in\/es\/wp-json\/wp\/v2\/product_brand?post=7992"},{"taxonomy":"product_cat","embeddable":true,"href":"https:\/\/www.plastic-crates.co.in\/es\/wp-json\/wp\/v2\/product_cat?post=7992"},{"taxonomy":"product_tag","embeddable":true,"href":"https:\/\/www.plastic-crates.co.in\/es\/wp-json\/wp\/v2\/product_tag?post=7992"}],"curies":[{"name":"wp","href":"https:\/\/api.w.org\/{rel}","templated":true}]}}