{"id":7977,"date":"2025-05-10T13:25:01","date_gmt":"2025-05-10T13:25:01","guid":{"rendered":"https:\/\/www.plastic-crates.co.in\/hi\/product\/plastic-serving-trays\/"},"modified":"2025-05-10T13:42:12","modified_gmt":"2025-05-10T13:42:12","slug":"bandejas-de-plastico-para-servir","status":"publish","type":"product","link":"https:\/\/www.plastic-crates.co.in\/es\/product\/bandejas-de-plastico-para-servir\/","title":{"rendered":"Bandejas de pl\u00e1stico para servir"},"content":{"rendered":"<p>Mejore su experiencia de servicio con nuestra vibrante colecci\u00f3n de <strong>bandejas de pl\u00e1stico para servir<\/strong>Dise\u00f1adas con estilo y funcionalidad, estas bandejas son perfectas para cualquier ocasi\u00f3n, ya sea para una reuni\u00f3n familiar, para servir refrigerios en un picnic o para organizar un buf\u00e9.<\/p>\n<p><strong>Caracter\u00edsticas principales:<\/strong><\/p>\n<ul>\n<li><strong>Dise\u00f1o elegante y vers\u00e1til:<\/strong>\u00a0Disponibles en una variedad de suaves tonos pastel, estas bandejas a\u00f1aden un toque de color a tu mesa. Su est\u00e9tica moderna y minimalista complementa a la perfecci\u00f3n cualquier decoraci\u00f3n.<\/li>\n<li><strong>Durable y ligero:<\/strong>\u00a0Fabricadas con pl\u00e1stico de alta calidad y libre de BPA, estas bandejas son duraderas. Ligeras pero resistentes, son f\u00e1ciles de transportar, ideales tanto para interiores como para exteriores.<\/li>\n<li><strong>F\u00e1cil de limpiar:<\/strong>\u00a0Su superficie lisa y no porosa facilita la limpieza. Simplemente l\u00edmpielos con un pa\u00f1o h\u00famedo o m\u00e9talos en el lavavajillas para un mantenimiento sin esfuerzo.<\/li>\n<li><strong>Apilable para mayor comodidad:<\/strong>\u00a0Estas bandejas est\u00e1n dise\u00f1adas para encajar unas dentro de otras, ahorrando valioso espacio en su cocina o en su mesa cuando no est\u00e1n en uso.<\/li>\n<li><strong>Variedad de tama\u00f1os perfectos:<\/strong>\u00a0Disponible en varios tama\u00f1os, puede elegir la bandeja adecuada para sus necesidades, desde aperitivos hasta postres, bebidas y servicios de cena.<\/li>\n<\/ul>\n<p>Convierta servir en un placer con nuestras coloridas bandejas de pl\u00e1stico, la combinaci\u00f3n perfecta de practicidad y estilo. \u00a1Mejore sus presentaciones culinarias e impresione a sus invitados con este imprescindible de cocina!<\/p>","protected":false},"excerpt":{"rendered":"<p>Como l\u00edder <strong>proveedor de bandejas de pl\u00e1stico<\/strong>, ofrecemos <strong>precios al por mayor<\/strong> Para pedidos al por mayor, garantizamos que obtenga el mejor valor por su inversi\u00f3n. Tambi\u00e9n ofrecemos <strong>Servicios OEM\/ODM personalizables<\/strong> para satisfacer sus necesidades espec\u00edficas: desde dise\u00f1os y tama\u00f1os personalizados hasta logotipos de marca, todos adaptados a los requisitos de su negocio.<\/p>","protected":false},"featured_media":7971,"template":"","meta":{"_acf_changed":false,"_uag_custom_page_level_css":"","site-sidebar-layout":"default","site-content-layout":"","ast-site-content-layout":"default","site-content-style":"default","site-sidebar-style":"default","ast-global-header-display":"","ast-banner-title-visibility":"","ast-main-header-display":"","ast-hfb-above-header-display":"","ast-hfb-below-header-display":"","ast-hfb-mobile-header-display":"","site-post-title":"","ast-breadcrumbs-content":"","ast-featured-img":"","footer-sml-layout":"","theme-transparent-header-meta":"default","adv-header-id-meta":"","stick-header-meta":"","header-above-stick-meta":"","header-main-stick-meta":"","header-below-stick-meta":"","astra-migrate-meta-layouts":"set","ast-page-background-enabled":"default","ast-page-background-meta":{"desktop":{"background-color":"var(--ast-global-color-4)","background-image":"","background-repeat":"repeat","background-position":"center center","background-size":"auto","background-attachment":"scroll","background-type":"","background-media":"","overlay-type":"","overlay-color":"","overlay-opacity":"","overlay-gradient":""},"tablet":{"background-color":"","background-image":"","background-repeat":"repeat","background-position":"center center","background-size":"auto","background-attachment":"scroll","background-type":"","background-media":"","overlay-type":"","overlay-color":"","overlay-opacity":"","overlay-gradient":""},"mobile":{"background-color":"","background-image":"","background-repeat":"repeat","background-position":"center center","background-size":"auto","background-attachment":"scroll","background-type":"","background-media":"","overlay-type":"","overlay-color":"","overlay-opacity":"","overlay-gradient":""}},"ast-content-background-meta":{"desktop":{"background-color":"var(--ast-global-color-5)","background-image":"","background-repeat":"repeat","background-position":"center center","background-size":"auto","background-attachment":"scroll","background-type":"","background-media":"","overlay-type":"","overlay-color":"","overlay-opacity":"","overlay-gradient":""},"tablet":{"background-color":"var(--ast-global-color-5)","background-image":"","background-repeat":"repeat","background-position":"center center","background-size":"auto","background-attachment":"scroll","background-type":"","background-media":"","overlay-type":"","overlay-color":"","overlay-opacity":"","overlay-gradient":""},"mobile":{"background-color":"var(--ast-global-color-5)","background-image":"","background-repeat":"repeat","background-position":"center center","background-size":"auto","background-attachment":"scroll","background-type":"","background-media":"","overlay-type":"","overlay-color":"","overlay-opacity":"","overlay-gradient":""}}},"product_brand":[],"product_cat":[144],"product_tag":[],"class_list":{"0":"post-7977","1":"product","2":"type-product","3":"status-publish","4":"has-post-thumbnail","6":"product_cat-plastic-trays","7":"desktop-align-left","8":"tablet-align-left","9":"mobile-align-left","11":"first","12":"instock","13":"shipping-taxable","14":"product-type-simple"},"acf":[],"yoast_head":"<!-- This site is optimized with the Yoast SEO plugin v26.4 - https:\/\/yoast.com\/wordpress\/plugins\/seo\/ -->\n<title>Plastic serving trays, plastic food trays - Wholesale serving trays<\/title>\n<meta name=\"robots\" content=\"index, follow, max-snippet:-1, max-image-preview:large, max-video-preview:-1\" \/>\n<link rel=\"canonical\" href=\"https:\/\/www.plastic-crates.co.in\/es\/product\/bandejas-de-plastico-para-servir\/\" \/>\n<meta property=\"og:locale\" content=\"es_ES\" \/>\n<meta property=\"og:type\" content=\"article\" \/>\n<meta property=\"og:title\" content=\"Plastic serving trays, plastic food trays - Wholesale serving trays\" \/>\n<meta property=\"og:description\" content=\"As a leading plastic tray supplier, we offer wholesale pricing for bulk orders, ensuring you get the best value for your investment. We also provide customizable OEM\/ODM services to meet your specific needs \u2014 from custom designs and sizes to branded logos, all tailored to your business requirements.\" \/>\n<meta property=\"og:url\" content=\"https:\/\/www.plastic-crates.co.in\/es\/product\/bandejas-de-plastico-para-servir\/\" \/>\n<meta property=\"og:site_name\" content=\"Wholesale plastic crates\" \/>\n<meta property=\"article:modified_time\" content=\"2025-05-10T13:42:12+00:00\" \/>\n<meta property=\"og:image\" content=\"https:\/\/www.plastic-crates.co.in\/wp-content\/uploads\/2025\/05\/plastic-serving-trays-1.jpg\" \/>\n\t<meta property=\"og:image:width\" content=\"800\" \/>\n\t<meta property=\"og:image:height\" content=\"800\" \/>\n\t<meta property=\"og:image:type\" content=\"image\/jpeg\" \/>\n<meta name=\"twitter:card\" content=\"summary_large_image\" \/>\n<meta name=\"twitter:label1\" content=\"Tiempo de lectura\" \/>\n\t<meta name=\"twitter:data1\" content=\"2 minutos\" \/>\n<script type=\"application\/ld+json\" class=\"yoast-schema-graph\">{\"@context\":\"https:\/\/schema.org\",\"@graph\":[{\"@type\":\"WebPage\",\"@id\":\"https:\/\/www.plastic-crates.co.in\/product\/plastic-serving-trays\/\",\"url\":\"https:\/\/www.plastic-crates.co.in\/product\/plastic-serving-trays\/\",\"name\":\"Plastic serving trays, plastic food trays - Wholesale serving trays\",\"isPartOf\":{\"@id\":\"https:\/\/www.plastic-crates.co.in\/#website\"},\"primaryImageOfPage\":{\"@id\":\"https:\/\/www.plastic-crates.co.in\/product\/plastic-serving-trays\/#primaryimage\"},\"image\":{\"@id\":\"https:\/\/www.plastic-crates.co.in\/product\/plastic-serving-trays\/#primaryimage\"},\"thumbnailUrl\":\"https:\/\/www.plastic-crates.co.in\/wp-content\/uploads\/2025\/05\/plastic-serving-trays-1.jpg\",\"datePublished\":\"2025-05-10T13:25:01+00:00\",\"dateModified\":\"2025-05-10T13:42:12+00:00\",\"breadcrumb\":{\"@id\":\"https:\/\/www.plastic-crates.co.in\/product\/plastic-serving-trays\/#breadcrumb\"},\"inLanguage\":\"es\",\"potentialAction\":[{\"@type\":\"ReadAction\",\"target\":[\"https:\/\/www.plastic-crates.co.in\/product\/plastic-serving-trays\/\"]}]},{\"@type\":\"ImageObject\",\"inLanguage\":\"es\",\"@id\":\"https:\/\/www.plastic-crates.co.in\/product\/plastic-serving-trays\/#primaryimage\",\"url\":\"https:\/\/www.plastic-crates.co.in\/wp-content\/uploads\/2025\/05\/plastic-serving-trays-1.jpg\",\"contentUrl\":\"https:\/\/www.plastic-crates.co.in\/wp-content\/uploads\/2025\/05\/plastic-serving-trays-1.jpg\",\"width\":800,\"height\":800,\"caption\":\"plastic serving trays\"},{\"@type\":\"BreadcrumbList\",\"@id\":\"https:\/\/www.plastic-crates.co.in\/product\/plastic-serving-trays\/#breadcrumb\",\"itemListElement\":[{\"@type\":\"ListItem\",\"position\":1,\"name\":\"Home\",\"item\":\"https:\/\/www.plastic-crates.co.in\/\"},{\"@type\":\"ListItem\",\"position\":2,\"name\":\"Products\",\"item\":\"https:\/\/www.plastic-crates.co.in\/shop\/\"},{\"@type\":\"ListItem\",\"position\":3,\"name\":\"Plastic serving trays\"}]},{\"@type\":\"WebSite\",\"@id\":\"https:\/\/www.plastic-crates.co.in\/#website\",\"url\":\"https:\/\/www.plastic-crates.co.in\/\",\"name\":\"Wholesale plastic crates\",\"description\":\"Leading plastic crates manufacturer in China\",\"potentialAction\":[{\"@type\":\"SearchAction\",\"target\":{\"@type\":\"EntryPoint\",\"urlTemplate\":\"https:\/\/www.plastic-crates.co.in\/?s={search_term_string}\"},\"query-input\":{\"@type\":\"PropertyValueSpecification\",\"valueRequired\":true,\"valueName\":\"search_term_string\"}}],\"inLanguage\":\"es\"}]}<\/script>\n<!-- \/ Yoast SEO plugin. -->","yoast_head_json":{"title":"Bandejas de pl\u00e1stico para servir, bandejas de pl\u00e1stico para alimentos - Bandejas de pl\u00e1stico para servir al por mayor","robots":{"index":"index","follow":"follow","max-snippet":"max-snippet:-1","max-image-preview":"max-image-preview:large","max-video-preview":"max-video-preview:-1"},"canonical":"https:\/\/www.plastic-crates.co.in\/es\/product\/bandejas-de-plastico-para-servir\/","og_locale":"es_ES","og_type":"article","og_title":"Plastic serving trays, plastic food trays - Wholesale serving trays","og_description":"As a leading plastic tray supplier, we offer wholesale pricing for bulk orders, ensuring you get the best value for your investment. We also provide customizable OEM\/ODM services to meet your specific needs \u2014 from custom designs and sizes to branded logos, all tailored to your business requirements.","og_url":"https:\/\/www.plastic-crates.co.in\/es\/product\/bandejas-de-plastico-para-servir\/","og_site_name":"Wholesale plastic crates","article_modified_time":"2025-05-10T13:42:12+00:00","og_image":[{"width":800,"height":800,"url":"https:\/\/www.plastic-crates.co.in\/wp-content\/uploads\/2025\/05\/plastic-serving-trays-1.jpg","type":"image\/jpeg"}],"twitter_card":"summary_large_image","twitter_misc":{"Tiempo de lectura":"2 minutos"},"schema":{"@context":"https:\/\/schema.org","@graph":[{"@type":"WebPage","@id":"https:\/\/www.plastic-crates.co.in\/product\/plastic-serving-trays\/","url":"https:\/\/www.plastic-crates.co.in\/product\/plastic-serving-trays\/","name":"Bandejas de pl\u00e1stico para servir, bandejas de pl\u00e1stico para alimentos - Bandejas de pl\u00e1stico para servir al por mayor","isPartOf":{"@id":"https:\/\/www.plastic-crates.co.in\/#website"},"primaryImageOfPage":{"@id":"https:\/\/www.plastic-crates.co.in\/product\/plastic-serving-trays\/#primaryimage"},"image":{"@id":"https:\/\/www.plastic-crates.co.in\/product\/plastic-serving-trays\/#primaryimage"},"thumbnailUrl":"https:\/\/www.plastic-crates.co.in\/wp-content\/uploads\/2025\/05\/plastic-serving-trays-1.jpg","datePublished":"2025-05-10T13:25:01+00:00","dateModified":"2025-05-10T13:42:12+00:00","breadcrumb":{"@id":"https:\/\/www.plastic-crates.co.in\/product\/plastic-serving-trays\/#breadcrumb"},"inLanguage":"es","potentialAction":[{"@type":"ReadAction","target":["https:\/\/www.plastic-crates.co.in\/product\/plastic-serving-trays\/"]}]},{"@type":"ImageObject","inLanguage":"es","@id":"https:\/\/www.plastic-crates.co.in\/product\/plastic-serving-trays\/#primaryimage","url":"https:\/\/www.plastic-crates.co.in\/wp-content\/uploads\/2025\/05\/plastic-serving-trays-1.jpg","contentUrl":"https:\/\/www.plastic-crates.co.in\/wp-content\/uploads\/2025\/05\/plastic-serving-trays-1.jpg","width":800,"height":800,"caption":"plastic serving trays"},{"@type":"BreadcrumbList","@id":"https:\/\/www.plastic-crates.co.in\/product\/plastic-serving-trays\/#breadcrumb","itemListElement":[{"@type":"ListItem","position":1,"name":"Home","item":"https:\/\/www.plastic-crates.co.in\/"},{"@type":"ListItem","position":2,"name":"Products","item":"https:\/\/www.plastic-crates.co.in\/shop\/"},{"@type":"ListItem","position":3,"name":"Plastic serving trays"}]},{"@type":"WebSite","@id":"https:\/\/www.plastic-crates.co.in\/#website","url":"https:\/\/www.plastic-crates.co.in\/","name":"Cajas de pl\u00e1stico al por mayor","description":"Fabricante l\u00edder de cajas de pl\u00e1stico en China","potentialAction":[{"@type":"SearchAction","target":{"@type":"EntryPoint","urlTemplate":"https:\/\/www.plastic-crates.co.in\/?s={search_term_string}"},"query-input":{"@type":"PropertyValueSpecification","valueRequired":true,"valueName":"search_term_string"}}],"inLanguage":"es"}]}},"uagb_featured_image_src":{"full":["https:\/\/www.plastic-crates.co.in\/wp-content\/uploads\/2025\/05\/plastic-serving-trays-1.jpg",800,800,false],"thumbnail":["https:\/\/www.plastic-crates.co.in\/wp-content\/uploads\/2025\/05\/plastic-serving-trays-1-150x150.jpg",150,150,true],"medium":["https:\/\/www.plastic-crates.co.in\/wp-content\/uploads\/2025\/05\/plastic-serving-trays-1-300x300.jpg",300,300,true],"medium_large":["https:\/\/www.plastic-crates.co.in\/wp-content\/uploads\/2025\/05\/plastic-serving-trays-1-768x768.jpg",768,768,true],"large":["https:\/\/www.plastic-crates.co.in\/wp-content\/uploads\/2025\/05\/plastic-serving-trays-1.jpg",800,800,false],"1536x1536":["https:\/\/www.plastic-crates.co.in\/wp-content\/uploads\/2025\/05\/plastic-serving-trays-1.jpg",800,800,false],"2048x2048":["https:\/\/www.plastic-crates.co.in\/wp-content\/uploads\/2025\/05\/plastic-serving-trays-1.jpg",800,800,false],"trp-custom-language-flag":["https:\/\/www.plastic-crates.co.in\/wp-content\/uploads\/2025\/05\/plastic-serving-trays-1-12x12.jpg",12,12,true],"woocommerce_thumbnail":["https:\/\/www.plastic-crates.co.in\/wp-content\/uploads\/2025\/05\/plastic-serving-trays-1-300x300.jpg",300,300,true],"woocommerce_single":["https:\/\/www.plastic-crates.co.in\/wp-content\/uploads\/2025\/05\/plastic-serving-trays-1-600x600.jpg",600,600,true],"woocommerce_gallery_thumbnail":["https:\/\/www.plastic-crates.co.in\/wp-content\/uploads\/2025\/05\/plastic-serving-trays-1-100x100.jpg",100,100,true]},"uagb_author_info":{"display_name":"Atticus Dixon","author_link":"https:\/\/www.plastic-crates.co.in\/es\/author\/"},"uagb_comment_info":0,"uagb_excerpt":"As a leading plastic tray supplier, we offer wholesale pricing for bulk orders, ensuring you get the best value for your investment. We also provide customizable OEM\/ODM services to meet your specific needs \u2014 from custom designs and sizes to branded logos, all tailored to your business requirements.","_links":{"self":[{"href":"https:\/\/www.plastic-crates.co.in\/es\/wp-json\/wp\/v2\/product\/7977","targetHints":{"allow":["GET"]}}],"collection":[{"href":"https:\/\/www.plastic-crates.co.in\/es\/wp-json\/wp\/v2\/product"}],"about":[{"href":"https:\/\/www.plastic-crates.co.in\/es\/wp-json\/wp\/v2\/types\/product"}],"wp:featuredmedia":[{"embeddable":true,"href":"https:\/\/www.plastic-crates.co.in\/es\/wp-json\/wp\/v2\/media\/7971"}],"wp:attachment":[{"href":"https:\/\/www.plastic-crates.co.in\/es\/wp-json\/wp\/v2\/media?parent=7977"}],"wp:term":[{"taxonomy":"product_brand","embeddable":true,"href":"https:\/\/www.plastic-crates.co.in\/es\/wp-json\/wp\/v2\/product_brand?post=7977"},{"taxonomy":"product_cat","embeddable":true,"href":"https:\/\/www.plastic-crates.co.in\/es\/wp-json\/wp\/v2\/product_cat?post=7977"},{"taxonomy":"product_tag","embeddable":true,"href":"https:\/\/www.plastic-crates.co.in\/es\/wp-json\/wp\/v2\/product_tag?post=7977"}],"curies":[{"name":"wp","href":"https:\/\/api.w.org\/{rel}","templated":true}]}}