{"id":7952,"date":"2025-05-10T06:11:00","date_gmt":"2025-05-10T06:11:00","guid":{"rendered":"https:\/\/www.plastic-crates.co.in\/hi\/product\/plastic-foldable-crates-for-groceries\/"},"modified":"2025-05-10T06:15:28","modified_gmt":"2025-05-10T06:15:28","slug":"cajas-plegables-de-plastico-para-comestibles","status":"publish","type":"product","link":"https:\/\/www.plastic-crates.co.in\/es\/product\/cajas-plegables-de-plastico-para-comestibles\/","title":{"rendered":"Cajas plegables de pl\u00e1stico para comestibles"},"content":{"rendered":"<div style=\"width: 960px;\" class=\"wp-video\"><!--[if lt IE 9]><script>document.createElement('video');<\/script><![endif]-->\n<video class=\"wp-video-shortcode\" id=\"video-7952-1\" width=\"960\" height=\"540\" preload=\"metadata\" controls=\"controls\"><source type=\"video\/mp4\" src=\"https:\/\/www.vegcrates.com\/wp-content\/uploads\/2021\/06\/folding-vegetable-crates.mp4?_=1\" \/><a href=\"https:\/\/www.vegcrates.com\/wp-content\/uploads\/2021\/06\/folding-vegetable-crates.mp4\">https:\/\/www.vegcrates.com\/wp-content\/uploads\/2021\/06\/folding-vegetable-crates.mp4<\/a><\/video><\/div>\n<p>&nbsp;<\/p>\n<table class=\"table table-bordered\">\n<tbody>\n<tr>\n<td colspan=\"2\" rowspan=\"1\">\n<div class=\"magic-5\" data-spm-anchor-id=\"a2700.wholesale.0.i28.6ec52b1clrcZLq\">\n<div class=\"magic-6\" data-spm-anchor-id=\"0.0.0.i25.47de4f05nhNpC9\"><span class=\"magic-7\" data-spm-anchor-id=\"a2700.pc-decorate.0.i14.39f83333ChPpDi\"><b>Par\u00e1metros del producto<\/b><\/span><\/div>\n<\/div>\n<\/td>\n<\/tr>\n<tr>\n<td colspan=\"1\" rowspan=\"1\">\n<div class=\"magic-10\">Nombre del producto<\/div>\n<\/td>\n<td colspan=\"1\" rowspan=\"1\">\n<div class=\"magic-11\">\u00daNETE A ZD64220<\/div>\n<\/td>\n<\/tr>\n<tr>\n<td colspan=\"1\" rowspan=\"1\">\n<div class=\"magic-10\">Volumen<\/div>\n<\/td>\n<td colspan=\"1\" rowspan=\"1\">\n<div class=\"magic-11\">41 litros<\/div>\n<\/td>\n<\/tr>\n<tr>\n<td colspan=\"1\" rowspan=\"1\">\n<div class=\"magic-12\">Tama\u00f1o exterior<\/div>\n<\/td>\n<td colspan=\"1\" rowspan=\"1\">\n<div class=\"magic-11\">600*400*220 mm<\/div>\n<\/td>\n<\/tr>\n<tr>\n<td colspan=\"1\" rowspan=\"1\">\n<div class=\"magic-10\">Tama\u00f1o plegable<\/div>\n<\/td>\n<td colspan=\"1\" rowspan=\"1\">\n<div class=\"magic-11\" data-spm-anchor-id=\"a2700.wholesale.0.i22.6ec52b1clrcZLq\">600*400*48 mm<\/div>\n<\/td>\n<\/tr>\n<tr>\n<td colspan=\"1\" rowspan=\"1\">\n<div class=\"magic-10\">Altura de plegado<\/div>\n<\/td>\n<td colspan=\"1\" rowspan=\"1\">\n<div class=\"magic-11\">48 mm<\/div>\n<\/td>\n<\/tr>\n<tr>\n<td colspan=\"1\" rowspan=\"1\">\n<div class=\"magic-10\">Material<\/div>\n<\/td>\n<td colspan=\"1\" rowspan=\"1\">\n<div class=\"magic-11\">P\u00c1GINAS<\/div>\n<\/td>\n<\/tr>\n<tr>\n<td colspan=\"1\" rowspan=\"1\">\n<div class=\"magic-10\">Bandera<\/div>\n<\/td>\n<td colspan=\"1\" rowspan=\"1\">\n<div class=\"magic-11\">Personalizaci\u00f3n Azul Verde<\/div>\n<\/td>\n<\/tr>\n<tr>\n<td colspan=\"1\" rowspan=\"1\">\n<div class=\"magic-10\">Capacidad de carga<\/div>\n<\/td>\n<td colspan=\"1\" rowspan=\"1\">\n<div class=\"magic-11\">\u226420 kg<\/div>\n<\/td>\n<\/tr>\n<tr>\n<td colspan=\"1\" rowspan=\"1\">\n<div class=\"magic-12\">Capacidad de apilamiento<\/div>\n<\/td>\n<td colspan=\"1\" rowspan=\"1\">\n<div class=\"magic-11\">\u2264100 kg<\/div>\n<\/td>\n<\/tr>\n<tr>\n<td colspan=\"1\" rowspan=\"1\">\n<div class=\"magic-12\">20&#039;GP<\/div>\n<\/td>\n<td colspan=\"1\" rowspan=\"1\">\n<div class=\"magic-11\">2500 piezas<\/div>\n<\/td>\n<\/tr>\n<tr>\n<td colspan=\"1\" rowspan=\"1\">\n<div class=\"magic-12\">40&#039;GP<\/div>\n<\/td>\n<td colspan=\"1\" rowspan=\"1\">\n<div class=\"magic-11\">5000 piezas<\/div>\n<\/td>\n<\/tr>\n<\/tbody>\n<\/table>\n<p>&nbsp;<\/p>\n<p>&nbsp;<\/p>\n<div class=\"table-responsive\">\n<table class=\"table table-bordered\">\n<tbody>\n<tr>\n<td colspan=\"5\" rowspan=\"1\">\n<div class=\"magic-57\">\n<div class=\"magic-6\" data-spm-anchor-id=\"0.0.0.i48.47de4f05sUjxmC\"><b><span class=\"magic-7\" data-spm-anchor-id=\"0.0.0.i47.47de4f05sUjxmC\">Todas las dimensiones disponibles<\/span><\/b><\/div>\n<\/div>\n<\/td>\n<\/tr>\n<tr>\n<td colspan=\"1\" rowspan=\"1\">\n<div class=\"magic-60\">\n<div class=\"magic-61\" data-spm-anchor-id=\"0.0.0.i14.47de4f05sUjxmC\">N\u00famero de producto<\/div>\n<\/div>\n<\/td>\n<td colspan=\"1\" rowspan=\"1\">\n<div class=\"magic-62\">\n<div class=\"magic-6\" data-spm-anchor-id=\"0.0.0.i12.47de4f05sUjxmC\">Volumen<\/div>\n<\/div>\n<\/td>\n<td colspan=\"1\" rowspan=\"1\">\n<div class=\"magic-62\">\n<div class=\"magic-6\" data-spm-anchor-id=\"0.0.0.i76.47de4f05sUjxmC\">Tama\u00f1o exterior<\/div>\n<\/div>\n<\/td>\n<td colspan=\"1\" rowspan=\"1\">\n<div class=\"magic-62\">\n<div class=\"magic-6\" data-spm-anchor-id=\"0.0.0.i34.47de4f05sUjxmC\">Tama\u00f1o del pliegue<\/div>\n<\/div>\n<\/td>\n<td colspan=\"1\" rowspan=\"1\">\n<div class=\"magic-63\">\n<div class=\"magic-6\">Peso \u00fanico<\/div>\n<\/div>\n<\/td>\n<\/tr>\n<tr>\n<td colspan=\"1\" rowspan=\"1\">\n<div class=\"magic-60\">\n<div class=\"magic-61\" data-spm-anchor-id=\"0.0.0.i62.47de4f05sUjxmC\">\u00daNETE A ZD64220<\/div>\n<\/div>\n<\/td>\n<td colspan=\"1\" rowspan=\"1\">\n<div class=\"magic-62\">\n<div class=\"magic-6\" data-spm-anchor-id=\"a2700.pc-decorate.0.i139.3abb3333TIRZpF\">41 litros<\/div>\n<\/div>\n<\/td>\n<td colspan=\"1\" rowspan=\"1\">\n<div class=\"magic-62\">\n<div class=\"magic-6\" data-spm-anchor-id=\"a2700.pc-decorate.0.i142.3abb3333TIRZpF\">600*400*220 mm<\/div>\n<\/div>\n<\/td>\n<td colspan=\"1\" rowspan=\"1\">\n<div class=\"magic-62\">\n<div class=\"magic-6\" data-spm-anchor-id=\"a2700.pc-decorate.0.i146.3abb3333TIRZpF\">600*400*48 mm<\/div>\n<\/div>\n<\/td>\n<td colspan=\"1\" rowspan=\"1\">\n<div class=\"magic-63\">\n<div class=\"magic-6\" data-spm-anchor-id=\"a2700.pc-decorate.0.i147.3abb3333TIRZpF\">2,1 kg \u00b12%<\/div>\n<\/div>\n<\/td>\n<\/tr>\n<tr>\n<td colspan=\"1\" rowspan=\"1\">\n<div class=\"magic-60\">\n<div class=\"magic-61\" data-spm-anchor-id=\"a2700.custom-template.0.i23.e62133334T37Q0\">\u00daNETE A ZD64255<\/div>\n<\/div>\n<\/td>\n<td colspan=\"1\" rowspan=\"1\">\n<div class=\"magic-62\">\n<div class=\"magic-6\" data-spm-anchor-id=\"a2700.pc-decorate.0.i140.3abb3333TIRZpF\">50 litros<\/div>\n<\/div>\n<\/td>\n<td colspan=\"1\" rowspan=\"1\">\n<div class=\"magic-62\">\n<div class=\"magic-6\" data-spm-anchor-id=\"a2700.pc-decorate.0.i144.3abb3333TIRZpF\">600*400*255 mm<\/div>\n<\/div>\n<\/td>\n<td colspan=\"1\" rowspan=\"1\">\n<div class=\"magic-62\">\n<div class=\"magic-6\" data-spm-anchor-id=\"0.0.0.i79.47de4f05sUjxmC\">600*400*80 mm<\/div>\n<\/div>\n<\/td>\n<td colspan=\"1\" rowspan=\"1\">\n<div class=\"magic-63\">\n<div class=\"magic-6\" data-spm-anchor-id=\"a2700.pc-decorate.0.i148.3abb3333TIRZpF\">2,0 kg \u00b12%<\/div>\n<\/div>\n<\/td>\n<\/tr>\n<tr>\n<td colspan=\"1\" rowspan=\"1\">\n<div class=\"magic-60\">\n<div class=\"magic-61\" data-spm-anchor-id=\"a2700.custom-template.0.i27.e62133334T37Q0\">\u00daNETE A ZD53245<\/div>\n<\/div>\n<\/td>\n<td colspan=\"1\" rowspan=\"1\">\n<div class=\"magic-62\">\n<div class=\"magic-6\" data-spm-anchor-id=\"a2700.pc-decorate.0.i141.3abb3333TIRZpF\">30 litros<\/div>\n<\/div>\n<\/td>\n<td colspan=\"1\" rowspan=\"1\">\n<div class=\"magic-62\">\n<div class=\"magic-6\" data-spm-anchor-id=\"a2700.pc-decorate.0.i145.3abb3333TIRZpF\">506*337*245 mm<\/div>\n<\/div>\n<\/td>\n<td colspan=\"1\" rowspan=\"1\">\n<div class=\"magic-62\">\n<div class=\"magic-6\" data-spm-anchor-id=\"0.0.0.i80.47de4f05sUjxmC\">506*337*90 mm<\/div>\n<\/div>\n<\/td>\n<td colspan=\"1\" rowspan=\"1\">\n<div class=\"magic-63\">\n<div class=\"magic-6\" data-spm-anchor-id=\"a2700.pc-decorate.0.i149.3abb3333TIRZpF\">1,9 kg \u00b12%<\/div>\n<\/div>\n<\/td>\n<\/tr>\n<\/tbody>\n<\/table>\n<\/div>\n<p><strong>Cajas plegables de pl\u00e1stico para comestibles: detalles<\/strong><\/p>\n<p><img loading=\"lazy\" decoding=\"async\" class=\"alignnone wp-image-6522\" src=\"https:\/\/www.vegcrates.com\/wp-content\/uploads\/2021\/06\/folding-crates-1.jpg\" alt=\"cajas plegables\" width=\"800\" height=\"800\" \/> <img loading=\"lazy\" decoding=\"async\" class=\"alignnone wp-image-6523\" src=\"https:\/\/www.vegcrates.com\/wp-content\/uploads\/2021\/06\/folding-crates-2.jpg\" alt=\"cajas plegables\" width=\"800\" height=\"424\" \/> <img loading=\"lazy\" decoding=\"async\" class=\"alignnone wp-image-6525\" src=\"https:\/\/www.vegcrates.com\/wp-content\/uploads\/2021\/06\/folding-crates-4.jpg\" alt=\"cajas de pl\u00e1stico plegables\" width=\"800\" height=\"800\" \/><\/p>\n<div class=\"text-title\" data-id=\"below-title\">\n<div><\/div>\n<div><\/div>\n<div class=\"magic-6\"><strong><span class=\"magic-7\" data-spm-anchor-id=\"a2700.wholesale.0.i29.6ec52b1clrcZLq\">Impresi\u00f3n y grabado<\/span><\/strong><\/div>\n<\/div>\n<div class=\"text-content\" data-id=\"below-content\"><span class=\"magic-34\">Seg\u00fan los requisitos del cliente, impresi\u00f3n y grabado en las partes designadas de la caja plegable.<\/span><\/div>\n<div data-id=\"below-content\"><img loading=\"lazy\" decoding=\"async\" class=\"alignnone wp-image-6526\" src=\"https:\/\/www.vegcrates.com\/wp-content\/uploads\/2021\/06\/vegetable-crates-printing-e1624458589223.jpg\" alt=\"cajas de verduras\" width=\"800\" height=\"416\" \/><\/div>\n<p>La capacidad de apilarse y plegarse de esta caja de verduras la hace adecuada para el almacenamiento y distribuci\u00f3n de verduras y frutas en supermercados, mercados de agricultores, almacenes, tiendas de conveniencia y empresas de log\u00edstica.<\/p>\n<p><strong>Caracter\u00edsticas:<\/strong><\/p>\n<ul>\n<li><strong>Construcci\u00f3n duradera<\/strong>Fabricadas con pl\u00e1stico resistente de alta calidad, estas cajas pueden soportar el uso diario, lo que garantiza que duren muchos a\u00f1os.<\/li>\n<li><strong>Dise\u00f1o que ahorra espacio<\/strong>F\u00e1cilmente plegables, estas cajas se pueden colapsar cuando no est\u00e1n en uso, lo que hace que el almacenamiento sea simple y eficiente, \u00a1perfecto para espacios peque\u00f1os!<\/li>\n<li><strong>Ligero y port\u00e1til<\/strong>:Con un peso pr\u00e1cticamente nulo, estas cajas son f\u00e1ciles de transportar, lo que le permite transportar cargas pesadas sin problemas.<\/li>\n<li><strong>Dise\u00f1o ventilado<\/strong>:Con orificios de ventilaci\u00f3n ubicados estrat\u00e9gicamente, estas cajas promueven el flujo de aire, manteniendo sus alimentos frescos.<\/li>\n<li><strong>Brillante y funcional<\/strong>El color verde vibrante agrega un toque especial a su rutina de compras y al mismo tiempo garantiza que sus cajas sean f\u00e1ciles de detectar en cualquier entorno.<\/li>\n<\/ul>\n<p><strong>Usos vers\u00e1tiles<\/strong>Ideales para hacer compras, hacer picnics o almacenar art\u00edculos para el hogar, estas cajas satisfacen todas sus necesidades de organizaci\u00f3n con estilo y practicidad.<\/p>\n<p>&nbsp;<\/p>\n<p><strong>Aplicaci\u00f3n de estas cajas plegables de pl\u00e1stico para comestibles<\/strong><\/p>\n<p><img loading=\"lazy\" decoding=\"async\" class=\"alignnone wp-image-6527\" src=\"https:\/\/www.vegcrates.com\/wp-content\/uploads\/2021\/06\/vegetable-crates-application-1-1024x265.png\" alt=\"Aplicaci\u00f3n de cajas para verduras\" width=\"800\" height=\"207\" \/> <img loading=\"lazy\" decoding=\"async\" class=\"alignnone wp-image-6528\" src=\"https:\/\/www.vegcrates.com\/wp-content\/uploads\/2021\/06\/vegetable-crates-application-2-1024x437.png\" alt=\"Aplicaci\u00f3n de cajas para verduras\" width=\"800\" height=\"341\" \/> <img loading=\"lazy\" decoding=\"async\" class=\"alignnone wp-image-6529\" src=\"https:\/\/www.vegcrates.com\/wp-content\/uploads\/2021\/06\/vegetable-crates-application-3-1024x361.png\" alt=\"Aplicaci\u00f3n de cajas para verduras\" width=\"800\" height=\"282\" \/> <img loading=\"lazy\" decoding=\"async\" class=\"alignnone wp-image-6530\" src=\"https:\/\/www.vegcrates.com\/wp-content\/uploads\/2021\/06\/vegetable-crates-application-4-1024x350.png\" alt=\"Aplicaci\u00f3n de cajas para verduras\" width=\"800\" height=\"274\" \/><\/p>\n<p>&nbsp;<\/p>\n<p>Las cajas de pl\u00e1stico para verduras est\u00e1n disponibles en varios tama\u00f1os y estilos para recoger, procesar y enviar frutas y verduras peque\u00f1as como fresas o esp\u00e1rragos.<\/p>","protected":false},"excerpt":{"rendered":"<p>&nbsp; Product Paramenters Product name JOIN ZD64220 Volume 41L Outer Size 600*400*220mm Folding Size 600*400*48mm Folding Height 48mm Material PP [&hellip;]<\/p>","protected":false},"featured_media":7946,"template":"","meta":{"_acf_changed":false,"_uag_custom_page_level_css":"","site-sidebar-layout":"default","site-content-layout":"","ast-site-content-layout":"default","site-content-style":"default","site-sidebar-style":"default","ast-global-header-display":"","ast-banner-title-visibility":"","ast-main-header-display":"","ast-hfb-above-header-display":"","ast-hfb-below-header-display":"","ast-hfb-mobile-header-display":"","site-post-title":"","ast-breadcrumbs-content":"","ast-featured-img":"","footer-sml-layout":"","theme-transparent-header-meta":"default","adv-header-id-meta":"","stick-header-meta":"","header-above-stick-meta":"","header-main-stick-meta":"","header-below-stick-meta":"","astra-migrate-meta-layouts":"set","ast-page-background-enabled":"default","ast-page-background-meta":{"desktop":{"background-color":"var(--ast-global-color-4)","background-image":"","background-repeat":"repeat","background-position":"center center","background-size":"auto","background-attachment":"scroll","background-type":"","background-media":"","overlay-type":"","overlay-color":"","overlay-opacity":"","overlay-gradient":""},"tablet":{"background-color":"","background-image":"","background-repeat":"repeat","background-position":"center center","background-size":"auto","background-attachment":"scroll","background-type":"","background-media":"","overlay-type":"","overlay-color":"","overlay-opacity":"","overlay-gradient":""},"mobile":{"background-color":"","background-image":"","background-repeat":"repeat","background-position":"center center","background-size":"auto","background-attachment":"scroll","background-type":"","background-media":"","overlay-type":"","overlay-color":"","overlay-opacity":"","overlay-gradient":""}},"ast-content-background-meta":{"desktop":{"background-color":"var(--ast-global-color-5)","background-image":"","background-repeat":"repeat","background-position":"center center","background-size":"auto","background-attachment":"scroll","background-type":"","background-media":"","overlay-type":"","overlay-color":"","overlay-opacity":"","overlay-gradient":""},"tablet":{"background-color":"var(--ast-global-color-5)","background-image":"","background-repeat":"repeat","background-position":"center center","background-size":"auto","background-attachment":"scroll","background-type":"","background-media":"","overlay-type":"","overlay-color":"","overlay-opacity":"","overlay-gradient":""},"mobile":{"background-color":"var(--ast-global-color-5)","background-image":"","background-repeat":"repeat","background-position":"center center","background-size":"auto","background-attachment":"scroll","background-type":"","background-media":"","overlay-type":"","overlay-color":"","overlay-opacity":"","overlay-gradient":""}}},"product_brand":[],"product_cat":[20],"product_tag":[],"class_list":{"0":"post-7952","1":"product","2":"type-product","3":"status-publish","4":"has-post-thumbnail","6":"product_cat-fruit-vegetable-crates","7":"desktop-align-left","8":"tablet-align-left","9":"mobile-align-left","11":"first","12":"instock","13":"shipping-taxable","14":"product-type-simple"},"acf":[],"yoast_head":"<!-- This site is optimized with the Yoast SEO plugin v26.4 - https:\/\/yoast.com\/wordpress\/plugins\/seo\/ -->\n<title>Plastic foldable crates for groceries - Wholesale plastic crates<\/title>\n<meta name=\"robots\" content=\"index, follow, max-snippet:-1, max-image-preview:large, max-video-preview:-1\" \/>\n<link rel=\"canonical\" href=\"https:\/\/www.plastic-crates.co.in\/es\/product\/cajas-plegables-de-plastico-para-comestibles\/\" \/>\n<meta property=\"og:locale\" content=\"es_ES\" \/>\n<meta property=\"og:type\" content=\"article\" \/>\n<meta property=\"og:title\" content=\"Plastic foldable crates for groceries - Wholesale plastic crates\" \/>\n<meta property=\"og:description\" content=\"&nbsp; Product Paramenters Product name JOIN ZD64220 Volume 41L Outer Size 600*400*220mm Folding Size 600*400*48mm Folding Height 48mm Material PP [&hellip;]\" \/>\n<meta property=\"og:url\" content=\"https:\/\/www.plastic-crates.co.in\/es\/product\/cajas-plegables-de-plastico-para-comestibles\/\" \/>\n<meta property=\"og:site_name\" content=\"Wholesale plastic crates\" \/>\n<meta property=\"article:modified_time\" content=\"2025-05-10T06:15:28+00:00\" \/>\n<meta property=\"og:image\" content=\"https:\/\/www.plastic-crates.co.in\/wp-content\/uploads\/2025\/05\/plastic-foldable-crates-for-groceries-1.jpg\" \/>\n\t<meta property=\"og:image:width\" content=\"1000\" \/>\n\t<meta property=\"og:image:height\" content=\"747\" \/>\n\t<meta property=\"og:image:type\" content=\"image\/jpeg\" \/>\n<meta name=\"twitter:card\" content=\"summary_large_image\" \/>\n<meta name=\"twitter:label1\" content=\"Tiempo de lectura\" \/>\n\t<meta name=\"twitter:data1\" content=\"4 minutos\" \/>\n<script type=\"application\/ld+json\" class=\"yoast-schema-graph\">{\"@context\":\"https:\/\/schema.org\",\"@graph\":[{\"@type\":\"WebPage\",\"@id\":\"https:\/\/www.plastic-crates.co.in\/product\/plastic-foldable-crates-for-groceries\/\",\"url\":\"https:\/\/www.plastic-crates.co.in\/product\/plastic-foldable-crates-for-groceries\/\",\"name\":\"Plastic foldable crates for groceries - Wholesale plastic crates\",\"isPartOf\":{\"@id\":\"https:\/\/www.plastic-crates.co.in\/#website\"},\"primaryImageOfPage\":{\"@id\":\"https:\/\/www.plastic-crates.co.in\/product\/plastic-foldable-crates-for-groceries\/#primaryimage\"},\"image\":{\"@id\":\"https:\/\/www.plastic-crates.co.in\/product\/plastic-foldable-crates-for-groceries\/#primaryimage\"},\"thumbnailUrl\":\"https:\/\/www.plastic-crates.co.in\/wp-content\/uploads\/2025\/05\/plastic-foldable-crates-for-groceries-1.jpg\",\"datePublished\":\"2025-05-10T06:11:00+00:00\",\"dateModified\":\"2025-05-10T06:15:28+00:00\",\"breadcrumb\":{\"@id\":\"https:\/\/www.plastic-crates.co.in\/product\/plastic-foldable-crates-for-groceries\/#breadcrumb\"},\"inLanguage\":\"es\",\"potentialAction\":[{\"@type\":\"ReadAction\",\"target\":[\"https:\/\/www.plastic-crates.co.in\/product\/plastic-foldable-crates-for-groceries\/\"]}]},{\"@type\":\"ImageObject\",\"inLanguage\":\"es\",\"@id\":\"https:\/\/www.plastic-crates.co.in\/product\/plastic-foldable-crates-for-groceries\/#primaryimage\",\"url\":\"https:\/\/www.plastic-crates.co.in\/wp-content\/uploads\/2025\/05\/plastic-foldable-crates-for-groceries-1.jpg\",\"contentUrl\":\"https:\/\/www.plastic-crates.co.in\/wp-content\/uploads\/2025\/05\/plastic-foldable-crates-for-groceries-1.jpg\",\"width\":1000,\"height\":747,\"caption\":\"Plastic foldable crates for groceries\"},{\"@type\":\"BreadcrumbList\",\"@id\":\"https:\/\/www.plastic-crates.co.in\/product\/plastic-foldable-crates-for-groceries\/#breadcrumb\",\"itemListElement\":[{\"@type\":\"ListItem\",\"position\":1,\"name\":\"Home\",\"item\":\"https:\/\/www.plastic-crates.co.in\/\"},{\"@type\":\"ListItem\",\"position\":2,\"name\":\"Products\",\"item\":\"https:\/\/www.plastic-crates.co.in\/shop\/\"},{\"@type\":\"ListItem\",\"position\":3,\"name\":\"Plastic foldable crates for groceries\"}]},{\"@type\":\"WebSite\",\"@id\":\"https:\/\/www.plastic-crates.co.in\/#website\",\"url\":\"https:\/\/www.plastic-crates.co.in\/\",\"name\":\"Wholesale plastic crates\",\"description\":\"Leading plastic crates manufacturer in China\",\"potentialAction\":[{\"@type\":\"SearchAction\",\"target\":{\"@type\":\"EntryPoint\",\"urlTemplate\":\"https:\/\/www.plastic-crates.co.in\/?s={search_term_string}\"},\"query-input\":{\"@type\":\"PropertyValueSpecification\",\"valueRequired\":true,\"valueName\":\"search_term_string\"}}],\"inLanguage\":\"es\"}]}<\/script>\n<!-- \/ Yoast SEO plugin. -->","yoast_head_json":{"title":"Cajas plegables de pl\u00e1stico para comestibles - Cajas de pl\u00e1stico al por mayor","robots":{"index":"index","follow":"follow","max-snippet":"max-snippet:-1","max-image-preview":"max-image-preview:large","max-video-preview":"max-video-preview:-1"},"canonical":"https:\/\/www.plastic-crates.co.in\/es\/product\/cajas-plegables-de-plastico-para-comestibles\/","og_locale":"es_ES","og_type":"article","og_title":"Plastic foldable crates for groceries - Wholesale plastic crates","og_description":"&nbsp; Product Paramenters Product name JOIN ZD64220 Volume 41L Outer Size 600*400*220mm Folding Size 600*400*48mm Folding Height 48mm Material PP [&hellip;]","og_url":"https:\/\/www.plastic-crates.co.in\/es\/product\/cajas-plegables-de-plastico-para-comestibles\/","og_site_name":"Wholesale plastic crates","article_modified_time":"2025-05-10T06:15:28+00:00","og_image":[{"width":1000,"height":747,"url":"https:\/\/www.plastic-crates.co.in\/wp-content\/uploads\/2025\/05\/plastic-foldable-crates-for-groceries-1.jpg","type":"image\/jpeg"}],"twitter_card":"summary_large_image","twitter_misc":{"Tiempo de lectura":"4 minutos"},"schema":{"@context":"https:\/\/schema.org","@graph":[{"@type":"WebPage","@id":"https:\/\/www.plastic-crates.co.in\/product\/plastic-foldable-crates-for-groceries\/","url":"https:\/\/www.plastic-crates.co.in\/product\/plastic-foldable-crates-for-groceries\/","name":"Cajas plegables de pl\u00e1stico para comestibles - Cajas de pl\u00e1stico al por mayor","isPartOf":{"@id":"https:\/\/www.plastic-crates.co.in\/#website"},"primaryImageOfPage":{"@id":"https:\/\/www.plastic-crates.co.in\/product\/plastic-foldable-crates-for-groceries\/#primaryimage"},"image":{"@id":"https:\/\/www.plastic-crates.co.in\/product\/plastic-foldable-crates-for-groceries\/#primaryimage"},"thumbnailUrl":"https:\/\/www.plastic-crates.co.in\/wp-content\/uploads\/2025\/05\/plastic-foldable-crates-for-groceries-1.jpg","datePublished":"2025-05-10T06:11:00+00:00","dateModified":"2025-05-10T06:15:28+00:00","breadcrumb":{"@id":"https:\/\/www.plastic-crates.co.in\/product\/plastic-foldable-crates-for-groceries\/#breadcrumb"},"inLanguage":"es","potentialAction":[{"@type":"ReadAction","target":["https:\/\/www.plastic-crates.co.in\/product\/plastic-foldable-crates-for-groceries\/"]}]},{"@type":"ImageObject","inLanguage":"es","@id":"https:\/\/www.plastic-crates.co.in\/product\/plastic-foldable-crates-for-groceries\/#primaryimage","url":"https:\/\/www.plastic-crates.co.in\/wp-content\/uploads\/2025\/05\/plastic-foldable-crates-for-groceries-1.jpg","contentUrl":"https:\/\/www.plastic-crates.co.in\/wp-content\/uploads\/2025\/05\/plastic-foldable-crates-for-groceries-1.jpg","width":1000,"height":747,"caption":"Plastic foldable crates for groceries"},{"@type":"BreadcrumbList","@id":"https:\/\/www.plastic-crates.co.in\/product\/plastic-foldable-crates-for-groceries\/#breadcrumb","itemListElement":[{"@type":"ListItem","position":1,"name":"Home","item":"https:\/\/www.plastic-crates.co.in\/"},{"@type":"ListItem","position":2,"name":"Products","item":"https:\/\/www.plastic-crates.co.in\/shop\/"},{"@type":"ListItem","position":3,"name":"Plastic foldable crates for groceries"}]},{"@type":"WebSite","@id":"https:\/\/www.plastic-crates.co.in\/#website","url":"https:\/\/www.plastic-crates.co.in\/","name":"Cajas de pl\u00e1stico al por mayor","description":"Fabricante l\u00edder de cajas de pl\u00e1stico en China","potentialAction":[{"@type":"SearchAction","target":{"@type":"EntryPoint","urlTemplate":"https:\/\/www.plastic-crates.co.in\/?s={search_term_string}"},"query-input":{"@type":"PropertyValueSpecification","valueRequired":true,"valueName":"search_term_string"}}],"inLanguage":"es"}]}},"uagb_featured_image_src":{"full":["https:\/\/www.plastic-crates.co.in\/wp-content\/uploads\/2025\/05\/plastic-foldable-crates-for-groceries-1.jpg",1000,747,false],"thumbnail":["https:\/\/www.plastic-crates.co.in\/wp-content\/uploads\/2025\/05\/plastic-foldable-crates-for-groceries-1-150x150.jpg",150,150,true],"medium":["https:\/\/www.plastic-crates.co.in\/wp-content\/uploads\/2025\/05\/plastic-foldable-crates-for-groceries-1-300x224.jpg",300,224,true],"medium_large":["https:\/\/www.plastic-crates.co.in\/wp-content\/uploads\/2025\/05\/plastic-foldable-crates-for-groceries-1-768x574.jpg",768,574,true],"large":["https:\/\/www.plastic-crates.co.in\/wp-content\/uploads\/2025\/05\/plastic-foldable-crates-for-groceries-1.jpg",1000,747,false],"1536x1536":["https:\/\/www.plastic-crates.co.in\/wp-content\/uploads\/2025\/05\/plastic-foldable-crates-for-groceries-1.jpg",1000,747,false],"2048x2048":["https:\/\/www.plastic-crates.co.in\/wp-content\/uploads\/2025\/05\/plastic-foldable-crates-for-groceries-1.jpg",1000,747,false],"trp-custom-language-flag":["https:\/\/www.plastic-crates.co.in\/wp-content\/uploads\/2025\/05\/plastic-foldable-crates-for-groceries-1-16x12.jpg",16,12,true],"woocommerce_thumbnail":["https:\/\/www.plastic-crates.co.in\/wp-content\/uploads\/2025\/05\/plastic-foldable-crates-for-groceries-1-300x300.jpg",300,300,true],"woocommerce_single":["https:\/\/www.plastic-crates.co.in\/wp-content\/uploads\/2025\/05\/plastic-foldable-crates-for-groceries-1-600x448.jpg",600,448,true],"woocommerce_gallery_thumbnail":["https:\/\/www.plastic-crates.co.in\/wp-content\/uploads\/2025\/05\/plastic-foldable-crates-for-groceries-1-100x100.jpg",100,100,true]},"uagb_author_info":{"display_name":"Atticus Dixon","author_link":"https:\/\/www.plastic-crates.co.in\/es\/author\/"},"uagb_comment_info":0,"uagb_excerpt":"&nbsp; Product Paramenters Product name JOIN ZD64220 Volume 41L Outer Size 600*400*220mm Folding Size 600*400*48mm Folding Height 48mm Material PP [&hellip;]","_links":{"self":[{"href":"https:\/\/www.plastic-crates.co.in\/es\/wp-json\/wp\/v2\/product\/7952","targetHints":{"allow":["GET"]}}],"collection":[{"href":"https:\/\/www.plastic-crates.co.in\/es\/wp-json\/wp\/v2\/product"}],"about":[{"href":"https:\/\/www.plastic-crates.co.in\/es\/wp-json\/wp\/v2\/types\/product"}],"wp:featuredmedia":[{"embeddable":true,"href":"https:\/\/www.plastic-crates.co.in\/es\/wp-json\/wp\/v2\/media\/7946"}],"wp:attachment":[{"href":"https:\/\/www.plastic-crates.co.in\/es\/wp-json\/wp\/v2\/media?parent=7952"}],"wp:term":[{"taxonomy":"product_brand","embeddable":true,"href":"https:\/\/www.plastic-crates.co.in\/es\/wp-json\/wp\/v2\/product_brand?post=7952"},{"taxonomy":"product_cat","embeddable":true,"href":"https:\/\/www.plastic-crates.co.in\/es\/wp-json\/wp\/v2\/product_cat?post=7952"},{"taxonomy":"product_tag","embeddable":true,"href":"https:\/\/www.plastic-crates.co.in\/es\/wp-json\/wp\/v2\/product_tag?post=7952"}],"curies":[{"name":"wp","href":"https:\/\/api.w.org\/{rel}","templated":true}]}}