{"id":7922,"date":"2025-05-10T05:12:36","date_gmt":"2025-05-10T05:12:36","guid":{"rendered":"https:\/\/www.plastic-crates.co.in\/hi\/product\/plastic-crates-for-vegetables\/"},"modified":"2025-05-10T05:19:37","modified_gmt":"2025-05-10T05:19:37","slug":"cajas-de-plastico-para-verduras","status":"publish","type":"product","link":"https:\/\/www.plastic-crates.co.in\/es\/product\/cajas-de-plastico-para-verduras\/","title":{"rendered":"Cajas de pl\u00e1stico para verduras"},"content":{"rendered":"<p><strong>Almacenamiento duradero y vers\u00e1til para productos frescos<\/strong><\/p>\n<p>Presentamos nuestra vibrante Naranja <strong>Cajas de pl\u00e1stico para verduras<\/strong>Dise\u00f1adas para mantener sus productos frescos organizados y seguros. Fabricadas con pl\u00e1stico duradero de alta calidad, estas cajas ofrecen una soluci\u00f3n \u00f3ptima tanto para agricultores, mercados como para jardineros dom\u00e9sticos.<\/p>\n<h4>Caracter\u00edsticas principales:<\/h4>\n<ul>\n<li><strong>Construcci\u00f3n robusta:<\/strong>\u00a0Fabricado con pl\u00e1stico resistente y resistente a los impactos para soportar el peso y el manejo brusco.<\/li>\n<li><strong>Dise\u00f1o ventilado:<\/strong>\u00a0Los orificios ubicados estrat\u00e9gicamente garantizan un flujo de aire adecuado, manteniendo las verduras frescas y reduciendo la acumulaci\u00f3n de humedad.<\/li>\n<li><strong>F\u00e1cil de manejar:<\/strong>\u00a0Con asas laterales reforzadas, estas cajas son f\u00e1ciles de levantar y transportar, lo que las hace ideales tanto para almacenamiento como para exhibici\u00f3n en el mercado.<\/li>\n<li><strong>Apilable:<\/strong>\u00a0Ahorre espacio con un dise\u00f1o apilable que permite un almacenamiento eficiente cuando no est\u00e1 en uso.<\/li>\n<li><strong>Color brillante:<\/strong>\u00a0El llamativo tono naranja no solo agrega un toque de color, sino que tambi\u00e9n ayuda a una f\u00e1cil identificaci\u00f3n en entornos concurridos.<\/li>\n<\/ul>\n<h3>Ideal para:<\/h3>\n<ul>\n<li><strong>Mercados de agricultores<\/strong>:Muestre sus productos de forma atractiva y al mismo tiempo garantice un f\u00e1cil acceso para los clientes.<\/li>\n<li><strong>Tiendas de comestibles<\/strong>:Perfecto para organizar el stock y promover la visibilidad de diversas verduras.<\/li>\n<li><strong>Huertos caseros<\/strong>:Mantenga sus verduras cosechadas organizadas y en excelentes condiciones por m\u00e1s tiempo.<\/li>\n<\/ul>\n<p>Disfrute de la comodidad y eficiencia que nuestras cajas de pl\u00e1stico para verduras ofrecen para sus necesidades de almacenamiento. Tanto si es un experto como si est\u00e1 empezando, estas cajas est\u00e1n dise\u00f1adas para optimizar su experiencia al manipular verduras. \u00a1Pida la suya hoy mismo y d\u00e9 el primer paso hacia una cosecha m\u00e1s organizada y eficaz!<\/p>","protected":false},"excerpt":{"rendered":"<p>Tambi\u00e9n te puede interesar\u00a0<a href=\"https:\/\/www.plastic-crates.co.in\/es\/product-category\/contenedores-de-almacenamiento-a-granel\/\" target=\"_blank\" rel=\"noopener\">cajas paletas de pl\u00e1stico<\/a>,<a href=\"https:\/\/www.plastic-crates.co.in\/es\/product-category\/shelving-plastic-bins\/\" target=\"_blank\" rel=\"noopener\">contenedores de almacenamiento de piezas<\/a><\/p>","protected":false},"featured_media":7917,"template":"","meta":{"_acf_changed":false,"_uag_custom_page_level_css":"","site-sidebar-layout":"default","site-content-layout":"","ast-site-content-layout":"default","site-content-style":"default","site-sidebar-style":"default","ast-global-header-display":"","ast-banner-title-visibility":"","ast-main-header-display":"","ast-hfb-above-header-display":"","ast-hfb-below-header-display":"","ast-hfb-mobile-header-display":"","site-post-title":"","ast-breadcrumbs-content":"","ast-featured-img":"","footer-sml-layout":"","theme-transparent-header-meta":"default","adv-header-id-meta":"","stick-header-meta":"","header-above-stick-meta":"","header-main-stick-meta":"","header-below-stick-meta":"","astra-migrate-meta-layouts":"set","ast-page-background-enabled":"default","ast-page-background-meta":{"desktop":{"background-color":"var(--ast-global-color-4)","background-image":"","background-repeat":"repeat","background-position":"center center","background-size":"auto","background-attachment":"scroll","background-type":"","background-media":"","overlay-type":"","overlay-color":"","overlay-opacity":"","overlay-gradient":""},"tablet":{"background-color":"","background-image":"","background-repeat":"repeat","background-position":"center center","background-size":"auto","background-attachment":"scroll","background-type":"","background-media":"","overlay-type":"","overlay-color":"","overlay-opacity":"","overlay-gradient":""},"mobile":{"background-color":"","background-image":"","background-repeat":"repeat","background-position":"center center","background-size":"auto","background-attachment":"scroll","background-type":"","background-media":"","overlay-type":"","overlay-color":"","overlay-opacity":"","overlay-gradient":""}},"ast-content-background-meta":{"desktop":{"background-color":"var(--ast-global-color-5)","background-image":"","background-repeat":"repeat","background-position":"center center","background-size":"auto","background-attachment":"scroll","background-type":"","background-media":"","overlay-type":"","overlay-color":"","overlay-opacity":"","overlay-gradient":""},"tablet":{"background-color":"var(--ast-global-color-5)","background-image":"","background-repeat":"repeat","background-position":"center center","background-size":"auto","background-attachment":"scroll","background-type":"","background-media":"","overlay-type":"","overlay-color":"","overlay-opacity":"","overlay-gradient":""},"mobile":{"background-color":"var(--ast-global-color-5)","background-image":"","background-repeat":"repeat","background-position":"center center","background-size":"auto","background-attachment":"scroll","background-type":"","background-media":"","overlay-type":"","overlay-color":"","overlay-opacity":"","overlay-gradient":""}}},"product_brand":[],"product_cat":[20],"product_tag":[],"class_list":{"0":"post-7922","1":"product","2":"type-product","3":"status-publish","4":"has-post-thumbnail","6":"product_cat-fruit-vegetable-crates","7":"desktop-align-left","8":"tablet-align-left","9":"mobile-align-left","11":"first","12":"instock","13":"shipping-taxable","14":"product-type-simple"},"acf":[],"yoast_head":"<!-- This site is optimized with the Yoast SEO plugin v26.4 - https:\/\/yoast.com\/wordpress\/plugins\/seo\/ -->\n<title>Plastic crates for vegetables - Wholesale plastic crates<\/title>\n<meta name=\"robots\" content=\"index, follow, max-snippet:-1, max-image-preview:large, max-video-preview:-1\" \/>\n<link rel=\"canonical\" href=\"https:\/\/www.plastic-crates.co.in\/es\/product\/cajas-de-plastico-para-verduras\/\" \/>\n<meta property=\"og:locale\" content=\"es_ES\" \/>\n<meta property=\"og:type\" content=\"article\" \/>\n<meta property=\"og:title\" content=\"Plastic crates for vegetables - Wholesale plastic crates\" \/>\n<meta property=\"og:description\" content=\"You may also interested in\u00a0plastic pallet crates,parts storage bins\" \/>\n<meta property=\"og:url\" content=\"https:\/\/www.plastic-crates.co.in\/es\/product\/cajas-de-plastico-para-verduras\/\" \/>\n<meta property=\"og:site_name\" content=\"Wholesale plastic crates\" \/>\n<meta property=\"article:modified_time\" content=\"2025-05-10T05:19:37+00:00\" \/>\n<meta property=\"og:image\" content=\"https:\/\/www.plastic-crates.co.in\/wp-content\/uploads\/2025\/05\/plastic-crates-for-vegetables-1-1.jpg\" \/>\n\t<meta property=\"og:image:width\" content=\"700\" \/>\n\t<meta property=\"og:image:height\" content=\"700\" \/>\n\t<meta property=\"og:image:type\" content=\"image\/jpeg\" \/>\n<meta name=\"twitter:card\" content=\"summary_large_image\" \/>\n<meta name=\"twitter:label1\" content=\"Tiempo de lectura\" \/>\n\t<meta name=\"twitter:data1\" content=\"2 minutos\" \/>\n<script type=\"application\/ld+json\" class=\"yoast-schema-graph\">{\"@context\":\"https:\/\/schema.org\",\"@graph\":[{\"@type\":\"WebPage\",\"@id\":\"https:\/\/www.plastic-crates.co.in\/product\/plastic-crates-for-vegetables\/\",\"url\":\"https:\/\/www.plastic-crates.co.in\/product\/plastic-crates-for-vegetables\/\",\"name\":\"Plastic crates for vegetables - Wholesale plastic crates\",\"isPartOf\":{\"@id\":\"https:\/\/www.plastic-crates.co.in\/#website\"},\"primaryImageOfPage\":{\"@id\":\"https:\/\/www.plastic-crates.co.in\/product\/plastic-crates-for-vegetables\/#primaryimage\"},\"image\":{\"@id\":\"https:\/\/www.plastic-crates.co.in\/product\/plastic-crates-for-vegetables\/#primaryimage\"},\"thumbnailUrl\":\"https:\/\/www.plastic-crates.co.in\/wp-content\/uploads\/2025\/05\/plastic-crates-for-vegetables-1-1.jpg\",\"datePublished\":\"2025-05-10T05:12:36+00:00\",\"dateModified\":\"2025-05-10T05:19:37+00:00\",\"breadcrumb\":{\"@id\":\"https:\/\/www.plastic-crates.co.in\/product\/plastic-crates-for-vegetables\/#breadcrumb\"},\"inLanguage\":\"es\",\"potentialAction\":[{\"@type\":\"ReadAction\",\"target\":[\"https:\/\/www.plastic-crates.co.in\/product\/plastic-crates-for-vegetables\/\"]}]},{\"@type\":\"ImageObject\",\"inLanguage\":\"es\",\"@id\":\"https:\/\/www.plastic-crates.co.in\/product\/plastic-crates-for-vegetables\/#primaryimage\",\"url\":\"https:\/\/www.plastic-crates.co.in\/wp-content\/uploads\/2025\/05\/plastic-crates-for-vegetables-1-1.jpg\",\"contentUrl\":\"https:\/\/www.plastic-crates.co.in\/wp-content\/uploads\/2025\/05\/plastic-crates-for-vegetables-1-1.jpg\",\"width\":700,\"height\":700,\"caption\":\"plastic crates for vegetables\"},{\"@type\":\"BreadcrumbList\",\"@id\":\"https:\/\/www.plastic-crates.co.in\/product\/plastic-crates-for-vegetables\/#breadcrumb\",\"itemListElement\":[{\"@type\":\"ListItem\",\"position\":1,\"name\":\"Home\",\"item\":\"https:\/\/www.plastic-crates.co.in\/\"},{\"@type\":\"ListItem\",\"position\":2,\"name\":\"Products\",\"item\":\"https:\/\/www.plastic-crates.co.in\/shop\/\"},{\"@type\":\"ListItem\",\"position\":3,\"name\":\"Plastic crates for vegetables\"}]},{\"@type\":\"WebSite\",\"@id\":\"https:\/\/www.plastic-crates.co.in\/#website\",\"url\":\"https:\/\/www.plastic-crates.co.in\/\",\"name\":\"Wholesale plastic crates\",\"description\":\"Leading plastic crates manufacturer in China\",\"potentialAction\":[{\"@type\":\"SearchAction\",\"target\":{\"@type\":\"EntryPoint\",\"urlTemplate\":\"https:\/\/www.plastic-crates.co.in\/?s={search_term_string}\"},\"query-input\":{\"@type\":\"PropertyValueSpecification\",\"valueRequired\":true,\"valueName\":\"search_term_string\"}}],\"inLanguage\":\"es\"}]}<\/script>\n<!-- \/ Yoast SEO plugin. -->","yoast_head_json":{"title":"Cajas de pl\u00e1stico para verduras - Cajas de pl\u00e1stico al por mayor","robots":{"index":"index","follow":"follow","max-snippet":"max-snippet:-1","max-image-preview":"max-image-preview:large","max-video-preview":"max-video-preview:-1"},"canonical":"https:\/\/www.plastic-crates.co.in\/es\/product\/cajas-de-plastico-para-verduras\/","og_locale":"es_ES","og_type":"article","og_title":"Plastic crates for vegetables - Wholesale plastic crates","og_description":"You may also interested in\u00a0plastic pallet crates,parts storage bins","og_url":"https:\/\/www.plastic-crates.co.in\/es\/product\/cajas-de-plastico-para-verduras\/","og_site_name":"Wholesale plastic crates","article_modified_time":"2025-05-10T05:19:37+00:00","og_image":[{"width":700,"height":700,"url":"https:\/\/www.plastic-crates.co.in\/wp-content\/uploads\/2025\/05\/plastic-crates-for-vegetables-1-1.jpg","type":"image\/jpeg"}],"twitter_card":"summary_large_image","twitter_misc":{"Tiempo de lectura":"2 minutos"},"schema":{"@context":"https:\/\/schema.org","@graph":[{"@type":"WebPage","@id":"https:\/\/www.plastic-crates.co.in\/product\/plastic-crates-for-vegetables\/","url":"https:\/\/www.plastic-crates.co.in\/product\/plastic-crates-for-vegetables\/","name":"Cajas de pl\u00e1stico para verduras - Cajas de pl\u00e1stico al por mayor","isPartOf":{"@id":"https:\/\/www.plastic-crates.co.in\/#website"},"primaryImageOfPage":{"@id":"https:\/\/www.plastic-crates.co.in\/product\/plastic-crates-for-vegetables\/#primaryimage"},"image":{"@id":"https:\/\/www.plastic-crates.co.in\/product\/plastic-crates-for-vegetables\/#primaryimage"},"thumbnailUrl":"https:\/\/www.plastic-crates.co.in\/wp-content\/uploads\/2025\/05\/plastic-crates-for-vegetables-1-1.jpg","datePublished":"2025-05-10T05:12:36+00:00","dateModified":"2025-05-10T05:19:37+00:00","breadcrumb":{"@id":"https:\/\/www.plastic-crates.co.in\/product\/plastic-crates-for-vegetables\/#breadcrumb"},"inLanguage":"es","potentialAction":[{"@type":"ReadAction","target":["https:\/\/www.plastic-crates.co.in\/product\/plastic-crates-for-vegetables\/"]}]},{"@type":"ImageObject","inLanguage":"es","@id":"https:\/\/www.plastic-crates.co.in\/product\/plastic-crates-for-vegetables\/#primaryimage","url":"https:\/\/www.plastic-crates.co.in\/wp-content\/uploads\/2025\/05\/plastic-crates-for-vegetables-1-1.jpg","contentUrl":"https:\/\/www.plastic-crates.co.in\/wp-content\/uploads\/2025\/05\/plastic-crates-for-vegetables-1-1.jpg","width":700,"height":700,"caption":"plastic crates for vegetables"},{"@type":"BreadcrumbList","@id":"https:\/\/www.plastic-crates.co.in\/product\/plastic-crates-for-vegetables\/#breadcrumb","itemListElement":[{"@type":"ListItem","position":1,"name":"Home","item":"https:\/\/www.plastic-crates.co.in\/"},{"@type":"ListItem","position":2,"name":"Products","item":"https:\/\/www.plastic-crates.co.in\/shop\/"},{"@type":"ListItem","position":3,"name":"Plastic crates for vegetables"}]},{"@type":"WebSite","@id":"https:\/\/www.plastic-crates.co.in\/#website","url":"https:\/\/www.plastic-crates.co.in\/","name":"Cajas de pl\u00e1stico al por mayor","description":"Fabricante l\u00edder de cajas de pl\u00e1stico en China","potentialAction":[{"@type":"SearchAction","target":{"@type":"EntryPoint","urlTemplate":"https:\/\/www.plastic-crates.co.in\/?s={search_term_string}"},"query-input":{"@type":"PropertyValueSpecification","valueRequired":true,"valueName":"search_term_string"}}],"inLanguage":"es"}]}},"uagb_featured_image_src":{"full":["https:\/\/www.plastic-crates.co.in\/wp-content\/uploads\/2025\/05\/plastic-crates-for-vegetables-1-1.jpg",700,700,false],"thumbnail":["https:\/\/www.plastic-crates.co.in\/wp-content\/uploads\/2025\/05\/plastic-crates-for-vegetables-1-1-150x150.jpg",150,150,true],"medium":["https:\/\/www.plastic-crates.co.in\/wp-content\/uploads\/2025\/05\/plastic-crates-for-vegetables-1-1-300x300.jpg",300,300,true],"medium_large":["https:\/\/www.plastic-crates.co.in\/wp-content\/uploads\/2025\/05\/plastic-crates-for-vegetables-1-1.jpg",700,700,false],"large":["https:\/\/www.plastic-crates.co.in\/wp-content\/uploads\/2025\/05\/plastic-crates-for-vegetables-1-1.jpg",700,700,false],"1536x1536":["https:\/\/www.plastic-crates.co.in\/wp-content\/uploads\/2025\/05\/plastic-crates-for-vegetables-1-1.jpg",700,700,false],"2048x2048":["https:\/\/www.plastic-crates.co.in\/wp-content\/uploads\/2025\/05\/plastic-crates-for-vegetables-1-1.jpg",700,700,false],"trp-custom-language-flag":["https:\/\/www.plastic-crates.co.in\/wp-content\/uploads\/2025\/05\/plastic-crates-for-vegetables-1-1-12x12.jpg",12,12,true],"woocommerce_thumbnail":["https:\/\/www.plastic-crates.co.in\/wp-content\/uploads\/2025\/05\/plastic-crates-for-vegetables-1-1-300x300.jpg",300,300,true],"woocommerce_single":["https:\/\/www.plastic-crates.co.in\/wp-content\/uploads\/2025\/05\/plastic-crates-for-vegetables-1-1-600x600.jpg",600,600,true],"woocommerce_gallery_thumbnail":["https:\/\/www.plastic-crates.co.in\/wp-content\/uploads\/2025\/05\/plastic-crates-for-vegetables-1-1-100x100.jpg",100,100,true]},"uagb_author_info":{"display_name":"Atticus Dixon","author_link":"https:\/\/www.plastic-crates.co.in\/es\/author\/"},"uagb_comment_info":0,"uagb_excerpt":"You may also interested in\u00a0plastic pallet crates,parts storage bins","_links":{"self":[{"href":"https:\/\/www.plastic-crates.co.in\/es\/wp-json\/wp\/v2\/product\/7922","targetHints":{"allow":["GET"]}}],"collection":[{"href":"https:\/\/www.plastic-crates.co.in\/es\/wp-json\/wp\/v2\/product"}],"about":[{"href":"https:\/\/www.plastic-crates.co.in\/es\/wp-json\/wp\/v2\/types\/product"}],"wp:featuredmedia":[{"embeddable":true,"href":"https:\/\/www.plastic-crates.co.in\/es\/wp-json\/wp\/v2\/media\/7917"}],"wp:attachment":[{"href":"https:\/\/www.plastic-crates.co.in\/es\/wp-json\/wp\/v2\/media?parent=7922"}],"wp:term":[{"taxonomy":"product_brand","embeddable":true,"href":"https:\/\/www.plastic-crates.co.in\/es\/wp-json\/wp\/v2\/product_brand?post=7922"},{"taxonomy":"product_cat","embeddable":true,"href":"https:\/\/www.plastic-crates.co.in\/es\/wp-json\/wp\/v2\/product_cat?post=7922"},{"taxonomy":"product_tag","embeddable":true,"href":"https:\/\/www.plastic-crates.co.in\/es\/wp-json\/wp\/v2\/product_tag?post=7922"}],"curies":[{"name":"wp","href":"https:\/\/api.w.org\/{rel}","templated":true}]}}