{"id":7879,"date":"2025-05-05T02:58:47","date_gmt":"2025-05-05T02:58:47","guid":{"rendered":"https:\/\/www.plastic-crates.co.in\/?post_type=product&#038;p=7879"},"modified":"2025-05-05T03:12:38","modified_gmt":"2025-05-05T03:12:38","slug":"contenedores-de-almacenamiento-de-pescado-apilables-y-encajables","status":"publish","type":"product","link":"https:\/\/www.plastic-crates.co.in\/es\/product\/contenedores-de-almacenamiento-de-pescado-apilables-y-encajables\/","title":{"rendered":"Contenedor para pescado, contenedores para almacenar pescado, caja contenedora para pescado apilable y encajable"},"content":{"rendered":"<h3>Contenedor de pl\u00e1stico para peces<\/h3>\n<p><strong>Descripci\u00f3n general:<\/strong>\u00a0\u00a1Organiza tus tesoros acu\u00e1ticos con nuestro robusto contenedor de pl\u00e1stico azul para peces! Dise\u00f1ado para ofrecer durabilidad y eficiencia, este contenedor es ideal para transportar y almacenar peces, garantizando su frescura y seguridad.<\/p>\n<div style=\"width: 960px;\" class=\"wp-video\"><!--[if lt IE 9]><script>document.createElement('video');<\/script><![endif]-->\n<video class=\"wp-video-shortcode\" id=\"video-7879-1\" width=\"960\" height=\"540\" preload=\"metadata\" controls=\"controls\"><source type=\"video\/mp4\" src=\"https:\/\/www.plastic-crates.co.in\/wp-content\/uploads\/2025\/05\/fish-storage-containers-stackable-nestable-box.mp4?_=1\" \/><a href=\"https:\/\/www.plastic-crates.co.in\/wp-content\/uploads\/2025\/05\/fish-storage-containers-stackable-nestable-box.mp4\">https:\/\/www.plastic-crates.co.in\/wp-content\/uploads\/2025\/05\/fish-storage-containers-stackable-nestable-box.mp4<\/a><\/video><\/div>\n<p><strong>Caracter\u00edsticas principales:<\/strong><\/p>\n<ul>\n<li><strong>Construcci\u00f3n robusta:<\/strong>\u00a0Fabricado con pl\u00e1stico de calidad alimentaria y de alta calidad, este contenedor est\u00e1 dise\u00f1ado para soportar los rigores del uso diario manteniendo su integridad estructural.<\/li>\n<li><strong>Dimensiones \u00f3ptimas:<\/strong>\u00a0Con unas dimensiones de 600 mm (largo) x 400 mm (ancho) x 370 mm (alto), y una capacidad perfectamente adecuada para distintos tama\u00f1os de peces, maximiza el espacio sin comprometer la organizaci\u00f3n.<\/li>\n<li><strong>Dise\u00f1o eficiente:<\/strong>\u00a0El contenedor presenta un dise\u00f1o ergon\u00f3mico que facilita su apilamiento y almacenamiento, optimizando as\u00ed su espacio de trabajo o de almacenamiento. Las asas integradas facilitan su transporte.<\/li>\n<li><strong>Uso vers\u00e1til:<\/strong>\u00a0Ideal para pescadores, mercados de pescado o instalaciones de acuicultura, este contenedor tambi\u00e9n se puede utilizar para otros productos perecederos, lo que lo convierte en un activo multifuncional.<\/li>\n<li><strong>F\u00e1cil de limpiar:<\/strong>\u00a0La superficie lisa de pl\u00e1stico es f\u00e1cil de limpiar y resistente a las manchas y los olores, lo que garantiza que su contenedor se mantenga higi\u00e9nico.<\/li>\n<\/ul>\n<p><strong>Presupuesto:<\/strong><\/p>\n<ul>\n<li><strong>Material:<\/strong>\u00a0Pl\u00e1stico de calidad alimentaria<\/li>\n<li><strong>Color:<\/strong>\u00a0Azul brillante para una f\u00e1cil visibilidad.<\/li>\n<li><strong>Dimensiones:<\/strong>\u00a0600 mm x 400 mm x 370 mm<\/li>\n<li><strong>Peso:<\/strong>\u00a0Ligero para un f\u00e1cil manejo.<\/li>\n<\/ul>\n<p><strong>\u00bfPor qu\u00e9 elegirnos?<\/strong>\u00a0Nuestro contenedor de pl\u00e1stico azul para pescado combina practicidad y calidad, lo que lo convierte en la soluci\u00f3n perfecta para todas sus necesidades de almacenamiento y transporte de pescado. \u00a1Asegure el mejor almacenamiento para sus capturas con un contenedor a la altura de las circunstancias!<\/p>","protected":false},"excerpt":{"rendered":"<p><a href=\"\/es\/maquina-de-moldeo-por-inyeccion-de-plastico\/\">M\u00e1quina de moldeo por inyecci\u00f3n en venta<\/a>, <a href=\"\/es\/product-category\/papeleras-plegables\/\">Cajas de almacenamiento plegables<\/a><\/p>","protected":false},"featured_media":7880,"template":"","meta":{"_acf_changed":false,"_uag_custom_page_level_css":"","site-sidebar-layout":"default","site-content-layout":"","ast-site-content-layout":"default","site-content-style":"default","site-sidebar-style":"default","ast-global-header-display":"","ast-banner-title-visibility":"","ast-main-header-display":"","ast-hfb-above-header-display":"","ast-hfb-below-header-display":"","ast-hfb-mobile-header-display":"","site-post-title":"","ast-breadcrumbs-content":"","ast-featured-img":"","footer-sml-layout":"","theme-transparent-header-meta":"default","adv-header-id-meta":"","stick-header-meta":"","header-above-stick-meta":"","header-main-stick-meta":"","header-below-stick-meta":"","astra-migrate-meta-layouts":"set","ast-page-background-enabled":"default","ast-page-background-meta":{"desktop":{"background-color":"var(--ast-global-color-4)","background-image":"","background-repeat":"repeat","background-position":"center center","background-size":"auto","background-attachment":"scroll","background-type":"","background-media":"","overlay-type":"","overlay-color":"","overlay-opacity":"","overlay-gradient":""},"tablet":{"background-color":"","background-image":"","background-repeat":"repeat","background-position":"center center","background-size":"auto","background-attachment":"scroll","background-type":"","background-media":"","overlay-type":"","overlay-color":"","overlay-opacity":"","overlay-gradient":""},"mobile":{"background-color":"","background-image":"","background-repeat":"repeat","background-position":"center center","background-size":"auto","background-attachment":"scroll","background-type":"","background-media":"","overlay-type":"","overlay-color":"","overlay-opacity":"","overlay-gradient":""}},"ast-content-background-meta":{"desktop":{"background-color":"var(--ast-global-color-5)","background-image":"","background-repeat":"repeat","background-position":"center center","background-size":"auto","background-attachment":"scroll","background-type":"","background-media":"","overlay-type":"","overlay-color":"","overlay-opacity":"","overlay-gradient":""},"tablet":{"background-color":"var(--ast-global-color-5)","background-image":"","background-repeat":"repeat","background-position":"center center","background-size":"auto","background-attachment":"scroll","background-type":"","background-media":"","overlay-type":"","overlay-color":"","overlay-opacity":"","overlay-gradient":""},"mobile":{"background-color":"var(--ast-global-color-5)","background-image":"","background-repeat":"repeat","background-position":"center center","background-size":"auto","background-attachment":"scroll","background-type":"","background-media":"","overlay-type":"","overlay-color":"","overlay-opacity":"","overlay-gradient":""}}},"product_brand":[],"product_cat":[8],"product_tag":[],"class_list":{"0":"post-7879","1":"product","2":"type-product","3":"status-publish","4":"has-post-thumbnail","6":"product_cat-stack-and-nest-containers","7":"desktop-align-left","8":"tablet-align-left","9":"mobile-align-left","11":"first","12":"instock","13":"shipping-taxable","14":"product-type-simple"},"acf":[],"yoast_head":"<!-- This site is optimized with the Yoast SEO plugin v26.4 - https:\/\/yoast.com\/wordpress\/plugins\/seo\/ -->\n<title>Fish container, fish storage containers, stackable nestable fish container box<\/title>\n<meta name=\"robots\" content=\"index, follow, max-snippet:-1, max-image-preview:large, max-video-preview:-1\" \/>\n<link rel=\"canonical\" href=\"https:\/\/www.plastic-crates.co.in\/es\/product\/contenedores-de-almacenamiento-de-pescado-apilables-y-encajables\/\" \/>\n<meta property=\"og:locale\" content=\"es_ES\" \/>\n<meta property=\"og:type\" content=\"article\" \/>\n<meta property=\"og:title\" content=\"Fish container, fish storage containers, stackable nestable fish container box\" \/>\n<meta property=\"og:description\" content=\"injection molding machine for sale, Folding Storage Boxes\" \/>\n<meta property=\"og:url\" content=\"https:\/\/www.plastic-crates.co.in\/es\/product\/contenedores-de-almacenamiento-de-pescado-apilables-y-encajables\/\" \/>\n<meta property=\"og:site_name\" content=\"Wholesale plastic crates\" \/>\n<meta property=\"article:modified_time\" content=\"2025-05-05T03:12:38+00:00\" \/>\n<meta property=\"og:image\" content=\"https:\/\/www.plastic-crates.co.in\/wp-content\/uploads\/2025\/05\/fish-storage-containers-stackable-nestable-box-1.png\" \/>\n\t<meta property=\"og:image:width\" content=\"1000\" \/>\n\t<meta property=\"og:image:height\" content=\"1000\" \/>\n\t<meta property=\"og:image:type\" content=\"image\/png\" \/>\n<meta name=\"twitter:card\" content=\"summary_large_image\" \/>\n<meta name=\"twitter:label1\" content=\"Tiempo de lectura\" \/>\n\t<meta name=\"twitter:data1\" content=\"2 minutos\" \/>\n<script type=\"application\/ld+json\" class=\"yoast-schema-graph\">{\"@context\":\"https:\/\/schema.org\",\"@graph\":[{\"@type\":\"WebPage\",\"@id\":\"https:\/\/www.plastic-crates.co.in\/product\/fish-storage-containers-stackable-nestable-box\/\",\"url\":\"https:\/\/www.plastic-crates.co.in\/product\/fish-storage-containers-stackable-nestable-box\/\",\"name\":\"Fish container, fish storage containers, stackable nestable fish container box\",\"isPartOf\":{\"@id\":\"https:\/\/www.plastic-crates.co.in\/#website\"},\"primaryImageOfPage\":{\"@id\":\"https:\/\/www.plastic-crates.co.in\/product\/fish-storage-containers-stackable-nestable-box\/#primaryimage\"},\"image\":{\"@id\":\"https:\/\/www.plastic-crates.co.in\/product\/fish-storage-containers-stackable-nestable-box\/#primaryimage\"},\"thumbnailUrl\":\"https:\/\/www.plastic-crates.co.in\/wp-content\/uploads\/2025\/05\/fish-storage-containers-stackable-nestable-box-1.png\",\"datePublished\":\"2025-05-05T02:58:47+00:00\",\"dateModified\":\"2025-05-05T03:12:38+00:00\",\"breadcrumb\":{\"@id\":\"https:\/\/www.plastic-crates.co.in\/product\/fish-storage-containers-stackable-nestable-box\/#breadcrumb\"},\"inLanguage\":\"es\",\"potentialAction\":[{\"@type\":\"ReadAction\",\"target\":[\"https:\/\/www.plastic-crates.co.in\/product\/fish-storage-containers-stackable-nestable-box\/\"]}]},{\"@type\":\"ImageObject\",\"inLanguage\":\"es\",\"@id\":\"https:\/\/www.plastic-crates.co.in\/product\/fish-storage-containers-stackable-nestable-box\/#primaryimage\",\"url\":\"https:\/\/www.plastic-crates.co.in\/wp-content\/uploads\/2025\/05\/fish-storage-containers-stackable-nestable-box-1.png\",\"contentUrl\":\"https:\/\/www.plastic-crates.co.in\/wp-content\/uploads\/2025\/05\/fish-storage-containers-stackable-nestable-box-1.png\",\"width\":1000,\"height\":1000,\"caption\":\"fish container\"},{\"@type\":\"BreadcrumbList\",\"@id\":\"https:\/\/www.plastic-crates.co.in\/product\/fish-storage-containers-stackable-nestable-box\/#breadcrumb\",\"itemListElement\":[{\"@type\":\"ListItem\",\"position\":1,\"name\":\"Home\",\"item\":\"https:\/\/www.plastic-crates.co.in\/\"},{\"@type\":\"ListItem\",\"position\":2,\"name\":\"Products\",\"item\":\"https:\/\/www.plastic-crates.co.in\/shop\/\"},{\"@type\":\"ListItem\",\"position\":3,\"name\":\"Fish container, fish storage containers, stackable nestable fish container box\"}]},{\"@type\":\"WebSite\",\"@id\":\"https:\/\/www.plastic-crates.co.in\/#website\",\"url\":\"https:\/\/www.plastic-crates.co.in\/\",\"name\":\"Wholesale plastic crates\",\"description\":\"Leading plastic crates manufacturer in China\",\"potentialAction\":[{\"@type\":\"SearchAction\",\"target\":{\"@type\":\"EntryPoint\",\"urlTemplate\":\"https:\/\/www.plastic-crates.co.in\/?s={search_term_string}\"},\"query-input\":{\"@type\":\"PropertyValueSpecification\",\"valueRequired\":true,\"valueName\":\"search_term_string\"}}],\"inLanguage\":\"es\"}]}<\/script>\n<!-- \/ Yoast SEO plugin. -->","yoast_head_json":{"title":"Contenedor para pescado, contenedores para almacenar pescado, caja contenedora para pescado apilable y encajable","robots":{"index":"index","follow":"follow","max-snippet":"max-snippet:-1","max-image-preview":"max-image-preview:large","max-video-preview":"max-video-preview:-1"},"canonical":"https:\/\/www.plastic-crates.co.in\/es\/product\/contenedores-de-almacenamiento-de-pescado-apilables-y-encajables\/","og_locale":"es_ES","og_type":"article","og_title":"Fish container, fish storage containers, stackable nestable fish container box","og_description":"injection molding machine for sale, Folding Storage Boxes","og_url":"https:\/\/www.plastic-crates.co.in\/es\/product\/contenedores-de-almacenamiento-de-pescado-apilables-y-encajables\/","og_site_name":"Wholesale plastic crates","article_modified_time":"2025-05-05T03:12:38+00:00","og_image":[{"width":1000,"height":1000,"url":"https:\/\/www.plastic-crates.co.in\/wp-content\/uploads\/2025\/05\/fish-storage-containers-stackable-nestable-box-1.png","type":"image\/png"}],"twitter_card":"summary_large_image","twitter_misc":{"Tiempo de lectura":"2 minutos"},"schema":{"@context":"https:\/\/schema.org","@graph":[{"@type":"WebPage","@id":"https:\/\/www.plastic-crates.co.in\/product\/fish-storage-containers-stackable-nestable-box\/","url":"https:\/\/www.plastic-crates.co.in\/product\/fish-storage-containers-stackable-nestable-box\/","name":"Contenedor para pescado, contenedores para almacenar pescado, caja contenedora para pescado apilable y encajable","isPartOf":{"@id":"https:\/\/www.plastic-crates.co.in\/#website"},"primaryImageOfPage":{"@id":"https:\/\/www.plastic-crates.co.in\/product\/fish-storage-containers-stackable-nestable-box\/#primaryimage"},"image":{"@id":"https:\/\/www.plastic-crates.co.in\/product\/fish-storage-containers-stackable-nestable-box\/#primaryimage"},"thumbnailUrl":"https:\/\/www.plastic-crates.co.in\/wp-content\/uploads\/2025\/05\/fish-storage-containers-stackable-nestable-box-1.png","datePublished":"2025-05-05T02:58:47+00:00","dateModified":"2025-05-05T03:12:38+00:00","breadcrumb":{"@id":"https:\/\/www.plastic-crates.co.in\/product\/fish-storage-containers-stackable-nestable-box\/#breadcrumb"},"inLanguage":"es","potentialAction":[{"@type":"ReadAction","target":["https:\/\/www.plastic-crates.co.in\/product\/fish-storage-containers-stackable-nestable-box\/"]}]},{"@type":"ImageObject","inLanguage":"es","@id":"https:\/\/www.plastic-crates.co.in\/product\/fish-storage-containers-stackable-nestable-box\/#primaryimage","url":"https:\/\/www.plastic-crates.co.in\/wp-content\/uploads\/2025\/05\/fish-storage-containers-stackable-nestable-box-1.png","contentUrl":"https:\/\/www.plastic-crates.co.in\/wp-content\/uploads\/2025\/05\/fish-storage-containers-stackable-nestable-box-1.png","width":1000,"height":1000,"caption":"fish container"},{"@type":"BreadcrumbList","@id":"https:\/\/www.plastic-crates.co.in\/product\/fish-storage-containers-stackable-nestable-box\/#breadcrumb","itemListElement":[{"@type":"ListItem","position":1,"name":"Home","item":"https:\/\/www.plastic-crates.co.in\/"},{"@type":"ListItem","position":2,"name":"Products","item":"https:\/\/www.plastic-crates.co.in\/shop\/"},{"@type":"ListItem","position":3,"name":"Fish container, fish storage containers, stackable nestable fish container box"}]},{"@type":"WebSite","@id":"https:\/\/www.plastic-crates.co.in\/#website","url":"https:\/\/www.plastic-crates.co.in\/","name":"Cajas de pl\u00e1stico al por mayor","description":"Fabricante l\u00edder de cajas de pl\u00e1stico en China","potentialAction":[{"@type":"SearchAction","target":{"@type":"EntryPoint","urlTemplate":"https:\/\/www.plastic-crates.co.in\/?s={search_term_string}"},"query-input":{"@type":"PropertyValueSpecification","valueRequired":true,"valueName":"search_term_string"}}],"inLanguage":"es"}]}},"uagb_featured_image_src":{"full":["https:\/\/www.plastic-crates.co.in\/wp-content\/uploads\/2025\/05\/fish-storage-containers-stackable-nestable-box-1.png",1000,1000,false],"thumbnail":["https:\/\/www.plastic-crates.co.in\/wp-content\/uploads\/2025\/05\/fish-storage-containers-stackable-nestable-box-1-150x150.png",150,150,true],"medium":["https:\/\/www.plastic-crates.co.in\/wp-content\/uploads\/2025\/05\/fish-storage-containers-stackable-nestable-box-1-300x300.png",300,300,true],"medium_large":["https:\/\/www.plastic-crates.co.in\/wp-content\/uploads\/2025\/05\/fish-storage-containers-stackable-nestable-box-1-768x768.png",768,768,true],"large":["https:\/\/www.plastic-crates.co.in\/wp-content\/uploads\/2025\/05\/fish-storage-containers-stackable-nestable-box-1.png",1000,1000,false],"1536x1536":["https:\/\/www.plastic-crates.co.in\/wp-content\/uploads\/2025\/05\/fish-storage-containers-stackable-nestable-box-1.png",1000,1000,false],"2048x2048":["https:\/\/www.plastic-crates.co.in\/wp-content\/uploads\/2025\/05\/fish-storage-containers-stackable-nestable-box-1.png",1000,1000,false],"trp-custom-language-flag":["https:\/\/www.plastic-crates.co.in\/wp-content\/uploads\/2025\/05\/fish-storage-containers-stackable-nestable-box-1-12x12.png",12,12,true],"woocommerce_thumbnail":["https:\/\/www.plastic-crates.co.in\/wp-content\/uploads\/2025\/05\/fish-storage-containers-stackable-nestable-box-1-300x300.png",300,300,true],"woocommerce_single":["https:\/\/www.plastic-crates.co.in\/wp-content\/uploads\/2025\/05\/fish-storage-containers-stackable-nestable-box-1-600x600.png",600,600,true],"woocommerce_gallery_thumbnail":["https:\/\/www.plastic-crates.co.in\/wp-content\/uploads\/2025\/05\/fish-storage-containers-stackable-nestable-box-1-100x100.png",100,100,true]},"uagb_author_info":{"display_name":"Atticus Dixon","author_link":"https:\/\/www.plastic-crates.co.in\/es\/author\/"},"uagb_comment_info":0,"uagb_excerpt":"injection molding machine for sale, Folding Storage Boxes","_links":{"self":[{"href":"https:\/\/www.plastic-crates.co.in\/es\/wp-json\/wp\/v2\/product\/7879","targetHints":{"allow":["GET"]}}],"collection":[{"href":"https:\/\/www.plastic-crates.co.in\/es\/wp-json\/wp\/v2\/product"}],"about":[{"href":"https:\/\/www.plastic-crates.co.in\/es\/wp-json\/wp\/v2\/types\/product"}],"wp:featuredmedia":[{"embeddable":true,"href":"https:\/\/www.plastic-crates.co.in\/es\/wp-json\/wp\/v2\/media\/7880"}],"wp:attachment":[{"href":"https:\/\/www.plastic-crates.co.in\/es\/wp-json\/wp\/v2\/media?parent=7879"}],"wp:term":[{"taxonomy":"product_brand","embeddable":true,"href":"https:\/\/www.plastic-crates.co.in\/es\/wp-json\/wp\/v2\/product_brand?post=7879"},{"taxonomy":"product_cat","embeddable":true,"href":"https:\/\/www.plastic-crates.co.in\/es\/wp-json\/wp\/v2\/product_cat?post=7879"},{"taxonomy":"product_tag","embeddable":true,"href":"https:\/\/www.plastic-crates.co.in\/es\/wp-json\/wp\/v2\/product_tag?post=7879"}],"curies":[{"name":"wp","href":"https:\/\/api.w.org\/{rel}","templated":true}]}}