{"id":7875,"date":"2025-05-05T00:46:25","date_gmt":"2025-05-05T00:46:25","guid":{"rendered":"https:\/\/www.plastic-crates.co.in\/hi\/product\/heavy-duty-stackable-nestable-plastic-fish-box-with-drainage-system\/"},"modified":"2025-05-05T01:08:19","modified_gmt":"2025-05-05T01:08:19","slug":"caja-de-pescado-de-plastico-resistente-apilable-y-encajable-con-sistema-de-drenaje","status":"publish","type":"product","link":"https:\/\/www.plastic-crates.co.in\/es\/product\/caja-de-pescado-de-plastico-resistente-apilable-y-encajable-con-sistema-de-drenaje\/","title":{"rendered":"Caja de pescado de pl\u00e1stico con sistema de drenaje, caja de pescado apilable y encajable de alta resistencia"},"content":{"rendered":"<p>Nuestro contenedor de pl\u00e1stico para almacenamiento de pescado con v\u00e1lvula de drenaje est\u00e1 dise\u00f1ado para mantener el pescado y el marisco frescos durante el almacenamiento y el transporte. El sistema de drenaje integrado en la base permite que el exceso de agua se drene f\u00e1cilmente, manteniendo las condiciones \u00f3ptimas para la pesca. Fabricado con pl\u00e1stico apto para uso alimentario, este contenedor garantiza el almacenamiento seguro de pescado, marisco y otros productos marinos, manteni\u00e9ndolos secos y evitando su deterioro.<\/p>\n<div style=\"width: 1280px;\" class=\"wp-video\"><!--[if lt IE 9]><script>document.createElement('video');<\/script><![endif]-->\n<video class=\"wp-video-shortcode\" id=\"video-7875-1\" width=\"1280\" height=\"720\" preload=\"metadata\" controls=\"controls\"><source type=\"video\/mp4\" src=\"https:\/\/www.plastic-crates.co.in\/wp-content\/uploads\/2025\/05\/plastic-fish-box-with-drainage-system.mp4?_=1\" \/><a href=\"https:\/\/www.plastic-crates.co.in\/wp-content\/uploads\/2025\/05\/plastic-fish-box-with-drainage-system.mp4\">https:\/\/www.plastic-crates.co.in\/wp-content\/uploads\/2025\/05\/plastic-fish-box-with-drainage-system.mp4<\/a><\/video><\/div>\n<p>Perfecto para usar en pescader\u00edas, mercados de mariscos y transporte, este contenedor est\u00e1 dise\u00f1ado para brindar durabilidad y comodidad.<\/p>","protected":false},"excerpt":{"rendered":"<p><a href=\"\/es\/maquina-de-moldeo-por-inyeccion-de-plastico\/\">M\u00e1quina de moldeo por inyecci\u00f3n en venta<\/a>, <a href=\"\/es\/product-category\/papeleras-plegables\/\">Contenedores de almacenamiento plegables<\/a><\/p>","protected":false},"featured_media":7872,"template":"","meta":{"_acf_changed":false,"_uag_custom_page_level_css":"","site-sidebar-layout":"default","site-content-layout":"","ast-site-content-layout":"default","site-content-style":"default","site-sidebar-style":"default","ast-global-header-display":"","ast-banner-title-visibility":"","ast-main-header-display":"","ast-hfb-above-header-display":"","ast-hfb-below-header-display":"","ast-hfb-mobile-header-display":"","site-post-title":"","ast-breadcrumbs-content":"","ast-featured-img":"","footer-sml-layout":"","theme-transparent-header-meta":"default","adv-header-id-meta":"","stick-header-meta":"","header-above-stick-meta":"","header-main-stick-meta":"","header-below-stick-meta":"","astra-migrate-meta-layouts":"set","ast-page-background-enabled":"default","ast-page-background-meta":{"desktop":{"background-color":"var(--ast-global-color-4)","background-image":"","background-repeat":"repeat","background-position":"center center","background-size":"auto","background-attachment":"scroll","background-type":"","background-media":"","overlay-type":"","overlay-color":"","overlay-opacity":"","overlay-gradient":""},"tablet":{"background-color":"","background-image":"","background-repeat":"repeat","background-position":"center center","background-size":"auto","background-attachment":"scroll","background-type":"","background-media":"","overlay-type":"","overlay-color":"","overlay-opacity":"","overlay-gradient":""},"mobile":{"background-color":"","background-image":"","background-repeat":"repeat","background-position":"center center","background-size":"auto","background-attachment":"scroll","background-type":"","background-media":"","overlay-type":"","overlay-color":"","overlay-opacity":"","overlay-gradient":""}},"ast-content-background-meta":{"desktop":{"background-color":"var(--ast-global-color-5)","background-image":"","background-repeat":"repeat","background-position":"center center","background-size":"auto","background-attachment":"scroll","background-type":"","background-media":"","overlay-type":"","overlay-color":"","overlay-opacity":"","overlay-gradient":""},"tablet":{"background-color":"var(--ast-global-color-5)","background-image":"","background-repeat":"repeat","background-position":"center center","background-size":"auto","background-attachment":"scroll","background-type":"","background-media":"","overlay-type":"","overlay-color":"","overlay-opacity":"","overlay-gradient":""},"mobile":{"background-color":"var(--ast-global-color-5)","background-image":"","background-repeat":"repeat","background-position":"center center","background-size":"auto","background-attachment":"scroll","background-type":"","background-media":"","overlay-type":"","overlay-color":"","overlay-opacity":"","overlay-gradient":""}}},"product_brand":[],"product_cat":[8],"product_tag":[],"class_list":{"0":"post-7875","1":"product","2":"type-product","3":"status-publish","4":"has-post-thumbnail","6":"product_cat-stack-and-nest-containers","7":"desktop-align-left","8":"tablet-align-left","9":"mobile-align-left","11":"first","12":"instock","13":"shipping-taxable","14":"product-type-simple"},"acf":[],"yoast_head":"<!-- This site is optimized with the Yoast SEO plugin v26.4 - https:\/\/yoast.com\/wordpress\/plugins\/seo\/ -->\n<title>plastic fish box with drainage system, Heavy-Duty stackable nestable fish box<\/title>\n<meta name=\"robots\" content=\"index, follow, max-snippet:-1, max-image-preview:large, max-video-preview:-1\" \/>\n<link rel=\"canonical\" href=\"https:\/\/www.plastic-crates.co.in\/es\/product\/caja-de-pescado-de-plastico-resistente-apilable-y-encajable-con-sistema-de-drenaje\/\" \/>\n<meta property=\"og:locale\" content=\"es_ES\" \/>\n<meta property=\"og:type\" content=\"article\" \/>\n<meta property=\"og:title\" content=\"plastic fish box with drainage system, Heavy-Duty stackable nestable fish box\" \/>\n<meta property=\"og:description\" content=\"injection molding machine for sale, Folding Storage Bins\" \/>\n<meta property=\"og:url\" content=\"https:\/\/www.plastic-crates.co.in\/es\/product\/caja-de-pescado-de-plastico-resistente-apilable-y-encajable-con-sistema-de-drenaje\/\" \/>\n<meta property=\"og:site_name\" content=\"Wholesale plastic crates\" \/>\n<meta property=\"article:modified_time\" content=\"2025-05-05T01:08:19+00:00\" \/>\n<meta property=\"og:image\" content=\"https:\/\/www.plastic-crates.co.in\/wp-content\/uploads\/2025\/05\/plastic-fish-box-with-drainage-system-2.jpg\" \/>\n\t<meta property=\"og:image:width\" content=\"700\" \/>\n\t<meta property=\"og:image:height\" content=\"700\" \/>\n\t<meta property=\"og:image:type\" content=\"image\/jpeg\" \/>\n<meta name=\"twitter:card\" content=\"summary_large_image\" \/>\n<meta name=\"twitter:label1\" content=\"Tiempo de lectura\" \/>\n\t<meta name=\"twitter:data1\" content=\"1 minuto\" \/>\n<script type=\"application\/ld+json\" class=\"yoast-schema-graph\">{\"@context\":\"https:\/\/schema.org\",\"@graph\":[{\"@type\":\"WebPage\",\"@id\":\"https:\/\/www.plastic-crates.co.in\/product\/heavy-duty-stackable-nestable-plastic-fish-box-with-drainage-system\/\",\"url\":\"https:\/\/www.plastic-crates.co.in\/product\/heavy-duty-stackable-nestable-plastic-fish-box-with-drainage-system\/\",\"name\":\"plastic fish box with drainage system, Heavy-Duty stackable nestable fish box\",\"isPartOf\":{\"@id\":\"https:\/\/www.plastic-crates.co.in\/#website\"},\"primaryImageOfPage\":{\"@id\":\"https:\/\/www.plastic-crates.co.in\/product\/heavy-duty-stackable-nestable-plastic-fish-box-with-drainage-system\/#primaryimage\"},\"image\":{\"@id\":\"https:\/\/www.plastic-crates.co.in\/product\/heavy-duty-stackable-nestable-plastic-fish-box-with-drainage-system\/#primaryimage\"},\"thumbnailUrl\":\"https:\/\/www.plastic-crates.co.in\/wp-content\/uploads\/2025\/05\/plastic-fish-box-with-drainage-system-2.jpg\",\"datePublished\":\"2025-05-05T00:46:25+00:00\",\"dateModified\":\"2025-05-05T01:08:19+00:00\",\"breadcrumb\":{\"@id\":\"https:\/\/www.plastic-crates.co.in\/product\/heavy-duty-stackable-nestable-plastic-fish-box-with-drainage-system\/#breadcrumb\"},\"inLanguage\":\"es\",\"potentialAction\":[{\"@type\":\"ReadAction\",\"target\":[\"https:\/\/www.plastic-crates.co.in\/product\/heavy-duty-stackable-nestable-plastic-fish-box-with-drainage-system\/\"]}]},{\"@type\":\"ImageObject\",\"inLanguage\":\"es\",\"@id\":\"https:\/\/www.plastic-crates.co.in\/product\/heavy-duty-stackable-nestable-plastic-fish-box-with-drainage-system\/#primaryimage\",\"url\":\"https:\/\/www.plastic-crates.co.in\/wp-content\/uploads\/2025\/05\/plastic-fish-box-with-drainage-system-2.jpg\",\"contentUrl\":\"https:\/\/www.plastic-crates.co.in\/wp-content\/uploads\/2025\/05\/plastic-fish-box-with-drainage-system-2.jpg\",\"width\":700,\"height\":700,\"caption\":\"plastic fish box with drainage system\"},{\"@type\":\"BreadcrumbList\",\"@id\":\"https:\/\/www.plastic-crates.co.in\/product\/heavy-duty-stackable-nestable-plastic-fish-box-with-drainage-system\/#breadcrumb\",\"itemListElement\":[{\"@type\":\"ListItem\",\"position\":1,\"name\":\"Home\",\"item\":\"https:\/\/www.plastic-crates.co.in\/\"},{\"@type\":\"ListItem\",\"position\":2,\"name\":\"Products\",\"item\":\"https:\/\/www.plastic-crates.co.in\/shop\/\"},{\"@type\":\"ListItem\",\"position\":3,\"name\":\"plastic fish box with drainage system, Heavy-Duty stackable nestable fish box\"}]},{\"@type\":\"WebSite\",\"@id\":\"https:\/\/www.plastic-crates.co.in\/#website\",\"url\":\"https:\/\/www.plastic-crates.co.in\/\",\"name\":\"Wholesale plastic crates\",\"description\":\"Leading plastic crates manufacturer in China\",\"potentialAction\":[{\"@type\":\"SearchAction\",\"target\":{\"@type\":\"EntryPoint\",\"urlTemplate\":\"https:\/\/www.plastic-crates.co.in\/?s={search_term_string}\"},\"query-input\":{\"@type\":\"PropertyValueSpecification\",\"valueRequired\":true,\"valueName\":\"search_term_string\"}}],\"inLanguage\":\"es\"}]}<\/script>\n<!-- \/ Yoast SEO plugin. -->","yoast_head_json":{"title":"Caja de pescado de pl\u00e1stico con sistema de drenaje, caja de pescado apilable y encajable de alta resistencia","robots":{"index":"index","follow":"follow","max-snippet":"max-snippet:-1","max-image-preview":"max-image-preview:large","max-video-preview":"max-video-preview:-1"},"canonical":"https:\/\/www.plastic-crates.co.in\/es\/product\/caja-de-pescado-de-plastico-resistente-apilable-y-encajable-con-sistema-de-drenaje\/","og_locale":"es_ES","og_type":"article","og_title":"plastic fish box with drainage system, Heavy-Duty stackable nestable fish box","og_description":"injection molding machine for sale, Folding Storage Bins","og_url":"https:\/\/www.plastic-crates.co.in\/es\/product\/caja-de-pescado-de-plastico-resistente-apilable-y-encajable-con-sistema-de-drenaje\/","og_site_name":"Wholesale plastic crates","article_modified_time":"2025-05-05T01:08:19+00:00","og_image":[{"width":700,"height":700,"url":"https:\/\/www.plastic-crates.co.in\/wp-content\/uploads\/2025\/05\/plastic-fish-box-with-drainage-system-2.jpg","type":"image\/jpeg"}],"twitter_card":"summary_large_image","twitter_misc":{"Tiempo de lectura":"1 minuto"},"schema":{"@context":"https:\/\/schema.org","@graph":[{"@type":"WebPage","@id":"https:\/\/www.plastic-crates.co.in\/product\/heavy-duty-stackable-nestable-plastic-fish-box-with-drainage-system\/","url":"https:\/\/www.plastic-crates.co.in\/product\/heavy-duty-stackable-nestable-plastic-fish-box-with-drainage-system\/","name":"Caja de pescado de pl\u00e1stico con sistema de drenaje, caja de pescado apilable y encajable de alta resistencia","isPartOf":{"@id":"https:\/\/www.plastic-crates.co.in\/#website"},"primaryImageOfPage":{"@id":"https:\/\/www.plastic-crates.co.in\/product\/heavy-duty-stackable-nestable-plastic-fish-box-with-drainage-system\/#primaryimage"},"image":{"@id":"https:\/\/www.plastic-crates.co.in\/product\/heavy-duty-stackable-nestable-plastic-fish-box-with-drainage-system\/#primaryimage"},"thumbnailUrl":"https:\/\/www.plastic-crates.co.in\/wp-content\/uploads\/2025\/05\/plastic-fish-box-with-drainage-system-2.jpg","datePublished":"2025-05-05T00:46:25+00:00","dateModified":"2025-05-05T01:08:19+00:00","breadcrumb":{"@id":"https:\/\/www.plastic-crates.co.in\/product\/heavy-duty-stackable-nestable-plastic-fish-box-with-drainage-system\/#breadcrumb"},"inLanguage":"es","potentialAction":[{"@type":"ReadAction","target":["https:\/\/www.plastic-crates.co.in\/product\/heavy-duty-stackable-nestable-plastic-fish-box-with-drainage-system\/"]}]},{"@type":"ImageObject","inLanguage":"es","@id":"https:\/\/www.plastic-crates.co.in\/product\/heavy-duty-stackable-nestable-plastic-fish-box-with-drainage-system\/#primaryimage","url":"https:\/\/www.plastic-crates.co.in\/wp-content\/uploads\/2025\/05\/plastic-fish-box-with-drainage-system-2.jpg","contentUrl":"https:\/\/www.plastic-crates.co.in\/wp-content\/uploads\/2025\/05\/plastic-fish-box-with-drainage-system-2.jpg","width":700,"height":700,"caption":"plastic fish box with drainage system"},{"@type":"BreadcrumbList","@id":"https:\/\/www.plastic-crates.co.in\/product\/heavy-duty-stackable-nestable-plastic-fish-box-with-drainage-system\/#breadcrumb","itemListElement":[{"@type":"ListItem","position":1,"name":"Home","item":"https:\/\/www.plastic-crates.co.in\/"},{"@type":"ListItem","position":2,"name":"Products","item":"https:\/\/www.plastic-crates.co.in\/shop\/"},{"@type":"ListItem","position":3,"name":"plastic fish box with drainage system, Heavy-Duty stackable nestable fish box"}]},{"@type":"WebSite","@id":"https:\/\/www.plastic-crates.co.in\/#website","url":"https:\/\/www.plastic-crates.co.in\/","name":"Cajas de pl\u00e1stico al por mayor","description":"Fabricante l\u00edder de cajas de pl\u00e1stico en China","potentialAction":[{"@type":"SearchAction","target":{"@type":"EntryPoint","urlTemplate":"https:\/\/www.plastic-crates.co.in\/?s={search_term_string}"},"query-input":{"@type":"PropertyValueSpecification","valueRequired":true,"valueName":"search_term_string"}}],"inLanguage":"es"}]}},"uagb_featured_image_src":{"full":["https:\/\/www.plastic-crates.co.in\/wp-content\/uploads\/2025\/05\/plastic-fish-box-with-drainage-system-2.jpg",700,700,false],"thumbnail":["https:\/\/www.plastic-crates.co.in\/wp-content\/uploads\/2025\/05\/plastic-fish-box-with-drainage-system-2-150x150.jpg",150,150,true],"medium":["https:\/\/www.plastic-crates.co.in\/wp-content\/uploads\/2025\/05\/plastic-fish-box-with-drainage-system-2-300x300.jpg",300,300,true],"medium_large":["https:\/\/www.plastic-crates.co.in\/wp-content\/uploads\/2025\/05\/plastic-fish-box-with-drainage-system-2.jpg",700,700,false],"large":["https:\/\/www.plastic-crates.co.in\/wp-content\/uploads\/2025\/05\/plastic-fish-box-with-drainage-system-2.jpg",700,700,false],"1536x1536":["https:\/\/www.plastic-crates.co.in\/wp-content\/uploads\/2025\/05\/plastic-fish-box-with-drainage-system-2.jpg",700,700,false],"2048x2048":["https:\/\/www.plastic-crates.co.in\/wp-content\/uploads\/2025\/05\/plastic-fish-box-with-drainage-system-2.jpg",700,700,false],"trp-custom-language-flag":["https:\/\/www.plastic-crates.co.in\/wp-content\/uploads\/2025\/05\/plastic-fish-box-with-drainage-system-2-12x12.jpg",12,12,true],"woocommerce_thumbnail":["https:\/\/www.plastic-crates.co.in\/wp-content\/uploads\/2025\/05\/plastic-fish-box-with-drainage-system-2-300x300.jpg",300,300,true],"woocommerce_single":["https:\/\/www.plastic-crates.co.in\/wp-content\/uploads\/2025\/05\/plastic-fish-box-with-drainage-system-2-600x600.jpg",600,600,true],"woocommerce_gallery_thumbnail":["https:\/\/www.plastic-crates.co.in\/wp-content\/uploads\/2025\/05\/plastic-fish-box-with-drainage-system-2-100x100.jpg",100,100,true]},"uagb_author_info":{"display_name":"Atticus Dixon","author_link":"https:\/\/www.plastic-crates.co.in\/es\/author\/"},"uagb_comment_info":0,"uagb_excerpt":"injection molding machine for sale, Folding Storage Bins","_links":{"self":[{"href":"https:\/\/www.plastic-crates.co.in\/es\/wp-json\/wp\/v2\/product\/7875","targetHints":{"allow":["GET"]}}],"collection":[{"href":"https:\/\/www.plastic-crates.co.in\/es\/wp-json\/wp\/v2\/product"}],"about":[{"href":"https:\/\/www.plastic-crates.co.in\/es\/wp-json\/wp\/v2\/types\/product"}],"wp:featuredmedia":[{"embeddable":true,"href":"https:\/\/www.plastic-crates.co.in\/es\/wp-json\/wp\/v2\/media\/7872"}],"wp:attachment":[{"href":"https:\/\/www.plastic-crates.co.in\/es\/wp-json\/wp\/v2\/media?parent=7875"}],"wp:term":[{"taxonomy":"product_brand","embeddable":true,"href":"https:\/\/www.plastic-crates.co.in\/es\/wp-json\/wp\/v2\/product_brand?post=7875"},{"taxonomy":"product_cat","embeddable":true,"href":"https:\/\/www.plastic-crates.co.in\/es\/wp-json\/wp\/v2\/product_cat?post=7875"},{"taxonomy":"product_tag","embeddable":true,"href":"https:\/\/www.plastic-crates.co.in\/es\/wp-json\/wp\/v2\/product_tag?post=7875"}],"curies":[{"name":"wp","href":"https:\/\/api.w.org\/{rel}","templated":true}]}}