{"id":7867,"date":"2025-05-04T20:56:20","date_gmt":"2025-05-04T20:56:20","guid":{"rendered":"https:\/\/www.plastic-crates.co.in\/hi\/product\/plastic-crates-for-fruits-supplier-manufacturer\/"},"modified":"2025-05-04T21:10:15","modified_gmt":"2025-05-04T21:10:15","slug":"proveedor-y-fabricante-de-cajas-de-plastico-para-frutas","status":"publish","type":"product","link":"https:\/\/www.plastic-crates.co.in\/es\/product\/proveedor-y-fabricante-de-cajas-de-plastico-para-frutas\/","title":{"rendered":"Proveedor y fabricante de cajas de pl\u00e1stico para frutas"},"content":{"rendered":"<p><strong>Cajas de pl\u00e1stico vers\u00e1tiles para frutas<\/strong><\/p>\n<p>Mejore el almacenamiento y transporte de fruta con nuestras resistentes cajas de pl\u00e1stico, dise\u00f1adas espec\u00edficamente para una frescura \u00f3ptima y una gran comodidad. Fabricadas con pl\u00e1stico de alta calidad apto para uso alimentario, estas cajas cuentan con una estructura robusta que soporta f\u00e1cilmente el uso diario sin perder su forma.<\/p>\n<div style=\"width: 960px;\" class=\"wp-video\"><!--[if lt IE 9]><script>document.createElement('video');<\/script><![endif]-->\n<video class=\"wp-video-shortcode\" id=\"video-7867-1\" width=\"960\" height=\"540\" poster=\"https:\/\/www.plastic-crates.co.in\/wp-content\/uploads\/2025\/05\/plastic-crates-for-fruits-2.webp\" preload=\"metadata\" controls=\"controls\"><source type=\"video\/mp4\" src=\"https:\/\/www.plastic-crates.co.in\/wp-content\/uploads\/2025\/05\/plastic-crates-for-fruits.mp4?_=1\" \/><a href=\"https:\/\/www.plastic-crates.co.in\/wp-content\/uploads\/2025\/05\/plastic-crates-for-fruits.mp4\">https:\/\/www.plastic-crates.co.in\/wp-content\/uploads\/2025\/05\/plastic-crates-for-fruits.mp4<\/a><\/video><\/div>\n<ul>\n<li><strong>Dise\u00f1o transpirable:<\/strong>\u00a0Con perforaciones ubicadas estrat\u00e9gicamente, nuestras cajas permiten una fant\u00e1stica circulaci\u00f3n de aire, evitando la acumulaci\u00f3n de humedad y promoviendo una mayor vida \u00fatil de sus frutas.<\/li>\n<li><strong>Conveniencia apilable:<\/strong>\u00a0Dise\u00f1adas para maximizar el espacio, estas cajas se pueden apilar f\u00e1cilmente cuando est\u00e1n llenas o anidar cuando est\u00e1n vac\u00edas, lo que garantiza un almacenamiento eficiente tanto en comercios minoristas como en el hogar.<\/li>\n<li><strong>Vibrante y duradero:<\/strong>\u00a0Disponibles en un llamativo color rojo, estas cajas no solo son elegantes sino tambi\u00e9n resistentes a la decoloraci\u00f3n y los da\u00f1os, lo que las hace perfectas para mercados al aire libre y transporte.<\/li>\n<li><strong>F\u00e1cil de limpiar:<\/strong>\u00a0Las superficies pl\u00e1sticas lisas facilitan el lavado y la desinfecci\u00f3n, lo que garantiza que sus cajas se mantengan higi\u00e9nicas para el almacenamiento de alimentos.<\/li>\n<li><strong>Uso multiprop\u00f3sito:<\/strong>\u00a0Ideales para frutas, verduras y otros productos, estas cajas son lo suficientemente vers\u00e1tiles para panader\u00edas, tiendas de comestibles o cualquier establecimiento de servicio de alimentos.<\/li>\n<\/ul>\n<p>Mejore sus soluciones de almacenamiento de fruta con nuestras pr\u00e1cticas y fiables cajas de pl\u00e1stico. Ya sea para transportar productos frescos o para organizar su cocina, estas cajas son la opci\u00f3n ideal para ahorrar tiempo y estilo.<\/p>","protected":false},"excerpt":{"rendered":"<p><a href=\"https:\/\/www.plastic-crates.co.in\/es\/maquina-de-moldeo-por-inyeccion-de-plastico\/\">m\u00e1quina de moldeo por inyecci\u00f3n de pl\u00e1stico<\/a>, <a href=\"https:\/\/www.plastic-crates.co.in\/es\/product-category\/caja-de-almacenamiento-de-hielo\/\">nevera port\u00e1til<\/a>, <a href=\"https:\/\/www.plastic-crates.co.in\/es\/\">proveedor de cajas de pl\u00e1stico<\/a><\/p>","protected":false},"featured_media":7863,"template":"","meta":{"_acf_changed":false,"_uag_custom_page_level_css":"","site-sidebar-layout":"default","site-content-layout":"","ast-site-content-layout":"default","site-content-style":"default","site-sidebar-style":"default","ast-global-header-display":"","ast-banner-title-visibility":"","ast-main-header-display":"","ast-hfb-above-header-display":"","ast-hfb-below-header-display":"","ast-hfb-mobile-header-display":"","site-post-title":"","ast-breadcrumbs-content":"","ast-featured-img":"","footer-sml-layout":"","theme-transparent-header-meta":"default","adv-header-id-meta":"","stick-header-meta":"","header-above-stick-meta":"","header-main-stick-meta":"","header-below-stick-meta":"","astra-migrate-meta-layouts":"set","ast-page-background-enabled":"default","ast-page-background-meta":{"desktop":{"background-color":"var(--ast-global-color-4)","background-image":"","background-repeat":"repeat","background-position":"center center","background-size":"auto","background-attachment":"scroll","background-type":"","background-media":"","overlay-type":"","overlay-color":"","overlay-opacity":"","overlay-gradient":""},"tablet":{"background-color":"","background-image":"","background-repeat":"repeat","background-position":"center center","background-size":"auto","background-attachment":"scroll","background-type":"","background-media":"","overlay-type":"","overlay-color":"","overlay-opacity":"","overlay-gradient":""},"mobile":{"background-color":"","background-image":"","background-repeat":"repeat","background-position":"center center","background-size":"auto","background-attachment":"scroll","background-type":"","background-media":"","overlay-type":"","overlay-color":"","overlay-opacity":"","overlay-gradient":""}},"ast-content-background-meta":{"desktop":{"background-color":"var(--ast-global-color-5)","background-image":"","background-repeat":"repeat","background-position":"center center","background-size":"auto","background-attachment":"scroll","background-type":"","background-media":"","overlay-type":"","overlay-color":"","overlay-opacity":"","overlay-gradient":""},"tablet":{"background-color":"var(--ast-global-color-5)","background-image":"","background-repeat":"repeat","background-position":"center center","background-size":"auto","background-attachment":"scroll","background-type":"","background-media":"","overlay-type":"","overlay-color":"","overlay-opacity":"","overlay-gradient":""},"mobile":{"background-color":"var(--ast-global-color-5)","background-image":"","background-repeat":"repeat","background-position":"center center","background-size":"auto","background-attachment":"scroll","background-type":"","background-media":"","overlay-type":"","overlay-color":"","overlay-opacity":"","overlay-gradient":""}}},"product_brand":[],"product_cat":[20],"product_tag":[],"class_list":{"0":"post-7867","1":"product","2":"type-product","3":"status-publish","4":"has-post-thumbnail","6":"product_cat-fruit-vegetable-crates","7":"desktop-align-left","8":"tablet-align-left","9":"mobile-align-left","11":"first","12":"instock","13":"shipping-taxable","14":"product-type-simple"},"acf":[],"yoast_head":"<!-- This site is optimized with the Yoast SEO plugin v26.4 - https:\/\/yoast.com\/wordpress\/plugins\/seo\/ -->\n<title>Plastic crates for fruits supplier &amp; manufacturer - Wholesale plastic crates<\/title>\n<meta name=\"robots\" content=\"index, follow, max-snippet:-1, max-image-preview:large, max-video-preview:-1\" \/>\n<link rel=\"canonical\" href=\"https:\/\/www.plastic-crates.co.in\/es\/product\/proveedor-y-fabricante-de-cajas-de-plastico-para-frutas\/\" \/>\n<meta property=\"og:locale\" content=\"es_ES\" \/>\n<meta property=\"og:type\" content=\"article\" \/>\n<meta property=\"og:title\" content=\"Plastic crates for fruits supplier &amp; manufacturer - Wholesale plastic crates\" \/>\n<meta property=\"og:description\" content=\"plastic injection molding machine, cooler box, plastic crates supplier\" \/>\n<meta property=\"og:url\" content=\"https:\/\/www.plastic-crates.co.in\/es\/product\/proveedor-y-fabricante-de-cajas-de-plastico-para-frutas\/\" \/>\n<meta property=\"og:site_name\" content=\"Wholesale plastic crates\" \/>\n<meta property=\"article:modified_time\" content=\"2025-05-04T21:10:15+00:00\" \/>\n<meta property=\"og:image\" content=\"https:\/\/www.plastic-crates.co.in\/wp-content\/uploads\/2025\/05\/plastic-crates-for-fruits-1.webp\" \/>\n\t<meta property=\"og:image:width\" content=\"700\" \/>\n\t<meta property=\"og:image:height\" content=\"700\" \/>\n\t<meta property=\"og:image:type\" content=\"image\/webp\" \/>\n<meta name=\"twitter:card\" content=\"summary_large_image\" \/>\n<meta name=\"twitter:label1\" content=\"Tiempo de lectura\" \/>\n\t<meta name=\"twitter:data1\" content=\"2 minutos\" \/>\n<script type=\"application\/ld+json\" class=\"yoast-schema-graph\">{\"@context\":\"https:\/\/schema.org\",\"@graph\":[{\"@type\":\"WebPage\",\"@id\":\"https:\/\/www.plastic-crates.co.in\/product\/plastic-crates-for-fruits-supplier-manufacturer\/\",\"url\":\"https:\/\/www.plastic-crates.co.in\/product\/plastic-crates-for-fruits-supplier-manufacturer\/\",\"name\":\"Plastic crates for fruits supplier & manufacturer - Wholesale plastic crates\",\"isPartOf\":{\"@id\":\"https:\/\/www.plastic-crates.co.in\/#website\"},\"primaryImageOfPage\":{\"@id\":\"https:\/\/www.plastic-crates.co.in\/product\/plastic-crates-for-fruits-supplier-manufacturer\/#primaryimage\"},\"image\":{\"@id\":\"https:\/\/www.plastic-crates.co.in\/product\/plastic-crates-for-fruits-supplier-manufacturer\/#primaryimage\"},\"thumbnailUrl\":\"https:\/\/www.plastic-crates.co.in\/wp-content\/uploads\/2025\/05\/plastic-crates-for-fruits-1.webp\",\"datePublished\":\"2025-05-04T20:56:20+00:00\",\"dateModified\":\"2025-05-04T21:10:15+00:00\",\"breadcrumb\":{\"@id\":\"https:\/\/www.plastic-crates.co.in\/product\/plastic-crates-for-fruits-supplier-manufacturer\/#breadcrumb\"},\"inLanguage\":\"es\",\"potentialAction\":[{\"@type\":\"ReadAction\",\"target\":[\"https:\/\/www.plastic-crates.co.in\/product\/plastic-crates-for-fruits-supplier-manufacturer\/\"]}]},{\"@type\":\"ImageObject\",\"inLanguage\":\"es\",\"@id\":\"https:\/\/www.plastic-crates.co.in\/product\/plastic-crates-for-fruits-supplier-manufacturer\/#primaryimage\",\"url\":\"https:\/\/www.plastic-crates.co.in\/wp-content\/uploads\/2025\/05\/plastic-crates-for-fruits-1.webp\",\"contentUrl\":\"https:\/\/www.plastic-crates.co.in\/wp-content\/uploads\/2025\/05\/plastic-crates-for-fruits-1.webp\",\"width\":700,\"height\":700,\"caption\":\"Plastic crates for fruits\"},{\"@type\":\"BreadcrumbList\",\"@id\":\"https:\/\/www.plastic-crates.co.in\/product\/plastic-crates-for-fruits-supplier-manufacturer\/#breadcrumb\",\"itemListElement\":[{\"@type\":\"ListItem\",\"position\":1,\"name\":\"Home\",\"item\":\"https:\/\/www.plastic-crates.co.in\/\"},{\"@type\":\"ListItem\",\"position\":2,\"name\":\"Products\",\"item\":\"https:\/\/www.plastic-crates.co.in\/shop\/\"},{\"@type\":\"ListItem\",\"position\":3,\"name\":\"Plastic crates for fruits supplier &#038; manufacturer\"}]},{\"@type\":\"WebSite\",\"@id\":\"https:\/\/www.plastic-crates.co.in\/#website\",\"url\":\"https:\/\/www.plastic-crates.co.in\/\",\"name\":\"Wholesale plastic crates\",\"description\":\"Leading plastic crates manufacturer in China\",\"potentialAction\":[{\"@type\":\"SearchAction\",\"target\":{\"@type\":\"EntryPoint\",\"urlTemplate\":\"https:\/\/www.plastic-crates.co.in\/?s={search_term_string}\"},\"query-input\":{\"@type\":\"PropertyValueSpecification\",\"valueRequired\":true,\"valueName\":\"search_term_string\"}}],\"inLanguage\":\"es\"}]}<\/script>\n<!-- \/ Yoast SEO plugin. -->","yoast_head_json":{"title":"Proveedor y fabricante de cajas de pl\u00e1stico para frutas - Cajas de pl\u00e1stico al por mayor","robots":{"index":"index","follow":"follow","max-snippet":"max-snippet:-1","max-image-preview":"max-image-preview:large","max-video-preview":"max-video-preview:-1"},"canonical":"https:\/\/www.plastic-crates.co.in\/es\/product\/proveedor-y-fabricante-de-cajas-de-plastico-para-frutas\/","og_locale":"es_ES","og_type":"article","og_title":"Plastic crates for fruits supplier & manufacturer - Wholesale plastic crates","og_description":"plastic injection molding machine, cooler box, plastic crates supplier","og_url":"https:\/\/www.plastic-crates.co.in\/es\/product\/proveedor-y-fabricante-de-cajas-de-plastico-para-frutas\/","og_site_name":"Wholesale plastic crates","article_modified_time":"2025-05-04T21:10:15+00:00","og_image":[{"width":700,"height":700,"url":"https:\/\/www.plastic-crates.co.in\/wp-content\/uploads\/2025\/05\/plastic-crates-for-fruits-1.webp","type":"image\/webp"}],"twitter_card":"summary_large_image","twitter_misc":{"Tiempo de lectura":"2 minutos"},"schema":{"@context":"https:\/\/schema.org","@graph":[{"@type":"WebPage","@id":"https:\/\/www.plastic-crates.co.in\/product\/plastic-crates-for-fruits-supplier-manufacturer\/","url":"https:\/\/www.plastic-crates.co.in\/product\/plastic-crates-for-fruits-supplier-manufacturer\/","name":"Proveedor y fabricante de cajas de pl\u00e1stico para frutas - Cajas de pl\u00e1stico al por mayor","isPartOf":{"@id":"https:\/\/www.plastic-crates.co.in\/#website"},"primaryImageOfPage":{"@id":"https:\/\/www.plastic-crates.co.in\/product\/plastic-crates-for-fruits-supplier-manufacturer\/#primaryimage"},"image":{"@id":"https:\/\/www.plastic-crates.co.in\/product\/plastic-crates-for-fruits-supplier-manufacturer\/#primaryimage"},"thumbnailUrl":"https:\/\/www.plastic-crates.co.in\/wp-content\/uploads\/2025\/05\/plastic-crates-for-fruits-1.webp","datePublished":"2025-05-04T20:56:20+00:00","dateModified":"2025-05-04T21:10:15+00:00","breadcrumb":{"@id":"https:\/\/www.plastic-crates.co.in\/product\/plastic-crates-for-fruits-supplier-manufacturer\/#breadcrumb"},"inLanguage":"es","potentialAction":[{"@type":"ReadAction","target":["https:\/\/www.plastic-crates.co.in\/product\/plastic-crates-for-fruits-supplier-manufacturer\/"]}]},{"@type":"ImageObject","inLanguage":"es","@id":"https:\/\/www.plastic-crates.co.in\/product\/plastic-crates-for-fruits-supplier-manufacturer\/#primaryimage","url":"https:\/\/www.plastic-crates.co.in\/wp-content\/uploads\/2025\/05\/plastic-crates-for-fruits-1.webp","contentUrl":"https:\/\/www.plastic-crates.co.in\/wp-content\/uploads\/2025\/05\/plastic-crates-for-fruits-1.webp","width":700,"height":700,"caption":"Plastic crates for fruits"},{"@type":"BreadcrumbList","@id":"https:\/\/www.plastic-crates.co.in\/product\/plastic-crates-for-fruits-supplier-manufacturer\/#breadcrumb","itemListElement":[{"@type":"ListItem","position":1,"name":"Home","item":"https:\/\/www.plastic-crates.co.in\/"},{"@type":"ListItem","position":2,"name":"Products","item":"https:\/\/www.plastic-crates.co.in\/shop\/"},{"@type":"ListItem","position":3,"name":"Plastic crates for fruits supplier &#038; manufacturer"}]},{"@type":"WebSite","@id":"https:\/\/www.plastic-crates.co.in\/#website","url":"https:\/\/www.plastic-crates.co.in\/","name":"Cajas de pl\u00e1stico al por mayor","description":"Fabricante l\u00edder de cajas de pl\u00e1stico en China","potentialAction":[{"@type":"SearchAction","target":{"@type":"EntryPoint","urlTemplate":"https:\/\/www.plastic-crates.co.in\/?s={search_term_string}"},"query-input":{"@type":"PropertyValueSpecification","valueRequired":true,"valueName":"search_term_string"}}],"inLanguage":"es"}]}},"uagb_featured_image_src":{"full":["https:\/\/www.plastic-crates.co.in\/wp-content\/uploads\/2025\/05\/plastic-crates-for-fruits-1.webp",700,700,false],"thumbnail":["https:\/\/www.plastic-crates.co.in\/wp-content\/uploads\/2025\/05\/plastic-crates-for-fruits-1.webp",150,150,false],"medium":["https:\/\/www.plastic-crates.co.in\/wp-content\/uploads\/2025\/05\/plastic-crates-for-fruits-1.webp",300,300,false],"medium_large":["https:\/\/www.plastic-crates.co.in\/wp-content\/uploads\/2025\/05\/plastic-crates-for-fruits-1.webp",700,700,false],"large":["https:\/\/www.plastic-crates.co.in\/wp-content\/uploads\/2025\/05\/plastic-crates-for-fruits-1.webp",700,700,false],"1536x1536":["https:\/\/www.plastic-crates.co.in\/wp-content\/uploads\/2025\/05\/plastic-crates-for-fruits-1.webp",700,700,false],"2048x2048":["https:\/\/www.plastic-crates.co.in\/wp-content\/uploads\/2025\/05\/plastic-crates-for-fruits-1.webp",700,700,false],"trp-custom-language-flag":["https:\/\/www.plastic-crates.co.in\/wp-content\/uploads\/2025\/05\/plastic-crates-for-fruits-1.webp",12,12,false],"woocommerce_thumbnail":["https:\/\/www.plastic-crates.co.in\/wp-content\/uploads\/2025\/05\/plastic-crates-for-fruits-1.webp",300,300,false],"woocommerce_single":["https:\/\/www.plastic-crates.co.in\/wp-content\/uploads\/2025\/05\/plastic-crates-for-fruits-1.webp",600,600,false],"woocommerce_gallery_thumbnail":["https:\/\/www.plastic-crates.co.in\/wp-content\/uploads\/2025\/05\/plastic-crates-for-fruits-1.webp",100,100,false]},"uagb_author_info":{"display_name":"Atticus Dixon","author_link":"https:\/\/www.plastic-crates.co.in\/es\/author\/"},"uagb_comment_info":0,"uagb_excerpt":"plastic injection molding machine, cooler box, plastic crates supplier","_links":{"self":[{"href":"https:\/\/www.plastic-crates.co.in\/es\/wp-json\/wp\/v2\/product\/7867","targetHints":{"allow":["GET"]}}],"collection":[{"href":"https:\/\/www.plastic-crates.co.in\/es\/wp-json\/wp\/v2\/product"}],"about":[{"href":"https:\/\/www.plastic-crates.co.in\/es\/wp-json\/wp\/v2\/types\/product"}],"wp:featuredmedia":[{"embeddable":true,"href":"https:\/\/www.plastic-crates.co.in\/es\/wp-json\/wp\/v2\/media\/7863"}],"wp:attachment":[{"href":"https:\/\/www.plastic-crates.co.in\/es\/wp-json\/wp\/v2\/media?parent=7867"}],"wp:term":[{"taxonomy":"product_brand","embeddable":true,"href":"https:\/\/www.plastic-crates.co.in\/es\/wp-json\/wp\/v2\/product_brand?post=7867"},{"taxonomy":"product_cat","embeddable":true,"href":"https:\/\/www.plastic-crates.co.in\/es\/wp-json\/wp\/v2\/product_cat?post=7867"},{"taxonomy":"product_tag","embeddable":true,"href":"https:\/\/www.plastic-crates.co.in\/es\/wp-json\/wp\/v2\/product_tag?post=7867"}],"curies":[{"name":"wp","href":"https:\/\/api.w.org\/{rel}","templated":true}]}}