{"id":7856,"date":"2025-05-04T00:19:45","date_gmt":"2025-05-04T00:19:45","guid":{"rendered":"https:\/\/www.plastic-crates.co.in\/?post_type=product&#038;p=7856"},"modified":"2025-05-10T02:24:14","modified_gmt":"2025-05-10T02:24:14","slug":"nevera-de-alta-resistencia-para-pesca-y-camping","status":"publish","type":"product","link":"https:\/\/www.plastic-crates.co.in\/es\/product\/nevera-de-alta-resistencia-para-pesca-y-camping\/","title":{"rendered":"Nevera de alta resistencia para pesca y camping"},"content":{"rendered":"<h3>Nevera port\u00e1til de alta calidad<\/h3>\n<h4>\u00a1Mant\u00e9ngalo fresco donde quiera que vaya!<\/h4>\n<p>Presentando nuestro\u00a0<strong>Nevera port\u00e1til de alta calidad<\/strong>Dise\u00f1ado para aventureros, amantes del picnic y amantes de la playa. Ya sea que est\u00e9s recorriendo senderos, yendo a una reuni\u00f3n familiar o disfrutando de un d\u00eda en el lago, esta hielera es tu compa\u00f1era ideal para mantener tus alimentos y bebidas bien fr\u00edos.<\/p>\n<h4>Caracter\u00edsticas principales:<\/h4>\n<ul>\n<li><strong>Aislamiento superior<\/strong>:Fabricado con paredes de espuma gruesa de alta densidad para brindar una retenci\u00f3n t\u00e9rmica excepcional, manteniendo sus art\u00edculos refrigerados durante d\u00edas.<\/li>\n<li><strong>Interior espacioso<\/strong>Con una capacidad generosa, este enfriador puede contener todos sus bocadillos, bebidas y elementos esenciales favoritos, perfecto para cualquier actividad al aire libre.<\/li>\n<li><strong>Construcci\u00f3n duradera<\/strong>Fabricado con materiales resistentes y de alta calidad, est\u00e1 dise\u00f1ado para resistir las inclemencias del tiempo. Su tapa robusta y sus seguros mecanismos de cierre garantizan la seguridad de su contenido.<\/li>\n<li><strong>Dise\u00f1o vers\u00e1til<\/strong>Ligero pero robusto, este enfriador cuenta con un asa c\u00f3moda para transportarlo f\u00e1cilmente, lo que lo hace ideal para viajes de campamento, barbacoas o reuniones previas al evento.<\/li>\n<li><strong>F\u00e1cil de limpiar<\/strong>El interior suave y antiadherente facilita la limpieza, lo que le permite pasar m\u00e1s tiempo disfrutando de sus aventuras y menos tiempo preocup\u00e1ndose por el desorden.<\/li>\n<\/ul>\n<h4>\u00bfPor qu\u00e9 elegir nuestro enfriador?<\/h4>\n<p>Experimente la combinaci\u00f3n de estilo y funcionalidad. Su elegante dise\u00f1o exterior no solo destaca, sino que tambi\u00e9n es pr\u00e1ctico para el uso diario. Equipada con caracter\u00edsticas dise\u00f1adas para mejorar sus experiencias al aire libre, nuestra hielera Premium es imprescindible para cualquier entusiasta.<\/p>\n<h4>Perfecto para:<\/h4>\n<ul>\n<li>Viajes de campamento<\/li>\n<li>Salidas a la playa<\/li>\n<li>Eventos de tailgating<\/li>\n<li>picnics familiares<\/li>\n<li>Actividades deportivas<\/li>\n<\/ul>\n<p>Mejora tus aventuras al aire libre con el\u00a0<strong>Nevera port\u00e1til de alta calidad<\/strong>\u2014\u00a1Porque los grandes recuerdos se crean con buena comida y bebidas fr\u00edas!<\/p>","protected":false},"excerpt":{"rendered":"<p>Premium Ice Cooler Box Keep It Cool, Wherever You Go! Introducing our\u00a0Premium Ice Cooler Box, designed for adventurers, picnickers, and [&hellip;]<\/p>","protected":false},"featured_media":7860,"template":"","meta":{"_acf_changed":false,"_uag_custom_page_level_css":"","site-sidebar-layout":"default","site-content-layout":"","ast-site-content-layout":"default","site-content-style":"default","site-sidebar-style":"default","ast-global-header-display":"","ast-banner-title-visibility":"","ast-main-header-display":"","ast-hfb-above-header-display":"","ast-hfb-below-header-display":"","ast-hfb-mobile-header-display":"","site-post-title":"","ast-breadcrumbs-content":"","ast-featured-img":"","footer-sml-layout":"","theme-transparent-header-meta":"default","adv-header-id-meta":"","stick-header-meta":"","header-above-stick-meta":"","header-main-stick-meta":"","header-below-stick-meta":"","astra-migrate-meta-layouts":"set","ast-page-background-enabled":"default","ast-page-background-meta":{"desktop":{"background-color":"var(--ast-global-color-4)","background-image":"","background-repeat":"repeat","background-position":"center center","background-size":"auto","background-attachment":"scroll","background-type":"","background-media":"","overlay-type":"","overlay-color":"","overlay-opacity":"","overlay-gradient":""},"tablet":{"background-color":"","background-image":"","background-repeat":"repeat","background-position":"center center","background-size":"auto","background-attachment":"scroll","background-type":"","background-media":"","overlay-type":"","overlay-color":"","overlay-opacity":"","overlay-gradient":""},"mobile":{"background-color":"","background-image":"","background-repeat":"repeat","background-position":"center center","background-size":"auto","background-attachment":"scroll","background-type":"","background-media":"","overlay-type":"","overlay-color":"","overlay-opacity":"","overlay-gradient":""}},"ast-content-background-meta":{"desktop":{"background-color":"var(--ast-global-color-5)","background-image":"","background-repeat":"repeat","background-position":"center center","background-size":"auto","background-attachment":"scroll","background-type":"","background-media":"","overlay-type":"","overlay-color":"","overlay-opacity":"","overlay-gradient":""},"tablet":{"background-color":"var(--ast-global-color-5)","background-image":"","background-repeat":"repeat","background-position":"center center","background-size":"auto","background-attachment":"scroll","background-type":"","background-media":"","overlay-type":"","overlay-color":"","overlay-opacity":"","overlay-gradient":""},"mobile":{"background-color":"var(--ast-global-color-5)","background-image":"","background-repeat":"repeat","background-position":"center center","background-size":"auto","background-attachment":"scroll","background-type":"","background-media":"","overlay-type":"","overlay-color":"","overlay-opacity":"","overlay-gradient":""}}},"product_brand":[],"product_cat":[151],"product_tag":[153],"class_list":{"0":"post-7856","1":"product","2":"type-product","3":"status-publish","4":"has-post-thumbnail","6":"product_cat-ice-storage-box","7":"product_tag-insulated-box","8":"desktop-align-left","9":"tablet-align-left","10":"mobile-align-left","12":"first","13":"instock","14":"shipping-taxable","15":"product-type-simple"},"acf":[],"yoast_head":"<!-- This site is optimized with the Yoast SEO plugin v26.4 - https:\/\/yoast.com\/wordpress\/plugins\/seo\/ -->\n<title>Heavy-Duty Ice Box for Fishing &amp; Camping - cooler box wholesale<\/title>\n<meta name=\"robots\" content=\"index, follow, max-snippet:-1, max-image-preview:large, max-video-preview:-1\" \/>\n<link rel=\"canonical\" href=\"https:\/\/www.plastic-crates.co.in\/es\/product\/nevera-de-alta-resistencia-para-pesca-y-camping\/\" \/>\n<meta property=\"og:locale\" content=\"es_ES\" \/>\n<meta property=\"og:type\" content=\"article\" \/>\n<meta property=\"og:title\" content=\"Heavy-Duty Ice Box for Fishing &amp; Camping - cooler box wholesale\" \/>\n<meta property=\"og:description\" content=\"Premium Ice Cooler Box Keep It Cool, Wherever You Go! Introducing our\u00a0Premium Ice Cooler Box, designed for adventurers, picnickers, and [&hellip;]\" \/>\n<meta property=\"og:url\" content=\"https:\/\/www.plastic-crates.co.in\/es\/product\/nevera-de-alta-resistencia-para-pesca-y-camping\/\" \/>\n<meta property=\"og:site_name\" content=\"Wholesale plastic crates\" \/>\n<meta property=\"article:modified_time\" content=\"2025-05-10T02:24:14+00:00\" \/>\n<meta property=\"og:image\" content=\"https:\/\/www.plastic-crates.co.in\/wp-content\/uploads\/2025\/05\/heavy-duty-ice-box-for-fishing-camping-1.jpg\" \/>\n\t<meta property=\"og:image:width\" content=\"1200\" \/>\n\t<meta property=\"og:image:height\" content=\"1200\" \/>\n\t<meta property=\"og:image:type\" content=\"image\/jpeg\" \/>\n<meta name=\"twitter:card\" content=\"summary_large_image\" \/>\n<meta name=\"twitter:label1\" content=\"Tiempo de lectura\" \/>\n\t<meta name=\"twitter:data1\" content=\"2 minutos\" \/>\n<script type=\"application\/ld+json\" class=\"yoast-schema-graph\">{\"@context\":\"https:\/\/schema.org\",\"@graph\":[{\"@type\":\"WebPage\",\"@id\":\"https:\/\/www.plastic-crates.co.in\/product\/heavy-duty-ice-box-for-fishing-camping\/\",\"url\":\"https:\/\/www.plastic-crates.co.in\/product\/heavy-duty-ice-box-for-fishing-camping\/\",\"name\":\"Heavy-Duty Ice Box for Fishing & Camping - cooler box wholesale\",\"isPartOf\":{\"@id\":\"https:\/\/www.plastic-crates.co.in\/#website\"},\"primaryImageOfPage\":{\"@id\":\"https:\/\/www.plastic-crates.co.in\/product\/heavy-duty-ice-box-for-fishing-camping\/#primaryimage\"},\"image\":{\"@id\":\"https:\/\/www.plastic-crates.co.in\/product\/heavy-duty-ice-box-for-fishing-camping\/#primaryimage\"},\"thumbnailUrl\":\"https:\/\/www.plastic-crates.co.in\/wp-content\/uploads\/2025\/05\/heavy-duty-ice-box-for-fishing-camping-1.jpg\",\"datePublished\":\"2025-05-04T00:19:45+00:00\",\"dateModified\":\"2025-05-10T02:24:14+00:00\",\"breadcrumb\":{\"@id\":\"https:\/\/www.plastic-crates.co.in\/product\/heavy-duty-ice-box-for-fishing-camping\/#breadcrumb\"},\"inLanguage\":\"es\",\"potentialAction\":[{\"@type\":\"ReadAction\",\"target\":[\"https:\/\/www.plastic-crates.co.in\/product\/heavy-duty-ice-box-for-fishing-camping\/\"]}]},{\"@type\":\"ImageObject\",\"inLanguage\":\"es\",\"@id\":\"https:\/\/www.plastic-crates.co.in\/product\/heavy-duty-ice-box-for-fishing-camping\/#primaryimage\",\"url\":\"https:\/\/www.plastic-crates.co.in\/wp-content\/uploads\/2025\/05\/heavy-duty-ice-box-for-fishing-camping-1.jpg\",\"contentUrl\":\"https:\/\/www.plastic-crates.co.in\/wp-content\/uploads\/2025\/05\/heavy-duty-ice-box-for-fishing-camping-1.jpg\",\"width\":1200,\"height\":1200,\"caption\":\"Food Grade Outdoor Cooler box\"},{\"@type\":\"BreadcrumbList\",\"@id\":\"https:\/\/www.plastic-crates.co.in\/product\/heavy-duty-ice-box-for-fishing-camping\/#breadcrumb\",\"itemListElement\":[{\"@type\":\"ListItem\",\"position\":1,\"name\":\"Home\",\"item\":\"https:\/\/www.plastic-crates.co.in\/\"},{\"@type\":\"ListItem\",\"position\":2,\"name\":\"Products\",\"item\":\"https:\/\/www.plastic-crates.co.in\/shop\/\"},{\"@type\":\"ListItem\",\"position\":3,\"name\":\"Heavy-Duty Ice Box for Fishing &#038; Camping\"}]},{\"@type\":\"WebSite\",\"@id\":\"https:\/\/www.plastic-crates.co.in\/#website\",\"url\":\"https:\/\/www.plastic-crates.co.in\/\",\"name\":\"Wholesale plastic crates\",\"description\":\"Leading plastic crates manufacturer in China\",\"potentialAction\":[{\"@type\":\"SearchAction\",\"target\":{\"@type\":\"EntryPoint\",\"urlTemplate\":\"https:\/\/www.plastic-crates.co.in\/?s={search_term_string}\"},\"query-input\":{\"@type\":\"PropertyValueSpecification\",\"valueRequired\":true,\"valueName\":\"search_term_string\"}}],\"inLanguage\":\"es\"}]}<\/script>\n<!-- \/ Yoast SEO plugin. -->","yoast_head_json":{"title":"Nevera port\u00e1til de alta resistencia para pesca y camping - venta al por mayor de neveras port\u00e1tiles","robots":{"index":"index","follow":"follow","max-snippet":"max-snippet:-1","max-image-preview":"max-image-preview:large","max-video-preview":"max-video-preview:-1"},"canonical":"https:\/\/www.plastic-crates.co.in\/es\/product\/nevera-de-alta-resistencia-para-pesca-y-camping\/","og_locale":"es_ES","og_type":"article","og_title":"Heavy-Duty Ice Box for Fishing & Camping - cooler box wholesale","og_description":"Premium Ice Cooler Box Keep It Cool, Wherever You Go! Introducing our\u00a0Premium Ice Cooler Box, designed for adventurers, picnickers, and [&hellip;]","og_url":"https:\/\/www.plastic-crates.co.in\/es\/product\/nevera-de-alta-resistencia-para-pesca-y-camping\/","og_site_name":"Wholesale plastic crates","article_modified_time":"2025-05-10T02:24:14+00:00","og_image":[{"width":1200,"height":1200,"url":"https:\/\/www.plastic-crates.co.in\/wp-content\/uploads\/2025\/05\/heavy-duty-ice-box-for-fishing-camping-1.jpg","type":"image\/jpeg"}],"twitter_card":"summary_large_image","twitter_misc":{"Tiempo de lectura":"2 minutos"},"schema":{"@context":"https:\/\/schema.org","@graph":[{"@type":"WebPage","@id":"https:\/\/www.plastic-crates.co.in\/product\/heavy-duty-ice-box-for-fishing-camping\/","url":"https:\/\/www.plastic-crates.co.in\/product\/heavy-duty-ice-box-for-fishing-camping\/","name":"Nevera port\u00e1til de alta resistencia para pesca y camping - venta al por mayor de neveras port\u00e1tiles","isPartOf":{"@id":"https:\/\/www.plastic-crates.co.in\/#website"},"primaryImageOfPage":{"@id":"https:\/\/www.plastic-crates.co.in\/product\/heavy-duty-ice-box-for-fishing-camping\/#primaryimage"},"image":{"@id":"https:\/\/www.plastic-crates.co.in\/product\/heavy-duty-ice-box-for-fishing-camping\/#primaryimage"},"thumbnailUrl":"https:\/\/www.plastic-crates.co.in\/wp-content\/uploads\/2025\/05\/heavy-duty-ice-box-for-fishing-camping-1.jpg","datePublished":"2025-05-04T00:19:45+00:00","dateModified":"2025-05-10T02:24:14+00:00","breadcrumb":{"@id":"https:\/\/www.plastic-crates.co.in\/product\/heavy-duty-ice-box-for-fishing-camping\/#breadcrumb"},"inLanguage":"es","potentialAction":[{"@type":"ReadAction","target":["https:\/\/www.plastic-crates.co.in\/product\/heavy-duty-ice-box-for-fishing-camping\/"]}]},{"@type":"ImageObject","inLanguage":"es","@id":"https:\/\/www.plastic-crates.co.in\/product\/heavy-duty-ice-box-for-fishing-camping\/#primaryimage","url":"https:\/\/www.plastic-crates.co.in\/wp-content\/uploads\/2025\/05\/heavy-duty-ice-box-for-fishing-camping-1.jpg","contentUrl":"https:\/\/www.plastic-crates.co.in\/wp-content\/uploads\/2025\/05\/heavy-duty-ice-box-for-fishing-camping-1.jpg","width":1200,"height":1200,"caption":"Food Grade Outdoor Cooler box"},{"@type":"BreadcrumbList","@id":"https:\/\/www.plastic-crates.co.in\/product\/heavy-duty-ice-box-for-fishing-camping\/#breadcrumb","itemListElement":[{"@type":"ListItem","position":1,"name":"Home","item":"https:\/\/www.plastic-crates.co.in\/"},{"@type":"ListItem","position":2,"name":"Products","item":"https:\/\/www.plastic-crates.co.in\/shop\/"},{"@type":"ListItem","position":3,"name":"Heavy-Duty Ice Box for Fishing &#038; Camping"}]},{"@type":"WebSite","@id":"https:\/\/www.plastic-crates.co.in\/#website","url":"https:\/\/www.plastic-crates.co.in\/","name":"Cajas de pl\u00e1stico al por mayor","description":"Fabricante l\u00edder de cajas de pl\u00e1stico en China","potentialAction":[{"@type":"SearchAction","target":{"@type":"EntryPoint","urlTemplate":"https:\/\/www.plastic-crates.co.in\/?s={search_term_string}"},"query-input":{"@type":"PropertyValueSpecification","valueRequired":true,"valueName":"search_term_string"}}],"inLanguage":"es"}]}},"uagb_featured_image_src":{"full":["https:\/\/www.plastic-crates.co.in\/wp-content\/uploads\/2025\/05\/heavy-duty-ice-box-for-fishing-camping-1.jpg",1200,1200,false],"thumbnail":["https:\/\/www.plastic-crates.co.in\/wp-content\/uploads\/2025\/05\/heavy-duty-ice-box-for-fishing-camping-1-150x150.jpg",150,150,true],"medium":["https:\/\/www.plastic-crates.co.in\/wp-content\/uploads\/2025\/05\/heavy-duty-ice-box-for-fishing-camping-1-300x300.jpg",300,300,true],"medium_large":["https:\/\/www.plastic-crates.co.in\/wp-content\/uploads\/2025\/05\/heavy-duty-ice-box-for-fishing-camping-1-768x768.jpg",768,768,true],"large":["https:\/\/www.plastic-crates.co.in\/wp-content\/uploads\/2025\/05\/heavy-duty-ice-box-for-fishing-camping-1-1024x1024.jpg",1024,1024,true],"1536x1536":["https:\/\/www.plastic-crates.co.in\/wp-content\/uploads\/2025\/05\/heavy-duty-ice-box-for-fishing-camping-1.jpg",1200,1200,false],"2048x2048":["https:\/\/www.plastic-crates.co.in\/wp-content\/uploads\/2025\/05\/heavy-duty-ice-box-for-fishing-camping-1.jpg",1200,1200,false],"trp-custom-language-flag":["https:\/\/www.plastic-crates.co.in\/wp-content\/uploads\/2025\/05\/heavy-duty-ice-box-for-fishing-camping-1-12x12.jpg",12,12,true],"woocommerce_thumbnail":["https:\/\/www.plastic-crates.co.in\/wp-content\/uploads\/2025\/05\/heavy-duty-ice-box-for-fishing-camping-1-300x300.jpg",300,300,true],"woocommerce_single":["https:\/\/www.plastic-crates.co.in\/wp-content\/uploads\/2025\/05\/heavy-duty-ice-box-for-fishing-camping-1-600x600.jpg",600,600,true],"woocommerce_gallery_thumbnail":["https:\/\/www.plastic-crates.co.in\/wp-content\/uploads\/2025\/05\/heavy-duty-ice-box-for-fishing-camping-1-100x100.jpg",100,100,true]},"uagb_author_info":{"display_name":"Atticus Dixon","author_link":"https:\/\/www.plastic-crates.co.in\/es\/author\/"},"uagb_comment_info":0,"uagb_excerpt":"Premium Ice Cooler Box Keep It Cool, Wherever You Go! Introducing our\u00a0Premium Ice Cooler Box, designed for adventurers, picnickers, and [&hellip;]","_links":{"self":[{"href":"https:\/\/www.plastic-crates.co.in\/es\/wp-json\/wp\/v2\/product\/7856","targetHints":{"allow":["GET"]}}],"collection":[{"href":"https:\/\/www.plastic-crates.co.in\/es\/wp-json\/wp\/v2\/product"}],"about":[{"href":"https:\/\/www.plastic-crates.co.in\/es\/wp-json\/wp\/v2\/types\/product"}],"wp:featuredmedia":[{"embeddable":true,"href":"https:\/\/www.plastic-crates.co.in\/es\/wp-json\/wp\/v2\/media\/7860"}],"wp:attachment":[{"href":"https:\/\/www.plastic-crates.co.in\/es\/wp-json\/wp\/v2\/media?parent=7856"}],"wp:term":[{"taxonomy":"product_brand","embeddable":true,"href":"https:\/\/www.plastic-crates.co.in\/es\/wp-json\/wp\/v2\/product_brand?post=7856"},{"taxonomy":"product_cat","embeddable":true,"href":"https:\/\/www.plastic-crates.co.in\/es\/wp-json\/wp\/v2\/product_cat?post=7856"},{"taxonomy":"product_tag","embeddable":true,"href":"https:\/\/www.plastic-crates.co.in\/es\/wp-json\/wp\/v2\/product_tag?post=7856"}],"curies":[{"name":"wp","href":"https:\/\/api.w.org\/{rel}","templated":true}]}}