{"id":7850,"date":"2025-05-02T23:17:47","date_gmt":"2025-05-02T23:17:47","guid":{"rendered":"https:\/\/www.plastic-crates.co.in\/hi\/product\/durable-plastic-fruit-crates-supplier-manufacturer\/"},"modified":"2025-05-02T23:22:04","modified_gmt":"2025-05-02T23:22:04","slug":"proveedor-y-fabricante-de-cajas-de-plastico-duraderas-para-frutas","status":"publish","type":"product","link":"https:\/\/www.plastic-crates.co.in\/es\/product\/proveedor-y-fabricante-de-cajas-de-plastico-duraderas-para-frutas\/","title":{"rendered":"Proveedor y fabricante de cajas de pl\u00e1stico duraderas para frutas"},"content":{"rendered":"<p>Transforme su cosecha con nuestro robusto <strong>Cajas de pl\u00e1stico para frutas<\/strong>!<\/p>\n<p>\u00bfBusca una forma eficiente y fiable de transportar y almacenar sus frutas y verduras? Nuestras cajas de pl\u00e1stico premium para fruta est\u00e1n dise\u00f1adas espec\u00edficamente para el mercado indio, garantizando durabilidad y versatilidad para todas sus necesidades agr\u00edcolas.<\/p>\n<p><strong>Caracter\u00edsticas principales:<\/strong><\/p>\n<ul>\n<li>Dise\u00f1o robusto: Fabricadas con pl\u00e1stico resistente y de alta calidad, estas cajas soportan el desgaste, lo que las hace perfectas para el uso diario en granjas, mercados y almacenamiento.<\/li>\n<li>Estructura ventilada: con orificios de ventilaci\u00f3n laterales, nuestras cajas promueven el flujo de aire, lo que ayuda a mantener sus productos frescos y reduce el deterioro.<\/li>\n<li>Apilables y ahorradores de espacio: con un dise\u00f1o apilable inteligente, estas cajas maximizan la eficiencia de almacenamiento y ahorran valioso espacio en su veh\u00edculo o \u00e1rea de almacenamiento.<\/li>\n<li>Colores vibrantes: Disponibles en tonos rojos y morados brillantes, nuestras cajas no solo son funcionales sino que tambi\u00e9n a\u00f1aden un toque de color a su negocio.<\/li>\n<li>F\u00e1cil manejo: Equipadas con asas resistentes, estas cajas son f\u00e1ciles de levantar y transportar, minimizando el esfuerzo involucrado en sus operaciones diarias.<\/li>\n<\/ul>\n<p><strong>Perfecto para<\/strong>:<br \/>\nAgricultores que buscan soluciones de almacenamiento confiables para su cosecha.<br \/>\nMayoristas y minoristas que necesitan unidades de exhibici\u00f3n eficientes para frutas y verduras.<br \/>\nHogares que buscan opciones pr\u00e1cticas de almacenamiento para sus alimentos.<\/p>","protected":false},"excerpt":{"rendered":"<p>Al elegir nuestras cajas de pl\u00e1stico para fruta, invierte en calidad y comodidad que mejorar\u00e1n sus pr\u00e1cticas agr\u00edcolas. \u00a1Haga su pedido ahora y consiga una soluci\u00f3n de almacenamiento confiable que se ajuste a sus necesidades!<\/p>\n<p>\u00a1Prep\u00e1rese hoy para mejorar su experiencia agr\u00edcola con nuestras duraderas cajas de pl\u00e1stico para frutas!<\/p>","protected":false},"featured_media":7845,"template":"","meta":{"_acf_changed":false,"_uag_custom_page_level_css":"","site-sidebar-layout":"default","site-content-layout":"","ast-site-content-layout":"default","site-content-style":"default","site-sidebar-style":"default","ast-global-header-display":"","ast-banner-title-visibility":"","ast-main-header-display":"","ast-hfb-above-header-display":"","ast-hfb-below-header-display":"","ast-hfb-mobile-header-display":"","site-post-title":"","ast-breadcrumbs-content":"","ast-featured-img":"","footer-sml-layout":"","theme-transparent-header-meta":"default","adv-header-id-meta":"","stick-header-meta":"","header-above-stick-meta":"","header-main-stick-meta":"","header-below-stick-meta":"","astra-migrate-meta-layouts":"set","ast-page-background-enabled":"default","ast-page-background-meta":{"desktop":{"background-color":"var(--ast-global-color-4)","background-image":"","background-repeat":"repeat","background-position":"center center","background-size":"auto","background-attachment":"scroll","background-type":"","background-media":"","overlay-type":"","overlay-color":"","overlay-opacity":"","overlay-gradient":""},"tablet":{"background-color":"","background-image":"","background-repeat":"repeat","background-position":"center center","background-size":"auto","background-attachment":"scroll","background-type":"","background-media":"","overlay-type":"","overlay-color":"","overlay-opacity":"","overlay-gradient":""},"mobile":{"background-color":"","background-image":"","background-repeat":"repeat","background-position":"center center","background-size":"auto","background-attachment":"scroll","background-type":"","background-media":"","overlay-type":"","overlay-color":"","overlay-opacity":"","overlay-gradient":""}},"ast-content-background-meta":{"desktop":{"background-color":"var(--ast-global-color-5)","background-image":"","background-repeat":"repeat","background-position":"center center","background-size":"auto","background-attachment":"scroll","background-type":"","background-media":"","overlay-type":"","overlay-color":"","overlay-opacity":"","overlay-gradient":""},"tablet":{"background-color":"var(--ast-global-color-5)","background-image":"","background-repeat":"repeat","background-position":"center center","background-size":"auto","background-attachment":"scroll","background-type":"","background-media":"","overlay-type":"","overlay-color":"","overlay-opacity":"","overlay-gradient":""},"mobile":{"background-color":"var(--ast-global-color-5)","background-image":"","background-repeat":"repeat","background-position":"center center","background-size":"auto","background-attachment":"scroll","background-type":"","background-media":"","overlay-type":"","overlay-color":"","overlay-opacity":"","overlay-gradient":""}}},"product_brand":[],"product_cat":[20],"product_tag":[],"class_list":{"0":"post-7850","1":"product","2":"type-product","3":"status-publish","4":"has-post-thumbnail","6":"product_cat-fruit-vegetable-crates","7":"desktop-align-left","8":"tablet-align-left","9":"mobile-align-left","11":"first","12":"instock","13":"shipping-taxable","14":"product-type-simple"},"acf":[],"yoast_head":"<!-- This site is optimized with the Yoast SEO plugin v26.4 - https:\/\/yoast.com\/wordpress\/plugins\/seo\/ -->\n<title>Durable plastic fruit crates supplier &amp; manufacturer - Wholesale plastic crates<\/title>\n<meta name=\"robots\" content=\"index, follow, max-snippet:-1, max-image-preview:large, max-video-preview:-1\" \/>\n<link rel=\"canonical\" href=\"https:\/\/www.plastic-crates.co.in\/es\/product\/proveedor-y-fabricante-de-cajas-de-plastico-duraderas-para-frutas\/\" \/>\n<meta property=\"og:locale\" content=\"es_ES\" \/>\n<meta property=\"og:type\" content=\"article\" \/>\n<meta property=\"og:title\" content=\"Durable plastic fruit crates supplier &amp; manufacturer - Wholesale plastic crates\" \/>\n<meta property=\"og:description\" content=\"By choosing our plastic fruit crates, you&#039;re investing in quality and convenience that will enhance your agricultural practices. Order now to secure a reliable storage solution that meets your needs!  Get ready to elevate your farming experience with our durable plastic fruit crates today!\" \/>\n<meta property=\"og:url\" content=\"https:\/\/www.plastic-crates.co.in\/es\/product\/proveedor-y-fabricante-de-cajas-de-plastico-duraderas-para-frutas\/\" \/>\n<meta property=\"og:site_name\" content=\"Wholesale plastic crates\" \/>\n<meta property=\"article:modified_time\" content=\"2025-05-02T23:22:04+00:00\" \/>\n<meta property=\"og:image\" content=\"https:\/\/www.plastic-crates.co.in\/wp-content\/uploads\/2025\/05\/plastic-fruit-crates-1.jpg\" \/>\n\t<meta property=\"og:image:width\" content=\"700\" \/>\n\t<meta property=\"og:image:height\" content=\"700\" \/>\n\t<meta property=\"og:image:type\" content=\"image\/jpeg\" \/>\n<meta name=\"twitter:card\" content=\"summary_large_image\" \/>\n<meta name=\"twitter:label1\" content=\"Tiempo de lectura\" \/>\n\t<meta name=\"twitter:data1\" content=\"2 minutos\" \/>\n<script type=\"application\/ld+json\" class=\"yoast-schema-graph\">{\"@context\":\"https:\/\/schema.org\",\"@graph\":[{\"@type\":\"WebPage\",\"@id\":\"https:\/\/www.plastic-crates.co.in\/product\/durable-plastic-fruit-crates-supplier-manufacturer\/\",\"url\":\"https:\/\/www.plastic-crates.co.in\/product\/durable-plastic-fruit-crates-supplier-manufacturer\/\",\"name\":\"Durable plastic fruit crates supplier & manufacturer - Wholesale plastic crates\",\"isPartOf\":{\"@id\":\"https:\/\/www.plastic-crates.co.in\/#website\"},\"primaryImageOfPage\":{\"@id\":\"https:\/\/www.plastic-crates.co.in\/product\/durable-plastic-fruit-crates-supplier-manufacturer\/#primaryimage\"},\"image\":{\"@id\":\"https:\/\/www.plastic-crates.co.in\/product\/durable-plastic-fruit-crates-supplier-manufacturer\/#primaryimage\"},\"thumbnailUrl\":\"https:\/\/www.plastic-crates.co.in\/wp-content\/uploads\/2025\/05\/plastic-fruit-crates-1.jpg\",\"datePublished\":\"2025-05-02T23:17:47+00:00\",\"dateModified\":\"2025-05-02T23:22:04+00:00\",\"breadcrumb\":{\"@id\":\"https:\/\/www.plastic-crates.co.in\/product\/durable-plastic-fruit-crates-supplier-manufacturer\/#breadcrumb\"},\"inLanguage\":\"es\",\"potentialAction\":[{\"@type\":\"ReadAction\",\"target\":[\"https:\/\/www.plastic-crates.co.in\/product\/durable-plastic-fruit-crates-supplier-manufacturer\/\"]}]},{\"@type\":\"ImageObject\",\"inLanguage\":\"es\",\"@id\":\"https:\/\/www.plastic-crates.co.in\/product\/durable-plastic-fruit-crates-supplier-manufacturer\/#primaryimage\",\"url\":\"https:\/\/www.plastic-crates.co.in\/wp-content\/uploads\/2025\/05\/plastic-fruit-crates-1.jpg\",\"contentUrl\":\"https:\/\/www.plastic-crates.co.in\/wp-content\/uploads\/2025\/05\/plastic-fruit-crates-1.jpg\",\"width\":700,\"height\":700,\"caption\":\"plastic fruit crates\"},{\"@type\":\"BreadcrumbList\",\"@id\":\"https:\/\/www.plastic-crates.co.in\/product\/durable-plastic-fruit-crates-supplier-manufacturer\/#breadcrumb\",\"itemListElement\":[{\"@type\":\"ListItem\",\"position\":1,\"name\":\"Home\",\"item\":\"https:\/\/www.plastic-crates.co.in\/\"},{\"@type\":\"ListItem\",\"position\":2,\"name\":\"Products\",\"item\":\"https:\/\/www.plastic-crates.co.in\/shop\/\"},{\"@type\":\"ListItem\",\"position\":3,\"name\":\"Durable plastic fruit crates supplier &#038; manufacturer\"}]},{\"@type\":\"WebSite\",\"@id\":\"https:\/\/www.plastic-crates.co.in\/#website\",\"url\":\"https:\/\/www.plastic-crates.co.in\/\",\"name\":\"Wholesale plastic crates\",\"description\":\"Leading plastic crates manufacturer in China\",\"potentialAction\":[{\"@type\":\"SearchAction\",\"target\":{\"@type\":\"EntryPoint\",\"urlTemplate\":\"https:\/\/www.plastic-crates.co.in\/?s={search_term_string}\"},\"query-input\":{\"@type\":\"PropertyValueSpecification\",\"valueRequired\":true,\"valueName\":\"search_term_string\"}}],\"inLanguage\":\"es\"}]}<\/script>\n<!-- \/ Yoast SEO plugin. -->","yoast_head_json":{"title":"Proveedor y fabricante de cajas de pl\u00e1stico duraderas para frutas - Cajas de pl\u00e1stico al por mayor","robots":{"index":"index","follow":"follow","max-snippet":"max-snippet:-1","max-image-preview":"max-image-preview:large","max-video-preview":"max-video-preview:-1"},"canonical":"https:\/\/www.plastic-crates.co.in\/es\/product\/proveedor-y-fabricante-de-cajas-de-plastico-duraderas-para-frutas\/","og_locale":"es_ES","og_type":"article","og_title":"Durable plastic fruit crates supplier & manufacturer - Wholesale plastic crates","og_description":"By choosing our plastic fruit crates, you're investing in quality and convenience that will enhance your agricultural practices. Order now to secure a reliable storage solution that meets your needs!  Get ready to elevate your farming experience with our durable plastic fruit crates today!","og_url":"https:\/\/www.plastic-crates.co.in\/es\/product\/proveedor-y-fabricante-de-cajas-de-plastico-duraderas-para-frutas\/","og_site_name":"Wholesale plastic crates","article_modified_time":"2025-05-02T23:22:04+00:00","og_image":[{"width":700,"height":700,"url":"https:\/\/www.plastic-crates.co.in\/wp-content\/uploads\/2025\/05\/plastic-fruit-crates-1.jpg","type":"image\/jpeg"}],"twitter_card":"summary_large_image","twitter_misc":{"Tiempo de lectura":"2 minutos"},"schema":{"@context":"https:\/\/schema.org","@graph":[{"@type":"WebPage","@id":"https:\/\/www.plastic-crates.co.in\/product\/durable-plastic-fruit-crates-supplier-manufacturer\/","url":"https:\/\/www.plastic-crates.co.in\/product\/durable-plastic-fruit-crates-supplier-manufacturer\/","name":"Proveedor y fabricante de cajas de pl\u00e1stico duraderas para frutas - Cajas de pl\u00e1stico al por mayor","isPartOf":{"@id":"https:\/\/www.plastic-crates.co.in\/#website"},"primaryImageOfPage":{"@id":"https:\/\/www.plastic-crates.co.in\/product\/durable-plastic-fruit-crates-supplier-manufacturer\/#primaryimage"},"image":{"@id":"https:\/\/www.plastic-crates.co.in\/product\/durable-plastic-fruit-crates-supplier-manufacturer\/#primaryimage"},"thumbnailUrl":"https:\/\/www.plastic-crates.co.in\/wp-content\/uploads\/2025\/05\/plastic-fruit-crates-1.jpg","datePublished":"2025-05-02T23:17:47+00:00","dateModified":"2025-05-02T23:22:04+00:00","breadcrumb":{"@id":"https:\/\/www.plastic-crates.co.in\/product\/durable-plastic-fruit-crates-supplier-manufacturer\/#breadcrumb"},"inLanguage":"es","potentialAction":[{"@type":"ReadAction","target":["https:\/\/www.plastic-crates.co.in\/product\/durable-plastic-fruit-crates-supplier-manufacturer\/"]}]},{"@type":"ImageObject","inLanguage":"es","@id":"https:\/\/www.plastic-crates.co.in\/product\/durable-plastic-fruit-crates-supplier-manufacturer\/#primaryimage","url":"https:\/\/www.plastic-crates.co.in\/wp-content\/uploads\/2025\/05\/plastic-fruit-crates-1.jpg","contentUrl":"https:\/\/www.plastic-crates.co.in\/wp-content\/uploads\/2025\/05\/plastic-fruit-crates-1.jpg","width":700,"height":700,"caption":"plastic fruit crates"},{"@type":"BreadcrumbList","@id":"https:\/\/www.plastic-crates.co.in\/product\/durable-plastic-fruit-crates-supplier-manufacturer\/#breadcrumb","itemListElement":[{"@type":"ListItem","position":1,"name":"Home","item":"https:\/\/www.plastic-crates.co.in\/"},{"@type":"ListItem","position":2,"name":"Products","item":"https:\/\/www.plastic-crates.co.in\/shop\/"},{"@type":"ListItem","position":3,"name":"Durable plastic fruit crates supplier &#038; manufacturer"}]},{"@type":"WebSite","@id":"https:\/\/www.plastic-crates.co.in\/#website","url":"https:\/\/www.plastic-crates.co.in\/","name":"Cajas de pl\u00e1stico al por mayor","description":"Fabricante l\u00edder de cajas de pl\u00e1stico en China","potentialAction":[{"@type":"SearchAction","target":{"@type":"EntryPoint","urlTemplate":"https:\/\/www.plastic-crates.co.in\/?s={search_term_string}"},"query-input":{"@type":"PropertyValueSpecification","valueRequired":true,"valueName":"search_term_string"}}],"inLanguage":"es"}]}},"uagb_featured_image_src":{"full":["https:\/\/www.plastic-crates.co.in\/wp-content\/uploads\/2025\/05\/plastic-fruit-crates-1.jpg",700,700,false],"thumbnail":["https:\/\/www.plastic-crates.co.in\/wp-content\/uploads\/2025\/05\/plastic-fruit-crates-1-150x150.jpg",150,150,true],"medium":["https:\/\/www.plastic-crates.co.in\/wp-content\/uploads\/2025\/05\/plastic-fruit-crates-1-300x300.jpg",300,300,true],"medium_large":["https:\/\/www.plastic-crates.co.in\/wp-content\/uploads\/2025\/05\/plastic-fruit-crates-1.jpg",700,700,false],"large":["https:\/\/www.plastic-crates.co.in\/wp-content\/uploads\/2025\/05\/plastic-fruit-crates-1.jpg",700,700,false],"1536x1536":["https:\/\/www.plastic-crates.co.in\/wp-content\/uploads\/2025\/05\/plastic-fruit-crates-1.jpg",700,700,false],"2048x2048":["https:\/\/www.plastic-crates.co.in\/wp-content\/uploads\/2025\/05\/plastic-fruit-crates-1.jpg",700,700,false],"trp-custom-language-flag":["https:\/\/www.plastic-crates.co.in\/wp-content\/uploads\/2025\/05\/plastic-fruit-crates-1-12x12.jpg",12,12,true],"woocommerce_thumbnail":["https:\/\/www.plastic-crates.co.in\/wp-content\/uploads\/2025\/05\/plastic-fruit-crates-1-300x300.jpg",300,300,true],"woocommerce_single":["https:\/\/www.plastic-crates.co.in\/wp-content\/uploads\/2025\/05\/plastic-fruit-crates-1-600x600.jpg",600,600,true],"woocommerce_gallery_thumbnail":["https:\/\/www.plastic-crates.co.in\/wp-content\/uploads\/2025\/05\/plastic-fruit-crates-1-100x100.jpg",100,100,true]},"uagb_author_info":{"display_name":"Atticus Dixon","author_link":"https:\/\/www.plastic-crates.co.in\/es\/author\/"},"uagb_comment_info":0,"uagb_excerpt":"By choosing our plastic fruit crates, you're investing in quality and convenience that will enhance your agricultural practices. Order now to secure a reliable storage solution that meets your needs! Get ready to elevate your farming experience with our durable plastic fruit crates today!","_links":{"self":[{"href":"https:\/\/www.plastic-crates.co.in\/es\/wp-json\/wp\/v2\/product\/7850","targetHints":{"allow":["GET"]}}],"collection":[{"href":"https:\/\/www.plastic-crates.co.in\/es\/wp-json\/wp\/v2\/product"}],"about":[{"href":"https:\/\/www.plastic-crates.co.in\/es\/wp-json\/wp\/v2\/types\/product"}],"wp:featuredmedia":[{"embeddable":true,"href":"https:\/\/www.plastic-crates.co.in\/es\/wp-json\/wp\/v2\/media\/7845"}],"wp:attachment":[{"href":"https:\/\/www.plastic-crates.co.in\/es\/wp-json\/wp\/v2\/media?parent=7850"}],"wp:term":[{"taxonomy":"product_brand","embeddable":true,"href":"https:\/\/www.plastic-crates.co.in\/es\/wp-json\/wp\/v2\/product_brand?post=7850"},{"taxonomy":"product_cat","embeddable":true,"href":"https:\/\/www.plastic-crates.co.in\/es\/wp-json\/wp\/v2\/product_cat?post=7850"},{"taxonomy":"product_tag","embeddable":true,"href":"https:\/\/www.plastic-crates.co.in\/es\/wp-json\/wp\/v2\/product_tag?post=7850"}],"curies":[{"name":"wp","href":"https:\/\/api.w.org\/{rel}","templated":true}]}}