{"id":7827,"date":"2025-05-02T21:56:31","date_gmt":"2025-05-02T21:56:31","guid":{"rendered":"https:\/\/www.plastic-crates.co.in\/hi\/product\/tough-stack-nest-storage-bins-with-lid\/"},"modified":"2025-05-09T22:32:52","modified_gmt":"2025-05-09T22:32:52","slug":"contenedores-de-almacenamiento-apilables-resistentes-con-tapa","status":"publish","type":"product","link":"https:\/\/www.plastic-crates.co.in\/es\/product\/contenedores-de-almacenamiento-apilables-resistentes-con-tapa\/","title":{"rendered":"Contenedores de almacenamiento Tough Stack Nest con tapa"},"content":{"rendered":"<p>\u00a1Organiza tu espacio f\u00e1cilmente con los contenedores de almacenamiento Tough Stack! Dise\u00f1ados para ofrecer versatilidad y durabilidad, estos elegantes contenedores blancos cuentan con tapas rojas vibrantes y mecanismos de cierre para mantener tus pertenencias seguras. Perfectos para guardar art\u00edculos de temporada, material de oficina o juguetes infantiles, su dise\u00f1o apilable maximiza la eficiencia del almacenamiento y minimiza el desorden.<\/p>","protected":false},"excerpt":{"rendered":"<p><a href=\"https:\/\/www.plastic-crates.co.in\/es\/maquina-de-moldeo-por-inyeccion-de-plastico\/\" target=\"_blank\" rel=\"noopener\">m\u00e1quina de moldeo por inyecci\u00f3n de pl\u00e1stico<\/a>, <a href=\"https:\/\/www.plastic-crates.co.in\/es\/product-category\/cajas-de-frutas-y-verduras\/\" target=\"_blank\" rel=\"noopener\">Cajas de verduras<\/a><\/p>","protected":false},"featured_media":7828,"template":"","meta":{"_acf_changed":false,"_uag_custom_page_level_css":"","site-sidebar-layout":"default","site-content-layout":"","ast-site-content-layout":"default","site-content-style":"default","site-sidebar-style":"default","ast-global-header-display":"","ast-banner-title-visibility":"","ast-main-header-display":"","ast-hfb-above-header-display":"","ast-hfb-below-header-display":"","ast-hfb-mobile-header-display":"","site-post-title":"","ast-breadcrumbs-content":"","ast-featured-img":"","footer-sml-layout":"","theme-transparent-header-meta":"default","adv-header-id-meta":"","stick-header-meta":"","header-above-stick-meta":"","header-main-stick-meta":"","header-below-stick-meta":"","astra-migrate-meta-layouts":"set","ast-page-background-enabled":"default","ast-page-background-meta":{"desktop":{"background-color":"var(--ast-global-color-4)","background-image":"","background-repeat":"repeat","background-position":"center center","background-size":"auto","background-attachment":"scroll","background-type":"","background-media":"","overlay-type":"","overlay-color":"","overlay-opacity":"","overlay-gradient":""},"tablet":{"background-color":"","background-image":"","background-repeat":"repeat","background-position":"center center","background-size":"auto","background-attachment":"scroll","background-type":"","background-media":"","overlay-type":"","overlay-color":"","overlay-opacity":"","overlay-gradient":""},"mobile":{"background-color":"","background-image":"","background-repeat":"repeat","background-position":"center center","background-size":"auto","background-attachment":"scroll","background-type":"","background-media":"","overlay-type":"","overlay-color":"","overlay-opacity":"","overlay-gradient":""}},"ast-content-background-meta":{"desktop":{"background-color":"var(--ast-global-color-5)","background-image":"","background-repeat":"repeat","background-position":"center center","background-size":"auto","background-attachment":"scroll","background-type":"","background-media":"","overlay-type":"","overlay-color":"","overlay-opacity":"","overlay-gradient":""},"tablet":{"background-color":"var(--ast-global-color-5)","background-image":"","background-repeat":"repeat","background-position":"center center","background-size":"auto","background-attachment":"scroll","background-type":"","background-media":"","overlay-type":"","overlay-color":"","overlay-opacity":"","overlay-gradient":""},"mobile":{"background-color":"var(--ast-global-color-5)","background-image":"","background-repeat":"repeat","background-position":"center center","background-size":"auto","background-attachment":"scroll","background-type":"","background-media":"","overlay-type":"","overlay-color":"","overlay-opacity":"","overlay-gradient":""}}},"product_brand":[],"product_cat":[8],"product_tag":[152],"class_list":{"0":"post-7827","1":"product","2":"type-product","3":"status-publish","4":"has-post-thumbnail","6":"product_cat-stack-and-nest-containers","7":"product_tag-plastic-crates-big-size","8":"desktop-align-left","9":"tablet-align-left","10":"mobile-align-left","12":"first","13":"instock","14":"shipping-taxable","15":"product-type-simple"},"acf":[],"yoast_head":"<!-- This site is optimized with the Yoast SEO plugin v26.4 - https:\/\/yoast.com\/wordpress\/plugins\/seo\/ -->\n<title>Tough Stack nest Storage Bins with Lid - Wholesale plastic crates<\/title>\n<meta name=\"robots\" content=\"index, follow, max-snippet:-1, max-image-preview:large, max-video-preview:-1\" \/>\n<link rel=\"canonical\" href=\"https:\/\/www.plastic-crates.co.in\/es\/product\/contenedores-de-almacenamiento-apilables-resistentes-con-tapa\/\" \/>\n<meta property=\"og:locale\" content=\"es_ES\" \/>\n<meta property=\"og:type\" content=\"article\" \/>\n<meta property=\"og:title\" content=\"Tough Stack nest Storage Bins with Lid - Wholesale plastic crates\" \/>\n<meta property=\"og:description\" content=\"plastic injection molding machine, Vegetable Crates\" \/>\n<meta property=\"og:url\" content=\"https:\/\/www.plastic-crates.co.in\/es\/product\/contenedores-de-almacenamiento-apilables-resistentes-con-tapa\/\" \/>\n<meta property=\"og:site_name\" content=\"Wholesale plastic crates\" \/>\n<meta property=\"article:modified_time\" content=\"2025-05-09T22:32:52+00:00\" \/>\n<meta property=\"og:image\" content=\"https:\/\/www.plastic-crates.co.in\/wp-content\/uploads\/2025\/05\/tough-stack-nest-storage-bins-with-lid-1.png\" \/>\n\t<meta property=\"og:image:width\" content=\"2000\" \/>\n\t<meta property=\"og:image:height\" content=\"2000\" \/>\n\t<meta property=\"og:image:type\" content=\"image\/png\" \/>\n<meta name=\"twitter:card\" content=\"summary_large_image\" \/>\n<meta name=\"twitter:label1\" content=\"Tiempo de lectura\" \/>\n\t<meta name=\"twitter:data1\" content=\"1 minuto\" \/>\n<script type=\"application\/ld+json\" class=\"yoast-schema-graph\">{\"@context\":\"https:\/\/schema.org\",\"@graph\":[{\"@type\":\"WebPage\",\"@id\":\"https:\/\/www.plastic-crates.co.in\/product\/tough-stack-nest-storage-bins-with-lid\/\",\"url\":\"https:\/\/www.plastic-crates.co.in\/product\/tough-stack-nest-storage-bins-with-lid\/\",\"name\":\"Tough Stack nest Storage Bins with Lid - Wholesale plastic crates\",\"isPartOf\":{\"@id\":\"https:\/\/www.plastic-crates.co.in\/#website\"},\"primaryImageOfPage\":{\"@id\":\"https:\/\/www.plastic-crates.co.in\/product\/tough-stack-nest-storage-bins-with-lid\/#primaryimage\"},\"image\":{\"@id\":\"https:\/\/www.plastic-crates.co.in\/product\/tough-stack-nest-storage-bins-with-lid\/#primaryimage\"},\"thumbnailUrl\":\"https:\/\/www.plastic-crates.co.in\/wp-content\/uploads\/2025\/05\/tough-stack-nest-storage-bins-with-lid-1.png\",\"datePublished\":\"2025-05-02T21:56:31+00:00\",\"dateModified\":\"2025-05-09T22:32:52+00:00\",\"breadcrumb\":{\"@id\":\"https:\/\/www.plastic-crates.co.in\/product\/tough-stack-nest-storage-bins-with-lid\/#breadcrumb\"},\"inLanguage\":\"es\",\"potentialAction\":[{\"@type\":\"ReadAction\",\"target\":[\"https:\/\/www.plastic-crates.co.in\/product\/tough-stack-nest-storage-bins-with-lid\/\"]}]},{\"@type\":\"ImageObject\",\"inLanguage\":\"es\",\"@id\":\"https:\/\/www.plastic-crates.co.in\/product\/tough-stack-nest-storage-bins-with-lid\/#primaryimage\",\"url\":\"https:\/\/www.plastic-crates.co.in\/wp-content\/uploads\/2025\/05\/tough-stack-nest-storage-bins-with-lid-1.png\",\"contentUrl\":\"https:\/\/www.plastic-crates.co.in\/wp-content\/uploads\/2025\/05\/tough-stack-nest-storage-bins-with-lid-1.png\",\"width\":2000,\"height\":2000,\"caption\":\"Tough Stack nest Storage Bins with Lid\"},{\"@type\":\"BreadcrumbList\",\"@id\":\"https:\/\/www.plastic-crates.co.in\/product\/tough-stack-nest-storage-bins-with-lid\/#breadcrumb\",\"itemListElement\":[{\"@type\":\"ListItem\",\"position\":1,\"name\":\"Home\",\"item\":\"https:\/\/www.plastic-crates.co.in\/\"},{\"@type\":\"ListItem\",\"position\":2,\"name\":\"Products\",\"item\":\"https:\/\/www.plastic-crates.co.in\/shop\/\"},{\"@type\":\"ListItem\",\"position\":3,\"name\":\"Tough Stack nest Storage Bins with Lid\"}]},{\"@type\":\"WebSite\",\"@id\":\"https:\/\/www.plastic-crates.co.in\/#website\",\"url\":\"https:\/\/www.plastic-crates.co.in\/\",\"name\":\"Wholesale plastic crates\",\"description\":\"Leading plastic crates manufacturer in China\",\"potentialAction\":[{\"@type\":\"SearchAction\",\"target\":{\"@type\":\"EntryPoint\",\"urlTemplate\":\"https:\/\/www.plastic-crates.co.in\/?s={search_term_string}\"},\"query-input\":{\"@type\":\"PropertyValueSpecification\",\"valueRequired\":true,\"valueName\":\"search_term_string\"}}],\"inLanguage\":\"es\"}]}<\/script>\n<!-- \/ Yoast SEO plugin. -->","yoast_head_json":{"title":"Contenedores de almacenamiento apilables resistentes con tapa - Cajas de pl\u00e1stico al por mayor","robots":{"index":"index","follow":"follow","max-snippet":"max-snippet:-1","max-image-preview":"max-image-preview:large","max-video-preview":"max-video-preview:-1"},"canonical":"https:\/\/www.plastic-crates.co.in\/es\/product\/contenedores-de-almacenamiento-apilables-resistentes-con-tapa\/","og_locale":"es_ES","og_type":"article","og_title":"Tough Stack nest Storage Bins with Lid - Wholesale plastic crates","og_description":"plastic injection molding machine, Vegetable Crates","og_url":"https:\/\/www.plastic-crates.co.in\/es\/product\/contenedores-de-almacenamiento-apilables-resistentes-con-tapa\/","og_site_name":"Wholesale plastic crates","article_modified_time":"2025-05-09T22:32:52+00:00","og_image":[{"width":2000,"height":2000,"url":"https:\/\/www.plastic-crates.co.in\/wp-content\/uploads\/2025\/05\/tough-stack-nest-storage-bins-with-lid-1.png","type":"image\/png"}],"twitter_card":"summary_large_image","twitter_misc":{"Tiempo de lectura":"1 minuto"},"schema":{"@context":"https:\/\/schema.org","@graph":[{"@type":"WebPage","@id":"https:\/\/www.plastic-crates.co.in\/product\/tough-stack-nest-storage-bins-with-lid\/","url":"https:\/\/www.plastic-crates.co.in\/product\/tough-stack-nest-storage-bins-with-lid\/","name":"Contenedores de almacenamiento apilables resistentes con tapa - Cajas de pl\u00e1stico al por mayor","isPartOf":{"@id":"https:\/\/www.plastic-crates.co.in\/#website"},"primaryImageOfPage":{"@id":"https:\/\/www.plastic-crates.co.in\/product\/tough-stack-nest-storage-bins-with-lid\/#primaryimage"},"image":{"@id":"https:\/\/www.plastic-crates.co.in\/product\/tough-stack-nest-storage-bins-with-lid\/#primaryimage"},"thumbnailUrl":"https:\/\/www.plastic-crates.co.in\/wp-content\/uploads\/2025\/05\/tough-stack-nest-storage-bins-with-lid-1.png","datePublished":"2025-05-02T21:56:31+00:00","dateModified":"2025-05-09T22:32:52+00:00","breadcrumb":{"@id":"https:\/\/www.plastic-crates.co.in\/product\/tough-stack-nest-storage-bins-with-lid\/#breadcrumb"},"inLanguage":"es","potentialAction":[{"@type":"ReadAction","target":["https:\/\/www.plastic-crates.co.in\/product\/tough-stack-nest-storage-bins-with-lid\/"]}]},{"@type":"ImageObject","inLanguage":"es","@id":"https:\/\/www.plastic-crates.co.in\/product\/tough-stack-nest-storage-bins-with-lid\/#primaryimage","url":"https:\/\/www.plastic-crates.co.in\/wp-content\/uploads\/2025\/05\/tough-stack-nest-storage-bins-with-lid-1.png","contentUrl":"https:\/\/www.plastic-crates.co.in\/wp-content\/uploads\/2025\/05\/tough-stack-nest-storage-bins-with-lid-1.png","width":2000,"height":2000,"caption":"Tough Stack nest Storage Bins with Lid"},{"@type":"BreadcrumbList","@id":"https:\/\/www.plastic-crates.co.in\/product\/tough-stack-nest-storage-bins-with-lid\/#breadcrumb","itemListElement":[{"@type":"ListItem","position":1,"name":"Home","item":"https:\/\/www.plastic-crates.co.in\/"},{"@type":"ListItem","position":2,"name":"Products","item":"https:\/\/www.plastic-crates.co.in\/shop\/"},{"@type":"ListItem","position":3,"name":"Tough Stack nest Storage Bins with Lid"}]},{"@type":"WebSite","@id":"https:\/\/www.plastic-crates.co.in\/#website","url":"https:\/\/www.plastic-crates.co.in\/","name":"Cajas de pl\u00e1stico al por mayor","description":"Fabricante l\u00edder de cajas de pl\u00e1stico en China","potentialAction":[{"@type":"SearchAction","target":{"@type":"EntryPoint","urlTemplate":"https:\/\/www.plastic-crates.co.in\/?s={search_term_string}"},"query-input":{"@type":"PropertyValueSpecification","valueRequired":true,"valueName":"search_term_string"}}],"inLanguage":"es"}]}},"uagb_featured_image_src":{"full":["https:\/\/www.plastic-crates.co.in\/wp-content\/uploads\/2025\/05\/tough-stack-nest-storage-bins-with-lid-1.png",2000,2000,false],"thumbnail":["https:\/\/www.plastic-crates.co.in\/wp-content\/uploads\/2025\/05\/tough-stack-nest-storage-bins-with-lid-1-150x150.png",150,150,true],"medium":["https:\/\/www.plastic-crates.co.in\/wp-content\/uploads\/2025\/05\/tough-stack-nest-storage-bins-with-lid-1-300x300.png",300,300,true],"medium_large":["https:\/\/www.plastic-crates.co.in\/wp-content\/uploads\/2025\/05\/tough-stack-nest-storage-bins-with-lid-1-768x768.png",768,768,true],"large":["https:\/\/www.plastic-crates.co.in\/wp-content\/uploads\/2025\/05\/tough-stack-nest-storage-bins-with-lid-1-1024x1024.png",1024,1024,true],"1536x1536":["https:\/\/www.plastic-crates.co.in\/wp-content\/uploads\/2025\/05\/tough-stack-nest-storage-bins-with-lid-1-1536x1536.png",1536,1536,true],"2048x2048":["https:\/\/www.plastic-crates.co.in\/wp-content\/uploads\/2025\/05\/tough-stack-nest-storage-bins-with-lid-1.png",2000,2000,false],"trp-custom-language-flag":["https:\/\/www.plastic-crates.co.in\/wp-content\/uploads\/2025\/05\/tough-stack-nest-storage-bins-with-lid-1-12x12.png",12,12,true],"woocommerce_thumbnail":["https:\/\/www.plastic-crates.co.in\/wp-content\/uploads\/2025\/05\/tough-stack-nest-storage-bins-with-lid-1-300x300.png",300,300,true],"woocommerce_single":["https:\/\/www.plastic-crates.co.in\/wp-content\/uploads\/2025\/05\/tough-stack-nest-storage-bins-with-lid-1-600x600.png",600,600,true],"woocommerce_gallery_thumbnail":["https:\/\/www.plastic-crates.co.in\/wp-content\/uploads\/2025\/05\/tough-stack-nest-storage-bins-with-lid-1-100x100.png",100,100,true]},"uagb_author_info":{"display_name":"Atticus Dixon","author_link":"https:\/\/www.plastic-crates.co.in\/es\/author\/"},"uagb_comment_info":0,"uagb_excerpt":"plastic injection molding machine, Vegetable Crates","_links":{"self":[{"href":"https:\/\/www.plastic-crates.co.in\/es\/wp-json\/wp\/v2\/product\/7827","targetHints":{"allow":["GET"]}}],"collection":[{"href":"https:\/\/www.plastic-crates.co.in\/es\/wp-json\/wp\/v2\/product"}],"about":[{"href":"https:\/\/www.plastic-crates.co.in\/es\/wp-json\/wp\/v2\/types\/product"}],"wp:featuredmedia":[{"embeddable":true,"href":"https:\/\/www.plastic-crates.co.in\/es\/wp-json\/wp\/v2\/media\/7828"}],"wp:attachment":[{"href":"https:\/\/www.plastic-crates.co.in\/es\/wp-json\/wp\/v2\/media?parent=7827"}],"wp:term":[{"taxonomy":"product_brand","embeddable":true,"href":"https:\/\/www.plastic-crates.co.in\/es\/wp-json\/wp\/v2\/product_brand?post=7827"},{"taxonomy":"product_cat","embeddable":true,"href":"https:\/\/www.plastic-crates.co.in\/es\/wp-json\/wp\/v2\/product_cat?post=7827"},{"taxonomy":"product_tag","embeddable":true,"href":"https:\/\/www.plastic-crates.co.in\/es\/wp-json\/wp\/v2\/product_tag?post=7827"}],"curies":[{"name":"wp","href":"https:\/\/api.w.org\/{rel}","templated":true}]}}