{"id":7806,"date":"2025-05-02T12:54:41","date_gmt":"2025-05-02T12:54:41","guid":{"rendered":"https:\/\/www.plastic-crates.co.in\/hi\/product\/plastic-crates-for-vegetables-stackable-durable-ventilated-storage-bins\/"},"modified":"2025-05-02T12:54:41","modified_gmt":"2025-05-02T12:54:41","slug":"cajas-de-plastico-para-verduras-apilables-duraderas-y-ventiladas","status":"publish","type":"product","link":"https:\/\/www.plastic-crates.co.in\/es\/product\/cajas-de-plastico-para-verduras-apilables-duraderas-y-ventiladas\/","title":{"rendered":"Cajas de pl\u00e1stico para verduras | Contenedores apilables, duraderos y ventilados"},"content":{"rendered":"<p>Nuestras cajas de pl\u00e1stico para verduras est\u00e1n dise\u00f1adas para la manipulaci\u00f3n, el transporte y el almacenamiento eficientes de productos frescos en granjas, mercados, supermercados y cadenas de suministro. Fabricadas con polipropileno resistente de grado alimenticio, estas cajas ofrecen una excelente ventilaci\u00f3n para mantener la frescura y evitar el deterioro.<\/p>\n<p>Ideales tanto para exhibiciones a corto plazo como para log\u00edstica de larga distancia, las cajas cuentan con un dise\u00f1o apilable, esquinas reforzadas y asas ergon\u00f3micas para facilitar su manejo. Son reutilizables, lavables y est\u00e1n disponibles en varios tama\u00f1os para adaptarse a todo tipo de verduras, desde hortalizas de hoja verde hasta tub\u00e9rculos.<\/p>","protected":false},"excerpt":{"rendered":"<p>Cajas de pl\u00e1stico ventiladas de calidad alimentaria para mantener la frescura. Perfectas para granjas, mandis, mercados mayoristas y cadenas de fr\u00edo.<\/p>","protected":false},"featured_media":7801,"template":"","meta":{"_acf_changed":false,"_uag_custom_page_level_css":"","site-sidebar-layout":"default","site-content-layout":"","ast-site-content-layout":"default","site-content-style":"default","site-sidebar-style":"default","ast-global-header-display":"","ast-banner-title-visibility":"","ast-main-header-display":"","ast-hfb-above-header-display":"","ast-hfb-below-header-display":"","ast-hfb-mobile-header-display":"","site-post-title":"","ast-breadcrumbs-content":"","ast-featured-img":"","footer-sml-layout":"","theme-transparent-header-meta":"","adv-header-id-meta":"","stick-header-meta":"","header-above-stick-meta":"","header-main-stick-meta":"","header-below-stick-meta":"","astra-migrate-meta-layouts":"default","ast-page-background-enabled":"default","ast-page-background-meta":{"desktop":{"background-color":"var(--ast-global-color-4)","background-image":"","background-repeat":"repeat","background-position":"center center","background-size":"auto","background-attachment":"scroll","background-type":"","background-media":"","overlay-type":"","overlay-color":"","overlay-opacity":"","overlay-gradient":""},"tablet":{"background-color":"","background-image":"","background-repeat":"repeat","background-position":"center center","background-size":"auto","background-attachment":"scroll","background-type":"","background-media":"","overlay-type":"","overlay-color":"","overlay-opacity":"","overlay-gradient":""},"mobile":{"background-color":"","background-image":"","background-repeat":"repeat","background-position":"center center","background-size":"auto","background-attachment":"scroll","background-type":"","background-media":"","overlay-type":"","overlay-color":"","overlay-opacity":"","overlay-gradient":""}},"ast-content-background-meta":{"desktop":{"background-color":"var(--ast-global-color-5)","background-image":"","background-repeat":"repeat","background-position":"center center","background-size":"auto","background-attachment":"scroll","background-type":"","background-media":"","overlay-type":"","overlay-color":"","overlay-opacity":"","overlay-gradient":""},"tablet":{"background-color":"var(--ast-global-color-5)","background-image":"","background-repeat":"repeat","background-position":"center center","background-size":"auto","background-attachment":"scroll","background-type":"","background-media":"","overlay-type":"","overlay-color":"","overlay-opacity":"","overlay-gradient":""},"mobile":{"background-color":"var(--ast-global-color-5)","background-image":"","background-repeat":"repeat","background-position":"center center","background-size":"auto","background-attachment":"scroll","background-type":"","background-media":"","overlay-type":"","overlay-color":"","overlay-opacity":"","overlay-gradient":""}}},"product_brand":[],"product_cat":[20],"product_tag":[],"class_list":{"0":"post-7806","1":"product","2":"type-product","3":"status-publish","4":"has-post-thumbnail","6":"product_cat-fruit-vegetable-crates","7":"desktop-align-left","8":"tablet-align-left","9":"mobile-align-left","11":"first","12":"instock","13":"shipping-taxable","14":"product-type-simple"},"acf":[],"yoast_head":"<!-- This site is optimized with the Yoast SEO plugin v26.4 - https:\/\/yoast.com\/wordpress\/plugins\/seo\/ -->\n<title>Plastic Crates for Vegetables | Stackable, Durable &amp; Ventilated Storage Bins - Wholesale plastic crates<\/title>\n<meta name=\"robots\" content=\"index, follow, max-snippet:-1, max-image-preview:large, max-video-preview:-1\" \/>\n<link rel=\"canonical\" href=\"https:\/\/www.plastic-crates.co.in\/es\/product\/cajas-de-plastico-para-verduras-apilables-duraderas-y-ventiladas\/\" \/>\n<meta property=\"og:locale\" content=\"es_ES\" \/>\n<meta property=\"og:type\" content=\"article\" \/>\n<meta property=\"og:title\" content=\"Plastic Crates for Vegetables | Stackable, Durable &amp; Ventilated Storage Bins - Wholesale plastic crates\" \/>\n<meta property=\"og:description\" content=\"Food-grade, ventilated plastic crates for freshness, Perfect for farms, mandis, wholesale markets, and cold chains\" \/>\n<meta property=\"og:url\" content=\"https:\/\/www.plastic-crates.co.in\/es\/product\/cajas-de-plastico-para-verduras-apilables-duraderas-y-ventiladas\/\" \/>\n<meta property=\"og:site_name\" content=\"Wholesale plastic crates\" \/>\n<meta name=\"twitter:card\" content=\"summary_large_image\" \/>\n<script type=\"application\/ld+json\" class=\"yoast-schema-graph\">{\"@context\":\"https:\/\/schema.org\",\"@graph\":[{\"@type\":\"WebPage\",\"@id\":\"https:\/\/www.plastic-crates.co.in\/hi\/product\/plastic-crates-for-vegetables-stackable-durable-ventilated-storage-bins\/\",\"url\":\"https:\/\/www.plastic-crates.co.in\/hi\/product\/plastic-crates-for-vegetables-stackable-durable-ventilated-storage-bins\/\",\"name\":\"Plastic Crates for Vegetables | Stackable, Durable &amp; Ventilated Storage Bins - Wholesale plastic crates\",\"isPartOf\":{\"@id\":\"https:\/\/www.plastic-crates.co.in\/#website\"},\"primaryImageOfPage\":{\"@id\":\"https:\/\/www.plastic-crates.co.in\/hi\/product\/plastic-crates-for-vegetables-stackable-durable-ventilated-storage-bins\/#primaryimage\"},\"image\":{\"@id\":\"https:\/\/www.plastic-crates.co.in\/hi\/product\/plastic-crates-for-vegetables-stackable-durable-ventilated-storage-bins\/#primaryimage\"},\"thumbnailUrl\":\"https:\/\/www.plastic-crates.co.in\/wp-content\/uploads\/2025\/05\/plastic-crates-for-vegetables-1.jpg\",\"datePublished\":\"2025-05-02T12:54:41+00:00\",\"breadcrumb\":{\"@id\":\"https:\/\/www.plastic-crates.co.in\/hi\/product\/plastic-crates-for-vegetables-stackable-durable-ventilated-storage-bins\/#breadcrumb\"},\"inLanguage\":\"es\",\"potentialAction\":[{\"@type\":\"ReadAction\",\"target\":[\"https:\/\/www.plastic-crates.co.in\/hi\/product\/plastic-crates-for-vegetables-stackable-durable-ventilated-storage-bins\/\"]}]},{\"@type\":\"ImageObject\",\"inLanguage\":\"es\",\"@id\":\"https:\/\/www.plastic-crates.co.in\/hi\/product\/plastic-crates-for-vegetables-stackable-durable-ventilated-storage-bins\/#primaryimage\",\"url\":\"https:\/\/www.plastic-crates.co.in\/wp-content\/uploads\/2025\/05\/plastic-crates-for-vegetables-1.jpg\",\"contentUrl\":\"https:\/\/www.plastic-crates.co.in\/wp-content\/uploads\/2025\/05\/plastic-crates-for-vegetables-1.jpg\",\"width\":700,\"height\":700,\"caption\":\"Plastic Crates for Vegetables\"},{\"@type\":\"BreadcrumbList\",\"@id\":\"https:\/\/www.plastic-crates.co.in\/hi\/product\/plastic-crates-for-vegetables-stackable-durable-ventilated-storage-bins\/#breadcrumb\",\"itemListElement\":[{\"@type\":\"ListItem\",\"position\":1,\"name\":\"Home\",\"item\":\"https:\/\/www.plastic-crates.co.in\/\"},{\"@type\":\"ListItem\",\"position\":2,\"name\":\"Products\",\"item\":\"https:\/\/www.plastic-crates.co.in\/shop\/\"},{\"@type\":\"ListItem\",\"position\":3,\"name\":\"Plastic Crates for Vegetables | Stackable, Durable &amp; Ventilated Storage Bins\"}]},{\"@type\":\"WebSite\",\"@id\":\"https:\/\/www.plastic-crates.co.in\/#website\",\"url\":\"https:\/\/www.plastic-crates.co.in\/\",\"name\":\"Wholesale plastic crates\",\"description\":\"Leading plastic crates manufacturer in China\",\"potentialAction\":[{\"@type\":\"SearchAction\",\"target\":{\"@type\":\"EntryPoint\",\"urlTemplate\":\"https:\/\/www.plastic-crates.co.in\/?s={search_term_string}\"},\"query-input\":{\"@type\":\"PropertyValueSpecification\",\"valueRequired\":true,\"valueName\":\"search_term_string\"}}],\"inLanguage\":\"es\"}]}<\/script>\n<!-- \/ Yoast SEO plugin. -->","yoast_head_json":{"title":"Cajas de pl\u00e1stico para verduras | Contenedores apilables, duraderos y ventilados - Cajas de pl\u00e1stico al por mayor","robots":{"index":"index","follow":"follow","max-snippet":"max-snippet:-1","max-image-preview":"max-image-preview:large","max-video-preview":"max-video-preview:-1"},"canonical":"https:\/\/www.plastic-crates.co.in\/es\/product\/cajas-de-plastico-para-verduras-apilables-duraderas-y-ventiladas\/","og_locale":"es_ES","og_type":"article","og_title":"Plastic Crates for Vegetables | Stackable, Durable &amp; Ventilated Storage Bins - Wholesale plastic crates","og_description":"Food-grade, ventilated plastic crates for freshness, Perfect for farms, mandis, wholesale markets, and cold chains","og_url":"https:\/\/www.plastic-crates.co.in\/es\/product\/cajas-de-plastico-para-verduras-apilables-duraderas-y-ventiladas\/","og_site_name":"Wholesale plastic crates","twitter_card":"summary_large_image","schema":{"@context":"https:\/\/schema.org","@graph":[{"@type":"WebPage","@id":"https:\/\/www.plastic-crates.co.in\/hi\/product\/plastic-crates-for-vegetables-stackable-durable-ventilated-storage-bins\/","url":"https:\/\/www.plastic-crates.co.in\/hi\/product\/plastic-crates-for-vegetables-stackable-durable-ventilated-storage-bins\/","name":"Cajas de pl\u00e1stico para verduras | Contenedores apilables, duraderos y ventilados - Cajas de pl\u00e1stico al por mayor","isPartOf":{"@id":"https:\/\/www.plastic-crates.co.in\/#website"},"primaryImageOfPage":{"@id":"https:\/\/www.plastic-crates.co.in\/hi\/product\/plastic-crates-for-vegetables-stackable-durable-ventilated-storage-bins\/#primaryimage"},"image":{"@id":"https:\/\/www.plastic-crates.co.in\/hi\/product\/plastic-crates-for-vegetables-stackable-durable-ventilated-storage-bins\/#primaryimage"},"thumbnailUrl":"https:\/\/www.plastic-crates.co.in\/wp-content\/uploads\/2025\/05\/plastic-crates-for-vegetables-1.jpg","datePublished":"2025-05-02T12:54:41+00:00","breadcrumb":{"@id":"https:\/\/www.plastic-crates.co.in\/hi\/product\/plastic-crates-for-vegetables-stackable-durable-ventilated-storage-bins\/#breadcrumb"},"inLanguage":"es","potentialAction":[{"@type":"ReadAction","target":["https:\/\/www.plastic-crates.co.in\/hi\/product\/plastic-crates-for-vegetables-stackable-durable-ventilated-storage-bins\/"]}]},{"@type":"ImageObject","inLanguage":"es","@id":"https:\/\/www.plastic-crates.co.in\/hi\/product\/plastic-crates-for-vegetables-stackable-durable-ventilated-storage-bins\/#primaryimage","url":"https:\/\/www.plastic-crates.co.in\/wp-content\/uploads\/2025\/05\/plastic-crates-for-vegetables-1.jpg","contentUrl":"https:\/\/www.plastic-crates.co.in\/wp-content\/uploads\/2025\/05\/plastic-crates-for-vegetables-1.jpg","width":700,"height":700,"caption":"Plastic Crates for Vegetables"},{"@type":"BreadcrumbList","@id":"https:\/\/www.plastic-crates.co.in\/hi\/product\/plastic-crates-for-vegetables-stackable-durable-ventilated-storage-bins\/#breadcrumb","itemListElement":[{"@type":"ListItem","position":1,"name":"Home","item":"https:\/\/www.plastic-crates.co.in\/"},{"@type":"ListItem","position":2,"name":"Products","item":"https:\/\/www.plastic-crates.co.in\/shop\/"},{"@type":"ListItem","position":3,"name":"Plastic Crates for Vegetables | Stackable, Durable &amp; Ventilated Storage Bins"}]},{"@type":"WebSite","@id":"https:\/\/www.plastic-crates.co.in\/#website","url":"https:\/\/www.plastic-crates.co.in\/","name":"Cajas de pl\u00e1stico al por mayor","description":"Fabricante l\u00edder de cajas de pl\u00e1stico en China","potentialAction":[{"@type":"SearchAction","target":{"@type":"EntryPoint","urlTemplate":"https:\/\/www.plastic-crates.co.in\/?s={search_term_string}"},"query-input":{"@type":"PropertyValueSpecification","valueRequired":true,"valueName":"search_term_string"}}],"inLanguage":"es"}]}},"uagb_featured_image_src":{"full":["https:\/\/www.plastic-crates.co.in\/wp-content\/uploads\/2025\/05\/plastic-crates-for-vegetables-1.jpg",700,700,false],"thumbnail":["https:\/\/www.plastic-crates.co.in\/wp-content\/uploads\/2025\/05\/plastic-crates-for-vegetables-1-150x150.jpg",150,150,true],"medium":["https:\/\/www.plastic-crates.co.in\/wp-content\/uploads\/2025\/05\/plastic-crates-for-vegetables-1-300x300.jpg",300,300,true],"medium_large":["https:\/\/www.plastic-crates.co.in\/wp-content\/uploads\/2025\/05\/plastic-crates-for-vegetables-1.jpg",700,700,false],"large":["https:\/\/www.plastic-crates.co.in\/wp-content\/uploads\/2025\/05\/plastic-crates-for-vegetables-1.jpg",700,700,false],"1536x1536":["https:\/\/www.plastic-crates.co.in\/wp-content\/uploads\/2025\/05\/plastic-crates-for-vegetables-1.jpg",700,700,false],"2048x2048":["https:\/\/www.plastic-crates.co.in\/wp-content\/uploads\/2025\/05\/plastic-crates-for-vegetables-1.jpg",700,700,false],"trp-custom-language-flag":["https:\/\/www.plastic-crates.co.in\/wp-content\/uploads\/2025\/05\/plastic-crates-for-vegetables-1-12x12.jpg",12,12,true],"woocommerce_thumbnail":["https:\/\/www.plastic-crates.co.in\/wp-content\/uploads\/2025\/05\/plastic-crates-for-vegetables-1-300x300.jpg",300,300,true],"woocommerce_single":["https:\/\/www.plastic-crates.co.in\/wp-content\/uploads\/2025\/05\/plastic-crates-for-vegetables-1-600x600.jpg",600,600,true],"woocommerce_gallery_thumbnail":["https:\/\/www.plastic-crates.co.in\/wp-content\/uploads\/2025\/05\/plastic-crates-for-vegetables-1-100x100.jpg",100,100,true]},"uagb_author_info":{"display_name":"Atticus Dixon","author_link":"https:\/\/www.plastic-crates.co.in\/es\/author\/"},"uagb_comment_info":0,"uagb_excerpt":"Food-grade, ventilated plastic crates for freshness, Perfect for farms, mandis, wholesale markets, and cold chains","_links":{"self":[{"href":"https:\/\/www.plastic-crates.co.in\/es\/wp-json\/wp\/v2\/product\/7806","targetHints":{"allow":["GET"]}}],"collection":[{"href":"https:\/\/www.plastic-crates.co.in\/es\/wp-json\/wp\/v2\/product"}],"about":[{"href":"https:\/\/www.plastic-crates.co.in\/es\/wp-json\/wp\/v2\/types\/product"}],"wp:featuredmedia":[{"embeddable":true,"href":"https:\/\/www.plastic-crates.co.in\/es\/wp-json\/wp\/v2\/media\/7801"}],"wp:attachment":[{"href":"https:\/\/www.plastic-crates.co.in\/es\/wp-json\/wp\/v2\/media?parent=7806"}],"wp:term":[{"taxonomy":"product_brand","embeddable":true,"href":"https:\/\/www.plastic-crates.co.in\/es\/wp-json\/wp\/v2\/product_brand?post=7806"},{"taxonomy":"product_cat","embeddable":true,"href":"https:\/\/www.plastic-crates.co.in\/es\/wp-json\/wp\/v2\/product_cat?post=7806"},{"taxonomy":"product_tag","embeddable":true,"href":"https:\/\/www.plastic-crates.co.in\/es\/wp-json\/wp\/v2\/product_tag?post=7806"}],"curies":[{"name":"wp","href":"https:\/\/api.w.org\/{rel}","templated":true}]}}