{"id":7787,"date":"2025-05-02T12:02:33","date_gmt":"2025-05-02T12:02:33","guid":{"rendered":"https:\/\/www.plastic-crates.co.in\/hi\/product\/durable-vegetable-tray-plastic-for-storage-display-wholesale-in-india\/"},"modified":"2025-05-10T05:57:29","modified_gmt":"2025-05-10T05:57:29","slug":"bandeja-de-plastico-duradera-para-verduras-para-exhibicion-y-almacenamiento-venta-al-por-mayor-en-india","status":"publish","type":"product","link":"https:\/\/www.plastic-crates.co.in\/es\/product\/bandeja-de-plastico-duradera-para-verduras-para-exhibicion-y-almacenamiento-venta-al-por-mayor-en-india\/","title":{"rendered":"Bandeja de pl\u00e1stico resistente para verduras, ideal para almacenamiento y exhibici\u00f3n. Venta al por mayor en India."},"content":{"rendered":"<p>Nuestras bandejas de pl\u00e1stico de alta calidad para verduras son ideales para almacenar, exhibir y transportar productos frescos en comercios minoristas, mayoristas y mercados. Dise\u00f1adas con ranuras de ventilaci\u00f3n y una construcci\u00f3n robusta, estas bandejas mantienen las verduras frescas y garantizan su durabilidad durante su manipulaci\u00f3n y apilado.<\/p>\n<p>Ampliamente utilizadas en los mercados indios, tiendas kirana, granjas y cadenas log\u00edsticas, nuestras bandejas est\u00e1n hechas de pl\u00e1stico apto para alimentos, son f\u00e1ciles de limpiar y est\u00e1n disponibles en varios tama\u00f1os y colores para adaptarse a sus necesidades.<\/p>","protected":false},"excerpt":{"rendered":"<p>Bandeja de pl\u00e1stico apilable y reutilizable para verduras: ideal para vendedores del mercado indio<\/p>","protected":false},"featured_media":7786,"template":"","meta":{"_acf_changed":false,"_uag_custom_page_level_css":"","site-sidebar-layout":"default","site-content-layout":"","ast-site-content-layout":"default","site-content-style":"default","site-sidebar-style":"default","ast-global-header-display":"","ast-banner-title-visibility":"","ast-main-header-display":"","ast-hfb-above-header-display":"","ast-hfb-below-header-display":"","ast-hfb-mobile-header-display":"","site-post-title":"","ast-breadcrumbs-content":"","ast-featured-img":"","footer-sml-layout":"","theme-transparent-header-meta":"default","adv-header-id-meta":"","stick-header-meta":"","header-above-stick-meta":"","header-main-stick-meta":"","header-below-stick-meta":"","astra-migrate-meta-layouts":"set","ast-page-background-enabled":"default","ast-page-background-meta":{"desktop":{"background-color":"var(--ast-global-color-4)","background-image":"","background-repeat":"repeat","background-position":"center center","background-size":"auto","background-attachment":"scroll","background-type":"","background-media":"","overlay-type":"","overlay-color":"","overlay-opacity":"","overlay-gradient":""},"tablet":{"background-color":"","background-image":"","background-repeat":"repeat","background-position":"center center","background-size":"auto","background-attachment":"scroll","background-type":"","background-media":"","overlay-type":"","overlay-color":"","overlay-opacity":"","overlay-gradient":""},"mobile":{"background-color":"","background-image":"","background-repeat":"repeat","background-position":"center center","background-size":"auto","background-attachment":"scroll","background-type":"","background-media":"","overlay-type":"","overlay-color":"","overlay-opacity":"","overlay-gradient":""}},"ast-content-background-meta":{"desktop":{"background-color":"var(--ast-global-color-5)","background-image":"","background-repeat":"repeat","background-position":"center center","background-size":"auto","background-attachment":"scroll","background-type":"","background-media":"","overlay-type":"","overlay-color":"","overlay-opacity":"","overlay-gradient":""},"tablet":{"background-color":"var(--ast-global-color-5)","background-image":"","background-repeat":"repeat","background-position":"center center","background-size":"auto","background-attachment":"scroll","background-type":"","background-media":"","overlay-type":"","overlay-color":"","overlay-opacity":"","overlay-gradient":""},"mobile":{"background-color":"var(--ast-global-color-5)","background-image":"","background-repeat":"repeat","background-position":"center center","background-size":"auto","background-attachment":"scroll","background-type":"","background-media":"","overlay-type":"","overlay-color":"","overlay-opacity":"","overlay-gradient":""}}},"product_brand":[],"product_cat":[20],"product_tag":[],"class_list":{"0":"post-7787","1":"product","2":"type-product","3":"status-publish","4":"has-post-thumbnail","6":"product_cat-fruit-vegetable-crates","7":"desktop-align-left","8":"tablet-align-left","9":"mobile-align-left","11":"first","12":"instock","13":"shipping-taxable","14":"product-type-simple"},"acf":[],"yoast_head":"<!-- This site is optimized with the Yoast SEO plugin v26.4 - https:\/\/yoast.com\/wordpress\/plugins\/seo\/ -->\n<title>Durable vegetable tray plastic for Storage &amp; Display \u2013 Wholesale in India - Wholesale plastic crates<\/title>\n<meta name=\"robots\" content=\"index, follow, max-snippet:-1, max-image-preview:large, max-video-preview:-1\" \/>\n<link rel=\"canonical\" href=\"https:\/\/www.plastic-crates.co.in\/es\/product\/bandeja-de-plastico-duradera-para-verduras-para-exhibicion-y-almacenamiento-venta-al-por-mayor-en-india\/\" \/>\n<meta property=\"og:locale\" content=\"es_ES\" \/>\n<meta property=\"og:type\" content=\"article\" \/>\n<meta property=\"og:title\" content=\"Durable vegetable tray plastic for Storage &amp; Display \u2013 Wholesale in India - Wholesale plastic crates\" \/>\n<meta property=\"og:description\" content=\"Stackable and reusable plastic vegetable tray \u2013 ideal for Indian market vendors\" \/>\n<meta property=\"og:url\" content=\"https:\/\/www.plastic-crates.co.in\/es\/product\/bandeja-de-plastico-duradera-para-verduras-para-exhibicion-y-almacenamiento-venta-al-por-mayor-en-india\/\" \/>\n<meta property=\"og:site_name\" content=\"Wholesale plastic crates\" \/>\n<meta property=\"article:modified_time\" content=\"2025-05-10T05:57:29+00:00\" \/>\n<meta property=\"og:image\" content=\"https:\/\/www.plastic-crates.co.in\/wp-content\/uploads\/2025\/05\/vegetable-tray-plastic-5.jpg\" \/>\n\t<meta property=\"og:image:width\" content=\"700\" \/>\n\t<meta property=\"og:image:height\" content=\"700\" \/>\n\t<meta property=\"og:image:type\" content=\"image\/jpeg\" \/>\n<meta name=\"twitter:card\" content=\"summary_large_image\" \/>\n<meta name=\"twitter:label1\" content=\"Tiempo de lectura\" \/>\n\t<meta name=\"twitter:data1\" content=\"1 minuto\" \/>\n<script type=\"application\/ld+json\" class=\"yoast-schema-graph\">{\"@context\":\"https:\/\/schema.org\",\"@graph\":[{\"@type\":\"WebPage\",\"@id\":\"https:\/\/www.plastic-crates.co.in\/product\/durable-vegetable-tray-plastic-for-storage-display-wholesale-in-india\/\",\"url\":\"https:\/\/www.plastic-crates.co.in\/product\/durable-vegetable-tray-plastic-for-storage-display-wholesale-in-india\/\",\"name\":\"Durable vegetable tray plastic for Storage &amp; Display \u2013 Wholesale in India - Wholesale plastic crates\",\"isPartOf\":{\"@id\":\"https:\/\/www.plastic-crates.co.in\/#website\"},\"primaryImageOfPage\":{\"@id\":\"https:\/\/www.plastic-crates.co.in\/product\/durable-vegetable-tray-plastic-for-storage-display-wholesale-in-india\/#primaryimage\"},\"image\":{\"@id\":\"https:\/\/www.plastic-crates.co.in\/product\/durable-vegetable-tray-plastic-for-storage-display-wholesale-in-india\/#primaryimage\"},\"thumbnailUrl\":\"https:\/\/www.plastic-crates.co.in\/wp-content\/uploads\/2025\/05\/vegetable-tray-plastic-5.jpg\",\"datePublished\":\"2025-05-02T12:02:33+00:00\",\"dateModified\":\"2025-05-10T05:57:29+00:00\",\"breadcrumb\":{\"@id\":\"https:\/\/www.plastic-crates.co.in\/product\/durable-vegetable-tray-plastic-for-storage-display-wholesale-in-india\/#breadcrumb\"},\"inLanguage\":\"es\",\"potentialAction\":[{\"@type\":\"ReadAction\",\"target\":[\"https:\/\/www.plastic-crates.co.in\/product\/durable-vegetable-tray-plastic-for-storage-display-wholesale-in-india\/\"]}]},{\"@type\":\"ImageObject\",\"inLanguage\":\"es\",\"@id\":\"https:\/\/www.plastic-crates.co.in\/product\/durable-vegetable-tray-plastic-for-storage-display-wholesale-in-india\/#primaryimage\",\"url\":\"https:\/\/www.plastic-crates.co.in\/wp-content\/uploads\/2025\/05\/vegetable-tray-plastic-5.jpg\",\"contentUrl\":\"https:\/\/www.plastic-crates.co.in\/wp-content\/uploads\/2025\/05\/vegetable-tray-plastic-5.jpg\",\"width\":700,\"height\":700,\"caption\":\"vegetable tray plastic\"},{\"@type\":\"BreadcrumbList\",\"@id\":\"https:\/\/www.plastic-crates.co.in\/product\/durable-vegetable-tray-plastic-for-storage-display-wholesale-in-india\/#breadcrumb\",\"itemListElement\":[{\"@type\":\"ListItem\",\"position\":1,\"name\":\"Home\",\"item\":\"https:\/\/www.plastic-crates.co.in\/\"},{\"@type\":\"ListItem\",\"position\":2,\"name\":\"Products\",\"item\":\"https:\/\/www.plastic-crates.co.in\/shop\/\"},{\"@type\":\"ListItem\",\"position\":3,\"name\":\"Durable vegetable tray plastic for Storage &amp; Display \u2013 Wholesale in India\"}]},{\"@type\":\"WebSite\",\"@id\":\"https:\/\/www.plastic-crates.co.in\/#website\",\"url\":\"https:\/\/www.plastic-crates.co.in\/\",\"name\":\"Wholesale plastic crates\",\"description\":\"Leading plastic crates manufacturer in China\",\"potentialAction\":[{\"@type\":\"SearchAction\",\"target\":{\"@type\":\"EntryPoint\",\"urlTemplate\":\"https:\/\/www.plastic-crates.co.in\/?s={search_term_string}\"},\"query-input\":{\"@type\":\"PropertyValueSpecification\",\"valueRequired\":true,\"valueName\":\"search_term_string\"}}],\"inLanguage\":\"es\"}]}<\/script>\n<!-- \/ Yoast SEO plugin. -->","yoast_head_json":{"title":"Bandeja de pl\u00e1stico resistente para verduras para almacenamiento y exhibici\u00f3n. Venta al por mayor en India. Cajas de pl\u00e1stico al por mayor.","robots":{"index":"index","follow":"follow","max-snippet":"max-snippet:-1","max-image-preview":"max-image-preview:large","max-video-preview":"max-video-preview:-1"},"canonical":"https:\/\/www.plastic-crates.co.in\/es\/product\/bandeja-de-plastico-duradera-para-verduras-para-exhibicion-y-almacenamiento-venta-al-por-mayor-en-india\/","og_locale":"es_ES","og_type":"article","og_title":"Durable vegetable tray plastic for Storage &amp; Display \u2013 Wholesale in India - Wholesale plastic crates","og_description":"Stackable and reusable plastic vegetable tray \u2013 ideal for Indian market vendors","og_url":"https:\/\/www.plastic-crates.co.in\/es\/product\/bandeja-de-plastico-duradera-para-verduras-para-exhibicion-y-almacenamiento-venta-al-por-mayor-en-india\/","og_site_name":"Wholesale plastic crates","article_modified_time":"2025-05-10T05:57:29+00:00","og_image":[{"width":700,"height":700,"url":"https:\/\/www.plastic-crates.co.in\/wp-content\/uploads\/2025\/05\/vegetable-tray-plastic-5.jpg","type":"image\/jpeg"}],"twitter_card":"summary_large_image","twitter_misc":{"Tiempo de lectura":"1 minuto"},"schema":{"@context":"https:\/\/schema.org","@graph":[{"@type":"WebPage","@id":"https:\/\/www.plastic-crates.co.in\/product\/durable-vegetable-tray-plastic-for-storage-display-wholesale-in-india\/","url":"https:\/\/www.plastic-crates.co.in\/product\/durable-vegetable-tray-plastic-for-storage-display-wholesale-in-india\/","name":"Bandeja de pl\u00e1stico resistente para verduras para almacenamiento y exhibici\u00f3n. Venta al por mayor en India. Cajas de pl\u00e1stico al por mayor.","isPartOf":{"@id":"https:\/\/www.plastic-crates.co.in\/#website"},"primaryImageOfPage":{"@id":"https:\/\/www.plastic-crates.co.in\/product\/durable-vegetable-tray-plastic-for-storage-display-wholesale-in-india\/#primaryimage"},"image":{"@id":"https:\/\/www.plastic-crates.co.in\/product\/durable-vegetable-tray-plastic-for-storage-display-wholesale-in-india\/#primaryimage"},"thumbnailUrl":"https:\/\/www.plastic-crates.co.in\/wp-content\/uploads\/2025\/05\/vegetable-tray-plastic-5.jpg","datePublished":"2025-05-02T12:02:33+00:00","dateModified":"2025-05-10T05:57:29+00:00","breadcrumb":{"@id":"https:\/\/www.plastic-crates.co.in\/product\/durable-vegetable-tray-plastic-for-storage-display-wholesale-in-india\/#breadcrumb"},"inLanguage":"es","potentialAction":[{"@type":"ReadAction","target":["https:\/\/www.plastic-crates.co.in\/product\/durable-vegetable-tray-plastic-for-storage-display-wholesale-in-india\/"]}]},{"@type":"ImageObject","inLanguage":"es","@id":"https:\/\/www.plastic-crates.co.in\/product\/durable-vegetable-tray-plastic-for-storage-display-wholesale-in-india\/#primaryimage","url":"https:\/\/www.plastic-crates.co.in\/wp-content\/uploads\/2025\/05\/vegetable-tray-plastic-5.jpg","contentUrl":"https:\/\/www.plastic-crates.co.in\/wp-content\/uploads\/2025\/05\/vegetable-tray-plastic-5.jpg","width":700,"height":700,"caption":"vegetable tray plastic"},{"@type":"BreadcrumbList","@id":"https:\/\/www.plastic-crates.co.in\/product\/durable-vegetable-tray-plastic-for-storage-display-wholesale-in-india\/#breadcrumb","itemListElement":[{"@type":"ListItem","position":1,"name":"Home","item":"https:\/\/www.plastic-crates.co.in\/"},{"@type":"ListItem","position":2,"name":"Products","item":"https:\/\/www.plastic-crates.co.in\/shop\/"},{"@type":"ListItem","position":3,"name":"Durable vegetable tray plastic for Storage &amp; Display \u2013 Wholesale in India"}]},{"@type":"WebSite","@id":"https:\/\/www.plastic-crates.co.in\/#website","url":"https:\/\/www.plastic-crates.co.in\/","name":"Cajas de pl\u00e1stico al por mayor","description":"Fabricante l\u00edder de cajas de pl\u00e1stico en China","potentialAction":[{"@type":"SearchAction","target":{"@type":"EntryPoint","urlTemplate":"https:\/\/www.plastic-crates.co.in\/?s={search_term_string}"},"query-input":{"@type":"PropertyValueSpecification","valueRequired":true,"valueName":"search_term_string"}}],"inLanguage":"es"}]}},"uagb_featured_image_src":{"full":["https:\/\/www.plastic-crates.co.in\/wp-content\/uploads\/2025\/05\/vegetable-tray-plastic-5.jpg",700,700,false],"thumbnail":["https:\/\/www.plastic-crates.co.in\/wp-content\/uploads\/2025\/05\/vegetable-tray-plastic-5-150x150.jpg",150,150,true],"medium":["https:\/\/www.plastic-crates.co.in\/wp-content\/uploads\/2025\/05\/vegetable-tray-plastic-5-300x300.jpg",300,300,true],"medium_large":["https:\/\/www.plastic-crates.co.in\/wp-content\/uploads\/2025\/05\/vegetable-tray-plastic-5.jpg",700,700,false],"large":["https:\/\/www.plastic-crates.co.in\/wp-content\/uploads\/2025\/05\/vegetable-tray-plastic-5.jpg",700,700,false],"1536x1536":["https:\/\/www.plastic-crates.co.in\/wp-content\/uploads\/2025\/05\/vegetable-tray-plastic-5.jpg",700,700,false],"2048x2048":["https:\/\/www.plastic-crates.co.in\/wp-content\/uploads\/2025\/05\/vegetable-tray-plastic-5.jpg",700,700,false],"trp-custom-language-flag":["https:\/\/www.plastic-crates.co.in\/wp-content\/uploads\/2025\/05\/vegetable-tray-plastic-5-12x12.jpg",12,12,true],"woocommerce_thumbnail":["https:\/\/www.plastic-crates.co.in\/wp-content\/uploads\/2025\/05\/vegetable-tray-plastic-5-300x300.jpg",300,300,true],"woocommerce_single":["https:\/\/www.plastic-crates.co.in\/wp-content\/uploads\/2025\/05\/vegetable-tray-plastic-5-600x600.jpg",600,600,true],"woocommerce_gallery_thumbnail":["https:\/\/www.plastic-crates.co.in\/wp-content\/uploads\/2025\/05\/vegetable-tray-plastic-5-100x100.jpg",100,100,true]},"uagb_author_info":{"display_name":"Atticus Dixon","author_link":"https:\/\/www.plastic-crates.co.in\/es\/author\/"},"uagb_comment_info":0,"uagb_excerpt":"Stackable and reusable plastic vegetable tray \u2013 ideal for Indian market vendors","_links":{"self":[{"href":"https:\/\/www.plastic-crates.co.in\/es\/wp-json\/wp\/v2\/product\/7787","targetHints":{"allow":["GET"]}}],"collection":[{"href":"https:\/\/www.plastic-crates.co.in\/es\/wp-json\/wp\/v2\/product"}],"about":[{"href":"https:\/\/www.plastic-crates.co.in\/es\/wp-json\/wp\/v2\/types\/product"}],"wp:featuredmedia":[{"embeddable":true,"href":"https:\/\/www.plastic-crates.co.in\/es\/wp-json\/wp\/v2\/media\/7786"}],"wp:attachment":[{"href":"https:\/\/www.plastic-crates.co.in\/es\/wp-json\/wp\/v2\/media?parent=7787"}],"wp:term":[{"taxonomy":"product_brand","embeddable":true,"href":"https:\/\/www.plastic-crates.co.in\/es\/wp-json\/wp\/v2\/product_brand?post=7787"},{"taxonomy":"product_cat","embeddable":true,"href":"https:\/\/www.plastic-crates.co.in\/es\/wp-json\/wp\/v2\/product_cat?post=7787"},{"taxonomy":"product_tag","embeddable":true,"href":"https:\/\/www.plastic-crates.co.in\/es\/wp-json\/wp\/v2\/product_tag?post=7787"}],"curies":[{"name":"wp","href":"https:\/\/api.w.org\/{rel}","templated":true}]}}