{"id":7775,"date":"2025-05-02T10:56:05","date_gmt":"2025-05-02T10:56:05","guid":{"rendered":"https:\/\/www.plastic-crates.co.in\/hi\/product\/large-collapsible-plastic-storage-bins-foldable-heavy-duty-containers\/"},"modified":"2025-05-02T10:56:05","modified_gmt":"2025-05-02T10:56:05","slug":"contenedores-de-almacenamiento-de-plastico-plegables-grandes-contenedores-plegables-resistentes","status":"publish","type":"product","link":"https:\/\/www.plastic-crates.co.in\/es\/product\/contenedores-de-almacenamiento-de-plastico-plegables-grandes-contenedores-plegables-resistentes\/","title":{"rendered":"Contenedores de pl\u00e1stico plegables grandes | Contenedores plegables y resistentes"},"content":{"rendered":"<p>Nuestros contenedores de pl\u00e1stico plegables de gran tama\u00f1o est\u00e1n dise\u00f1ados para almacenamiento, transporte y organizaci\u00f3n de almacenes de alta resistencia. Fabricados con pl\u00e1stico resistente de grado industrial, estos contenedores se pliegan completamente cuando no se usan, optimizando el espacio durante el almacenamiento o el env\u00edo de devoluciones.<\/p>\n<p>Los robustos laterales con cierre, la base reforzada y las asas ergon\u00f3micas facilitan su apilamiento, traslado y reutilizaci\u00f3n. Ideales para almacenamiento a granel en log\u00edstica, agricultura, manufactura o incluso uso dom\u00e9stico donde el ahorro de espacio es fundamental.<br \/>\nCapacidad extra grande para art\u00edculos voluminosos<\/p>\n<p>El dise\u00f1o plegable reduce el espacio de almacenamiento hasta en un 70%<\/p>\n<p>Fabricado en pl\u00e1stico resistente a los impactos y de larga duraci\u00f3n.<\/p>\n<p>Apilable, ligero y lavable.<\/p>\n<p>Adecuado para almacenes, granjas, trastiendas minoristas y organizaci\u00f3n del hogar.<\/p>","protected":false},"excerpt":{"rendered":"<p>Compre contenedores de pl\u00e1stico plegables grandes, ideales para almac\u00e9n, transporte y organizaci\u00f3n del hogar. Su dise\u00f1o plegable ahorra espacio. Son duraderos, apilables y reutilizables.<\/p>","protected":false},"featured_media":7766,"template":"","meta":{"_acf_changed":false,"_uag_custom_page_level_css":"","site-sidebar-layout":"default","site-content-layout":"","ast-site-content-layout":"default","site-content-style":"default","site-sidebar-style":"default","ast-global-header-display":"","ast-banner-title-visibility":"","ast-main-header-display":"","ast-hfb-above-header-display":"","ast-hfb-below-header-display":"","ast-hfb-mobile-header-display":"","site-post-title":"","ast-breadcrumbs-content":"","ast-featured-img":"","footer-sml-layout":"","theme-transparent-header-meta":"","adv-header-id-meta":"","stick-header-meta":"","header-above-stick-meta":"","header-main-stick-meta":"","header-below-stick-meta":"","astra-migrate-meta-layouts":"default","ast-page-background-enabled":"default","ast-page-background-meta":{"desktop":{"background-color":"var(--ast-global-color-4)","background-image":"","background-repeat":"repeat","background-position":"center center","background-size":"auto","background-attachment":"scroll","background-type":"","background-media":"","overlay-type":"","overlay-color":"","overlay-opacity":"","overlay-gradient":""},"tablet":{"background-color":"","background-image":"","background-repeat":"repeat","background-position":"center center","background-size":"auto","background-attachment":"scroll","background-type":"","background-media":"","overlay-type":"","overlay-color":"","overlay-opacity":"","overlay-gradient":""},"mobile":{"background-color":"","background-image":"","background-repeat":"repeat","background-position":"center center","background-size":"auto","background-attachment":"scroll","background-type":"","background-media":"","overlay-type":"","overlay-color":"","overlay-opacity":"","overlay-gradient":""}},"ast-content-background-meta":{"desktop":{"background-color":"var(--ast-global-color-5)","background-image":"","background-repeat":"repeat","background-position":"center center","background-size":"auto","background-attachment":"scroll","background-type":"","background-media":"","overlay-type":"","overlay-color":"","overlay-opacity":"","overlay-gradient":""},"tablet":{"background-color":"var(--ast-global-color-5)","background-image":"","background-repeat":"repeat","background-position":"center center","background-size":"auto","background-attachment":"scroll","background-type":"","background-media":"","overlay-type":"","overlay-color":"","overlay-opacity":"","overlay-gradient":""},"mobile":{"background-color":"var(--ast-global-color-5)","background-image":"","background-repeat":"repeat","background-position":"center center","background-size":"auto","background-attachment":"scroll","background-type":"","background-media":"","overlay-type":"","overlay-color":"","overlay-opacity":"","overlay-gradient":""}}},"product_brand":[],"product_cat":[11],"product_tag":[],"class_list":{"0":"post-7775","1":"product","2":"type-product","3":"status-publish","4":"has-post-thumbnail","6":"product_cat-folding-storage-bins","7":"desktop-align-left","8":"tablet-align-left","9":"mobile-align-left","11":"first","12":"instock","13":"shipping-taxable","14":"product-type-simple"},"acf":[],"yoast_head":"<!-- This site is optimized with the Yoast SEO plugin v26.4 - https:\/\/yoast.com\/wordpress\/plugins\/seo\/ -->\n<title>Large Collapsible Plastic Storage Bins | Foldable &amp; Heavy-Duty Containers - Wholesale plastic crates<\/title>\n<meta name=\"robots\" content=\"index, follow, max-snippet:-1, max-image-preview:large, max-video-preview:-1\" \/>\n<link rel=\"canonical\" href=\"https:\/\/www.plastic-crates.co.in\/es\/product\/contenedores-de-almacenamiento-de-plastico-plegables-grandes-contenedores-plegables-resistentes\/\" \/>\n<meta property=\"og:locale\" content=\"es_ES\" \/>\n<meta property=\"og:type\" content=\"article\" \/>\n<meta property=\"og:title\" content=\"Large Collapsible Plastic Storage Bins | Foldable &amp; Heavy-Duty Containers - Wholesale plastic crates\" \/>\n<meta property=\"og:description\" content=\"Shop large collapsible plastic storage bins ideal for warehouse, transport, and home organization. Foldable design saves space. Durable, stackable, and reusable.\" \/>\n<meta property=\"og:url\" content=\"https:\/\/www.plastic-crates.co.in\/es\/product\/contenedores-de-almacenamiento-de-plastico-plegables-grandes-contenedores-plegables-resistentes\/\" \/>\n<meta property=\"og:site_name\" content=\"Wholesale plastic crates\" \/>\n<meta name=\"twitter:card\" content=\"summary_large_image\" \/>\n<meta name=\"twitter:label1\" content=\"Tiempo de lectura\" \/>\n\t<meta name=\"twitter:data1\" content=\"1 minuto\" \/>\n<script type=\"application\/ld+json\" class=\"yoast-schema-graph\">{\"@context\":\"https:\/\/schema.org\",\"@graph\":[{\"@type\":\"WebPage\",\"@id\":\"https:\/\/www.plastic-crates.co.in\/hi\/product\/large-collapsible-plastic-storage-bins-foldable-heavy-duty-containers\/\",\"url\":\"https:\/\/www.plastic-crates.co.in\/hi\/product\/large-collapsible-plastic-storage-bins-foldable-heavy-duty-containers\/\",\"name\":\"Large Collapsible Plastic Storage Bins | Foldable &amp; Heavy-Duty Containers - Wholesale plastic crates\",\"isPartOf\":{\"@id\":\"https:\/\/www.plastic-crates.co.in\/#website\"},\"primaryImageOfPage\":{\"@id\":\"https:\/\/www.plastic-crates.co.in\/hi\/product\/large-collapsible-plastic-storage-bins-foldable-heavy-duty-containers\/#primaryimage\"},\"image\":{\"@id\":\"https:\/\/www.plastic-crates.co.in\/hi\/product\/large-collapsible-plastic-storage-bins-foldable-heavy-duty-containers\/#primaryimage\"},\"thumbnailUrl\":\"https:\/\/www.plastic-crates.co.in\/wp-content\/uploads\/2025\/05\/large-collapsible-plastic-storage-bins-1.jpg\",\"datePublished\":\"2025-05-02T10:56:05+00:00\",\"breadcrumb\":{\"@id\":\"https:\/\/www.plastic-crates.co.in\/hi\/product\/large-collapsible-plastic-storage-bins-foldable-heavy-duty-containers\/#breadcrumb\"},\"inLanguage\":\"es\",\"potentialAction\":[{\"@type\":\"ReadAction\",\"target\":[\"https:\/\/www.plastic-crates.co.in\/hi\/product\/large-collapsible-plastic-storage-bins-foldable-heavy-duty-containers\/\"]}]},{\"@type\":\"ImageObject\",\"inLanguage\":\"es\",\"@id\":\"https:\/\/www.plastic-crates.co.in\/hi\/product\/large-collapsible-plastic-storage-bins-foldable-heavy-duty-containers\/#primaryimage\",\"url\":\"https:\/\/www.plastic-crates.co.in\/wp-content\/uploads\/2025\/05\/large-collapsible-plastic-storage-bins-1.jpg\",\"contentUrl\":\"https:\/\/www.plastic-crates.co.in\/wp-content\/uploads\/2025\/05\/large-collapsible-plastic-storage-bins-1.jpg\",\"width\":1000,\"height\":1001,\"caption\":\"large collapsible plastic storage bins\"},{\"@type\":\"BreadcrumbList\",\"@id\":\"https:\/\/www.plastic-crates.co.in\/hi\/product\/large-collapsible-plastic-storage-bins-foldable-heavy-duty-containers\/#breadcrumb\",\"itemListElement\":[{\"@type\":\"ListItem\",\"position\":1,\"name\":\"Home\",\"item\":\"https:\/\/www.plastic-crates.co.in\/\"},{\"@type\":\"ListItem\",\"position\":2,\"name\":\"Products\",\"item\":\"https:\/\/www.plastic-crates.co.in\/shop\/\"},{\"@type\":\"ListItem\",\"position\":3,\"name\":\"Large Collapsible Plastic Storage Bins | Foldable &amp; Heavy-Duty Containers\"}]},{\"@type\":\"WebSite\",\"@id\":\"https:\/\/www.plastic-crates.co.in\/#website\",\"url\":\"https:\/\/www.plastic-crates.co.in\/\",\"name\":\"Wholesale plastic crates\",\"description\":\"Leading plastic crates manufacturer in China\",\"potentialAction\":[{\"@type\":\"SearchAction\",\"target\":{\"@type\":\"EntryPoint\",\"urlTemplate\":\"https:\/\/www.plastic-crates.co.in\/?s={search_term_string}\"},\"query-input\":{\"@type\":\"PropertyValueSpecification\",\"valueRequired\":true,\"valueName\":\"search_term_string\"}}],\"inLanguage\":\"es\"}]}<\/script>\n<!-- \/ Yoast SEO plugin. -->","yoast_head_json":{"title":"Contenedores de pl\u00e1stico plegables grandes | Contenedores plegables y resistentes - Cajas de pl\u00e1stico al por mayor","robots":{"index":"index","follow":"follow","max-snippet":"max-snippet:-1","max-image-preview":"max-image-preview:large","max-video-preview":"max-video-preview:-1"},"canonical":"https:\/\/www.plastic-crates.co.in\/es\/product\/contenedores-de-almacenamiento-de-plastico-plegables-grandes-contenedores-plegables-resistentes\/","og_locale":"es_ES","og_type":"article","og_title":"Large Collapsible Plastic Storage Bins | Foldable &amp; Heavy-Duty Containers - Wholesale plastic crates","og_description":"Shop large collapsible plastic storage bins ideal for warehouse, transport, and home organization. Foldable design saves space. Durable, stackable, and reusable.","og_url":"https:\/\/www.plastic-crates.co.in\/es\/product\/contenedores-de-almacenamiento-de-plastico-plegables-grandes-contenedores-plegables-resistentes\/","og_site_name":"Wholesale plastic crates","twitter_card":"summary_large_image","twitter_misc":{"Tiempo de lectura":"1 minuto"},"schema":{"@context":"https:\/\/schema.org","@graph":[{"@type":"WebPage","@id":"https:\/\/www.plastic-crates.co.in\/hi\/product\/large-collapsible-plastic-storage-bins-foldable-heavy-duty-containers\/","url":"https:\/\/www.plastic-crates.co.in\/hi\/product\/large-collapsible-plastic-storage-bins-foldable-heavy-duty-containers\/","name":"Contenedores de pl\u00e1stico plegables grandes | Contenedores plegables y resistentes - Cajas de pl\u00e1stico al por mayor","isPartOf":{"@id":"https:\/\/www.plastic-crates.co.in\/#website"},"primaryImageOfPage":{"@id":"https:\/\/www.plastic-crates.co.in\/hi\/product\/large-collapsible-plastic-storage-bins-foldable-heavy-duty-containers\/#primaryimage"},"image":{"@id":"https:\/\/www.plastic-crates.co.in\/hi\/product\/large-collapsible-plastic-storage-bins-foldable-heavy-duty-containers\/#primaryimage"},"thumbnailUrl":"https:\/\/www.plastic-crates.co.in\/wp-content\/uploads\/2025\/05\/large-collapsible-plastic-storage-bins-1.jpg","datePublished":"2025-05-02T10:56:05+00:00","breadcrumb":{"@id":"https:\/\/www.plastic-crates.co.in\/hi\/product\/large-collapsible-plastic-storage-bins-foldable-heavy-duty-containers\/#breadcrumb"},"inLanguage":"es","potentialAction":[{"@type":"ReadAction","target":["https:\/\/www.plastic-crates.co.in\/hi\/product\/large-collapsible-plastic-storage-bins-foldable-heavy-duty-containers\/"]}]},{"@type":"ImageObject","inLanguage":"es","@id":"https:\/\/www.plastic-crates.co.in\/hi\/product\/large-collapsible-plastic-storage-bins-foldable-heavy-duty-containers\/#primaryimage","url":"https:\/\/www.plastic-crates.co.in\/wp-content\/uploads\/2025\/05\/large-collapsible-plastic-storage-bins-1.jpg","contentUrl":"https:\/\/www.plastic-crates.co.in\/wp-content\/uploads\/2025\/05\/large-collapsible-plastic-storage-bins-1.jpg","width":1000,"height":1001,"caption":"large collapsible plastic storage bins"},{"@type":"BreadcrumbList","@id":"https:\/\/www.plastic-crates.co.in\/hi\/product\/large-collapsible-plastic-storage-bins-foldable-heavy-duty-containers\/#breadcrumb","itemListElement":[{"@type":"ListItem","position":1,"name":"Home","item":"https:\/\/www.plastic-crates.co.in\/"},{"@type":"ListItem","position":2,"name":"Products","item":"https:\/\/www.plastic-crates.co.in\/shop\/"},{"@type":"ListItem","position":3,"name":"Large Collapsible Plastic Storage Bins | Foldable &amp; Heavy-Duty Containers"}]},{"@type":"WebSite","@id":"https:\/\/www.plastic-crates.co.in\/#website","url":"https:\/\/www.plastic-crates.co.in\/","name":"Cajas de pl\u00e1stico al por mayor","description":"Fabricante l\u00edder de cajas de pl\u00e1stico en China","potentialAction":[{"@type":"SearchAction","target":{"@type":"EntryPoint","urlTemplate":"https:\/\/www.plastic-crates.co.in\/?s={search_term_string}"},"query-input":{"@type":"PropertyValueSpecification","valueRequired":true,"valueName":"search_term_string"}}],"inLanguage":"es"}]}},"uagb_featured_image_src":{"full":["https:\/\/www.plastic-crates.co.in\/wp-content\/uploads\/2025\/05\/large-collapsible-plastic-storage-bins-1.jpg",1000,1001,false],"thumbnail":["https:\/\/www.plastic-crates.co.in\/wp-content\/uploads\/2025\/05\/large-collapsible-plastic-storage-bins-1-150x150.jpg",150,150,true],"medium":["https:\/\/www.plastic-crates.co.in\/wp-content\/uploads\/2025\/05\/large-collapsible-plastic-storage-bins-1-300x300.jpg",300,300,true],"medium_large":["https:\/\/www.plastic-crates.co.in\/wp-content\/uploads\/2025\/05\/large-collapsible-plastic-storage-bins-1-768x769.jpg",768,769,true],"large":["https:\/\/www.plastic-crates.co.in\/wp-content\/uploads\/2025\/05\/large-collapsible-plastic-storage-bins-1.jpg",1000,1001,false],"1536x1536":["https:\/\/www.plastic-crates.co.in\/wp-content\/uploads\/2025\/05\/large-collapsible-plastic-storage-bins-1.jpg",1000,1001,false],"2048x2048":["https:\/\/www.plastic-crates.co.in\/wp-content\/uploads\/2025\/05\/large-collapsible-plastic-storage-bins-1.jpg",1000,1001,false],"trp-custom-language-flag":["https:\/\/www.plastic-crates.co.in\/wp-content\/uploads\/2025\/05\/large-collapsible-plastic-storage-bins-1-12x12.jpg",12,12,true],"woocommerce_thumbnail":["https:\/\/www.plastic-crates.co.in\/wp-content\/uploads\/2025\/05\/large-collapsible-plastic-storage-bins-1-300x300.jpg",300,300,true],"woocommerce_single":["https:\/\/www.plastic-crates.co.in\/wp-content\/uploads\/2025\/05\/large-collapsible-plastic-storage-bins-1-600x601.jpg",600,601,true],"woocommerce_gallery_thumbnail":["https:\/\/www.plastic-crates.co.in\/wp-content\/uploads\/2025\/05\/large-collapsible-plastic-storage-bins-1-100x100.jpg",100,100,true]},"uagb_author_info":{"display_name":"Atticus Dixon","author_link":"https:\/\/www.plastic-crates.co.in\/es\/author\/"},"uagb_comment_info":0,"uagb_excerpt":"Shop large collapsible plastic storage bins ideal for warehouse, transport, and home organization. Foldable design saves space. Durable, stackable, and reusable.","_links":{"self":[{"href":"https:\/\/www.plastic-crates.co.in\/es\/wp-json\/wp\/v2\/product\/7775","targetHints":{"allow":["GET"]}}],"collection":[{"href":"https:\/\/www.plastic-crates.co.in\/es\/wp-json\/wp\/v2\/product"}],"about":[{"href":"https:\/\/www.plastic-crates.co.in\/es\/wp-json\/wp\/v2\/types\/product"}],"wp:featuredmedia":[{"embeddable":true,"href":"https:\/\/www.plastic-crates.co.in\/es\/wp-json\/wp\/v2\/media\/7766"}],"wp:attachment":[{"href":"https:\/\/www.plastic-crates.co.in\/es\/wp-json\/wp\/v2\/media?parent=7775"}],"wp:term":[{"taxonomy":"product_brand","embeddable":true,"href":"https:\/\/www.plastic-crates.co.in\/es\/wp-json\/wp\/v2\/product_brand?post=7775"},{"taxonomy":"product_cat","embeddable":true,"href":"https:\/\/www.plastic-crates.co.in\/es\/wp-json\/wp\/v2\/product_cat?post=7775"},{"taxonomy":"product_tag","embeddable":true,"href":"https:\/\/www.plastic-crates.co.in\/es\/wp-json\/wp\/v2\/product_tag?post=7775"}],"curies":[{"name":"wp","href":"https:\/\/api.w.org\/{rel}","templated":true}]}}