{"id":7765,"date":"2025-05-02T10:30:36","date_gmt":"2025-05-02T10:30:36","guid":{"rendered":"https:\/\/www.plastic-crates.co.in\/hi\/product\/foldable-plastic-crates-manufacturer-wholesale-supplier\/"},"modified":"2025-05-02T10:30:36","modified_gmt":"2025-05-02T10:30:36","slug":"fabricante-y-proveedor-mayorista-de-cajas-de-plastico-plegables","status":"publish","type":"product","link":"https:\/\/www.plastic-crates.co.in\/es\/product\/fabricante-y-proveedor-mayorista-de-cajas-de-plastico-plegables\/","title":{"rendered":"Fabricante y proveedor mayorista de cajas de pl\u00e1stico plegables"},"content":{"rendered":"<p>Nuestras cajas de pl\u00e1stico plegables son la soluci\u00f3n perfecta para un almacenamiento y transporte eficientes, adem\u00e1s de ahorrar espacio. Dise\u00f1adas pensando en la durabilidad y la comodidad, estas cajas cuentan con una estructura plegable que se guarda completamente plana cuando no se usa, ahorrando hasta 701 TP3T de espacio en log\u00edstica de devoluciones o almacenamiento.<\/p>\n<p>Fabricadas con polipropileno de alta calidad y resistente a los impactos, cada caja es ligera pero lo suficientemente robusta como para soportar cargas pesadas. Su dise\u00f1o ventilado garantiza la circulaci\u00f3n del aire para mantener frescos los productos, mientras que su base resistente y sus laterales entrelazados permiten un apilamiento seguro durante el transporte.<\/p>\n<p>Ya sea que se dedique a la log\u00edstica, la agricultura, los supermercados o el almacenamiento, nuestras cajas de pl\u00e1stico plegables ofrecen una alternativa inteligente y reutilizable a los envases desechables.<\/p>","protected":false},"excerpt":{"rendered":"<p>Cajas de pl\u00e1stico plegables y resistentes de fabricantes de confianza. Ideales para almacenes, cadenas de suministro y embalaje para exportaci\u00f3n. Disponemos de productos OEM y pedidos al por mayor.<\/p>","protected":false},"featured_media":7757,"template":"","meta":{"_acf_changed":false,"_uag_custom_page_level_css":"","site-sidebar-layout":"default","site-content-layout":"","ast-site-content-layout":"default","site-content-style":"default","site-sidebar-style":"default","ast-global-header-display":"","ast-banner-title-visibility":"","ast-main-header-display":"","ast-hfb-above-header-display":"","ast-hfb-below-header-display":"","ast-hfb-mobile-header-display":"","site-post-title":"","ast-breadcrumbs-content":"","ast-featured-img":"","footer-sml-layout":"","theme-transparent-header-meta":"","adv-header-id-meta":"","stick-header-meta":"","header-above-stick-meta":"","header-main-stick-meta":"","header-below-stick-meta":"","astra-migrate-meta-layouts":"default","ast-page-background-enabled":"default","ast-page-background-meta":{"desktop":{"background-color":"var(--ast-global-color-4)","background-image":"","background-repeat":"repeat","background-position":"center center","background-size":"auto","background-attachment":"scroll","background-type":"","background-media":"","overlay-type":"","overlay-color":"","overlay-opacity":"","overlay-gradient":""},"tablet":{"background-color":"","background-image":"","background-repeat":"repeat","background-position":"center center","background-size":"auto","background-attachment":"scroll","background-type":"","background-media":"","overlay-type":"","overlay-color":"","overlay-opacity":"","overlay-gradient":""},"mobile":{"background-color":"","background-image":"","background-repeat":"repeat","background-position":"center center","background-size":"auto","background-attachment":"scroll","background-type":"","background-media":"","overlay-type":"","overlay-color":"","overlay-opacity":"","overlay-gradient":""}},"ast-content-background-meta":{"desktop":{"background-color":"var(--ast-global-color-5)","background-image":"","background-repeat":"repeat","background-position":"center center","background-size":"auto","background-attachment":"scroll","background-type":"","background-media":"","overlay-type":"","overlay-color":"","overlay-opacity":"","overlay-gradient":""},"tablet":{"background-color":"var(--ast-global-color-5)","background-image":"","background-repeat":"repeat","background-position":"center center","background-size":"auto","background-attachment":"scroll","background-type":"","background-media":"","overlay-type":"","overlay-color":"","overlay-opacity":"","overlay-gradient":""},"mobile":{"background-color":"var(--ast-global-color-5)","background-image":"","background-repeat":"repeat","background-position":"center center","background-size":"auto","background-attachment":"scroll","background-type":"","background-media":"","overlay-type":"","overlay-color":"","overlay-opacity":"","overlay-gradient":""}}},"product_brand":[],"product_cat":[11],"product_tag":[],"class_list":{"0":"post-7765","1":"product","2":"type-product","3":"status-publish","4":"has-post-thumbnail","6":"product_cat-folding-storage-bins","7":"desktop-align-left","8":"tablet-align-left","9":"mobile-align-left","11":"first","12":"instock","13":"shipping-taxable","14":"product-type-simple"},"acf":[],"yoast_head":"<!-- This site is optimized with the Yoast SEO plugin v26.4 - https:\/\/yoast.com\/wordpress\/plugins\/seo\/ -->\n<title>Foldable Plastic Crates Manufacturer &amp; Wholesale Supplier - Wholesale plastic crates<\/title>\n<meta name=\"robots\" content=\"index, follow, max-snippet:-1, max-image-preview:large, max-video-preview:-1\" \/>\n<link rel=\"canonical\" href=\"https:\/\/www.plastic-crates.co.in\/es\/product\/fabricante-y-proveedor-mayorista-de-cajas-de-plastico-plegables\/\" \/>\n<meta property=\"og:locale\" content=\"es_ES\" \/>\n<meta property=\"og:type\" content=\"article\" \/>\n<meta property=\"og:title\" content=\"Foldable Plastic Crates Manufacturer &amp; Wholesale Supplier - Wholesale plastic crates\" \/>\n<meta property=\"og:description\" content=\"Durable foldable plastic crates from trusted manufacturers. Ideal for warehouses, supply chains, and export packaging. OEM &amp; bulk orders available.\" \/>\n<meta property=\"og:url\" content=\"https:\/\/www.plastic-crates.co.in\/es\/product\/fabricante-y-proveedor-mayorista-de-cajas-de-plastico-plegables\/\" \/>\n<meta property=\"og:site_name\" content=\"Wholesale plastic crates\" \/>\n<meta name=\"twitter:card\" content=\"summary_large_image\" \/>\n<meta name=\"twitter:label1\" content=\"Tiempo de lectura\" \/>\n\t<meta name=\"twitter:data1\" content=\"1 minuto\" \/>\n<script type=\"application\/ld+json\" class=\"yoast-schema-graph\">{\"@context\":\"https:\/\/schema.org\",\"@graph\":[{\"@type\":\"WebPage\",\"@id\":\"https:\/\/www.plastic-crates.co.in\/hi\/product\/foldable-plastic-crates-manufacturer-wholesale-supplier\/\",\"url\":\"https:\/\/www.plastic-crates.co.in\/hi\/product\/foldable-plastic-crates-manufacturer-wholesale-supplier\/\",\"name\":\"Foldable Plastic Crates Manufacturer &amp; Wholesale Supplier - Wholesale plastic crates\",\"isPartOf\":{\"@id\":\"https:\/\/www.plastic-crates.co.in\/#website\"},\"primaryImageOfPage\":{\"@id\":\"https:\/\/www.plastic-crates.co.in\/hi\/product\/foldable-plastic-crates-manufacturer-wholesale-supplier\/#primaryimage\"},\"image\":{\"@id\":\"https:\/\/www.plastic-crates.co.in\/hi\/product\/foldable-plastic-crates-manufacturer-wholesale-supplier\/#primaryimage\"},\"thumbnailUrl\":\"https:\/\/www.plastic-crates.co.in\/wp-content\/uploads\/2025\/05\/foldable-plastic-crates-manufacturer-wholesale-supplier-1.jpg\",\"datePublished\":\"2025-05-02T10:30:36+00:00\",\"breadcrumb\":{\"@id\":\"https:\/\/www.plastic-crates.co.in\/hi\/product\/foldable-plastic-crates-manufacturer-wholesale-supplier\/#breadcrumb\"},\"inLanguage\":\"es\",\"potentialAction\":[{\"@type\":\"ReadAction\",\"target\":[\"https:\/\/www.plastic-crates.co.in\/hi\/product\/foldable-plastic-crates-manufacturer-wholesale-supplier\/\"]}]},{\"@type\":\"ImageObject\",\"inLanguage\":\"es\",\"@id\":\"https:\/\/www.plastic-crates.co.in\/hi\/product\/foldable-plastic-crates-manufacturer-wholesale-supplier\/#primaryimage\",\"url\":\"https:\/\/www.plastic-crates.co.in\/wp-content\/uploads\/2025\/05\/foldable-plastic-crates-manufacturer-wholesale-supplier-1.jpg\",\"contentUrl\":\"https:\/\/www.plastic-crates.co.in\/wp-content\/uploads\/2025\/05\/foldable-plastic-crates-manufacturer-wholesale-supplier-1.jpg\",\"width\":498,\"height\":315,\"caption\":\"Foldable Plastic Crates\"},{\"@type\":\"BreadcrumbList\",\"@id\":\"https:\/\/www.plastic-crates.co.in\/hi\/product\/foldable-plastic-crates-manufacturer-wholesale-supplier\/#breadcrumb\",\"itemListElement\":[{\"@type\":\"ListItem\",\"position\":1,\"name\":\"Home\",\"item\":\"https:\/\/www.plastic-crates.co.in\/\"},{\"@type\":\"ListItem\",\"position\":2,\"name\":\"Products\",\"item\":\"https:\/\/www.plastic-crates.co.in\/shop\/\"},{\"@type\":\"ListItem\",\"position\":3,\"name\":\"Foldable Plastic Crates Manufacturer &amp; Wholesale Supplier\"}]},{\"@type\":\"WebSite\",\"@id\":\"https:\/\/www.plastic-crates.co.in\/#website\",\"url\":\"https:\/\/www.plastic-crates.co.in\/\",\"name\":\"Wholesale plastic crates\",\"description\":\"Leading plastic crates manufacturer in China\",\"potentialAction\":[{\"@type\":\"SearchAction\",\"target\":{\"@type\":\"EntryPoint\",\"urlTemplate\":\"https:\/\/www.plastic-crates.co.in\/?s={search_term_string}\"},\"query-input\":{\"@type\":\"PropertyValueSpecification\",\"valueRequired\":true,\"valueName\":\"search_term_string\"}}],\"inLanguage\":\"es\"}]}<\/script>\n<!-- \/ Yoast SEO plugin. -->","yoast_head_json":{"title":"Fabricante y proveedor mayorista de cajas de pl\u00e1stico plegables - Cajas de pl\u00e1stico al por mayor","robots":{"index":"index","follow":"follow","max-snippet":"max-snippet:-1","max-image-preview":"max-image-preview:large","max-video-preview":"max-video-preview:-1"},"canonical":"https:\/\/www.plastic-crates.co.in\/es\/product\/fabricante-y-proveedor-mayorista-de-cajas-de-plastico-plegables\/","og_locale":"es_ES","og_type":"article","og_title":"Foldable Plastic Crates Manufacturer &amp; Wholesale Supplier - Wholesale plastic crates","og_description":"Durable foldable plastic crates from trusted manufacturers. Ideal for warehouses, supply chains, and export packaging. OEM &amp; bulk orders available.","og_url":"https:\/\/www.plastic-crates.co.in\/es\/product\/fabricante-y-proveedor-mayorista-de-cajas-de-plastico-plegables\/","og_site_name":"Wholesale plastic crates","twitter_card":"summary_large_image","twitter_misc":{"Tiempo de lectura":"1 minuto"},"schema":{"@context":"https:\/\/schema.org","@graph":[{"@type":"WebPage","@id":"https:\/\/www.plastic-crates.co.in\/hi\/product\/foldable-plastic-crates-manufacturer-wholesale-supplier\/","url":"https:\/\/www.plastic-crates.co.in\/hi\/product\/foldable-plastic-crates-manufacturer-wholesale-supplier\/","name":"Fabricante y proveedor mayorista de cajas de pl\u00e1stico plegables - Cajas de pl\u00e1stico al por mayor","isPartOf":{"@id":"https:\/\/www.plastic-crates.co.in\/#website"},"primaryImageOfPage":{"@id":"https:\/\/www.plastic-crates.co.in\/hi\/product\/foldable-plastic-crates-manufacturer-wholesale-supplier\/#primaryimage"},"image":{"@id":"https:\/\/www.plastic-crates.co.in\/hi\/product\/foldable-plastic-crates-manufacturer-wholesale-supplier\/#primaryimage"},"thumbnailUrl":"https:\/\/www.plastic-crates.co.in\/wp-content\/uploads\/2025\/05\/foldable-plastic-crates-manufacturer-wholesale-supplier-1.jpg","datePublished":"2025-05-02T10:30:36+00:00","breadcrumb":{"@id":"https:\/\/www.plastic-crates.co.in\/hi\/product\/foldable-plastic-crates-manufacturer-wholesale-supplier\/#breadcrumb"},"inLanguage":"es","potentialAction":[{"@type":"ReadAction","target":["https:\/\/www.plastic-crates.co.in\/hi\/product\/foldable-plastic-crates-manufacturer-wholesale-supplier\/"]}]},{"@type":"ImageObject","inLanguage":"es","@id":"https:\/\/www.plastic-crates.co.in\/hi\/product\/foldable-plastic-crates-manufacturer-wholesale-supplier\/#primaryimage","url":"https:\/\/www.plastic-crates.co.in\/wp-content\/uploads\/2025\/05\/foldable-plastic-crates-manufacturer-wholesale-supplier-1.jpg","contentUrl":"https:\/\/www.plastic-crates.co.in\/wp-content\/uploads\/2025\/05\/foldable-plastic-crates-manufacturer-wholesale-supplier-1.jpg","width":498,"height":315,"caption":"Foldable Plastic Crates"},{"@type":"BreadcrumbList","@id":"https:\/\/www.plastic-crates.co.in\/hi\/product\/foldable-plastic-crates-manufacturer-wholesale-supplier\/#breadcrumb","itemListElement":[{"@type":"ListItem","position":1,"name":"Home","item":"https:\/\/www.plastic-crates.co.in\/"},{"@type":"ListItem","position":2,"name":"Products","item":"https:\/\/www.plastic-crates.co.in\/shop\/"},{"@type":"ListItem","position":3,"name":"Foldable Plastic Crates Manufacturer &amp; Wholesale Supplier"}]},{"@type":"WebSite","@id":"https:\/\/www.plastic-crates.co.in\/#website","url":"https:\/\/www.plastic-crates.co.in\/","name":"Cajas de pl\u00e1stico al por mayor","description":"Fabricante l\u00edder de cajas de pl\u00e1stico en China","potentialAction":[{"@type":"SearchAction","target":{"@type":"EntryPoint","urlTemplate":"https:\/\/www.plastic-crates.co.in\/?s={search_term_string}"},"query-input":{"@type":"PropertyValueSpecification","valueRequired":true,"valueName":"search_term_string"}}],"inLanguage":"es"}]}},"uagb_featured_image_src":{"full":["https:\/\/www.plastic-crates.co.in\/wp-content\/uploads\/2025\/05\/foldable-plastic-crates-manufacturer-wholesale-supplier-1.jpg",498,315,false],"thumbnail":["https:\/\/www.plastic-crates.co.in\/wp-content\/uploads\/2025\/05\/foldable-plastic-crates-manufacturer-wholesale-supplier-1-150x150.jpg",150,150,true],"medium":["https:\/\/www.plastic-crates.co.in\/wp-content\/uploads\/2025\/05\/foldable-plastic-crates-manufacturer-wholesale-supplier-1-300x190.jpg",300,190,true],"medium_large":["https:\/\/www.plastic-crates.co.in\/wp-content\/uploads\/2025\/05\/foldable-plastic-crates-manufacturer-wholesale-supplier-1.jpg",498,315,false],"large":["https:\/\/www.plastic-crates.co.in\/wp-content\/uploads\/2025\/05\/foldable-plastic-crates-manufacturer-wholesale-supplier-1.jpg",498,315,false],"1536x1536":["https:\/\/www.plastic-crates.co.in\/wp-content\/uploads\/2025\/05\/foldable-plastic-crates-manufacturer-wholesale-supplier-1.jpg",498,315,false],"2048x2048":["https:\/\/www.plastic-crates.co.in\/wp-content\/uploads\/2025\/05\/foldable-plastic-crates-manufacturer-wholesale-supplier-1.jpg",498,315,false],"trp-custom-language-flag":["https:\/\/www.plastic-crates.co.in\/wp-content\/uploads\/2025\/05\/foldable-plastic-crates-manufacturer-wholesale-supplier-1-18x12.jpg",18,12,true],"woocommerce_thumbnail":["https:\/\/www.plastic-crates.co.in\/wp-content\/uploads\/2025\/05\/foldable-plastic-crates-manufacturer-wholesale-supplier-1-300x300.jpg",300,300,true],"woocommerce_single":["https:\/\/www.plastic-crates.co.in\/wp-content\/uploads\/2025\/05\/foldable-plastic-crates-manufacturer-wholesale-supplier-1.jpg",498,315,false],"woocommerce_gallery_thumbnail":["https:\/\/www.plastic-crates.co.in\/wp-content\/uploads\/2025\/05\/foldable-plastic-crates-manufacturer-wholesale-supplier-1-100x100.jpg",100,100,true]},"uagb_author_info":{"display_name":"Atticus Dixon","author_link":"https:\/\/www.plastic-crates.co.in\/es\/author\/"},"uagb_comment_info":0,"uagb_excerpt":"Durable foldable plastic crates from trusted manufacturers. Ideal for warehouses, supply chains, and export packaging. OEM &amp; bulk orders available.","_links":{"self":[{"href":"https:\/\/www.plastic-crates.co.in\/es\/wp-json\/wp\/v2\/product\/7765","targetHints":{"allow":["GET"]}}],"collection":[{"href":"https:\/\/www.plastic-crates.co.in\/es\/wp-json\/wp\/v2\/product"}],"about":[{"href":"https:\/\/www.plastic-crates.co.in\/es\/wp-json\/wp\/v2\/types\/product"}],"wp:featuredmedia":[{"embeddable":true,"href":"https:\/\/www.plastic-crates.co.in\/es\/wp-json\/wp\/v2\/media\/7757"}],"wp:attachment":[{"href":"https:\/\/www.plastic-crates.co.in\/es\/wp-json\/wp\/v2\/media?parent=7765"}],"wp:term":[{"taxonomy":"product_brand","embeddable":true,"href":"https:\/\/www.plastic-crates.co.in\/es\/wp-json\/wp\/v2\/product_brand?post=7765"},{"taxonomy":"product_cat","embeddable":true,"href":"https:\/\/www.plastic-crates.co.in\/es\/wp-json\/wp\/v2\/product_cat?post=7765"},{"taxonomy":"product_tag","embeddable":true,"href":"https:\/\/www.plastic-crates.co.in\/es\/wp-json\/wp\/v2\/product_tag?post=7765"}],"curies":[{"name":"wp","href":"https:\/\/api.w.org\/{rel}","templated":true}]}}