{"id":7659,"date":"2025-04-19T08:38:37","date_gmt":"2025-04-19T08:38:37","guid":{"rendered":"https:\/\/www.plastic-crates.co.in\/product\/klt-euro-containers-600x400\/"},"modified":"2025-05-02T23:00:48","modified_gmt":"2025-05-02T23:00:48","slug":"contenedores-euro-klt-600x400","status":"publish","type":"product","link":"https:\/\/www.plastic-crates.co.in\/es\/product\/contenedores-euro-klt-600x400\/","title":{"rendered":"Contenedores europeos KLT 600\u00d7400"},"content":{"rendered":"<p>Maximice su eficiencia de almacenamiento y transporte con nuestros <strong>Contenedor europeo 600\u00d7400<\/strong>Dise\u00f1ada para satisfacer las rigurosas exigencias de los entornos industriales. Fabricada en polipropileno duradero y de alto impacto, esta caja de pl\u00e1stico es ideal para organizar, almacenar y transportar piezas, herramientas, alimentos u otros productos.<br \/>\n<div style=\"width: 1280px;\" class=\"wp-video\"><!--[if lt IE 9]><script>document.createElement('video');<\/script><![endif]-->\n<video class=\"wp-video-shortcode\" id=\"video-7659-1\" width=\"1280\" height=\"720\" preload=\"metadata\" controls=\"controls\"><source type=\"video\/mp4\" src=\"https:\/\/www.plastic-crates.co.in\/wp-content\/uploads\/2025\/04\/klt-euro-containers-600-400.mp4?_=1\" \/><a href=\"https:\/\/www.plastic-crates.co.in\/wp-content\/uploads\/2025\/04\/klt-euro-containers-600-400.mp4\">https:\/\/www.plastic-crates.co.in\/wp-content\/uploads\/2025\/04\/klt-euro-containers-600-400.mp4<\/a><\/video><\/div><\/p>\n<p>Su tama\u00f1o estandarizado de 600 x 400 mm garantiza la compatibilidad con los sistemas log\u00edsticos europeos, incluidos transportadores, pallets y soluciones de almacenamiento automatizadas.<\/p>\n<p><strong>Aplicaciones:<\/strong><\/p>\n<ul>\n<li>Log\u00edstica automotriz y KLT<\/li>\n<li>Sistemas de almacenamiento y estanter\u00edas<\/li>\n<li>Fabricaci\u00f3n, talleres y distribuci\u00f3n<\/li>\n<li>Agricultura y manipulaci\u00f3n de alimentos<\/li>\n<li>Almacenamiento y organizaci\u00f3n general<\/li>\n<\/ul>","protected":false},"excerpt":{"rendered":"<div><a href=\"https:\/\/www.plastic-crates.co.in\/es\/product-category\/shelving-plastic-bins\/\" target=\"_blank\" rel=\"noopener noreferrer\">contenedores para estanterias<\/a>,<a href=\"https:\/\/www.plastic-crates.co.in\/es\/product-category\/papeleras-plegables\/\" target=\"_blank\" rel=\"noopener noreferrer\">grandes contenedores de almacenamiento plegables<\/a>,<a href=\"https:\/\/www.plastic-crates.co.in\/es\/product-category\/contenedores-apilables-y-anidados\/\" target=\"_blank\" rel=\"noopener noreferrer\">Los mejores contenedores de pl\u00e1stico para mudanzas<\/a>,<a href=\"https:\/\/www.plastic-crates.co.in\/es\/product-category\/contenedores-de-almacenamiento-a-granel\/\" target=\"_blank\" rel=\"noopener noreferrer\">contenedores a granel reutilizables<\/a><\/div>","protected":false},"featured_media":7836,"template":"","meta":{"_acf_changed":false,"_uag_custom_page_level_css":"","site-sidebar-layout":"default","site-content-layout":"","ast-site-content-layout":"default","site-content-style":"default","site-sidebar-style":"default","ast-global-header-display":"","ast-banner-title-visibility":"","ast-main-header-display":"","ast-hfb-above-header-display":"","ast-hfb-below-header-display":"","ast-hfb-mobile-header-display":"","site-post-title":"","ast-breadcrumbs-content":"","ast-featured-img":"","footer-sml-layout":"","theme-transparent-header-meta":"default","adv-header-id-meta":"","stick-header-meta":"","header-above-stick-meta":"","header-main-stick-meta":"","header-below-stick-meta":"","astra-migrate-meta-layouts":"set","ast-page-background-enabled":"default","ast-page-background-meta":{"desktop":{"background-color":"var(--ast-global-color-4)","background-image":"","background-repeat":"repeat","background-position":"center center","background-size":"auto","background-attachment":"scroll","background-type":"","background-media":"","overlay-type":"","overlay-color":"","overlay-opacity":"","overlay-gradient":""},"tablet":{"background-color":"","background-image":"","background-repeat":"repeat","background-position":"center center","background-size":"auto","background-attachment":"scroll","background-type":"","background-media":"","overlay-type":"","overlay-color":"","overlay-opacity":"","overlay-gradient":""},"mobile":{"background-color":"","background-image":"","background-repeat":"repeat","background-position":"center center","background-size":"auto","background-attachment":"scroll","background-type":"","background-media":"","overlay-type":"","overlay-color":"","overlay-opacity":"","overlay-gradient":""}},"ast-content-background-meta":{"desktop":{"background-color":"var(--ast-global-color-5)","background-image":"","background-repeat":"repeat","background-position":"center center","background-size":"auto","background-attachment":"scroll","background-type":"","background-media":"","overlay-type":"","overlay-color":"","overlay-opacity":"","overlay-gradient":""},"tablet":{"background-color":"var(--ast-global-color-5)","background-image":"","background-repeat":"repeat","background-position":"center center","background-size":"auto","background-attachment":"scroll","background-type":"","background-media":"","overlay-type":"","overlay-color":"","overlay-opacity":"","overlay-gradient":""},"mobile":{"background-color":"var(--ast-global-color-5)","background-image":"","background-repeat":"repeat","background-position":"center center","background-size":"auto","background-attachment":"scroll","background-type":"","background-media":"","overlay-type":"","overlay-color":"","overlay-opacity":"","overlay-gradient":""}}},"product_brand":[],"product_cat":[15],"product_tag":[],"class_list":{"0":"post-7659","1":"product","2":"type-product","3":"status-publish","4":"has-post-thumbnail","6":"product_cat-plastic-stacking-bins","7":"desktop-align-left","8":"tablet-align-left","9":"mobile-align-left","11":"first","12":"instock","13":"shipping-taxable","14":"product-type-simple"},"acf":[],"yoast_head":"<!-- This site is optimized with the Yoast SEO plugin v26.4 - https:\/\/yoast.com\/wordpress\/plugins\/seo\/ -->\n<title>KLT Euro Containers 600x400 Suppliers - Wholesale plastic crates<\/title>\n<meta name=\"description\" content=\"Wholesale KLT Euro Containers 600x400, stackable containers supplier, Dimensions(L*W*H):600 * 400 * 230 mm, Volume: 42.9L, euro container for sale\" \/>\n<meta name=\"robots\" content=\"index, follow, max-snippet:-1, max-image-preview:large, max-video-preview:-1\" \/>\n<link rel=\"canonical\" href=\"https:\/\/www.plastic-crates.co.in\/es\/product\/contenedores-euro-klt-600x400\/\" \/>\n<meta property=\"og:locale\" content=\"es_ES\" \/>\n<meta property=\"og:type\" content=\"article\" \/>\n<meta property=\"og:title\" content=\"fish container\" \/>\n<meta property=\"og:description\" content=\"Wholesale KLT Euro Containers 600x400, stackable containers supplier, Dimensions(L*W*H):600 * 400 * 230 mm, Volume: 42.9L, euro container for sale\" \/>\n<meta property=\"og:url\" content=\"https:\/\/www.plastic-crates.co.in\/es\/product\/contenedores-euro-klt-600x400\/\" \/>\n<meta property=\"og:site_name\" content=\"Wholesale plastic crates\" \/>\n<meta property=\"article:modified_time\" content=\"2025-05-02T23:00:48+00:00\" \/>\n<meta property=\"og:image\" content=\"https:\/\/www.plastic-crates.co.in\/wp-content\/uploads\/2025\/04\/klt-euro-containers-600-400-1.jpg\" \/>\n\t<meta property=\"og:image:width\" content=\"2000\" \/>\n\t<meta property=\"og:image:height\" content=\"2000\" \/>\n\t<meta property=\"og:image:type\" content=\"image\/jpeg\" \/>\n<meta name=\"twitter:card\" content=\"summary_large_image\" \/>\n<meta name=\"twitter:title\" content=\"fish container\" \/>\n<meta name=\"twitter:label1\" content=\"Tiempo de lectura\" \/>\n\t<meta name=\"twitter:data1\" content=\"1 minuto\" \/>\n<script type=\"application\/ld+json\" class=\"yoast-schema-graph\">{\"@context\":\"https:\/\/schema.org\",\"@graph\":[{\"@type\":\"WebPage\",\"@id\":\"https:\/\/www.plastic-crates.co.in\/product\/klt-euro-containers-600x400\/\",\"url\":\"https:\/\/www.plastic-crates.co.in\/product\/klt-euro-containers-600x400\/\",\"name\":\"KLT Euro Containers 600x400 Suppliers - Wholesale plastic crates\",\"isPartOf\":{\"@id\":\"https:\/\/www.plastic-crates.co.in\/#website\"},\"primaryImageOfPage\":{\"@id\":\"https:\/\/www.plastic-crates.co.in\/product\/klt-euro-containers-600x400\/#primaryimage\"},\"image\":{\"@id\":\"https:\/\/www.plastic-crates.co.in\/product\/klt-euro-containers-600x400\/#primaryimage\"},\"thumbnailUrl\":\"https:\/\/www.plastic-crates.co.in\/wp-content\/uploads\/2025\/04\/klt-euro-containers-600-400-1.jpg\",\"datePublished\":\"2025-04-19T08:38:37+00:00\",\"dateModified\":\"2025-05-02T23:00:48+00:00\",\"description\":\"Wholesale KLT Euro Containers 600x400, stackable containers supplier, Dimensions(L*W*H):600 * 400 * 230 mm, Volume: 42.9L, euro container for sale\",\"breadcrumb\":{\"@id\":\"https:\/\/www.plastic-crates.co.in\/product\/klt-euro-containers-600x400\/#breadcrumb\"},\"inLanguage\":\"es\",\"potentialAction\":[{\"@type\":\"ReadAction\",\"target\":[\"https:\/\/www.plastic-crates.co.in\/product\/klt-euro-containers-600x400\/\"]}]},{\"@type\":\"ImageObject\",\"inLanguage\":\"es\",\"@id\":\"https:\/\/www.plastic-crates.co.in\/product\/klt-euro-containers-600x400\/#primaryimage\",\"url\":\"https:\/\/www.plastic-crates.co.in\/wp-content\/uploads\/2025\/04\/klt-euro-containers-600-400-1.jpg\",\"contentUrl\":\"https:\/\/www.plastic-crates.co.in\/wp-content\/uploads\/2025\/04\/klt-euro-containers-600-400-1.jpg\",\"width\":2000,\"height\":2000,\"caption\":\"klt euro containers 600\u00d7400\"},{\"@type\":\"BreadcrumbList\",\"@id\":\"https:\/\/www.plastic-crates.co.in\/product\/klt-euro-containers-600x400\/#breadcrumb\",\"itemListElement\":[{\"@type\":\"ListItem\",\"position\":1,\"name\":\"Home\",\"item\":\"https:\/\/www.plastic-crates.co.in\/\"},{\"@type\":\"ListItem\",\"position\":2,\"name\":\"Products\",\"item\":\"https:\/\/www.plastic-crates.co.in\/shop\/\"},{\"@type\":\"ListItem\",\"position\":3,\"name\":\"KLT Euro Containers 600&#215;400\"}]},{\"@type\":\"WebSite\",\"@id\":\"https:\/\/www.plastic-crates.co.in\/#website\",\"url\":\"https:\/\/www.plastic-crates.co.in\/\",\"name\":\"Wholesale plastic crates\",\"description\":\"Leading plastic crates manufacturer in China\",\"potentialAction\":[{\"@type\":\"SearchAction\",\"target\":{\"@type\":\"EntryPoint\",\"urlTemplate\":\"https:\/\/www.plastic-crates.co.in\/?s={search_term_string}\"},\"query-input\":{\"@type\":\"PropertyValueSpecification\",\"valueRequired\":true,\"valueName\":\"search_term_string\"}}],\"inLanguage\":\"es\"}]}<\/script>\n<!-- \/ Yoast SEO plugin. -->","yoast_head_json":{"title":"Proveedores de contenedores KLT Euro 600x400 - Cajas de pl\u00e1stico al por mayor","description":"Contenedores Euro KLT 600x400 al por mayor, proveedor de contenedores apilables, Dimensiones (L*An*Al): 600 * 400 * 230 mm, Volumen: 42,9 L, contenedor euro a la venta","robots":{"index":"index","follow":"follow","max-snippet":"max-snippet:-1","max-image-preview":"max-image-preview:large","max-video-preview":"max-video-preview:-1"},"canonical":"https:\/\/www.plastic-crates.co.in\/es\/product\/contenedores-euro-klt-600x400\/","og_locale":"es_ES","og_type":"article","og_title":"fish container","og_description":"Wholesale KLT Euro Containers 600x400, stackable containers supplier, Dimensions(L*W*H):600 * 400 * 230 mm, Volume: 42.9L, euro container for sale","og_url":"https:\/\/www.plastic-crates.co.in\/es\/product\/contenedores-euro-klt-600x400\/","og_site_name":"Wholesale plastic crates","article_modified_time":"2025-05-02T23:00:48+00:00","og_image":[{"width":2000,"height":2000,"url":"https:\/\/www.plastic-crates.co.in\/wp-content\/uploads\/2025\/04\/klt-euro-containers-600-400-1.jpg","type":"image\/jpeg"}],"twitter_card":"summary_large_image","twitter_title":"fish container","twitter_misc":{"Tiempo de lectura":"1 minuto"},"schema":{"@context":"https:\/\/schema.org","@graph":[{"@type":"WebPage","@id":"https:\/\/www.plastic-crates.co.in\/product\/klt-euro-containers-600x400\/","url":"https:\/\/www.plastic-crates.co.in\/product\/klt-euro-containers-600x400\/","name":"Proveedores de contenedores KLT Euro 600x400 - Cajas de pl\u00e1stico al por mayor","isPartOf":{"@id":"https:\/\/www.plastic-crates.co.in\/#website"},"primaryImageOfPage":{"@id":"https:\/\/www.plastic-crates.co.in\/product\/klt-euro-containers-600x400\/#primaryimage"},"image":{"@id":"https:\/\/www.plastic-crates.co.in\/product\/klt-euro-containers-600x400\/#primaryimage"},"thumbnailUrl":"https:\/\/www.plastic-crates.co.in\/wp-content\/uploads\/2025\/04\/klt-euro-containers-600-400-1.jpg","datePublished":"2025-04-19T08:38:37+00:00","dateModified":"2025-05-02T23:00:48+00:00","description":"Contenedores Euro KLT 600x400 al por mayor, proveedor de contenedores apilables, Dimensiones (L*An*Al): 600 * 400 * 230 mm, Volumen: 42,9 L, contenedor euro a la venta","breadcrumb":{"@id":"https:\/\/www.plastic-crates.co.in\/product\/klt-euro-containers-600x400\/#breadcrumb"},"inLanguage":"es","potentialAction":[{"@type":"ReadAction","target":["https:\/\/www.plastic-crates.co.in\/product\/klt-euro-containers-600x400\/"]}]},{"@type":"ImageObject","inLanguage":"es","@id":"https:\/\/www.plastic-crates.co.in\/product\/klt-euro-containers-600x400\/#primaryimage","url":"https:\/\/www.plastic-crates.co.in\/wp-content\/uploads\/2025\/04\/klt-euro-containers-600-400-1.jpg","contentUrl":"https:\/\/www.plastic-crates.co.in\/wp-content\/uploads\/2025\/04\/klt-euro-containers-600-400-1.jpg","width":2000,"height":2000,"caption":"klt euro containers 600\u00d7400"},{"@type":"BreadcrumbList","@id":"https:\/\/www.plastic-crates.co.in\/product\/klt-euro-containers-600x400\/#breadcrumb","itemListElement":[{"@type":"ListItem","position":1,"name":"Home","item":"https:\/\/www.plastic-crates.co.in\/"},{"@type":"ListItem","position":2,"name":"Products","item":"https:\/\/www.plastic-crates.co.in\/shop\/"},{"@type":"ListItem","position":3,"name":"KLT Euro Containers 600&#215;400"}]},{"@type":"WebSite","@id":"https:\/\/www.plastic-crates.co.in\/#website","url":"https:\/\/www.plastic-crates.co.in\/","name":"Cajas de pl\u00e1stico al por mayor","description":"Fabricante l\u00edder de cajas de pl\u00e1stico en China","potentialAction":[{"@type":"SearchAction","target":{"@type":"EntryPoint","urlTemplate":"https:\/\/www.plastic-crates.co.in\/?s={search_term_string}"},"query-input":{"@type":"PropertyValueSpecification","valueRequired":true,"valueName":"search_term_string"}}],"inLanguage":"es"}]}},"uagb_featured_image_src":{"full":["https:\/\/www.plastic-crates.co.in\/wp-content\/uploads\/2025\/04\/klt-euro-containers-600-400-1.jpg",2000,2000,false],"thumbnail":["https:\/\/www.plastic-crates.co.in\/wp-content\/uploads\/2025\/04\/klt-euro-containers-600-400-1-150x150.jpg",150,150,true],"medium":["https:\/\/www.plastic-crates.co.in\/wp-content\/uploads\/2025\/04\/klt-euro-containers-600-400-1-300x300.jpg",300,300,true],"medium_large":["https:\/\/www.plastic-crates.co.in\/wp-content\/uploads\/2025\/04\/klt-euro-containers-600-400-1-768x768.jpg",768,768,true],"large":["https:\/\/www.plastic-crates.co.in\/wp-content\/uploads\/2025\/04\/klt-euro-containers-600-400-1-1024x1024.jpg",1024,1024,true],"1536x1536":["https:\/\/www.plastic-crates.co.in\/wp-content\/uploads\/2025\/04\/klt-euro-containers-600-400-1-1536x1536.jpg",1536,1536,true],"2048x2048":["https:\/\/www.plastic-crates.co.in\/wp-content\/uploads\/2025\/04\/klt-euro-containers-600-400-1.jpg",2000,2000,false],"trp-custom-language-flag":["https:\/\/www.plastic-crates.co.in\/wp-content\/uploads\/2025\/04\/klt-euro-containers-600-400-1-12x12.jpg",12,12,true],"woocommerce_thumbnail":["https:\/\/www.plastic-crates.co.in\/wp-content\/uploads\/2025\/04\/klt-euro-containers-600-400-1-300x300.jpg",300,300,true],"woocommerce_single":["https:\/\/www.plastic-crates.co.in\/wp-content\/uploads\/2025\/04\/klt-euro-containers-600-400-1-600x600.jpg",600,600,true],"woocommerce_gallery_thumbnail":["https:\/\/www.plastic-crates.co.in\/wp-content\/uploads\/2025\/04\/klt-euro-containers-600-400-1-100x100.jpg",100,100,true]},"uagb_author_info":{"display_name":"Atticus Dixon","author_link":"https:\/\/www.plastic-crates.co.in\/es\/author\/"},"uagb_comment_info":0,"uagb_excerpt":"bins for shelves,large collapsible storage bins,best plastic containers for moving,reusable bulk containers","_links":{"self":[{"href":"https:\/\/www.plastic-crates.co.in\/es\/wp-json\/wp\/v2\/product\/7659","targetHints":{"allow":["GET"]}}],"collection":[{"href":"https:\/\/www.plastic-crates.co.in\/es\/wp-json\/wp\/v2\/product"}],"about":[{"href":"https:\/\/www.plastic-crates.co.in\/es\/wp-json\/wp\/v2\/types\/product"}],"wp:featuredmedia":[{"embeddable":true,"href":"https:\/\/www.plastic-crates.co.in\/es\/wp-json\/wp\/v2\/media\/7836"}],"wp:attachment":[{"href":"https:\/\/www.plastic-crates.co.in\/es\/wp-json\/wp\/v2\/media?parent=7659"}],"wp:term":[{"taxonomy":"product_brand","embeddable":true,"href":"https:\/\/www.plastic-crates.co.in\/es\/wp-json\/wp\/v2\/product_brand?post=7659"},{"taxonomy":"product_cat","embeddable":true,"href":"https:\/\/www.plastic-crates.co.in\/es\/wp-json\/wp\/v2\/product_cat?post=7659"},{"taxonomy":"product_tag","embeddable":true,"href":"https:\/\/www.plastic-crates.co.in\/es\/wp-json\/wp\/v2\/product_tag?post=7659"}],"curies":[{"name":"wp","href":"https:\/\/api.w.org\/{rel}","templated":true}]}}