{"id":7471,"date":"2025-02-23T01:11:21","date_gmt":"2025-02-23T01:11:21","guid":{"rendered":"https:\/\/www.plastic-crates.co.in\/?post_type=product&#038;p=7471"},"modified":"2025-05-13T20:48:42","modified_gmt":"2025-05-13T20:48:42","slug":"caja-plegable-con-efecto-madera","status":"publish","type":"product","link":"https:\/\/www.plastic-crates.co.in\/es\/product\/caja-plegable-con-efecto-madera\/","title":{"rendered":"Caja plegable con efecto madera"},"content":{"rendered":"<p>Presentando nuestro <strong>Caja plegable con efecto madera<\/strong> Una combinaci\u00f3n perfecta de funcionalidad y estilo. Esta caja no solo es una pr\u00e1ctica soluci\u00f3n de almacenamiento, sino tambi\u00e9n un atractivo complemento para la decoraci\u00f3n de su hogar u oficina. Con un acabado efecto madera, ofrece el encanto r\u00fastico de una caja de madera, a la vez que es m\u00e1s ligera y duradera.<\/p>\n<ul>\n<li>Se puede plegar y apilar para un uso eficiente del espacio durante el transporte y el almacenamiento.<\/li>\n<li>Ecol\u00f3gico y totalmente reciclable.<\/li>\n<li>Construcci\u00f3n de pol\u00edmero f\u00e1cil de limpiar, impermeable a la humedad, insecticidas, hongos, \u00e1cidos, grasas, solventes y olores.<\/li>\n<li>Certificado para contacto con alimentos<\/li>\n<li>Cumple con los est\u00e1ndares europeos<\/li>\n<li>Los paneles se pueden plegar hacia arriba y hacia abajo sin esfuerzo y en silencio.<\/li>\n<li>Equipado con bloqueo activo para asegurar el contenedor cuando est\u00e1 desplegado.<\/li>\n<\/ul>\n<div style=\"width: 1270px;\" class=\"wp-video\"><!--[if lt IE 9]><script>document.createElement('video');<\/script><![endif]-->\n<video class=\"wp-video-shortcode\" id=\"video-7471-1\" width=\"1270\" height=\"720\" preload=\"metadata\" controls=\"controls\"><source type=\"video\/mp4\" src=\"https:\/\/www.plastic-crates.co.in\/wp-content\/uploads\/2025\/02\/wood-effect-folding-crate-effect.mp4?_=1\" \/><a href=\"https:\/\/www.plastic-crates.co.in\/wp-content\/uploads\/2025\/02\/wood-effect-folding-crate-effect.mp4\">https:\/\/www.plastic-crates.co.in\/wp-content\/uploads\/2025\/02\/wood-effect-folding-crate-effect.mp4<\/a><\/video><\/div>\n<p><img loading=\"lazy\" decoding=\"async\" class=\"alignnone size-full wp-image-7479\" src=\"https:\/\/www.plastic-crates.co.in\/wp-content\/uploads\/2025\/02\/wood-effect-folding-crate-application-1.png\" alt=\"Aplicaci\u00f3n de caja plegable con efecto madera\" width=\"1195\" height=\"793\" srcset=\"https:\/\/www.plastic-crates.co.in\/wp-content\/uploads\/2025\/02\/wood-effect-folding-crate-application-1.png 1195w, https:\/\/www.plastic-crates.co.in\/wp-content\/uploads\/2025\/02\/wood-effect-folding-crate-application-1-300x199.png 300w, https:\/\/www.plastic-crates.co.in\/wp-content\/uploads\/2025\/02\/wood-effect-folding-crate-application-1-1024x680.png 1024w, https:\/\/www.plastic-crates.co.in\/wp-content\/uploads\/2025\/02\/wood-effect-folding-crate-application-1-768x510.png 768w, https:\/\/www.plastic-crates.co.in\/wp-content\/uploads\/2025\/02\/wood-effect-folding-crate-application-1-600x398.png 600w\" sizes=\"auto, (max-width: 1195px) 100vw, 1195px\" \/><br \/>\n<img loading=\"lazy\" decoding=\"async\" class=\"alignnone size-full wp-image-7480\" src=\"https:\/\/www.plastic-crates.co.in\/wp-content\/uploads\/2025\/02\/wood-effect-folding-crate-application-2.png\" alt=\"Caja plegable efecto madera para frutas\" width=\"800\" height=\"1066\" srcset=\"https:\/\/www.plastic-crates.co.in\/wp-content\/uploads\/2025\/02\/wood-effect-folding-crate-application-2.png 800w, https:\/\/www.plastic-crates.co.in\/wp-content\/uploads\/2025\/02\/wood-effect-folding-crate-application-2-225x300.png 225w, https:\/\/www.plastic-crates.co.in\/wp-content\/uploads\/2025\/02\/wood-effect-folding-crate-application-2-768x1023.png 768w, https:\/\/www.plastic-crates.co.in\/wp-content\/uploads\/2025\/02\/wood-effect-folding-crate-application-2-600x800.png 600w\" sizes=\"auto, (max-width: 800px) 100vw, 800px\" \/><\/p>","protected":false},"excerpt":{"rendered":"<div><a href=\"https:\/\/www.plastic-crates.co.in\/es\/product\/paleta-de-contencion-de-vertidos-ibc\/\" target=\"_blank\">paleta de contenci\u00f3n de derrames<\/a>,<a href=\"https:\/\/www.plastic-crates.co.in\/es\/product-category\/contenedores-apilables-de-plastico\/\" target=\"_blank\">contenedores apilables de pl\u00e1stico<\/a>,<a href=\"https:\/\/www.plastic-crates.co.in\/es\/product-category\/contenedores-apilables-de-plastico\/\" target=\"_blank\" rel=\"noopener noreferrer\">cajas apilables<\/a>,<a href=\"https:\/\/www.plastic-crates.co.in\/es\/product-category\/papeleras-plegables\/\" target=\"_blank\" rel=\"noopener noreferrer\">cesta de plastico plegable<\/a>,<a href=\"https:\/\/www.plastic-crates.co.in\/es\/product-category\/contenedores-de-almacenamiento-a-granel\/\" target=\"_blank\" rel=\"noopener noreferrer\">contenedor de almacenamiento a granel<\/a>,<a href=\"https:\/\/www.rollingcrates.com\/product-category\/folding-wagon\/\" target=\"_blank\">El mejor carro plegable<\/a><\/div>","protected":false},"featured_media":7472,"template":"","meta":{"_acf_changed":false,"_uag_custom_page_level_css":"","site-sidebar-layout":"default","site-content-layout":"","ast-site-content-layout":"default","site-content-style":"default","site-sidebar-style":"default","ast-global-header-display":"","ast-banner-title-visibility":"","ast-main-header-display":"","ast-hfb-above-header-display":"","ast-hfb-below-header-display":"","ast-hfb-mobile-header-display":"","site-post-title":"","ast-breadcrumbs-content":"","ast-featured-img":"","footer-sml-layout":"","theme-transparent-header-meta":"","adv-header-id-meta":"","stick-header-meta":"","header-above-stick-meta":"","header-main-stick-meta":"","header-below-stick-meta":"","astra-migrate-meta-layouts":"default","ast-page-background-enabled":"default","ast-page-background-meta":{"desktop":{"background-color":"var(--ast-global-color-4)","background-image":"","background-repeat":"repeat","background-position":"center center","background-size":"auto","background-attachment":"scroll","background-type":"","background-media":"","overlay-type":"","overlay-color":"","overlay-opacity":"","overlay-gradient":""},"tablet":{"background-color":"","background-image":"","background-repeat":"repeat","background-position":"center center","background-size":"auto","background-attachment":"scroll","background-type":"","background-media":"","overlay-type":"","overlay-color":"","overlay-opacity":"","overlay-gradient":""},"mobile":{"background-color":"","background-image":"","background-repeat":"repeat","background-position":"center center","background-size":"auto","background-attachment":"scroll","background-type":"","background-media":"","overlay-type":"","overlay-color":"","overlay-opacity":"","overlay-gradient":""}},"ast-content-background-meta":{"desktop":{"background-color":"var(--ast-global-color-5)","background-image":"","background-repeat":"repeat","background-position":"center center","background-size":"auto","background-attachment":"scroll","background-type":"","background-media":"","overlay-type":"","overlay-color":"","overlay-opacity":"","overlay-gradient":""},"tablet":{"background-color":"var(--ast-global-color-5)","background-image":"","background-repeat":"repeat","background-position":"center center","background-size":"auto","background-attachment":"scroll","background-type":"","background-media":"","overlay-type":"","overlay-color":"","overlay-opacity":"","overlay-gradient":""},"mobile":{"background-color":"var(--ast-global-color-5)","background-image":"","background-repeat":"repeat","background-position":"center center","background-size":"auto","background-attachment":"scroll","background-type":"","background-media":"","overlay-type":"","overlay-color":"","overlay-opacity":"","overlay-gradient":""}}},"product_brand":[],"product_cat":[11],"product_tag":[101],"class_list":{"0":"post-7471","1":"product","2":"type-product","3":"status-publish","4":"has-post-thumbnail","6":"product_cat-folding-storage-bins","7":"product_tag-plastic-folding-boxes","8":"desktop-align-left","9":"tablet-align-left","10":"mobile-align-left","12":"first","13":"instock","14":"product-type-simple"},"acf":[],"yoast_head":"<!-- This site is optimized with the Yoast SEO plugin v26.4 - https:\/\/yoast.com\/wordpress\/plugins\/seo\/ -->\n<title>Wood Effect Folding Crate wholesale &amp; Factory Price<\/title>\n<meta name=\"description\" content=\"Wholesale Wood Effect Folding Crate, collapsable Wood Effect plastic crates supplier, Dimensions(L*W*H):600 * 400 * 205 mm, Volume: 40L\" \/>\n<meta name=\"robots\" content=\"index, follow, max-snippet:-1, max-image-preview:large, max-video-preview:-1\" \/>\n<link rel=\"canonical\" href=\"https:\/\/www.plastic-crates.co.in\/es\/product\/caja-plegable-con-efecto-madera\/\" \/>\n<meta property=\"og:locale\" content=\"es_ES\" \/>\n<meta property=\"og:type\" content=\"article\" \/>\n<meta property=\"og:title\" content=\"collapsible plastic basket\" \/>\n<meta property=\"og:description\" content=\"Wholesale Wood Effect Folding Crate, collapsable Wood Effect plastic crates supplier, Dimensions(L*W*H):600 * 400 * 205 mm, Volume: 40L\" \/>\n<meta property=\"og:url\" content=\"https:\/\/www.plastic-crates.co.in\/es\/product\/caja-plegable-con-efecto-madera\/\" \/>\n<meta property=\"og:site_name\" content=\"Wholesale plastic crates\" \/>\n<meta property=\"article:modified_time\" content=\"2025-05-13T20:48:42+00:00\" \/>\n<meta property=\"og:image\" content=\"https:\/\/www.plastic-crates.co.in\/wp-content\/uploads\/2025\/02\/wood-effect-folding-crate-1.jpg\" \/>\n\t<meta property=\"og:image:width\" content=\"700\" \/>\n\t<meta property=\"og:image:height\" content=\"700\" \/>\n\t<meta property=\"og:image:type\" content=\"image\/jpeg\" \/>\n<meta name=\"twitter:card\" content=\"summary_large_image\" \/>\n<meta name=\"twitter:title\" content=\"collapsible plastic basket\" \/>\n<meta name=\"twitter:label1\" content=\"Tiempo de lectura\" \/>\n\t<meta name=\"twitter:data1\" content=\"2 minutos\" \/>\n<script type=\"application\/ld+json\" class=\"yoast-schema-graph\">{\"@context\":\"https:\/\/schema.org\",\"@graph\":[{\"@type\":\"WebPage\",\"@id\":\"https:\/\/www.plastic-crates.co.in\/product\/wood-effect-folding-crate\/\",\"url\":\"https:\/\/www.plastic-crates.co.in\/product\/wood-effect-folding-crate\/\",\"name\":\"Wood Effect Folding Crate wholesale & Factory Price\",\"isPartOf\":{\"@id\":\"https:\/\/www.plastic-crates.co.in\/#website\"},\"primaryImageOfPage\":{\"@id\":\"https:\/\/www.plastic-crates.co.in\/product\/wood-effect-folding-crate\/#primaryimage\"},\"image\":{\"@id\":\"https:\/\/www.plastic-crates.co.in\/product\/wood-effect-folding-crate\/#primaryimage\"},\"thumbnailUrl\":\"https:\/\/www.plastic-crates.co.in\/wp-content\/uploads\/2025\/02\/wood-effect-folding-crate-1.jpg\",\"datePublished\":\"2025-02-23T01:11:21+00:00\",\"dateModified\":\"2025-05-13T20:48:42+00:00\",\"description\":\"Wholesale Wood Effect Folding Crate, collapsable Wood Effect plastic crates supplier, Dimensions(L*W*H):600 * 400 * 205 mm, Volume: 40L\",\"breadcrumb\":{\"@id\":\"https:\/\/www.plastic-crates.co.in\/product\/wood-effect-folding-crate\/#breadcrumb\"},\"inLanguage\":\"es\",\"potentialAction\":[{\"@type\":\"ReadAction\",\"target\":[\"https:\/\/www.plastic-crates.co.in\/product\/wood-effect-folding-crate\/\"]}]},{\"@type\":\"ImageObject\",\"inLanguage\":\"es\",\"@id\":\"https:\/\/www.plastic-crates.co.in\/product\/wood-effect-folding-crate\/#primaryimage\",\"url\":\"https:\/\/www.plastic-crates.co.in\/wp-content\/uploads\/2025\/02\/wood-effect-folding-crate-1.jpg\",\"contentUrl\":\"https:\/\/www.plastic-crates.co.in\/wp-content\/uploads\/2025\/02\/wood-effect-folding-crate-1.jpg\",\"width\":700,\"height\":700,\"caption\":\"Wood Effect Folding Crate\"},{\"@type\":\"BreadcrumbList\",\"@id\":\"https:\/\/www.plastic-crates.co.in\/product\/wood-effect-folding-crate\/#breadcrumb\",\"itemListElement\":[{\"@type\":\"ListItem\",\"position\":1,\"name\":\"Home\",\"item\":\"https:\/\/www.plastic-crates.co.in\/\"},{\"@type\":\"ListItem\",\"position\":2,\"name\":\"Products\",\"item\":\"https:\/\/www.plastic-crates.co.in\/shop\/\"},{\"@type\":\"ListItem\",\"position\":3,\"name\":\"Wood Effect Folding Crate\"}]},{\"@type\":\"WebSite\",\"@id\":\"https:\/\/www.plastic-crates.co.in\/#website\",\"url\":\"https:\/\/www.plastic-crates.co.in\/\",\"name\":\"Wholesale plastic crates\",\"description\":\"Leading plastic crates manufacturer in China\",\"potentialAction\":[{\"@type\":\"SearchAction\",\"target\":{\"@type\":\"EntryPoint\",\"urlTemplate\":\"https:\/\/www.plastic-crates.co.in\/?s={search_term_string}\"},\"query-input\":{\"@type\":\"PropertyValueSpecification\",\"valueRequired\":true,\"valueName\":\"search_term_string\"}}],\"inLanguage\":\"es\"}]}<\/script>\n<!-- \/ Yoast SEO plugin. -->","yoast_head_json":{"title":"Caja plegable con efecto madera al por mayor y precio de f\u00e1brica","description":"Caja plegable con efecto madera al por mayor, proveedor de cajas de pl\u00e1stico plegables con efecto madera, Dimensiones (L*An*Al): 600 * 400 * 205 mm, Volumen: 40 L","robots":{"index":"index","follow":"follow","max-snippet":"max-snippet:-1","max-image-preview":"max-image-preview:large","max-video-preview":"max-video-preview:-1"},"canonical":"https:\/\/www.plastic-crates.co.in\/es\/product\/caja-plegable-con-efecto-madera\/","og_locale":"es_ES","og_type":"article","og_title":"collapsible plastic basket","og_description":"Wholesale Wood Effect Folding Crate, collapsable Wood Effect plastic crates supplier, Dimensions(L*W*H):600 * 400 * 205 mm, Volume: 40L","og_url":"https:\/\/www.plastic-crates.co.in\/es\/product\/caja-plegable-con-efecto-madera\/","og_site_name":"Wholesale plastic crates","article_modified_time":"2025-05-13T20:48:42+00:00","og_image":[{"width":700,"height":700,"url":"https:\/\/www.plastic-crates.co.in\/wp-content\/uploads\/2025\/02\/wood-effect-folding-crate-1.jpg","type":"image\/jpeg"}],"twitter_card":"summary_large_image","twitter_title":"collapsible plastic basket","twitter_misc":{"Tiempo de lectura":"2 minutos"},"schema":{"@context":"https:\/\/schema.org","@graph":[{"@type":"WebPage","@id":"https:\/\/www.plastic-crates.co.in\/product\/wood-effect-folding-crate\/","url":"https:\/\/www.plastic-crates.co.in\/product\/wood-effect-folding-crate\/","name":"Caja plegable con efecto madera al por mayor y precio de f\u00e1brica","isPartOf":{"@id":"https:\/\/www.plastic-crates.co.in\/#website"},"primaryImageOfPage":{"@id":"https:\/\/www.plastic-crates.co.in\/product\/wood-effect-folding-crate\/#primaryimage"},"image":{"@id":"https:\/\/www.plastic-crates.co.in\/product\/wood-effect-folding-crate\/#primaryimage"},"thumbnailUrl":"https:\/\/www.plastic-crates.co.in\/wp-content\/uploads\/2025\/02\/wood-effect-folding-crate-1.jpg","datePublished":"2025-02-23T01:11:21+00:00","dateModified":"2025-05-13T20:48:42+00:00","description":"Caja plegable con efecto madera al por mayor, proveedor de cajas de pl\u00e1stico plegables con efecto madera, Dimensiones (L*An*Al): 600 * 400 * 205 mm, Volumen: 40 L","breadcrumb":{"@id":"https:\/\/www.plastic-crates.co.in\/product\/wood-effect-folding-crate\/#breadcrumb"},"inLanguage":"es","potentialAction":[{"@type":"ReadAction","target":["https:\/\/www.plastic-crates.co.in\/product\/wood-effect-folding-crate\/"]}]},{"@type":"ImageObject","inLanguage":"es","@id":"https:\/\/www.plastic-crates.co.in\/product\/wood-effect-folding-crate\/#primaryimage","url":"https:\/\/www.plastic-crates.co.in\/wp-content\/uploads\/2025\/02\/wood-effect-folding-crate-1.jpg","contentUrl":"https:\/\/www.plastic-crates.co.in\/wp-content\/uploads\/2025\/02\/wood-effect-folding-crate-1.jpg","width":700,"height":700,"caption":"Wood Effect Folding Crate"},{"@type":"BreadcrumbList","@id":"https:\/\/www.plastic-crates.co.in\/product\/wood-effect-folding-crate\/#breadcrumb","itemListElement":[{"@type":"ListItem","position":1,"name":"Home","item":"https:\/\/www.plastic-crates.co.in\/"},{"@type":"ListItem","position":2,"name":"Products","item":"https:\/\/www.plastic-crates.co.in\/shop\/"},{"@type":"ListItem","position":3,"name":"Wood Effect Folding Crate"}]},{"@type":"WebSite","@id":"https:\/\/www.plastic-crates.co.in\/#website","url":"https:\/\/www.plastic-crates.co.in\/","name":"Cajas de pl\u00e1stico al por mayor","description":"Fabricante l\u00edder de cajas de pl\u00e1stico en China","potentialAction":[{"@type":"SearchAction","target":{"@type":"EntryPoint","urlTemplate":"https:\/\/www.plastic-crates.co.in\/?s={search_term_string}"},"query-input":{"@type":"PropertyValueSpecification","valueRequired":true,"valueName":"search_term_string"}}],"inLanguage":"es"}]}},"uagb_featured_image_src":{"full":["https:\/\/www.plastic-crates.co.in\/wp-content\/uploads\/2025\/02\/wood-effect-folding-crate-1.jpg",700,700,false],"thumbnail":["https:\/\/www.plastic-crates.co.in\/wp-content\/uploads\/2025\/02\/wood-effect-folding-crate-1-150x150.jpg",150,150,true],"medium":["https:\/\/www.plastic-crates.co.in\/wp-content\/uploads\/2025\/02\/wood-effect-folding-crate-1-300x300.jpg",300,300,true],"medium_large":["https:\/\/www.plastic-crates.co.in\/wp-content\/uploads\/2025\/02\/wood-effect-folding-crate-1.jpg",700,700,false],"large":["https:\/\/www.plastic-crates.co.in\/wp-content\/uploads\/2025\/02\/wood-effect-folding-crate-1.jpg",700,700,false],"1536x1536":["https:\/\/www.plastic-crates.co.in\/wp-content\/uploads\/2025\/02\/wood-effect-folding-crate-1.jpg",700,700,false],"2048x2048":["https:\/\/www.plastic-crates.co.in\/wp-content\/uploads\/2025\/02\/wood-effect-folding-crate-1.jpg",700,700,false],"trp-custom-language-flag":["https:\/\/www.plastic-crates.co.in\/wp-content\/uploads\/2025\/02\/wood-effect-folding-crate-1.jpg",12,12,false],"woocommerce_thumbnail":["https:\/\/www.plastic-crates.co.in\/wp-content\/uploads\/2025\/02\/wood-effect-folding-crate-1-300x300.jpg",300,300,true],"woocommerce_single":["https:\/\/www.plastic-crates.co.in\/wp-content\/uploads\/2025\/02\/wood-effect-folding-crate-1-600x600.jpg",600,600,true],"woocommerce_gallery_thumbnail":["https:\/\/www.plastic-crates.co.in\/wp-content\/uploads\/2025\/02\/wood-effect-folding-crate-1-100x100.jpg",100,100,true]},"uagb_author_info":{"display_name":"Atticus Dixon","author_link":"https:\/\/www.plastic-crates.co.in\/es\/author\/"},"uagb_comment_info":0,"uagb_excerpt":"spill containment pallet,plastic stackable storage containers,stackable crates,folding plastic basket,storage container bulk,best collapsible folding wagon\u200b","_links":{"self":[{"href":"https:\/\/www.plastic-crates.co.in\/es\/wp-json\/wp\/v2\/product\/7471","targetHints":{"allow":["GET"]}}],"collection":[{"href":"https:\/\/www.plastic-crates.co.in\/es\/wp-json\/wp\/v2\/product"}],"about":[{"href":"https:\/\/www.plastic-crates.co.in\/es\/wp-json\/wp\/v2\/types\/product"}],"wp:featuredmedia":[{"embeddable":true,"href":"https:\/\/www.plastic-crates.co.in\/es\/wp-json\/wp\/v2\/media\/7472"}],"wp:attachment":[{"href":"https:\/\/www.plastic-crates.co.in\/es\/wp-json\/wp\/v2\/media?parent=7471"}],"wp:term":[{"taxonomy":"product_brand","embeddable":true,"href":"https:\/\/www.plastic-crates.co.in\/es\/wp-json\/wp\/v2\/product_brand?post=7471"},{"taxonomy":"product_cat","embeddable":true,"href":"https:\/\/www.plastic-crates.co.in\/es\/wp-json\/wp\/v2\/product_cat?post=7471"},{"taxonomy":"product_tag","embeddable":true,"href":"https:\/\/www.plastic-crates.co.in\/es\/wp-json\/wp\/v2\/product_tag?post=7471"}],"curies":[{"name":"wp","href":"https:\/\/api.w.org\/{rel}","templated":true}]}}