{"id":7271,"date":"2023-10-29T14:41:52","date_gmt":"2023-10-29T14:41:52","guid":{"rendered":"https:\/\/www.plastic-crates.co.in\/?post_type=product&#038;p=7271"},"modified":"2025-01-15T04:35:27","modified_gmt":"2025-01-15T04:35:27","slug":"contenedores-de-almacenamiento-de-plastico-transparente-de-47-l-contenedores-transparentes-para-almacenamiento","status":"publish","type":"product","link":"https:\/\/www.plastic-crates.co.in\/es\/product\/contenedores-de-almacenamiento-de-plastico-transparente-de-47-l-contenedores-transparentes-para-almacenamiento\/","title":{"rendered":"Contenedores de almacenamiento de pl\u00e1stico transparente de 47L, contenedores transparentes para almacenamiento"},"content":{"rendered":"<p>El dise\u00f1o transparente le permite ver el contenido sin tener que abrir la tapa, y un dise\u00f1o apilable facilita el uso de varios contenedores para un sistema de almacenamiento completo.<\/p>\n<h4>Caracter\u00edsticas de los contenedores de pl\u00e1stico transparente<\/h4>\n<ul>\n<li>Mantenga las salas de juegos, los dormitorios y los armarios organizados con estas cajas de almacenamiento.<\/li>\n<li>La base y la tapa de pl\u00e1stico transparente ayudan a identificar f\u00e1cilmente el contenido.<\/li>\n<li>El pestillo encaja f\u00e1cilmente en su lugar para asegurar los documentos.<\/li>\n<li>Apilable con otras cajas Stack &amp; Pull<\/li>\n<\/ul>\n<p><img loading=\"lazy\" decoding=\"async\" class=\"alignnone size-full wp-image-5038\" src=\"https:\/\/cdn.plastic-crates.com\/wp-content\/uploads\/2022\/08\/12L-clear-plastic-containers-detail-1.jpg\" alt=\"Detalle de contenedores de pl\u00e1stico transparente de 12L\" width=\"750\" height=\"1059\" \/><\/p>\n<div class=\"content content-eight\">\n<h3 id=\"text9\">20GP: 1836 piezas<\/h3>\n<\/div>\n<div class=\"content content-nine\">\n<h3 id=\"text10\">40 GP: 3780 piezas<\/h3>\n<\/div>\n<div class=\"content content-ten\">\n<h3 id=\"text11\">40HQ: 4212 piezas<\/h3>\n<\/div>\n<p><img loading=\"lazy\" decoding=\"async\" class=\"alignnone size-full wp-image-5040\" src=\"https:\/\/cdn.plastic-crates.com\/wp-content\/uploads\/2022\/08\/12L-clear-plastic-containers-shipping.jpg\" alt=\"Detalle de env\u00edo de contenedores de pl\u00e1stico transparente de 12L\" width=\"750\" height=\"1039\" \/><\/p>","protected":false},"excerpt":{"rendered":"<p><a href=\"https:\/\/www.dollymoving.com\/\" target=\"_blank\" rel=\"noopener\">plataforma de pl\u00e1stico para mudanzas<\/a>, <a href=\"https:\/\/www.plastic-crate.co.uk\/product-category\/supermarket-crates-bale-arm-crates\/\" target=\"_blank\" rel=\"noopener\">cajas apilables de supermercado<\/a><\/p>","protected":false},"featured_media":7296,"template":"","meta":{"_acf_changed":false,"_uag_custom_page_level_css":"","site-sidebar-layout":"default","site-content-layout":"","ast-site-content-layout":"default","site-content-style":"default","site-sidebar-style":"default","ast-global-header-display":"","ast-banner-title-visibility":"","ast-main-header-display":"","ast-hfb-above-header-display":"","ast-hfb-below-header-display":"","ast-hfb-mobile-header-display":"","site-post-title":"","ast-breadcrumbs-content":"","ast-featured-img":"","footer-sml-layout":"","theme-transparent-header-meta":"","adv-header-id-meta":"","stick-header-meta":"","header-above-stick-meta":"","header-main-stick-meta":"","header-below-stick-meta":"","astra-migrate-meta-layouts":"default","ast-page-background-enabled":"default","ast-page-background-meta":{"desktop":{"background-color":"var(--ast-global-color-4)","background-image":"","background-repeat":"repeat","background-position":"center center","background-size":"auto","background-attachment":"scroll","background-type":"","background-media":"","overlay-type":"","overlay-color":"","overlay-opacity":"","overlay-gradient":""},"tablet":{"background-color":"","background-image":"","background-repeat":"repeat","background-position":"center center","background-size":"auto","background-attachment":"scroll","background-type":"","background-media":"","overlay-type":"","overlay-color":"","overlay-opacity":"","overlay-gradient":""},"mobile":{"background-color":"","background-image":"","background-repeat":"repeat","background-position":"center center","background-size":"auto","background-attachment":"scroll","background-type":"","background-media":"","overlay-type":"","overlay-color":"","overlay-opacity":"","overlay-gradient":""}},"ast-content-background-meta":{"desktop":{"background-color":"var(--ast-global-color-5)","background-image":"","background-repeat":"repeat","background-position":"center center","background-size":"auto","background-attachment":"scroll","background-type":"","background-media":"","overlay-type":"","overlay-color":"","overlay-opacity":"","overlay-gradient":""},"tablet":{"background-color":"var(--ast-global-color-5)","background-image":"","background-repeat":"repeat","background-position":"center center","background-size":"auto","background-attachment":"scroll","background-type":"","background-media":"","overlay-type":"","overlay-color":"","overlay-opacity":"","overlay-gradient":""},"mobile":{"background-color":"var(--ast-global-color-5)","background-image":"","background-repeat":"repeat","background-position":"center center","background-size":"auto","background-attachment":"scroll","background-type":"","background-media":"","overlay-type":"","overlay-color":"","overlay-opacity":"","overlay-gradient":""}}},"product_brand":[],"product_cat":[140],"product_tag":[],"class_list":{"0":"post-7271","1":"product","2":"type-product","3":"status-publish","4":"has-post-thumbnail","6":"product_cat-clear-storage-boxes","7":"desktop-align-left","8":"tablet-align-left","9":"mobile-align-left","11":"first","12":"instock","13":"shipping-taxable","14":"product-type-simple"},"acf":[],"yoast_head":"<!-- This site is optimized with the Yoast SEO plugin v26.4 - https:\/\/yoast.com\/wordpress\/plugins\/seo\/ -->\n<title>47L plastic clear storage containers, clear totes for storage - Wholesale plastic crates<\/title>\n<meta name=\"description\" content=\"Wholesale 47L plastic clear storage containers, clear totes for storage, cheap plastic clear storage totes supplier\" \/>\n<meta name=\"robots\" content=\"index, follow, max-snippet:-1, max-image-preview:large, max-video-preview:-1\" \/>\n<link rel=\"canonical\" href=\"https:\/\/www.plastic-crates.co.in\/es\/product\/contenedores-de-almacenamiento-de-plastico-transparente-de-47-l-contenedores-transparentes-para-almacenamiento\/\" \/>\n<meta property=\"og:locale\" content=\"es_ES\" \/>\n<meta property=\"og:type\" content=\"article\" \/>\n<meta property=\"og:title\" content=\"47L plastic clear storage containers, clear totes for storage - Wholesale plastic crates\" \/>\n<meta property=\"og:description\" content=\"Wholesale 47L plastic clear storage containers, clear totes for storage, cheap plastic clear storage totes supplier\" \/>\n<meta property=\"og:url\" content=\"https:\/\/www.plastic-crates.co.in\/es\/product\/contenedores-de-almacenamiento-de-plastico-transparente-de-47-l-contenedores-transparentes-para-almacenamiento\/\" \/>\n<meta property=\"og:site_name\" content=\"Wholesale plastic crates\" \/>\n<meta property=\"article:modified_time\" content=\"2025-01-15T04:35:27+00:00\" \/>\n<meta property=\"og:image\" content=\"https:\/\/www.plastic-crates.com\/wp-content\/uploads\/2023\/10\/plastic-clear-storage-containers-1.jpg\" \/>\n\t<meta property=\"og:image:width\" content=\"820\" \/>\n\t<meta property=\"og:image:height\" content=\"650\" \/>\n\t<meta property=\"og:image:type\" content=\"image\/jpeg\" \/>\n<meta name=\"twitter:card\" content=\"summary_large_image\" \/>\n<meta name=\"twitter:label1\" content=\"Tiempo de lectura\" \/>\n\t<meta name=\"twitter:data1\" content=\"1 minuto\" \/>\n<script type=\"application\/ld+json\" class=\"yoast-schema-graph\">{\"@context\":\"https:\/\/schema.org\",\"@graph\":[{\"@type\":\"WebPage\",\"@id\":\"https:\/\/www.plastic-crates.co.in\/product\/47l-plastic-clear-storage-containers-clear-totes-for-storage\/\",\"url\":\"https:\/\/www.plastic-crates.co.in\/product\/47l-plastic-clear-storage-containers-clear-totes-for-storage\/\",\"name\":\"47L plastic clear storage containers, clear totes for storage - Wholesale plastic crates\",\"isPartOf\":{\"@id\":\"https:\/\/www.plastic-crates.co.in\/#website\"},\"primaryImageOfPage\":{\"@id\":\"https:\/\/www.plastic-crates.co.in\/product\/47l-plastic-clear-storage-containers-clear-totes-for-storage\/#primaryimage\"},\"image\":{\"@id\":\"https:\/\/www.plastic-crates.co.in\/product\/47l-plastic-clear-storage-containers-clear-totes-for-storage\/#primaryimage\"},\"thumbnailUrl\":\"https:\/\/www.plastic-crates.co.in\/wp-content\/uploads\/2023\/10\/plastic-clear-storage-containers-1.jpg\",\"datePublished\":\"2023-10-29T14:41:52+00:00\",\"dateModified\":\"2025-01-15T04:35:27+00:00\",\"description\":\"Wholesale 47L plastic clear storage containers, clear totes for storage, cheap plastic clear storage totes supplier\",\"breadcrumb\":{\"@id\":\"https:\/\/www.plastic-crates.co.in\/product\/47l-plastic-clear-storage-containers-clear-totes-for-storage\/#breadcrumb\"},\"inLanguage\":\"es\",\"potentialAction\":[{\"@type\":\"ReadAction\",\"target\":[\"https:\/\/www.plastic-crates.co.in\/product\/47l-plastic-clear-storage-containers-clear-totes-for-storage\/\"]}]},{\"@type\":\"ImageObject\",\"inLanguage\":\"es\",\"@id\":\"https:\/\/www.plastic-crates.co.in\/product\/47l-plastic-clear-storage-containers-clear-totes-for-storage\/#primaryimage\",\"url\":\"https:\/\/www.plastic-crates.co.in\/wp-content\/uploads\/2023\/10\/plastic-clear-storage-containers-1.jpg\",\"contentUrl\":\"https:\/\/www.plastic-crates.co.in\/wp-content\/uploads\/2023\/10\/plastic-clear-storage-containers-1.jpg\",\"width\":820,\"height\":650},{\"@type\":\"BreadcrumbList\",\"@id\":\"https:\/\/www.plastic-crates.co.in\/product\/47l-plastic-clear-storage-containers-clear-totes-for-storage\/#breadcrumb\",\"itemListElement\":[{\"@type\":\"ListItem\",\"position\":1,\"name\":\"Home\",\"item\":\"https:\/\/www.plastic-crates.co.in\/\"},{\"@type\":\"ListItem\",\"position\":2,\"name\":\"Products\",\"item\":\"https:\/\/www.plastic-crates.co.in\/shop\/\"},{\"@type\":\"ListItem\",\"position\":3,\"name\":\"47L plastic clear storage containers, clear totes for storage\"}]},{\"@type\":\"WebSite\",\"@id\":\"https:\/\/www.plastic-crates.co.in\/#website\",\"url\":\"https:\/\/www.plastic-crates.co.in\/\",\"name\":\"Wholesale plastic crates\",\"description\":\"Leading plastic crates manufacturer in China\",\"potentialAction\":[{\"@type\":\"SearchAction\",\"target\":{\"@type\":\"EntryPoint\",\"urlTemplate\":\"https:\/\/www.plastic-crates.co.in\/?s={search_term_string}\"},\"query-input\":{\"@type\":\"PropertyValueSpecification\",\"valueRequired\":true,\"valueName\":\"search_term_string\"}}],\"inLanguage\":\"es\"}]}<\/script>\n<!-- \/ Yoast SEO plugin. -->","yoast_head_json":{"title":"Contenedores de pl\u00e1stico transparente de 47 litros para almacenamiento - Cajas de pl\u00e1stico al por mayor","description":"Contenedores de almacenamiento de pl\u00e1stico transparente de 47L al por mayor, contenedores transparentes para almacenamiento, proveedor de contenedores de almacenamiento de pl\u00e1stico transparente baratos","robots":{"index":"index","follow":"follow","max-snippet":"max-snippet:-1","max-image-preview":"max-image-preview:large","max-video-preview":"max-video-preview:-1"},"canonical":"https:\/\/www.plastic-crates.co.in\/es\/product\/contenedores-de-almacenamiento-de-plastico-transparente-de-47-l-contenedores-transparentes-para-almacenamiento\/","og_locale":"es_ES","og_type":"article","og_title":"47L plastic clear storage containers, clear totes for storage - Wholesale plastic crates","og_description":"Wholesale 47L plastic clear storage containers, clear totes for storage, cheap plastic clear storage totes supplier","og_url":"https:\/\/www.plastic-crates.co.in\/es\/product\/contenedores-de-almacenamiento-de-plastico-transparente-de-47-l-contenedores-transparentes-para-almacenamiento\/","og_site_name":"Wholesale plastic crates","article_modified_time":"2025-01-15T04:35:27+00:00","og_image":[{"width":820,"height":650,"url":"https:\/\/www.plastic-crates.com\/wp-content\/uploads\/2023\/10\/plastic-clear-storage-containers-1.jpg","type":"image\/jpeg"}],"twitter_card":"summary_large_image","twitter_misc":{"Tiempo de lectura":"1 minuto"},"schema":{"@context":"https:\/\/schema.org","@graph":[{"@type":"WebPage","@id":"https:\/\/www.plastic-crates.co.in\/product\/47l-plastic-clear-storage-containers-clear-totes-for-storage\/","url":"https:\/\/www.plastic-crates.co.in\/product\/47l-plastic-clear-storage-containers-clear-totes-for-storage\/","name":"Contenedores de pl\u00e1stico transparente de 47 litros para almacenamiento - Cajas de pl\u00e1stico al por mayor","isPartOf":{"@id":"https:\/\/www.plastic-crates.co.in\/#website"},"primaryImageOfPage":{"@id":"https:\/\/www.plastic-crates.co.in\/product\/47l-plastic-clear-storage-containers-clear-totes-for-storage\/#primaryimage"},"image":{"@id":"https:\/\/www.plastic-crates.co.in\/product\/47l-plastic-clear-storage-containers-clear-totes-for-storage\/#primaryimage"},"thumbnailUrl":"https:\/\/www.plastic-crates.co.in\/wp-content\/uploads\/2023\/10\/plastic-clear-storage-containers-1.jpg","datePublished":"2023-10-29T14:41:52+00:00","dateModified":"2025-01-15T04:35:27+00:00","description":"Contenedores de almacenamiento de pl\u00e1stico transparente de 47L al por mayor, contenedores transparentes para almacenamiento, proveedor de contenedores de almacenamiento de pl\u00e1stico transparente baratos","breadcrumb":{"@id":"https:\/\/www.plastic-crates.co.in\/product\/47l-plastic-clear-storage-containers-clear-totes-for-storage\/#breadcrumb"},"inLanguage":"es","potentialAction":[{"@type":"ReadAction","target":["https:\/\/www.plastic-crates.co.in\/product\/47l-plastic-clear-storage-containers-clear-totes-for-storage\/"]}]},{"@type":"ImageObject","inLanguage":"es","@id":"https:\/\/www.plastic-crates.co.in\/product\/47l-plastic-clear-storage-containers-clear-totes-for-storage\/#primaryimage","url":"https:\/\/www.plastic-crates.co.in\/wp-content\/uploads\/2023\/10\/plastic-clear-storage-containers-1.jpg","contentUrl":"https:\/\/www.plastic-crates.co.in\/wp-content\/uploads\/2023\/10\/plastic-clear-storage-containers-1.jpg","width":820,"height":650},{"@type":"BreadcrumbList","@id":"https:\/\/www.plastic-crates.co.in\/product\/47l-plastic-clear-storage-containers-clear-totes-for-storage\/#breadcrumb","itemListElement":[{"@type":"ListItem","position":1,"name":"Home","item":"https:\/\/www.plastic-crates.co.in\/"},{"@type":"ListItem","position":2,"name":"Products","item":"https:\/\/www.plastic-crates.co.in\/shop\/"},{"@type":"ListItem","position":3,"name":"47L plastic clear storage containers, clear totes for storage"}]},{"@type":"WebSite","@id":"https:\/\/www.plastic-crates.co.in\/#website","url":"https:\/\/www.plastic-crates.co.in\/","name":"Cajas de pl\u00e1stico al por mayor","description":"Fabricante l\u00edder de cajas de pl\u00e1stico en China","potentialAction":[{"@type":"SearchAction","target":{"@type":"EntryPoint","urlTemplate":"https:\/\/www.plastic-crates.co.in\/?s={search_term_string}"},"query-input":{"@type":"PropertyValueSpecification","valueRequired":true,"valueName":"search_term_string"}}],"inLanguage":"es"}]}},"uagb_featured_image_src":{"full":["https:\/\/www.plastic-crates.co.in\/wp-content\/uploads\/2023\/10\/plastic-clear-storage-containers-1.jpg",820,650,false],"thumbnail":["https:\/\/www.plastic-crates.co.in\/wp-content\/uploads\/2023\/10\/plastic-clear-storage-containers-1-150x150.jpg",150,150,true],"medium":["https:\/\/www.plastic-crates.co.in\/wp-content\/uploads\/2023\/10\/plastic-clear-storage-containers-1-300x238.jpg",300,238,true],"medium_large":["https:\/\/www.plastic-crates.co.in\/wp-content\/uploads\/2023\/10\/plastic-clear-storage-containers-1-768x609.jpg",768,609,true],"large":["https:\/\/www.plastic-crates.co.in\/wp-content\/uploads\/2023\/10\/plastic-clear-storage-containers-1.jpg",820,650,false],"1536x1536":["https:\/\/www.plastic-crates.co.in\/wp-content\/uploads\/2023\/10\/plastic-clear-storage-containers-1.jpg",820,650,false],"2048x2048":["https:\/\/www.plastic-crates.co.in\/wp-content\/uploads\/2023\/10\/plastic-clear-storage-containers-1.jpg",820,650,false],"trp-custom-language-flag":["https:\/\/www.plastic-crates.co.in\/wp-content\/uploads\/2023\/10\/plastic-clear-storage-containers-1.jpg",15,12,false],"woocommerce_thumbnail":["https:\/\/www.plastic-crates.co.in\/wp-content\/uploads\/2023\/10\/plastic-clear-storage-containers-1-300x300.jpg",300,300,true],"woocommerce_single":["https:\/\/www.plastic-crates.co.in\/wp-content\/uploads\/2023\/10\/plastic-clear-storage-containers-1-600x476.jpg",600,476,true],"woocommerce_gallery_thumbnail":["https:\/\/www.plastic-crates.co.in\/wp-content\/uploads\/2023\/10\/plastic-clear-storage-containers-1-100x100.jpg",100,100,true]},"uagb_author_info":{"display_name":"Atticus Dixon","author_link":"https:\/\/www.plastic-crates.co.in\/es\/author\/"},"uagb_comment_info":0,"uagb_excerpt":"plastic moving dolly, supermarket stacking crates","_links":{"self":[{"href":"https:\/\/www.plastic-crates.co.in\/es\/wp-json\/wp\/v2\/product\/7271","targetHints":{"allow":["GET"]}}],"collection":[{"href":"https:\/\/www.plastic-crates.co.in\/es\/wp-json\/wp\/v2\/product"}],"about":[{"href":"https:\/\/www.plastic-crates.co.in\/es\/wp-json\/wp\/v2\/types\/product"}],"wp:featuredmedia":[{"embeddable":true,"href":"https:\/\/www.plastic-crates.co.in\/es\/wp-json\/wp\/v2\/media\/7296"}],"wp:attachment":[{"href":"https:\/\/www.plastic-crates.co.in\/es\/wp-json\/wp\/v2\/media?parent=7271"}],"wp:term":[{"taxonomy":"product_brand","embeddable":true,"href":"https:\/\/www.plastic-crates.co.in\/es\/wp-json\/wp\/v2\/product_brand?post=7271"},{"taxonomy":"product_cat","embeddable":true,"href":"https:\/\/www.plastic-crates.co.in\/es\/wp-json\/wp\/v2\/product_cat?post=7271"},{"taxonomy":"product_tag","embeddable":true,"href":"https:\/\/www.plastic-crates.co.in\/es\/wp-json\/wp\/v2\/product_tag?post=7271"}],"curies":[{"name":"wp","href":"https:\/\/api.w.org\/{rel}","templated":true}]}}