{"id":7218,"date":"2022-12-12T13:39:47","date_gmt":"2022-12-12T13:39:47","guid":{"rendered":"https:\/\/www.plastic-crates.co.in\/?post_type=product&#038;p=7218"},"modified":"2025-04-15T23:14:05","modified_gmt":"2025-04-15T23:14:05","slug":"cajas-de-fundas-de-plastico-plegables-para-autopartes","status":"publish","type":"product","link":"https:\/\/www.plastic-crates.co.in\/es\/product\/cajas-de-fundas-de-plastico-plegables-para-autopartes\/","title":{"rendered":"Cajas plegables de pl\u00e1stico para piezas de autom\u00f3vil"},"content":{"rendered":"<div style=\"width: 540px;\" class=\"wp-video\"><!--[if lt IE 9]><script>document.createElement('video');<\/script><![endif]-->\n<video class=\"wp-video-shortcode\" id=\"video-7218-1\" width=\"540\" height=\"540\" preload=\"metadata\" controls=\"controls\"><source type=\"video\/mp4\" src=\"https:\/\/www.plastic-crates.co.in\/wp-content\/uploads\/2022\/12\/Collapsible-plastic-sleeves-boxes-for-auto-parts.mp4?_=1\" \/><a href=\"https:\/\/www.plastic-crates.co.in\/wp-content\/uploads\/2022\/12\/Collapsible-plastic-sleeves-boxes-for-auto-parts.mp4\">https:\/\/www.plastic-crates.co.in\/wp-content\/uploads\/2022\/12\/Collapsible-plastic-sleeves-boxes-for-auto-parts.mp4<\/a><\/video><\/div>\n<p>&nbsp;<\/p>\n<p><strong>Cajas con fundas de pl\u00e1stico plegables<\/strong> tallas disponibles<\/p>\n<table border=\"1\" width=\"510\">\n<tbody>\n<tr>\n<td height=\"19\" data-spm-anchor-id=\"a2700.details.0.i7.65943b7dW6kPoZ\">Modelo<\/td>\n<td height=\"19\">Di\u00e1metro exterior<\/td>\n<td height=\"19\">Di\u00e1metro interior<\/td>\n<td height=\"19\">Peso del pal\u00e9<\/td>\n<td height=\"19\">Peso de la tapa<\/td>\n<td height=\"19\">Altura interna<\/td>\n<\/tr>\n<tr>\n<td height=\"19\">1<\/td>\n<td height=\"19\" data-spm-anchor-id=\"a2700.details.0.i37.65943b7dW6kPoZ\">1200&#215;1000<\/td>\n<td height=\"19\">1140&#215;940<\/td>\n<td height=\"19\">10 kilos<\/td>\n<td height=\"19\">8 kilos<\/td>\n<td rowspan=\"12\" height=\"228\" data-spm-anchor-id=\"a2700.details.0.i38.65943b7dW6kPoZ\">altura puede<br \/>\nser personalizado<\/td>\n<\/tr>\n<tr>\n<td height=\"19\">2<\/td>\n<td height=\"19\" data-spm-anchor-id=\"a2700.details.0.i8.65943b7dW6kPoZ\">1150&#215;985<\/td>\n<td height=\"19\">1106&#215;940<\/td>\n<td height=\"19\">10 kilos<\/td>\n<td height=\"19\">8 kilos<\/td>\n<\/tr>\n<tr>\n<td height=\"19\">3<\/td>\n<td height=\"19\">1200&#215;800<\/td>\n<td height=\"19\">1160&#215;760<\/td>\n<td height=\"19\">8,5 kilos<\/td>\n<td height=\"19\">7,5 kilos<\/td>\n<\/tr>\n<tr>\n<td height=\"19\">4<\/td>\n<td height=\"19\">1470X1150<\/td>\n<td height=\"19\">1400&#215;1070<\/td>\n<td height=\"19\">15 kilos<\/td>\n<td height=\"19\">13 kilos<\/td>\n<\/tr>\n<tr>\n<td height=\"19\">5<\/td>\n<td height=\"19\">1350&#215;1150<\/td>\n<td height=\"19\">1280&#215;1070<\/td>\n<td height=\"19\">14 kilos<\/td>\n<td height=\"19\">12 kilos<\/td>\n<\/tr>\n<tr>\n<td height=\"19\">6<\/td>\n<td height=\"19\">1150&#215;1150<\/td>\n<td height=\"19\">1105&#215;1105<\/td>\n<td height=\"19\">10,5 kilos<\/td>\n<td height=\"19\">8,5 kilos<\/td>\n<\/tr>\n<tr>\n<td height=\"19\">7<\/td>\n<td height=\"19\">1100&#215;1100<\/td>\n<td height=\"19\">1055&#215;1055<\/td>\n<td height=\"19\">10 kilos<\/td>\n<td height=\"19\">8 kilos<\/td>\n<\/tr>\n<tr>\n<td height=\"19\">8<\/td>\n<td height=\"19\">1200&#215;1150<\/td>\n<td height=\"19\">1160&#215;1080<\/td>\n<td height=\"19\">12 kilos<\/td>\n<td height=\"19\">10 kilos<\/td>\n<\/tr>\n<tr>\n<td height=\"19\">9<\/td>\n<td height=\"19\">1600&#215;1150<\/td>\n<td height=\"19\">1540&#215;1080<\/td>\n<td height=\"19\">18,5 kilos<\/td>\n<td height=\"19\">12,5 kilos<\/td>\n<\/tr>\n<tr>\n<td height=\"19\">10<\/td>\n<td height=\"19\">2070&#215;1150<\/td>\n<td height=\"19\">2000&#215;1080<\/td>\n<td height=\"19\">30 kilos<\/td>\n<td height=\"19\">16 kilos<\/td>\n<\/tr>\n<tr>\n<td height=\"19\">11<\/td>\n<td height=\"19\">820&#215;600<\/td>\n<td height=\"19\" data-spm-anchor-id=\"a2700.details.0.i9.65943b7dW6kPoZ\">760&#215;560<\/td>\n<td height=\"19\">6 kilos<\/td>\n<td height=\"19\">5 kilos<\/td>\n<\/tr>\n<tr>\n<td height=\"19\">12<\/td>\n<td height=\"19\">1100&#215;1000<\/td>\n<td height=\"19\">1050&#215;950<\/td>\n<td height=\"19\">10 kilos<\/td>\n<td height=\"19\">7,5 kilos<\/td>\n<\/tr>\n<\/tbody>\n<\/table>\n<p>&nbsp;<\/p>\n<p><strong>Ventajas:<\/strong><\/p>\n<ul>\n<li>Cajas gaylord de pl\u00e1stico ligeras y estables<\/li>\n<li>plegable y plegable<\/li>\n<li>Caja gaylord reducida a solo 20% de su volumen a cambio<\/li>\n<li>hasta 80% reducci\u00f3n de costes de transporte<\/li>\n<li>Caja de palets de pl\u00e1stico con tapa y pal\u00e9 para construir una unidad cerrada<\/li>\n<li>Transporte seguro, limpio y eficiente garantizado<\/li>\n<li>Resistente a la intemperie<\/li>\n<li>muy robusto<\/li>\n<li>F\u00e1cil de limpiar<\/li>\n<\/ul>\n<p><strong>Las cajas de fundas de pl\u00e1stico plegables para autopartes cuentan con<\/strong><\/p>\n<p><img loading=\"lazy\" decoding=\"async\" class=\"alignnone size-full wp-image-7220\" src=\"https:\/\/www.plastic-crates.co.in\/wp-content\/uploads\/2022\/12\/Collapsible-plastic-sleeves-boxes-for-auto-parts-feature-a.jpg\" alt=\"Las cajas de fundas de pl\u00e1stico plegables para autopartes cuentan con\" width=\"790\" height=\"790\" srcset=\"https:\/\/www.plastic-crates.co.in\/wp-content\/uploads\/2022\/12\/Collapsible-plastic-sleeves-boxes-for-auto-parts-feature-a.jpg 790w, https:\/\/www.plastic-crates.co.in\/wp-content\/uploads\/2022\/12\/Collapsible-plastic-sleeves-boxes-for-auto-parts-feature-a-300x300.jpg 300w, https:\/\/www.plastic-crates.co.in\/wp-content\/uploads\/2022\/12\/Collapsible-plastic-sleeves-boxes-for-auto-parts-feature-a-150x150.jpg 150w, https:\/\/www.plastic-crates.co.in\/wp-content\/uploads\/2022\/12\/Collapsible-plastic-sleeves-boxes-for-auto-parts-feature-a-768x768.jpg 768w, https:\/\/www.plastic-crates.co.in\/wp-content\/uploads\/2022\/12\/Collapsible-plastic-sleeves-boxes-for-auto-parts-feature-a-400x400.jpg 400w, https:\/\/www.plastic-crates.co.in\/wp-content\/uploads\/2022\/12\/Collapsible-plastic-sleeves-boxes-for-auto-parts-feature-a-600x600.jpg 600w, https:\/\/www.plastic-crates.co.in\/wp-content\/uploads\/2022\/12\/Collapsible-plastic-sleeves-boxes-for-auto-parts-feature-a-100x100.jpg 100w\" sizes=\"auto, (max-width: 790px) 100vw, 790px\" \/> <img loading=\"lazy\" decoding=\"async\" class=\"alignnone size-full wp-image-7221\" src=\"https:\/\/www.plastic-crates.co.in\/wp-content\/uploads\/2022\/12\/plastic-sleeves-boxes-for-auto-parts-feature-b.jpg\" alt=\"Las cajas de fundas de pl\u00e1stico plegables para autopartes cuentan con\" width=\"790\" height=\"790\" srcset=\"https:\/\/www.plastic-crates.co.in\/wp-content\/uploads\/2022\/12\/plastic-sleeves-boxes-for-auto-parts-feature-b.jpg 790w, https:\/\/www.plastic-crates.co.in\/wp-content\/uploads\/2022\/12\/plastic-sleeves-boxes-for-auto-parts-feature-b-300x300.jpg 300w, https:\/\/www.plastic-crates.co.in\/wp-content\/uploads\/2022\/12\/plastic-sleeves-boxes-for-auto-parts-feature-b-150x150.jpg 150w, https:\/\/www.plastic-crates.co.in\/wp-content\/uploads\/2022\/12\/plastic-sleeves-boxes-for-auto-parts-feature-b-768x768.jpg 768w, https:\/\/www.plastic-crates.co.in\/wp-content\/uploads\/2022\/12\/plastic-sleeves-boxes-for-auto-parts-feature-b-400x400.jpg 400w, https:\/\/www.plastic-crates.co.in\/wp-content\/uploads\/2022\/12\/plastic-sleeves-boxes-for-auto-parts-feature-b-600x600.jpg 600w, https:\/\/www.plastic-crates.co.in\/wp-content\/uploads\/2022\/12\/plastic-sleeves-boxes-for-auto-parts-feature-b-100x100.jpg 100w\" sizes=\"auto, (max-width: 790px) 100vw, 790px\" \/> <img loading=\"lazy\" decoding=\"async\" class=\"alignnone size-full wp-image-7222\" src=\"https:\/\/www.plastic-crates.co.in\/wp-content\/uploads\/2022\/12\/plastic-sleeves-boxes-for-auto-parts-feature-c.jpg\" alt=\"Las cajas de fundas de pl\u00e1stico plegables para autopartes cuentan con\" width=\"790\" height=\"790\" srcset=\"https:\/\/www.plastic-crates.co.in\/wp-content\/uploads\/2022\/12\/plastic-sleeves-boxes-for-auto-parts-feature-c.jpg 790w, https:\/\/www.plastic-crates.co.in\/wp-content\/uploads\/2022\/12\/plastic-sleeves-boxes-for-auto-parts-feature-c-300x300.jpg 300w, https:\/\/www.plastic-crates.co.in\/wp-content\/uploads\/2022\/12\/plastic-sleeves-boxes-for-auto-parts-feature-c-150x150.jpg 150w, https:\/\/www.plastic-crates.co.in\/wp-content\/uploads\/2022\/12\/plastic-sleeves-boxes-for-auto-parts-feature-c-768x768.jpg 768w, https:\/\/www.plastic-crates.co.in\/wp-content\/uploads\/2022\/12\/plastic-sleeves-boxes-for-auto-parts-feature-c-400x400.jpg 400w, https:\/\/www.plastic-crates.co.in\/wp-content\/uploads\/2022\/12\/plastic-sleeves-boxes-for-auto-parts-feature-c-600x600.jpg 600w, https:\/\/www.plastic-crates.co.in\/wp-content\/uploads\/2022\/12\/plastic-sleeves-boxes-for-auto-parts-feature-c-100x100.jpg 100w\" sizes=\"auto, (max-width: 790px) 100vw, 790px\" \/><\/p>\n<p><img loading=\"lazy\" decoding=\"async\" class=\"alignnone size-full wp-image-7223\" src=\"https:\/\/www.plastic-crates.co.in\/wp-content\/uploads\/2022\/12\/plastic-sleeves-boxes-for-auto-parts-application.jpg\" alt=\"Cajas de fundas de pl\u00e1stico plegables para aplicaci\u00f3n en autopartes\" width=\"790\" height=\"1338\" srcset=\"https:\/\/www.plastic-crates.co.in\/wp-content\/uploads\/2022\/12\/plastic-sleeves-boxes-for-auto-parts-application.jpg 790w, https:\/\/www.plastic-crates.co.in\/wp-content\/uploads\/2022\/12\/plastic-sleeves-boxes-for-auto-parts-application-177x300.jpg 177w, https:\/\/www.plastic-crates.co.in\/wp-content\/uploads\/2022\/12\/plastic-sleeves-boxes-for-auto-parts-application-605x1024.jpg 605w, https:\/\/www.plastic-crates.co.in\/wp-content\/uploads\/2022\/12\/plastic-sleeves-boxes-for-auto-parts-application-768x1301.jpg 768w, https:\/\/www.plastic-crates.co.in\/wp-content\/uploads\/2022\/12\/plastic-sleeves-boxes-for-auto-parts-application-600x1016.jpg 600w\" sizes=\"auto, (max-width: 790px) 100vw, 790px\" \/><\/p>\n<p>&nbsp;<\/p>","protected":false},"excerpt":{"rendered":"<div><a href=\"https:\/\/www.plastic-crates.co.in\/es\/product-category\/contenedores-apilables-de-plastico\/\" target=\"_blank\" rel=\"noopener noreferrer\">contenedores de almacenamiento de pl\u00e1stico<\/a>,<a href=\"https:\/\/www.plastic-crates.co.in\/es\/product-category\/contenedores-de-almacenamiento-a-granel\/\" target=\"_blank\" rel=\"noopener noreferrer\">cajas con brazos para pacas<\/a>,<a href=\"https:\/\/www.plastic-crate.co.uk\/product-tag\/ifco-crates-for-sale\/\" target=\"_blank\" rel=\"noopener noreferrer\">Cajas de pl\u00e1stico ifco<\/a>,<a href=\"https:\/\/www.plastic-crates.co.in\/es\/product-category\/contenedores-apilables-y-anidados\/\" target=\"_blank\" rel=\"noopener noreferrer\">Contenedor de pared recta<\/a><\/div>","protected":false},"featured_media":7228,"template":"","meta":{"_acf_changed":false,"_uag_custom_page_level_css":"","site-sidebar-layout":"default","site-content-layout":"","ast-site-content-layout":"default","site-content-style":"default","site-sidebar-style":"default","ast-global-header-display":"","ast-banner-title-visibility":"","ast-main-header-display":"","ast-hfb-above-header-display":"","ast-hfb-below-header-display":"","ast-hfb-mobile-header-display":"","site-post-title":"","ast-breadcrumbs-content":"","ast-featured-img":"","footer-sml-layout":"","theme-transparent-header-meta":"","adv-header-id-meta":"","stick-header-meta":"","header-above-stick-meta":"","header-main-stick-meta":"","header-below-stick-meta":"","astra-migrate-meta-layouts":"default","ast-page-background-enabled":"default","ast-page-background-meta":{"desktop":{"background-color":"var(--ast-global-color-4)","background-image":"","background-repeat":"repeat","background-position":"center center","background-size":"auto","background-attachment":"scroll","background-type":"","background-media":"","overlay-type":"","overlay-color":"","overlay-opacity":"","overlay-gradient":""},"tablet":{"background-color":"","background-image":"","background-repeat":"repeat","background-position":"center center","background-size":"auto","background-attachment":"scroll","background-type":"","background-media":"","overlay-type":"","overlay-color":"","overlay-opacity":"","overlay-gradient":""},"mobile":{"background-color":"","background-image":"","background-repeat":"repeat","background-position":"center center","background-size":"auto","background-attachment":"scroll","background-type":"","background-media":"","overlay-type":"","overlay-color":"","overlay-opacity":"","overlay-gradient":""}},"ast-content-background-meta":{"desktop":{"background-color":"var(--ast-global-color-5)","background-image":"","background-repeat":"repeat","background-position":"center center","background-size":"auto","background-attachment":"scroll","background-type":"","background-media":"","overlay-type":"","overlay-color":"","overlay-opacity":"","overlay-gradient":""},"tablet":{"background-color":"var(--ast-global-color-5)","background-image":"","background-repeat":"repeat","background-position":"center center","background-size":"auto","background-attachment":"scroll","background-type":"","background-media":"","overlay-type":"","overlay-color":"","overlay-opacity":"","overlay-gradient":""},"mobile":{"background-color":"var(--ast-global-color-5)","background-image":"","background-repeat":"repeat","background-position":"center center","background-size":"auto","background-attachment":"scroll","background-type":"","background-media":"","overlay-type":"","overlay-color":"","overlay-opacity":"","overlay-gradient":""}}},"product_brand":[],"product_cat":[14],"product_tag":[91,89,88,138,139],"class_list":{"0":"post-7218","1":"product","2":"type-product","3":"status-publish","4":"has-post-thumbnail","6":"product_cat-bulk-storage-containers","7":"product_tag-collapsible-plastic-pallet-box","8":"product_tag-corrugated-pallet-box","9":"product_tag-foldable-coaming-box","10":"product_tag-pallet-sleeve-box","11":"product_tag-plastic-gaylord-box-reusable-plastic-gaylord-pallet-container","12":"desktop-align-left","13":"tablet-align-left","14":"mobile-align-left","16":"first","17":"instock","18":"product-type-simple"},"acf":[],"yoast_head":"<!-- This site is optimized with the Yoast SEO plugin v26.4 - https:\/\/yoast.com\/wordpress\/plugins\/seo\/ -->\n<title>Collapsible plastic sleeves boxes for auto parts wholesale &amp; Factory Price<\/title>\n<meta name=\"description\" content=\"Collapsible plastic sleeves boxes for auto parts, Dimensions(L*W*H):1200 * 1150 mm, height can be customized, plastic gaylord box for sale\" \/>\n<meta name=\"robots\" content=\"index, follow, max-snippet:-1, max-image-preview:large, max-video-preview:-1\" \/>\n<link rel=\"canonical\" href=\"https:\/\/www.plastic-crates.co.in\/es\/product\/cajas-de-fundas-de-plastico-plegables-para-autopartes\/\" \/>\n<meta property=\"og:locale\" content=\"es_ES\" \/>\n<meta property=\"og:type\" content=\"article\" \/>\n<meta property=\"og:title\" content=\"collapsible plastic pallet box fast supplier\" \/>\n<meta property=\"og:description\" content=\"Collapsible plastic sleeves boxes for auto parts, Dimensions(L*W*H):1200 * 1150 mm, height can be customized, plastic gaylord box for sale\" \/>\n<meta property=\"og:url\" content=\"https:\/\/www.plastic-crates.co.in\/es\/product\/cajas-de-fundas-de-plastico-plegables-para-autopartes\/\" \/>\n<meta property=\"og:site_name\" content=\"Wholesale plastic crates\" \/>\n<meta property=\"article:modified_time\" content=\"2025-04-15T23:14:05+00:00\" \/>\n<meta property=\"og:image\" content=\"https:\/\/www.plastic-crates.co.in\/wp-content\/uploads\/2022\/12\/Collapsible-plastic-sleeves-boxes-for-auto-parts-e.jpg\" \/>\n\t<meta property=\"og:image:width\" content=\"640\" \/>\n\t<meta property=\"og:image:height\" content=\"640\" \/>\n\t<meta property=\"og:image:type\" content=\"image\/jpeg\" \/>\n<meta name=\"twitter:card\" content=\"summary_large_image\" \/>\n<meta name=\"twitter:title\" content=\"collapsible plastic pallet box fast supplier\" \/>\n<meta name=\"twitter:label1\" content=\"Tiempo de lectura\" \/>\n\t<meta name=\"twitter:data1\" content=\"1 minuto\" \/>\n<script type=\"application\/ld+json\" class=\"yoast-schema-graph\">{\"@context\":\"https:\/\/schema.org\",\"@graph\":[{\"@type\":\"WebPage\",\"@id\":\"https:\/\/www.plastic-crates.co.in\/product\/collapsible-plastic-sleeves-boxes-for-auto-parts\/\",\"url\":\"https:\/\/www.plastic-crates.co.in\/product\/collapsible-plastic-sleeves-boxes-for-auto-parts\/\",\"name\":\"Collapsible plastic sleeves boxes for auto parts wholesale & Factory Price\",\"isPartOf\":{\"@id\":\"https:\/\/www.plastic-crates.co.in\/#website\"},\"primaryImageOfPage\":{\"@id\":\"https:\/\/www.plastic-crates.co.in\/product\/collapsible-plastic-sleeves-boxes-for-auto-parts\/#primaryimage\"},\"image\":{\"@id\":\"https:\/\/www.plastic-crates.co.in\/product\/collapsible-plastic-sleeves-boxes-for-auto-parts\/#primaryimage\"},\"thumbnailUrl\":\"https:\/\/www.plastic-crates.co.in\/wp-content\/uploads\/2022\/12\/Collapsible-plastic-sleeves-boxes-for-auto-parts-e.jpg\",\"datePublished\":\"2022-12-12T13:39:47+00:00\",\"dateModified\":\"2025-04-15T23:14:05+00:00\",\"description\":\"Collapsible plastic sleeves boxes for auto parts, Dimensions(L*W*H):1200 * 1150 mm, height can be customized, plastic gaylord box for sale\",\"breadcrumb\":{\"@id\":\"https:\/\/www.plastic-crates.co.in\/product\/collapsible-plastic-sleeves-boxes-for-auto-parts\/#breadcrumb\"},\"inLanguage\":\"es\",\"potentialAction\":[{\"@type\":\"ReadAction\",\"target\":[\"https:\/\/www.plastic-crates.co.in\/product\/collapsible-plastic-sleeves-boxes-for-auto-parts\/\"]}]},{\"@type\":\"ImageObject\",\"inLanguage\":\"es\",\"@id\":\"https:\/\/www.plastic-crates.co.in\/product\/collapsible-plastic-sleeves-boxes-for-auto-parts\/#primaryimage\",\"url\":\"https:\/\/www.plastic-crates.co.in\/wp-content\/uploads\/2022\/12\/Collapsible-plastic-sleeves-boxes-for-auto-parts-e.jpg\",\"contentUrl\":\"https:\/\/www.plastic-crates.co.in\/wp-content\/uploads\/2022\/12\/Collapsible-plastic-sleeves-boxes-for-auto-parts-e.jpg\",\"width\":640,\"height\":640,\"caption\":\"plastic sleeves boxes for auto parts\"},{\"@type\":\"BreadcrumbList\",\"@id\":\"https:\/\/www.plastic-crates.co.in\/product\/collapsible-plastic-sleeves-boxes-for-auto-parts\/#breadcrumb\",\"itemListElement\":[{\"@type\":\"ListItem\",\"position\":1,\"name\":\"Home\",\"item\":\"https:\/\/www.plastic-crates.co.in\/\"},{\"@type\":\"ListItem\",\"position\":2,\"name\":\"Products\",\"item\":\"https:\/\/www.plastic-crates.co.in\/shop\/\"},{\"@type\":\"ListItem\",\"position\":3,\"name\":\"Collapsible plastic sleeves boxes for auto parts\"}]},{\"@type\":\"WebSite\",\"@id\":\"https:\/\/www.plastic-crates.co.in\/#website\",\"url\":\"https:\/\/www.plastic-crates.co.in\/\",\"name\":\"Wholesale plastic crates\",\"description\":\"Leading plastic crates manufacturer in China\",\"potentialAction\":[{\"@type\":\"SearchAction\",\"target\":{\"@type\":\"EntryPoint\",\"urlTemplate\":\"https:\/\/www.plastic-crates.co.in\/?s={search_term_string}\"},\"query-input\":{\"@type\":\"PropertyValueSpecification\",\"valueRequired\":true,\"valueName\":\"search_term_string\"}}],\"inLanguage\":\"es\"}]}<\/script>\n<!-- \/ Yoast SEO plugin. -->","yoast_head_json":{"title":"Cajas de fundas de pl\u00e1stico plegables para autopartes al por mayor y precio de f\u00e1brica","description":"Cajas de fundas de pl\u00e1stico plegables para autopartes, Dimensiones (L * An * Al): 1200 * 1150 mm, la altura se puede personalizar, caja de pl\u00e1stico gaylord a la venta","robots":{"index":"index","follow":"follow","max-snippet":"max-snippet:-1","max-image-preview":"max-image-preview:large","max-video-preview":"max-video-preview:-1"},"canonical":"https:\/\/www.plastic-crates.co.in\/es\/product\/cajas-de-fundas-de-plastico-plegables-para-autopartes\/","og_locale":"es_ES","og_type":"article","og_title":"collapsible plastic pallet box fast supplier","og_description":"Collapsible plastic sleeves boxes for auto parts, Dimensions(L*W*H):1200 * 1150 mm, height can be customized, plastic gaylord box for sale","og_url":"https:\/\/www.plastic-crates.co.in\/es\/product\/cajas-de-fundas-de-plastico-plegables-para-autopartes\/","og_site_name":"Wholesale plastic crates","article_modified_time":"2025-04-15T23:14:05+00:00","og_image":[{"width":640,"height":640,"url":"https:\/\/www.plastic-crates.co.in\/wp-content\/uploads\/2022\/12\/Collapsible-plastic-sleeves-boxes-for-auto-parts-e.jpg","type":"image\/jpeg"}],"twitter_card":"summary_large_image","twitter_title":"collapsible plastic pallet box fast supplier","twitter_misc":{"Tiempo de lectura":"1 minuto"},"schema":{"@context":"https:\/\/schema.org","@graph":[{"@type":"WebPage","@id":"https:\/\/www.plastic-crates.co.in\/product\/collapsible-plastic-sleeves-boxes-for-auto-parts\/","url":"https:\/\/www.plastic-crates.co.in\/product\/collapsible-plastic-sleeves-boxes-for-auto-parts\/","name":"Cajas de fundas de pl\u00e1stico plegables para autopartes al por mayor y precio de f\u00e1brica","isPartOf":{"@id":"https:\/\/www.plastic-crates.co.in\/#website"},"primaryImageOfPage":{"@id":"https:\/\/www.plastic-crates.co.in\/product\/collapsible-plastic-sleeves-boxes-for-auto-parts\/#primaryimage"},"image":{"@id":"https:\/\/www.plastic-crates.co.in\/product\/collapsible-plastic-sleeves-boxes-for-auto-parts\/#primaryimage"},"thumbnailUrl":"https:\/\/www.plastic-crates.co.in\/wp-content\/uploads\/2022\/12\/Collapsible-plastic-sleeves-boxes-for-auto-parts-e.jpg","datePublished":"2022-12-12T13:39:47+00:00","dateModified":"2025-04-15T23:14:05+00:00","description":"Cajas de fundas de pl\u00e1stico plegables para autopartes, Dimensiones (L * An * Al): 1200 * 1150 mm, la altura se puede personalizar, caja de pl\u00e1stico gaylord a la venta","breadcrumb":{"@id":"https:\/\/www.plastic-crates.co.in\/product\/collapsible-plastic-sleeves-boxes-for-auto-parts\/#breadcrumb"},"inLanguage":"es","potentialAction":[{"@type":"ReadAction","target":["https:\/\/www.plastic-crates.co.in\/product\/collapsible-plastic-sleeves-boxes-for-auto-parts\/"]}]},{"@type":"ImageObject","inLanguage":"es","@id":"https:\/\/www.plastic-crates.co.in\/product\/collapsible-plastic-sleeves-boxes-for-auto-parts\/#primaryimage","url":"https:\/\/www.plastic-crates.co.in\/wp-content\/uploads\/2022\/12\/Collapsible-plastic-sleeves-boxes-for-auto-parts-e.jpg","contentUrl":"https:\/\/www.plastic-crates.co.in\/wp-content\/uploads\/2022\/12\/Collapsible-plastic-sleeves-boxes-for-auto-parts-e.jpg","width":640,"height":640,"caption":"plastic sleeves boxes for auto parts"},{"@type":"BreadcrumbList","@id":"https:\/\/www.plastic-crates.co.in\/product\/collapsible-plastic-sleeves-boxes-for-auto-parts\/#breadcrumb","itemListElement":[{"@type":"ListItem","position":1,"name":"Home","item":"https:\/\/www.plastic-crates.co.in\/"},{"@type":"ListItem","position":2,"name":"Products","item":"https:\/\/www.plastic-crates.co.in\/shop\/"},{"@type":"ListItem","position":3,"name":"Collapsible plastic sleeves boxes for auto parts"}]},{"@type":"WebSite","@id":"https:\/\/www.plastic-crates.co.in\/#website","url":"https:\/\/www.plastic-crates.co.in\/","name":"Cajas de pl\u00e1stico al por mayor","description":"Fabricante l\u00edder de cajas de pl\u00e1stico en China","potentialAction":[{"@type":"SearchAction","target":{"@type":"EntryPoint","urlTemplate":"https:\/\/www.plastic-crates.co.in\/?s={search_term_string}"},"query-input":{"@type":"PropertyValueSpecification","valueRequired":true,"valueName":"search_term_string"}}],"inLanguage":"es"}]}},"uagb_featured_image_src":{"full":["https:\/\/www.plastic-crates.co.in\/wp-content\/uploads\/2022\/12\/Collapsible-plastic-sleeves-boxes-for-auto-parts-e.jpg",640,640,false],"thumbnail":["https:\/\/www.plastic-crates.co.in\/wp-content\/uploads\/2022\/12\/Collapsible-plastic-sleeves-boxes-for-auto-parts-e-150x150.jpg",150,150,true],"medium":["https:\/\/www.plastic-crates.co.in\/wp-content\/uploads\/2022\/12\/Collapsible-plastic-sleeves-boxes-for-auto-parts-e-300x300.jpg",300,300,true],"medium_large":["https:\/\/www.plastic-crates.co.in\/wp-content\/uploads\/2022\/12\/Collapsible-plastic-sleeves-boxes-for-auto-parts-e.jpg",640,640,false],"large":["https:\/\/www.plastic-crates.co.in\/wp-content\/uploads\/2022\/12\/Collapsible-plastic-sleeves-boxes-for-auto-parts-e.jpg",640,640,false],"1536x1536":["https:\/\/www.plastic-crates.co.in\/wp-content\/uploads\/2022\/12\/Collapsible-plastic-sleeves-boxes-for-auto-parts-e.jpg",640,640,false],"2048x2048":["https:\/\/www.plastic-crates.co.in\/wp-content\/uploads\/2022\/12\/Collapsible-plastic-sleeves-boxes-for-auto-parts-e.jpg",640,640,false],"trp-custom-language-flag":["https:\/\/www.plastic-crates.co.in\/wp-content\/uploads\/2022\/12\/Collapsible-plastic-sleeves-boxes-for-auto-parts-e.jpg",12,12,false],"woocommerce_thumbnail":["https:\/\/www.plastic-crates.co.in\/wp-content\/uploads\/2022\/12\/Collapsible-plastic-sleeves-boxes-for-auto-parts-e-300x300.jpg",300,300,true],"woocommerce_single":["https:\/\/www.plastic-crates.co.in\/wp-content\/uploads\/2022\/12\/Collapsible-plastic-sleeves-boxes-for-auto-parts-e-600x600.jpg",600,600,true],"woocommerce_gallery_thumbnail":["https:\/\/www.plastic-crates.co.in\/wp-content\/uploads\/2022\/12\/Collapsible-plastic-sleeves-boxes-for-auto-parts-e-100x100.jpg",100,100,true]},"uagb_author_info":{"display_name":"Atticus Dixon","author_link":"https:\/\/www.plastic-crates.co.in\/es\/author\/"},"uagb_comment_info":0,"uagb_excerpt":"plastic storage containers,bale arm crates,Plastic ifco crates,Straight Wall Container","_links":{"self":[{"href":"https:\/\/www.plastic-crates.co.in\/es\/wp-json\/wp\/v2\/product\/7218","targetHints":{"allow":["GET"]}}],"collection":[{"href":"https:\/\/www.plastic-crates.co.in\/es\/wp-json\/wp\/v2\/product"}],"about":[{"href":"https:\/\/www.plastic-crates.co.in\/es\/wp-json\/wp\/v2\/types\/product"}],"wp:featuredmedia":[{"embeddable":true,"href":"https:\/\/www.plastic-crates.co.in\/es\/wp-json\/wp\/v2\/media\/7228"}],"wp:attachment":[{"href":"https:\/\/www.plastic-crates.co.in\/es\/wp-json\/wp\/v2\/media?parent=7218"}],"wp:term":[{"taxonomy":"product_brand","embeddable":true,"href":"https:\/\/www.plastic-crates.co.in\/es\/wp-json\/wp\/v2\/product_brand?post=7218"},{"taxonomy":"product_cat","embeddable":true,"href":"https:\/\/www.plastic-crates.co.in\/es\/wp-json\/wp\/v2\/product_cat?post=7218"},{"taxonomy":"product_tag","embeddable":true,"href":"https:\/\/www.plastic-crates.co.in\/es\/wp-json\/wp\/v2\/product_tag?post=7218"}],"curies":[{"name":"wp","href":"https:\/\/api.w.org\/{rel}","templated":true}]}}