{"id":7162,"date":"2022-07-16T00:18:20","date_gmt":"2022-07-16T00:18:20","guid":{"rendered":"https:\/\/www.plastic-crates.co.in\/?post_type=product&#038;p=7162"},"modified":"2025-04-15T23:14:07","modified_gmt":"2025-04-15T23:14:07","slug":"contenedor-de-almacenamiento-de-plastico-resistente-con-tapa-de-60-l","status":"publish","type":"product","link":"https:\/\/www.plastic-crates.co.in\/es\/product\/contenedor-de-almacenamiento-de-plastico-resistente-con-tapa-de-60-l\/","title":{"rendered":"Contenedor de pl\u00e1stico resistente con tapa 60L"},"content":{"rendered":"<h4>Presentaci\u00f3n del video de un contenedor de almacenamiento de pl\u00e1stico resistente con tapa<\/h4>\n<p>&nbsp;<\/p>\n<div style=\"width: 960px;\" class=\"wp-video\"><!--[if lt IE 9]><script>document.createElement('video');<\/script><![endif]-->\n<video class=\"wp-video-shortcode\" id=\"video-7162-1\" width=\"960\" height=\"540\" preload=\"metadata\" controls=\"controls\"><source type=\"video\/mp4\" src=\"https:\/\/www.plastic-crates.co.in\/wp-content\/uploads\/2022\/07\/heavy-duty-plastic-storage-tote-with-lid.mp4?_=1\" \/><a href=\"https:\/\/www.plastic-crates.co.in\/wp-content\/uploads\/2022\/07\/heavy-duty-plastic-storage-tote-with-lid.mp4\">https:\/\/www.plastic-crates.co.in\/wp-content\/uploads\/2022\/07\/heavy-duty-plastic-storage-tote-with-lid.mp4<\/a><\/video><\/div>\n<p><img loading=\"lazy\" decoding=\"async\" class=\"alignnone size-full wp-image-7167\" src=\"https:\/\/www.plastic-crates.co.in\/wp-content\/uploads\/2022\/07\/heavy-duty-plastic-storage-tote-with-lid-series.jpg\" alt=\"Serie de contenedores de almacenamiento de pl\u00e1stico resistente con tapa\" width=\"750\" height=\"767\" srcset=\"https:\/\/www.plastic-crates.co.in\/wp-content\/uploads\/2022\/07\/heavy-duty-plastic-storage-tote-with-lid-series.jpg 750w, https:\/\/www.plastic-crates.co.in\/wp-content\/uploads\/2022\/07\/heavy-duty-plastic-storage-tote-with-lid-series-293x300.jpg 293w, https:\/\/www.plastic-crates.co.in\/wp-content\/uploads\/2022\/07\/heavy-duty-plastic-storage-tote-with-lid-series-600x614.jpg 600w\" sizes=\"auto, (max-width: 750px) 100vw, 750px\" \/> <img loading=\"lazy\" decoding=\"async\" class=\"alignnone size-full wp-image-7168\" src=\"https:\/\/www.plastic-crates.co.in\/wp-content\/uploads\/2022\/07\/heavy-duty-plastic-storage-tote-with-lid-shipping-pack.jpg\" alt=\"Contenedor de almacenamiento de pl\u00e1stico resistente con tapa, paquete y env\u00edo\" width=\"750\" height=\"932\" srcset=\"https:\/\/www.plastic-crates.co.in\/wp-content\/uploads\/2022\/07\/heavy-duty-plastic-storage-tote-with-lid-shipping-pack.jpg 750w, https:\/\/www.plastic-crates.co.in\/wp-content\/uploads\/2022\/07\/heavy-duty-plastic-storage-tote-with-lid-shipping-pack-241x300.jpg 241w, https:\/\/www.plastic-crates.co.in\/wp-content\/uploads\/2022\/07\/heavy-duty-plastic-storage-tote-with-lid-shipping-pack-600x746.jpg 600w\" sizes=\"auto, (max-width: 750px) 100vw, 750px\" \/><\/p>","protected":false},"excerpt":{"rendered":"<div><a href=\"https:\/\/www.plastic-crates.co.in\/es\/product-category\/contenedores-apilables-de-plastico\/\" target=\"_blank\" rel=\"noopener noreferrer\">cajas de plastico apilables<\/a>,<a href=\"https:\/\/www.plastic-crates.co.in\/es\/product-category\/papeleras-plegables\/\" target=\"_blank\" rel=\"noopener noreferrer\">Contenedor de almacenamiento de pl\u00e1stico plegable<\/a><\/div>","protected":false},"featured_media":7164,"template":"","meta":{"_acf_changed":false,"_uag_custom_page_level_css":"","site-sidebar-layout":"default","site-content-layout":"","ast-site-content-layout":"default","site-content-style":"default","site-sidebar-style":"default","ast-global-header-display":"","ast-banner-title-visibility":"","ast-main-header-display":"","ast-hfb-above-header-display":"","ast-hfb-below-header-display":"","ast-hfb-mobile-header-display":"","site-post-title":"","ast-breadcrumbs-content":"","ast-featured-img":"","footer-sml-layout":"","theme-transparent-header-meta":"","adv-header-id-meta":"","stick-header-meta":"","header-above-stick-meta":"","header-main-stick-meta":"","header-below-stick-meta":"","astra-migrate-meta-layouts":"default","ast-page-background-enabled":"default","ast-page-background-meta":{"desktop":{"background-color":"var(--ast-global-color-4)","background-image":"","background-repeat":"repeat","background-position":"center center","background-size":"auto","background-attachment":"scroll","background-type":"","background-media":"","overlay-type":"","overlay-color":"","overlay-opacity":"","overlay-gradient":""},"tablet":{"background-color":"","background-image":"","background-repeat":"repeat","background-position":"center center","background-size":"auto","background-attachment":"scroll","background-type":"","background-media":"","overlay-type":"","overlay-color":"","overlay-opacity":"","overlay-gradient":""},"mobile":{"background-color":"","background-image":"","background-repeat":"repeat","background-position":"center center","background-size":"auto","background-attachment":"scroll","background-type":"","background-media":"","overlay-type":"","overlay-color":"","overlay-opacity":"","overlay-gradient":""}},"ast-content-background-meta":{"desktop":{"background-color":"var(--ast-global-color-5)","background-image":"","background-repeat":"repeat","background-position":"center center","background-size":"auto","background-attachment":"scroll","background-type":"","background-media":"","overlay-type":"","overlay-color":"","overlay-opacity":"","overlay-gradient":""},"tablet":{"background-color":"var(--ast-global-color-5)","background-image":"","background-repeat":"repeat","background-position":"center center","background-size":"auto","background-attachment":"scroll","background-type":"","background-media":"","overlay-type":"","overlay-color":"","overlay-opacity":"","overlay-gradient":""},"mobile":{"background-color":"var(--ast-global-color-5)","background-image":"","background-repeat":"repeat","background-position":"center center","background-size":"auto","background-attachment":"scroll","background-type":"","background-media":"","overlay-type":"","overlay-color":"","overlay-opacity":"","overlay-gradient":""}}},"product_brand":[],"product_cat":[8],"product_tag":[119],"class_list":{"0":"post-7162","1":"product","2":"type-product","3":"status-publish","4":"has-post-thumbnail","6":"product_cat-stack-and-nest-containers","7":"product_tag-nestable-lidded-container","8":"desktop-align-left","9":"tablet-align-left","10":"mobile-align-left","12":"first","13":"instock","14":"product-type-simple"},"acf":[],"yoast_head":"<!-- This site is optimized with the Yoast SEO plugin v26.4 - https:\/\/yoast.com\/wordpress\/plugins\/seo\/ -->\n<title>Heavy duty plastic storage tote with lid wholesale &amp; Factory Price<\/title>\n<meta name=\"description\" content=\"heavy duty plastic storage tote with lid, cheap Plastic Totes with Lids and Handles supplier, Dimensions(L*W*H):620 * 410 * 320 mm, Volume: 60L\" \/>\n<meta name=\"robots\" content=\"index, follow, max-snippet:-1, max-image-preview:large, max-video-preview:-1\" \/>\n<link rel=\"canonical\" href=\"https:\/\/www.plastic-crates.co.in\/es\/product\/contenedor-de-almacenamiento-de-plastico-resistente-con-tapa-de-60-l\/\" \/>\n<meta property=\"og:locale\" content=\"es_ES\" \/>\n<meta property=\"og:type\" content=\"article\" \/>\n<meta property=\"og:title\" content=\"hinged lid plastic crates\" \/>\n<meta property=\"og:description\" content=\"heavy duty plastic storage tote with lid, cheap Plastic Totes with Lids and Handles supplier, Dimensions(L*W*H):620 * 410 * 320 mm, Volume: 60L\" \/>\n<meta property=\"og:url\" content=\"https:\/\/www.plastic-crates.co.in\/es\/product\/contenedor-de-almacenamiento-de-plastico-resistente-con-tapa-de-60-l\/\" \/>\n<meta property=\"og:site_name\" content=\"Wholesale plastic crates\" \/>\n<meta property=\"article:modified_time\" content=\"2025-04-15T23:14:07+00:00\" \/>\n<meta property=\"og:image\" content=\"https:\/\/www.plastic-crates.co.in\/wp-content\/uploads\/2022\/07\/heavy-duty-plastic-storage-tote-with-lid-1.jpg\" \/>\n\t<meta property=\"og:image:width\" content=\"1000\" \/>\n\t<meta property=\"og:image:height\" content=\"1000\" \/>\n\t<meta property=\"og:image:type\" content=\"image\/jpeg\" \/>\n<meta name=\"twitter:card\" content=\"summary_large_image\" \/>\n<meta name=\"twitter:title\" content=\"hinged lid plastic crates\" \/>\n<meta name=\"twitter:label1\" content=\"Tiempo de lectura\" \/>\n\t<meta name=\"twitter:data1\" content=\"1 minuto\" \/>\n<script type=\"application\/ld+json\" class=\"yoast-schema-graph\">{\"@context\":\"https:\/\/schema.org\",\"@graph\":[{\"@type\":\"WebPage\",\"@id\":\"https:\/\/www.plastic-crates.co.in\/product\/heavy-duty-plastic-storage-tote-with-lid-60l\/\",\"url\":\"https:\/\/www.plastic-crates.co.in\/product\/heavy-duty-plastic-storage-tote-with-lid-60l\/\",\"name\":\"Heavy duty plastic storage tote with lid wholesale & Factory Price\",\"isPartOf\":{\"@id\":\"https:\/\/www.plastic-crates.co.in\/#website\"},\"primaryImageOfPage\":{\"@id\":\"https:\/\/www.plastic-crates.co.in\/product\/heavy-duty-plastic-storage-tote-with-lid-60l\/#primaryimage\"},\"image\":{\"@id\":\"https:\/\/www.plastic-crates.co.in\/product\/heavy-duty-plastic-storage-tote-with-lid-60l\/#primaryimage\"},\"thumbnailUrl\":\"https:\/\/www.plastic-crates.co.in\/wp-content\/uploads\/2022\/07\/heavy-duty-plastic-storage-tote-with-lid-1.jpg\",\"datePublished\":\"2022-07-16T00:18:20+00:00\",\"dateModified\":\"2025-04-15T23:14:07+00:00\",\"description\":\"heavy duty plastic storage tote with lid, cheap Plastic Totes with Lids and Handles supplier, Dimensions(L*W*H):620 * 410 * 320 mm, Volume: 60L\",\"breadcrumb\":{\"@id\":\"https:\/\/www.plastic-crates.co.in\/product\/heavy-duty-plastic-storage-tote-with-lid-60l\/#breadcrumb\"},\"inLanguage\":\"es\",\"potentialAction\":[{\"@type\":\"ReadAction\",\"target\":[\"https:\/\/www.plastic-crates.co.in\/product\/heavy-duty-plastic-storage-tote-with-lid-60l\/\"]}]},{\"@type\":\"ImageObject\",\"inLanguage\":\"es\",\"@id\":\"https:\/\/www.plastic-crates.co.in\/product\/heavy-duty-plastic-storage-tote-with-lid-60l\/#primaryimage\",\"url\":\"https:\/\/www.plastic-crates.co.in\/wp-content\/uploads\/2022\/07\/heavy-duty-plastic-storage-tote-with-lid-1.jpg\",\"contentUrl\":\"https:\/\/www.plastic-crates.co.in\/wp-content\/uploads\/2022\/07\/heavy-duty-plastic-storage-tote-with-lid-1.jpg\",\"width\":1000,\"height\":1000,\"caption\":\"heavy duty plastic storage tote with lid\"},{\"@type\":\"BreadcrumbList\",\"@id\":\"https:\/\/www.plastic-crates.co.in\/product\/heavy-duty-plastic-storage-tote-with-lid-60l\/#breadcrumb\",\"itemListElement\":[{\"@type\":\"ListItem\",\"position\":1,\"name\":\"Home\",\"item\":\"https:\/\/www.plastic-crates.co.in\/\"},{\"@type\":\"ListItem\",\"position\":2,\"name\":\"Products\",\"item\":\"https:\/\/www.plastic-crates.co.in\/shop\/\"},{\"@type\":\"ListItem\",\"position\":3,\"name\":\"Heavy duty plastic storage tote with lid 60L\"}]},{\"@type\":\"WebSite\",\"@id\":\"https:\/\/www.plastic-crates.co.in\/#website\",\"url\":\"https:\/\/www.plastic-crates.co.in\/\",\"name\":\"Wholesale plastic crates\",\"description\":\"Leading plastic crates manufacturer in China\",\"potentialAction\":[{\"@type\":\"SearchAction\",\"target\":{\"@type\":\"EntryPoint\",\"urlTemplate\":\"https:\/\/www.plastic-crates.co.in\/?s={search_term_string}\"},\"query-input\":{\"@type\":\"PropertyValueSpecification\",\"valueRequired\":true,\"valueName\":\"search_term_string\"}}],\"inLanguage\":\"es\"}]}<\/script>\n<!-- \/ Yoast SEO plugin. -->","yoast_head_json":{"title":"Contenedor de almacenamiento de pl\u00e1stico resistente con tapa al por mayor y precio de f\u00e1brica","description":"Contenedor de almacenamiento de pl\u00e1stico resistente con tapa, proveedor econ\u00f3mico de contenedores de pl\u00e1stico con tapa y asas, Dimensiones (L * W * H): 620 * 410 * 320 mm, Volumen: 60L","robots":{"index":"index","follow":"follow","max-snippet":"max-snippet:-1","max-image-preview":"max-image-preview:large","max-video-preview":"max-video-preview:-1"},"canonical":"https:\/\/www.plastic-crates.co.in\/es\/product\/contenedor-de-almacenamiento-de-plastico-resistente-con-tapa-de-60-l\/","og_locale":"es_ES","og_type":"article","og_title":"hinged lid plastic crates","og_description":"heavy duty plastic storage tote with lid, cheap Plastic Totes with Lids and Handles supplier, Dimensions(L*W*H):620 * 410 * 320 mm, Volume: 60L","og_url":"https:\/\/www.plastic-crates.co.in\/es\/product\/contenedor-de-almacenamiento-de-plastico-resistente-con-tapa-de-60-l\/","og_site_name":"Wholesale plastic crates","article_modified_time":"2025-04-15T23:14:07+00:00","og_image":[{"width":1000,"height":1000,"url":"https:\/\/www.plastic-crates.co.in\/wp-content\/uploads\/2022\/07\/heavy-duty-plastic-storage-tote-with-lid-1.jpg","type":"image\/jpeg"}],"twitter_card":"summary_large_image","twitter_title":"hinged lid plastic crates","twitter_misc":{"Tiempo de lectura":"1 minuto"},"schema":{"@context":"https:\/\/schema.org","@graph":[{"@type":"WebPage","@id":"https:\/\/www.plastic-crates.co.in\/product\/heavy-duty-plastic-storage-tote-with-lid-60l\/","url":"https:\/\/www.plastic-crates.co.in\/product\/heavy-duty-plastic-storage-tote-with-lid-60l\/","name":"Contenedor de almacenamiento de pl\u00e1stico resistente con tapa al por mayor y precio de f\u00e1brica","isPartOf":{"@id":"https:\/\/www.plastic-crates.co.in\/#website"},"primaryImageOfPage":{"@id":"https:\/\/www.plastic-crates.co.in\/product\/heavy-duty-plastic-storage-tote-with-lid-60l\/#primaryimage"},"image":{"@id":"https:\/\/www.plastic-crates.co.in\/product\/heavy-duty-plastic-storage-tote-with-lid-60l\/#primaryimage"},"thumbnailUrl":"https:\/\/www.plastic-crates.co.in\/wp-content\/uploads\/2022\/07\/heavy-duty-plastic-storage-tote-with-lid-1.jpg","datePublished":"2022-07-16T00:18:20+00:00","dateModified":"2025-04-15T23:14:07+00:00","description":"Contenedor de almacenamiento de pl\u00e1stico resistente con tapa, proveedor econ\u00f3mico de contenedores de pl\u00e1stico con tapa y asas, Dimensiones (L * W * H): 620 * 410 * 320 mm, Volumen: 60L","breadcrumb":{"@id":"https:\/\/www.plastic-crates.co.in\/product\/heavy-duty-plastic-storage-tote-with-lid-60l\/#breadcrumb"},"inLanguage":"es","potentialAction":[{"@type":"ReadAction","target":["https:\/\/www.plastic-crates.co.in\/product\/heavy-duty-plastic-storage-tote-with-lid-60l\/"]}]},{"@type":"ImageObject","inLanguage":"es","@id":"https:\/\/www.plastic-crates.co.in\/product\/heavy-duty-plastic-storage-tote-with-lid-60l\/#primaryimage","url":"https:\/\/www.plastic-crates.co.in\/wp-content\/uploads\/2022\/07\/heavy-duty-plastic-storage-tote-with-lid-1.jpg","contentUrl":"https:\/\/www.plastic-crates.co.in\/wp-content\/uploads\/2022\/07\/heavy-duty-plastic-storage-tote-with-lid-1.jpg","width":1000,"height":1000,"caption":"heavy duty plastic storage tote with lid"},{"@type":"BreadcrumbList","@id":"https:\/\/www.plastic-crates.co.in\/product\/heavy-duty-plastic-storage-tote-with-lid-60l\/#breadcrumb","itemListElement":[{"@type":"ListItem","position":1,"name":"Home","item":"https:\/\/www.plastic-crates.co.in\/"},{"@type":"ListItem","position":2,"name":"Products","item":"https:\/\/www.plastic-crates.co.in\/shop\/"},{"@type":"ListItem","position":3,"name":"Heavy duty plastic storage tote with lid 60L"}]},{"@type":"WebSite","@id":"https:\/\/www.plastic-crates.co.in\/#website","url":"https:\/\/www.plastic-crates.co.in\/","name":"Cajas de pl\u00e1stico al por mayor","description":"Fabricante l\u00edder de cajas de pl\u00e1stico en China","potentialAction":[{"@type":"SearchAction","target":{"@type":"EntryPoint","urlTemplate":"https:\/\/www.plastic-crates.co.in\/?s={search_term_string}"},"query-input":{"@type":"PropertyValueSpecification","valueRequired":true,"valueName":"search_term_string"}}],"inLanguage":"es"}]}},"uagb_featured_image_src":{"full":["https:\/\/www.plastic-crates.co.in\/wp-content\/uploads\/2022\/07\/heavy-duty-plastic-storage-tote-with-lid-1.jpg",1000,1000,false],"thumbnail":["https:\/\/www.plastic-crates.co.in\/wp-content\/uploads\/2022\/07\/heavy-duty-plastic-storage-tote-with-lid-1-150x150.jpg",150,150,true],"medium":["https:\/\/www.plastic-crates.co.in\/wp-content\/uploads\/2022\/07\/heavy-duty-plastic-storage-tote-with-lid-1-300x300.jpg",300,300,true],"medium_large":["https:\/\/www.plastic-crates.co.in\/wp-content\/uploads\/2022\/07\/heavy-duty-plastic-storage-tote-with-lid-1-768x768.jpg",768,768,true],"large":["https:\/\/www.plastic-crates.co.in\/wp-content\/uploads\/2022\/07\/heavy-duty-plastic-storage-tote-with-lid-1.jpg",1000,1000,false],"1536x1536":["https:\/\/www.plastic-crates.co.in\/wp-content\/uploads\/2022\/07\/heavy-duty-plastic-storage-tote-with-lid-1.jpg",1000,1000,false],"2048x2048":["https:\/\/www.plastic-crates.co.in\/wp-content\/uploads\/2022\/07\/heavy-duty-plastic-storage-tote-with-lid-1.jpg",1000,1000,false],"trp-custom-language-flag":["https:\/\/www.plastic-crates.co.in\/wp-content\/uploads\/2022\/07\/heavy-duty-plastic-storage-tote-with-lid-1.jpg",12,12,false],"woocommerce_thumbnail":["https:\/\/www.plastic-crates.co.in\/wp-content\/uploads\/2022\/07\/heavy-duty-plastic-storage-tote-with-lid-1-300x300.jpg",300,300,true],"woocommerce_single":["https:\/\/www.plastic-crates.co.in\/wp-content\/uploads\/2022\/07\/heavy-duty-plastic-storage-tote-with-lid-1-600x600.jpg",600,600,true],"woocommerce_gallery_thumbnail":["https:\/\/www.plastic-crates.co.in\/wp-content\/uploads\/2022\/07\/heavy-duty-plastic-storage-tote-with-lid-1-100x100.jpg",100,100,true]},"uagb_author_info":{"display_name":"Atticus Dixon","author_link":"https:\/\/www.plastic-crates.co.in\/es\/author\/"},"uagb_comment_info":0,"uagb_excerpt":"plastic stackable boxes,collapsible plastic storage container","_links":{"self":[{"href":"https:\/\/www.plastic-crates.co.in\/es\/wp-json\/wp\/v2\/product\/7162","targetHints":{"allow":["GET"]}}],"collection":[{"href":"https:\/\/www.plastic-crates.co.in\/es\/wp-json\/wp\/v2\/product"}],"about":[{"href":"https:\/\/www.plastic-crates.co.in\/es\/wp-json\/wp\/v2\/types\/product"}],"wp:featuredmedia":[{"embeddable":true,"href":"https:\/\/www.plastic-crates.co.in\/es\/wp-json\/wp\/v2\/media\/7164"}],"wp:attachment":[{"href":"https:\/\/www.plastic-crates.co.in\/es\/wp-json\/wp\/v2\/media?parent=7162"}],"wp:term":[{"taxonomy":"product_brand","embeddable":true,"href":"https:\/\/www.plastic-crates.co.in\/es\/wp-json\/wp\/v2\/product_brand?post=7162"},{"taxonomy":"product_cat","embeddable":true,"href":"https:\/\/www.plastic-crates.co.in\/es\/wp-json\/wp\/v2\/product_cat?post=7162"},{"taxonomy":"product_tag","embeddable":true,"href":"https:\/\/www.plastic-crates.co.in\/es\/wp-json\/wp\/v2\/product_tag?post=7162"}],"curies":[{"name":"wp","href":"https:\/\/api.w.org\/{rel}","templated":true}]}}