{"id":7134,"date":"2022-03-29T02:36:41","date_gmt":"2022-03-29T02:36:41","guid":{"rendered":"https:\/\/www.plastic-crates.co.in\/?post_type=product&#038;p=7134"},"modified":"2025-04-15T23:14:07","modified_gmt":"2025-04-15T23:14:07","slug":"contenedores-auer-euro-st-a","status":"publish","type":"product","link":"https:\/\/www.plastic-crates.co.in\/es\/product\/contenedores-auer-euro-st-a\/","title":{"rendered":"Eurocontenedores AUER-ST-A"},"content":{"rendered":"<p>Los contenedores AUER Euro de pl\u00e1stico de alta resistencia tienen esquinas reforzadas que permiten que este resistente contenedor soporte las cargas m\u00e1s pesadas, por lo que puede proporcionar una mayor resistencia y durabilidad. Se utilizan com\u00fanmente en la industria automotriz, la industria de la restauraci\u00f3n (son de grado alimenticio), la industria de la ingenier\u00eda (los contenedores antiest\u00e1ticos protegen los componentes el\u00e9ctricos), bares y restaurantes.<\/p>","protected":false},"excerpt":{"rendered":"<div><a href=\"https:\/\/www.plastic-crates.co.in\/es\/product-category\/contenedores-apilables-de-plastico\/\" target=\"_blank\" rel=\"noopener noreferrer\">contenedores de almacenamiento de pl\u00e1stico apilables<\/a>,<a href=\"https:\/\/www.plastic-crates.co.in\/es\/product-category\/contenedores-apilables-y-anidados\/\" target=\"_blank\" rel=\"noopener noreferrer\">venta de contenedores de pl\u00e1stico<\/a>,<a href=\"https:\/\/www.plastic-crates.co.in\/es\/product-category\/shelving-plastic-bins\/\" target=\"_blank\" rel=\"noopener noreferrer\">contenedores de piezas de pl\u00e1stico<\/a>,<a href=\"https:\/\/www.plastic-crates.co.in\/es\/product-category\/papeleras-plegables\/\" target=\"_blank\" rel=\"noopener noreferrer\">cajas plegables<\/a>,<a href=\"https:\/\/www.plastic-crates.co.in\/es\/product-category\/contenedores-de-almacenamiento-a-granel\/\" target=\"_blank\" rel=\"noopener noreferrer\">cajas de pl\u00e1stico a granel<\/a><\/div>","protected":false},"featured_media":7140,"template":"","meta":{"_acf_changed":false,"_uag_custom_page_level_css":"","site-sidebar-layout":"default","site-content-layout":"","ast-site-content-layout":"default","site-content-style":"default","site-sidebar-style":"default","ast-global-header-display":"","ast-banner-title-visibility":"","ast-main-header-display":"","ast-hfb-above-header-display":"","ast-hfb-below-header-display":"","ast-hfb-mobile-header-display":"","site-post-title":"","ast-breadcrumbs-content":"","ast-featured-img":"","footer-sml-layout":"","theme-transparent-header-meta":"","adv-header-id-meta":"","stick-header-meta":"","header-above-stick-meta":"","header-main-stick-meta":"","header-below-stick-meta":"","astra-migrate-meta-layouts":"default","ast-page-background-enabled":"default","ast-page-background-meta":{"desktop":{"background-color":"var(--ast-global-color-4)","background-image":"","background-repeat":"repeat","background-position":"center center","background-size":"auto","background-attachment":"scroll","background-type":"","background-media":"","overlay-type":"","overlay-color":"","overlay-opacity":"","overlay-gradient":""},"tablet":{"background-color":"","background-image":"","background-repeat":"repeat","background-position":"center center","background-size":"auto","background-attachment":"scroll","background-type":"","background-media":"","overlay-type":"","overlay-color":"","overlay-opacity":"","overlay-gradient":""},"mobile":{"background-color":"","background-image":"","background-repeat":"repeat","background-position":"center center","background-size":"auto","background-attachment":"scroll","background-type":"","background-media":"","overlay-type":"","overlay-color":"","overlay-opacity":"","overlay-gradient":""}},"ast-content-background-meta":{"desktop":{"background-color":"var(--ast-global-color-5)","background-image":"","background-repeat":"repeat","background-position":"center center","background-size":"auto","background-attachment":"scroll","background-type":"","background-media":"","overlay-type":"","overlay-color":"","overlay-opacity":"","overlay-gradient":""},"tablet":{"background-color":"var(--ast-global-color-5)","background-image":"","background-repeat":"repeat","background-position":"center center","background-size":"auto","background-attachment":"scroll","background-type":"","background-media":"","overlay-type":"","overlay-color":"","overlay-opacity":"","overlay-gradient":""},"mobile":{"background-color":"var(--ast-global-color-5)","background-image":"","background-repeat":"repeat","background-position":"center center","background-size":"auto","background-attachment":"scroll","background-type":"","background-media":"","overlay-type":"","overlay-color":"","overlay-opacity":"","overlay-gradient":""}}},"product_brand":[],"product_cat":[15],"product_tag":[109],"class_list":{"0":"post-7134","1":"product","2":"type-product","3":"status-publish","4":"has-post-thumbnail","6":"product_cat-plastic-stacking-bins","7":"product_tag-stacking-crate","8":"desktop-align-left","9":"tablet-align-left","10":"mobile-align-left","12":"first","13":"instock","14":"product-type-simple"},"acf":[],"yoast_head":"<!-- This site is optimized with the Yoast SEO plugin v26.4 - https:\/\/yoast.com\/wordpress\/plugins\/seo\/ -->\n<title>AUER Euro containers wholesale &amp; Factory Price<\/title>\n<meta name=\"description\" content=\"Wholesale AUER Euro containers, euro stackable plastic containers supplier, Dimensions(L*W*H):300 * 200 * 148 mm, Volume: 5.4L, bale arm container for sale\" \/>\n<meta name=\"robots\" content=\"index, follow, max-snippet:-1, max-image-preview:large, max-video-preview:-1\" \/>\n<link rel=\"canonical\" href=\"https:\/\/www.plastic-crates.co.in\/es\/product\/contenedores-auer-euro-st-a\/\" \/>\n<meta property=\"og:locale\" content=\"es_ES\" \/>\n<meta property=\"og:type\" content=\"article\" \/>\n<meta property=\"og:title\" content=\"bale arm container\" \/>\n<meta property=\"og:description\" content=\"Wholesale AUER Euro containers, euro stackable plastic containers supplier, Dimensions(L*W*H):300 * 200 * 148 mm, Volume: 5.4L, bale arm container for sale\" \/>\n<meta property=\"og:url\" content=\"https:\/\/www.plastic-crates.co.in\/es\/product\/contenedores-auer-euro-st-a\/\" \/>\n<meta property=\"og:site_name\" content=\"Wholesale plastic crates\" \/>\n<meta property=\"article:modified_time\" content=\"2025-04-15T23:14:07+00:00\" \/>\n<meta property=\"og:image\" content=\"https:\/\/www.plastic-crates.co.in\/wp-content\/uploads\/2022\/03\/AUER-Euro-containers-1.jpg\" \/>\n\t<meta property=\"og:image:width\" content=\"700\" \/>\n\t<meta property=\"og:image:height\" content=\"700\" \/>\n\t<meta property=\"og:image:type\" content=\"image\/jpeg\" \/>\n<meta name=\"twitter:card\" content=\"summary_large_image\" \/>\n<meta name=\"twitter:title\" content=\"bale arm container\" \/>\n<meta name=\"twitter:label1\" content=\"Tiempo de lectura\" \/>\n\t<meta name=\"twitter:data1\" content=\"1 minuto\" \/>\n<script type=\"application\/ld+json\" class=\"yoast-schema-graph\">{\"@context\":\"https:\/\/schema.org\",\"@graph\":[{\"@type\":\"WebPage\",\"@id\":\"https:\/\/www.plastic-crates.co.in\/product\/auer-euro-containers-st-a\/\",\"url\":\"https:\/\/www.plastic-crates.co.in\/product\/auer-euro-containers-st-a\/\",\"name\":\"AUER Euro containers wholesale & Factory Price\",\"isPartOf\":{\"@id\":\"https:\/\/www.plastic-crates.co.in\/#website\"},\"primaryImageOfPage\":{\"@id\":\"https:\/\/www.plastic-crates.co.in\/product\/auer-euro-containers-st-a\/#primaryimage\"},\"image\":{\"@id\":\"https:\/\/www.plastic-crates.co.in\/product\/auer-euro-containers-st-a\/#primaryimage\"},\"thumbnailUrl\":\"https:\/\/www.plastic-crates.co.in\/wp-content\/uploads\/2022\/03\/AUER-Euro-containers-1.jpg\",\"datePublished\":\"2022-03-29T02:36:41+00:00\",\"dateModified\":\"2025-04-15T23:14:07+00:00\",\"description\":\"Wholesale AUER Euro containers, euro stackable plastic containers supplier, Dimensions(L*W*H):300 * 200 * 148 mm, Volume: 5.4L, bale arm container for sale\",\"breadcrumb\":{\"@id\":\"https:\/\/www.plastic-crates.co.in\/product\/auer-euro-containers-st-a\/#breadcrumb\"},\"inLanguage\":\"es\",\"potentialAction\":[{\"@type\":\"ReadAction\",\"target\":[\"https:\/\/www.plastic-crates.co.in\/product\/auer-euro-containers-st-a\/\"]}]},{\"@type\":\"ImageObject\",\"inLanguage\":\"es\",\"@id\":\"https:\/\/www.plastic-crates.co.in\/product\/auer-euro-containers-st-a\/#primaryimage\",\"url\":\"https:\/\/www.plastic-crates.co.in\/wp-content\/uploads\/2022\/03\/AUER-Euro-containers-1.jpg\",\"contentUrl\":\"https:\/\/www.plastic-crates.co.in\/wp-content\/uploads\/2022\/03\/AUER-Euro-containers-1.jpg\",\"width\":700,\"height\":700,\"caption\":\"AUER Euro containers\"},{\"@type\":\"BreadcrumbList\",\"@id\":\"https:\/\/www.plastic-crates.co.in\/product\/auer-euro-containers-st-a\/#breadcrumb\",\"itemListElement\":[{\"@type\":\"ListItem\",\"position\":1,\"name\":\"Home\",\"item\":\"https:\/\/www.plastic-crates.co.in\/\"},{\"@type\":\"ListItem\",\"position\":2,\"name\":\"Products\",\"item\":\"https:\/\/www.plastic-crates.co.in\/shop\/\"},{\"@type\":\"ListItem\",\"position\":3,\"name\":\"AUER Euro containers-ST-A\"}]},{\"@type\":\"WebSite\",\"@id\":\"https:\/\/www.plastic-crates.co.in\/#website\",\"url\":\"https:\/\/www.plastic-crates.co.in\/\",\"name\":\"Wholesale plastic crates\",\"description\":\"Leading plastic crates manufacturer in China\",\"potentialAction\":[{\"@type\":\"SearchAction\",\"target\":{\"@type\":\"EntryPoint\",\"urlTemplate\":\"https:\/\/www.plastic-crates.co.in\/?s={search_term_string}\"},\"query-input\":{\"@type\":\"PropertyValueSpecification\",\"valueRequired\":true,\"valueName\":\"search_term_string\"}}],\"inLanguage\":\"es\"}]}<\/script>\n<!-- \/ Yoast SEO plugin. -->","yoast_head_json":{"title":"Venta al por mayor de contenedores europeos AUER y precios de f\u00e1brica","description":"Proveedor de contenedores de pl\u00e1stico apilables europeos AUER al por mayor, dimensiones (L*An*Al): 300*200*148 mm, volumen: 5,4 l, contenedor con brazo de paca a la venta","robots":{"index":"index","follow":"follow","max-snippet":"max-snippet:-1","max-image-preview":"max-image-preview:large","max-video-preview":"max-video-preview:-1"},"canonical":"https:\/\/www.plastic-crates.co.in\/es\/product\/contenedores-auer-euro-st-a\/","og_locale":"es_ES","og_type":"article","og_title":"bale arm container","og_description":"Wholesale AUER Euro containers, euro stackable plastic containers supplier, Dimensions(L*W*H):300 * 200 * 148 mm, Volume: 5.4L, bale arm container for sale","og_url":"https:\/\/www.plastic-crates.co.in\/es\/product\/contenedores-auer-euro-st-a\/","og_site_name":"Wholesale plastic crates","article_modified_time":"2025-04-15T23:14:07+00:00","og_image":[{"width":700,"height":700,"url":"https:\/\/www.plastic-crates.co.in\/wp-content\/uploads\/2022\/03\/AUER-Euro-containers-1.jpg","type":"image\/jpeg"}],"twitter_card":"summary_large_image","twitter_title":"bale arm container","twitter_misc":{"Tiempo de lectura":"1 minuto"},"schema":{"@context":"https:\/\/schema.org","@graph":[{"@type":"WebPage","@id":"https:\/\/www.plastic-crates.co.in\/product\/auer-euro-containers-st-a\/","url":"https:\/\/www.plastic-crates.co.in\/product\/auer-euro-containers-st-a\/","name":"Venta al por mayor de contenedores europeos AUER y precios de f\u00e1brica","isPartOf":{"@id":"https:\/\/www.plastic-crates.co.in\/#website"},"primaryImageOfPage":{"@id":"https:\/\/www.plastic-crates.co.in\/product\/auer-euro-containers-st-a\/#primaryimage"},"image":{"@id":"https:\/\/www.plastic-crates.co.in\/product\/auer-euro-containers-st-a\/#primaryimage"},"thumbnailUrl":"https:\/\/www.plastic-crates.co.in\/wp-content\/uploads\/2022\/03\/AUER-Euro-containers-1.jpg","datePublished":"2022-03-29T02:36:41+00:00","dateModified":"2025-04-15T23:14:07+00:00","description":"Proveedor de contenedores de pl\u00e1stico apilables europeos AUER al por mayor, dimensiones (L*An*Al): 300*200*148 mm, volumen: 5,4 l, contenedor con brazo de paca a la venta","breadcrumb":{"@id":"https:\/\/www.plastic-crates.co.in\/product\/auer-euro-containers-st-a\/#breadcrumb"},"inLanguage":"es","potentialAction":[{"@type":"ReadAction","target":["https:\/\/www.plastic-crates.co.in\/product\/auer-euro-containers-st-a\/"]}]},{"@type":"ImageObject","inLanguage":"es","@id":"https:\/\/www.plastic-crates.co.in\/product\/auer-euro-containers-st-a\/#primaryimage","url":"https:\/\/www.plastic-crates.co.in\/wp-content\/uploads\/2022\/03\/AUER-Euro-containers-1.jpg","contentUrl":"https:\/\/www.plastic-crates.co.in\/wp-content\/uploads\/2022\/03\/AUER-Euro-containers-1.jpg","width":700,"height":700,"caption":"AUER Euro containers"},{"@type":"BreadcrumbList","@id":"https:\/\/www.plastic-crates.co.in\/product\/auer-euro-containers-st-a\/#breadcrumb","itemListElement":[{"@type":"ListItem","position":1,"name":"Home","item":"https:\/\/www.plastic-crates.co.in\/"},{"@type":"ListItem","position":2,"name":"Products","item":"https:\/\/www.plastic-crates.co.in\/shop\/"},{"@type":"ListItem","position":3,"name":"AUER Euro containers-ST-A"}]},{"@type":"WebSite","@id":"https:\/\/www.plastic-crates.co.in\/#website","url":"https:\/\/www.plastic-crates.co.in\/","name":"Cajas de pl\u00e1stico al por mayor","description":"Fabricante l\u00edder de cajas de pl\u00e1stico en China","potentialAction":[{"@type":"SearchAction","target":{"@type":"EntryPoint","urlTemplate":"https:\/\/www.plastic-crates.co.in\/?s={search_term_string}"},"query-input":{"@type":"PropertyValueSpecification","valueRequired":true,"valueName":"search_term_string"}}],"inLanguage":"es"}]}},"uagb_featured_image_src":{"full":["https:\/\/www.plastic-crates.co.in\/wp-content\/uploads\/2022\/03\/AUER-Euro-containers-1.jpg",700,700,false],"thumbnail":["https:\/\/www.plastic-crates.co.in\/wp-content\/uploads\/2022\/03\/AUER-Euro-containers-1-150x150.jpg",150,150,true],"medium":["https:\/\/www.plastic-crates.co.in\/wp-content\/uploads\/2022\/03\/AUER-Euro-containers-1-300x300.jpg",300,300,true],"medium_large":["https:\/\/www.plastic-crates.co.in\/wp-content\/uploads\/2022\/03\/AUER-Euro-containers-1.jpg",700,700,false],"large":["https:\/\/www.plastic-crates.co.in\/wp-content\/uploads\/2022\/03\/AUER-Euro-containers-1.jpg",700,700,false],"1536x1536":["https:\/\/www.plastic-crates.co.in\/wp-content\/uploads\/2022\/03\/AUER-Euro-containers-1.jpg",700,700,false],"2048x2048":["https:\/\/www.plastic-crates.co.in\/wp-content\/uploads\/2022\/03\/AUER-Euro-containers-1.jpg",700,700,false],"trp-custom-language-flag":["https:\/\/www.plastic-crates.co.in\/wp-content\/uploads\/2022\/03\/AUER-Euro-containers-1.jpg",12,12,false],"woocommerce_thumbnail":["https:\/\/www.plastic-crates.co.in\/wp-content\/uploads\/2022\/03\/AUER-Euro-containers-1-300x300.jpg",300,300,true],"woocommerce_single":["https:\/\/www.plastic-crates.co.in\/wp-content\/uploads\/2022\/03\/AUER-Euro-containers-1-600x600.jpg",600,600,true],"woocommerce_gallery_thumbnail":["https:\/\/www.plastic-crates.co.in\/wp-content\/uploads\/2022\/03\/AUER-Euro-containers-1-100x100.jpg",100,100,true]},"uagb_author_info":{"display_name":"Atticus Dixon","author_link":"https:\/\/www.plastic-crates.co.in\/es\/author\/"},"uagb_comment_info":0,"uagb_excerpt":"stackable plastic storage bins,plastic storage containers for sale,plastic parts bins,folding crates,bulk plastic boxes","_links":{"self":[{"href":"https:\/\/www.plastic-crates.co.in\/es\/wp-json\/wp\/v2\/product\/7134","targetHints":{"allow":["GET"]}}],"collection":[{"href":"https:\/\/www.plastic-crates.co.in\/es\/wp-json\/wp\/v2\/product"}],"about":[{"href":"https:\/\/www.plastic-crates.co.in\/es\/wp-json\/wp\/v2\/types\/product"}],"wp:featuredmedia":[{"embeddable":true,"href":"https:\/\/www.plastic-crates.co.in\/es\/wp-json\/wp\/v2\/media\/7140"}],"wp:attachment":[{"href":"https:\/\/www.plastic-crates.co.in\/es\/wp-json\/wp\/v2\/media?parent=7134"}],"wp:term":[{"taxonomy":"product_brand","embeddable":true,"href":"https:\/\/www.plastic-crates.co.in\/es\/wp-json\/wp\/v2\/product_brand?post=7134"},{"taxonomy":"product_cat","embeddable":true,"href":"https:\/\/www.plastic-crates.co.in\/es\/wp-json\/wp\/v2\/product_cat?post=7134"},{"taxonomy":"product_tag","embeddable":true,"href":"https:\/\/www.plastic-crates.co.in\/es\/wp-json\/wp\/v2\/product_tag?post=7134"}],"curies":[{"name":"wp","href":"https:\/\/api.w.org\/{rel}","templated":true}]}}