{"id":7088,"date":"2022-01-19T23:43:49","date_gmt":"2022-01-19T23:43:49","guid":{"rendered":"https:\/\/www.plastic-crates.co.in\/?post_type=product&#038;p=7088"},"modified":"2025-05-09T22:33:43","modified_gmt":"2025-05-09T22:33:43","slug":"contenedores-de-plastico-para-almacenamiento-con-tapa-600-415","status":"publish","type":"product","link":"https:\/\/www.plastic-crates.co.in\/es\/product\/contenedores-de-plastico-para-almacenamiento-con-tapa-600-415\/","title":{"rendered":"contenedores de pl\u00e1stico con tapa-600-415"},"content":{"rendered":"<h4>Presentaci\u00f3n de video de contenedores de almacenamiento de pl\u00e1stico con tapa<\/h4>\n<div style=\"width: 952px;\" class=\"wp-video\"><!--[if lt IE 9]><script>document.createElement('video');<\/script><![endif]-->\n<video class=\"wp-video-shortcode\" id=\"video-7088-1\" width=\"952\" height=\"540\" poster=\"https:\/\/www.plastic-crates.co.in\/wp-content\/uploads\/2022\/01\/plastic-storage-totes-with-lids-600-415-2.jpg\" preload=\"metadata\" controls=\"controls\"><source type=\"video\/mp4\" src=\"https:\/\/www.plastic-crates.co.in\/wp-content\/uploads\/2022\/01\/plastic-storage-totes-with-lids-600-415.mp4?_=1\" \/><a href=\"https:\/\/www.plastic-crates.co.in\/wp-content\/uploads\/2022\/01\/plastic-storage-totes-with-lids-600-415.mp4\">https:\/\/www.plastic-crates.co.in\/wp-content\/uploads\/2022\/01\/plastic-storage-totes-with-lids-600-415.mp4<\/a><\/video><\/div>","protected":false},"excerpt":{"rendered":"<div><a href=\"https:\/\/www.plastic-crates.co.in\/es\/product-category\/contenedores-apilables-de-plastico\/\" target=\"_blank\" rel=\"noopener noreferrer\">peque\u00f1as cajas apilables<\/a>,<a href=\"https:\/\/www.plastic-crates.co.in\/es\/product-category\/contenedores-de-almacenamiento-a-granel\/\" target=\"_blank\" rel=\"noopener noreferrer\">contenedores de plastico con tapa<\/a>,<a href=\"https:\/\/www.plastic-crates.co.in\/es\/product-category\/papeleras-plegables\/\" target=\"_blank\" rel=\"noopener noreferrer\">contenedores de almacenamiento de pl\u00e1stico plegables<\/a>,<a href=\"https:\/\/www.plastic-crates.co.in\/es\/product-category\/contenedores-apilables-y-anidados\/\" target=\"_blank\" rel=\"noopener noreferrer\">contenedores de pl\u00e1stico reforzado<\/a><\/div>","protected":false},"featured_media":7089,"template":"","meta":{"_acf_changed":false,"_uag_custom_page_level_css":"","site-sidebar-layout":"default","site-content-layout":"","ast-site-content-layout":"default","site-content-style":"default","site-sidebar-style":"default","ast-global-header-display":"","ast-banner-title-visibility":"","ast-main-header-display":"","ast-hfb-above-header-display":"","ast-hfb-below-header-display":"","ast-hfb-mobile-header-display":"","site-post-title":"","ast-breadcrumbs-content":"","ast-featured-img":"","footer-sml-layout":"","theme-transparent-header-meta":"default","adv-header-id-meta":"","stick-header-meta":"","header-above-stick-meta":"","header-main-stick-meta":"","header-below-stick-meta":"","astra-migrate-meta-layouts":"set","ast-page-background-enabled":"default","ast-page-background-meta":{"desktop":{"background-color":"var(--ast-global-color-4)","background-image":"","background-repeat":"repeat","background-position":"center center","background-size":"auto","background-attachment":"scroll","background-type":"","background-media":"","overlay-type":"","overlay-color":"","overlay-opacity":"","overlay-gradient":""},"tablet":{"background-color":"","background-image":"","background-repeat":"repeat","background-position":"center center","background-size":"auto","background-attachment":"scroll","background-type":"","background-media":"","overlay-type":"","overlay-color":"","overlay-opacity":"","overlay-gradient":""},"mobile":{"background-color":"","background-image":"","background-repeat":"repeat","background-position":"center center","background-size":"auto","background-attachment":"scroll","background-type":"","background-media":"","overlay-type":"","overlay-color":"","overlay-opacity":"","overlay-gradient":""}},"ast-content-background-meta":{"desktop":{"background-color":"var(--ast-global-color-5)","background-image":"","background-repeat":"repeat","background-position":"center center","background-size":"auto","background-attachment":"scroll","background-type":"","background-media":"","overlay-type":"","overlay-color":"","overlay-opacity":"","overlay-gradient":""},"tablet":{"background-color":"var(--ast-global-color-5)","background-image":"","background-repeat":"repeat","background-position":"center center","background-size":"auto","background-attachment":"scroll","background-type":"","background-media":"","overlay-type":"","overlay-color":"","overlay-opacity":"","overlay-gradient":""},"mobile":{"background-color":"var(--ast-global-color-5)","background-image":"","background-repeat":"repeat","background-position":"center center","background-size":"auto","background-attachment":"scroll","background-type":"","background-media":"","overlay-type":"","overlay-color":"","overlay-opacity":"","overlay-gradient":""}}},"product_brand":[],"product_cat":[8],"product_tag":[142,146,119,152],"class_list":{"0":"post-7088","1":"product","2":"type-product","3":"status-publish","4":"has-post-thumbnail","6":"product_cat-stack-and-nest-containers","7":"product_tag-alc-boxes","8":"product_tag-alc-containers","9":"product_tag-nestable-lidded-container","10":"product_tag-plastic-crates-big-size","11":"desktop-align-left","12":"tablet-align-left","13":"mobile-align-left","15":"first","16":"instock","17":"product-type-simple"},"acf":[],"yoast_head":"<!-- This site is optimized with the Yoast SEO plugin v26.4 - https:\/\/yoast.com\/wordpress\/plugins\/seo\/ -->\n<title>plastic storage totes with lids-600-415 wholesale &amp; Factory Price<\/title>\n<meta name=\"description\" content=\"Wholesale plastic storage totes with lids, totes with lids supplier, Dimensions(L*W*H):600 * 400 * 415 mm, Volume: 76L, storage totes for sale\" \/>\n<meta name=\"robots\" content=\"index, follow, max-snippet:-1, max-image-preview:large, max-video-preview:-1\" \/>\n<link rel=\"canonical\" href=\"https:\/\/www.plastic-crates.co.in\/es\/product\/contenedores-de-plastico-para-almacenamiento-con-tapa-600-415\/\" \/>\n<meta property=\"og:locale\" content=\"es_ES\" \/>\n<meta property=\"og:type\" content=\"article\" \/>\n<meta property=\"og:title\" content=\"hinged lid plastic crates\" \/>\n<meta property=\"og:description\" content=\"Wholesale plastic storage totes with lids, totes with lids supplier, Dimensions(L*W*H):600 * 400 * 415 mm, Volume: 76L, storage totes for sale\" \/>\n<meta property=\"og:url\" content=\"https:\/\/www.plastic-crates.co.in\/es\/product\/contenedores-de-plastico-para-almacenamiento-con-tapa-600-415\/\" \/>\n<meta property=\"og:site_name\" content=\"Wholesale plastic crates\" \/>\n<meta property=\"article:modified_time\" content=\"2025-05-09T22:33:43+00:00\" \/>\n<meta property=\"og:image\" content=\"https:\/\/www.plastic-crates.co.in\/wp-content\/uploads\/2022\/01\/plastic-storage-totes-with-lids-600-415-1.png\" \/>\n\t<meta property=\"og:image:width\" content=\"1000\" \/>\n\t<meta property=\"og:image:height\" content=\"1000\" \/>\n\t<meta property=\"og:image:type\" content=\"image\/png\" \/>\n<meta name=\"twitter:card\" content=\"summary_large_image\" \/>\n<meta name=\"twitter:title\" content=\"hinged lid plastic crates\" \/>\n<meta name=\"twitter:label1\" content=\"Tiempo de lectura\" \/>\n\t<meta name=\"twitter:data1\" content=\"1 minuto\" \/>\n<script type=\"application\/ld+json\" class=\"yoast-schema-graph\">{\"@context\":\"https:\/\/schema.org\",\"@graph\":[{\"@type\":\"WebPage\",\"@id\":\"https:\/\/www.plastic-crates.co.in\/product\/plastic-storage-totes-with-lids-600-415\/\",\"url\":\"https:\/\/www.plastic-crates.co.in\/product\/plastic-storage-totes-with-lids-600-415\/\",\"name\":\"plastic storage totes with lids-600-415 wholesale & Factory Price\",\"isPartOf\":{\"@id\":\"https:\/\/www.plastic-crates.co.in\/#website\"},\"primaryImageOfPage\":{\"@id\":\"https:\/\/www.plastic-crates.co.in\/product\/plastic-storage-totes-with-lids-600-415\/#primaryimage\"},\"image\":{\"@id\":\"https:\/\/www.plastic-crates.co.in\/product\/plastic-storage-totes-with-lids-600-415\/#primaryimage\"},\"thumbnailUrl\":\"https:\/\/www.plastic-crates.co.in\/wp-content\/uploads\/2022\/01\/plastic-storage-totes-with-lids-600-415-1.png\",\"datePublished\":\"2022-01-19T23:43:49+00:00\",\"dateModified\":\"2025-05-09T22:33:43+00:00\",\"description\":\"Wholesale plastic storage totes with lids, totes with lids supplier, Dimensions(L*W*H):600 * 400 * 415 mm, Volume: 76L, storage totes for sale\",\"breadcrumb\":{\"@id\":\"https:\/\/www.plastic-crates.co.in\/product\/plastic-storage-totes-with-lids-600-415\/#breadcrumb\"},\"inLanguage\":\"es\",\"potentialAction\":[{\"@type\":\"ReadAction\",\"target\":[\"https:\/\/www.plastic-crates.co.in\/product\/plastic-storage-totes-with-lids-600-415\/\"]}]},{\"@type\":\"ImageObject\",\"inLanguage\":\"es\",\"@id\":\"https:\/\/www.plastic-crates.co.in\/product\/plastic-storage-totes-with-lids-600-415\/#primaryimage\",\"url\":\"https:\/\/www.plastic-crates.co.in\/wp-content\/uploads\/2022\/01\/plastic-storage-totes-with-lids-600-415-1.png\",\"contentUrl\":\"https:\/\/www.plastic-crates.co.in\/wp-content\/uploads\/2022\/01\/plastic-storage-totes-with-lids-600-415-1.png\",\"width\":1000,\"height\":1000,\"caption\":\"plastic storage totes with lids-600-415\"},{\"@type\":\"BreadcrumbList\",\"@id\":\"https:\/\/www.plastic-crates.co.in\/product\/plastic-storage-totes-with-lids-600-415\/#breadcrumb\",\"itemListElement\":[{\"@type\":\"ListItem\",\"position\":1,\"name\":\"Home\",\"item\":\"https:\/\/www.plastic-crates.co.in\/\"},{\"@type\":\"ListItem\",\"position\":2,\"name\":\"Products\",\"item\":\"https:\/\/www.plastic-crates.co.in\/shop\/\"},{\"@type\":\"ListItem\",\"position\":3,\"name\":\"plastic storage totes with lids-600-415\"}]},{\"@type\":\"WebSite\",\"@id\":\"https:\/\/www.plastic-crates.co.in\/#website\",\"url\":\"https:\/\/www.plastic-crates.co.in\/\",\"name\":\"Wholesale plastic crates\",\"description\":\"Leading plastic crates manufacturer in China\",\"potentialAction\":[{\"@type\":\"SearchAction\",\"target\":{\"@type\":\"EntryPoint\",\"urlTemplate\":\"https:\/\/www.plastic-crates.co.in\/?s={search_term_string}\"},\"query-input\":{\"@type\":\"PropertyValueSpecification\",\"valueRequired\":true,\"valueName\":\"search_term_string\"}}],\"inLanguage\":\"es\"}]}<\/script>\n<!-- \/ Yoast SEO plugin. -->","yoast_head_json":{"title":"Contenedores de almacenamiento de pl\u00e1stico con tapas: 600-415, venta al por mayor y precio de f\u00e1brica","description":"Contenedores de pl\u00e1stico con tapa al por mayor, proveedor de contenedores con tapa, Dimensiones (L * W * H): 600 * 400 * 415 mm, Volumen: 76L, contenedores de almacenamiento a la venta","robots":{"index":"index","follow":"follow","max-snippet":"max-snippet:-1","max-image-preview":"max-image-preview:large","max-video-preview":"max-video-preview:-1"},"canonical":"https:\/\/www.plastic-crates.co.in\/es\/product\/contenedores-de-plastico-para-almacenamiento-con-tapa-600-415\/","og_locale":"es_ES","og_type":"article","og_title":"hinged lid plastic crates","og_description":"Wholesale plastic storage totes with lids, totes with lids supplier, Dimensions(L*W*H):600 * 400 * 415 mm, Volume: 76L, storage totes for sale","og_url":"https:\/\/www.plastic-crates.co.in\/es\/product\/contenedores-de-plastico-para-almacenamiento-con-tapa-600-415\/","og_site_name":"Wholesale plastic crates","article_modified_time":"2025-05-09T22:33:43+00:00","og_image":[{"width":1000,"height":1000,"url":"https:\/\/www.plastic-crates.co.in\/wp-content\/uploads\/2022\/01\/plastic-storage-totes-with-lids-600-415-1.png","type":"image\/png"}],"twitter_card":"summary_large_image","twitter_title":"hinged lid plastic crates","twitter_misc":{"Tiempo de lectura":"1 minuto"},"schema":{"@context":"https:\/\/schema.org","@graph":[{"@type":"WebPage","@id":"https:\/\/www.plastic-crates.co.in\/product\/plastic-storage-totes-with-lids-600-415\/","url":"https:\/\/www.plastic-crates.co.in\/product\/plastic-storage-totes-with-lids-600-415\/","name":"Contenedores de almacenamiento de pl\u00e1stico con tapas: 600-415, venta al por mayor y precio de f\u00e1brica","isPartOf":{"@id":"https:\/\/www.plastic-crates.co.in\/#website"},"primaryImageOfPage":{"@id":"https:\/\/www.plastic-crates.co.in\/product\/plastic-storage-totes-with-lids-600-415\/#primaryimage"},"image":{"@id":"https:\/\/www.plastic-crates.co.in\/product\/plastic-storage-totes-with-lids-600-415\/#primaryimage"},"thumbnailUrl":"https:\/\/www.plastic-crates.co.in\/wp-content\/uploads\/2022\/01\/plastic-storage-totes-with-lids-600-415-1.png","datePublished":"2022-01-19T23:43:49+00:00","dateModified":"2025-05-09T22:33:43+00:00","description":"Contenedores de pl\u00e1stico con tapa al por mayor, proveedor de contenedores con tapa, Dimensiones (L * W * H): 600 * 400 * 415 mm, Volumen: 76L, contenedores de almacenamiento a la venta","breadcrumb":{"@id":"https:\/\/www.plastic-crates.co.in\/product\/plastic-storage-totes-with-lids-600-415\/#breadcrumb"},"inLanguage":"es","potentialAction":[{"@type":"ReadAction","target":["https:\/\/www.plastic-crates.co.in\/product\/plastic-storage-totes-with-lids-600-415\/"]}]},{"@type":"ImageObject","inLanguage":"es","@id":"https:\/\/www.plastic-crates.co.in\/product\/plastic-storage-totes-with-lids-600-415\/#primaryimage","url":"https:\/\/www.plastic-crates.co.in\/wp-content\/uploads\/2022\/01\/plastic-storage-totes-with-lids-600-415-1.png","contentUrl":"https:\/\/www.plastic-crates.co.in\/wp-content\/uploads\/2022\/01\/plastic-storage-totes-with-lids-600-415-1.png","width":1000,"height":1000,"caption":"plastic storage totes with lids-600-415"},{"@type":"BreadcrumbList","@id":"https:\/\/www.plastic-crates.co.in\/product\/plastic-storage-totes-with-lids-600-415\/#breadcrumb","itemListElement":[{"@type":"ListItem","position":1,"name":"Home","item":"https:\/\/www.plastic-crates.co.in\/"},{"@type":"ListItem","position":2,"name":"Products","item":"https:\/\/www.plastic-crates.co.in\/shop\/"},{"@type":"ListItem","position":3,"name":"plastic storage totes with lids-600-415"}]},{"@type":"WebSite","@id":"https:\/\/www.plastic-crates.co.in\/#website","url":"https:\/\/www.plastic-crates.co.in\/","name":"Cajas de pl\u00e1stico al por mayor","description":"Fabricante l\u00edder de cajas de pl\u00e1stico en China","potentialAction":[{"@type":"SearchAction","target":{"@type":"EntryPoint","urlTemplate":"https:\/\/www.plastic-crates.co.in\/?s={search_term_string}"},"query-input":{"@type":"PropertyValueSpecification","valueRequired":true,"valueName":"search_term_string"}}],"inLanguage":"es"}]}},"uagb_featured_image_src":{"full":["https:\/\/www.plastic-crates.co.in\/wp-content\/uploads\/2022\/01\/plastic-storage-totes-with-lids-600-415-1.png",1000,1000,false],"thumbnail":["https:\/\/www.plastic-crates.co.in\/wp-content\/uploads\/2022\/01\/plastic-storage-totes-with-lids-600-415-1-150x150.png",150,150,true],"medium":["https:\/\/www.plastic-crates.co.in\/wp-content\/uploads\/2022\/01\/plastic-storage-totes-with-lids-600-415-1-300x300.png",300,300,true],"medium_large":["https:\/\/www.plastic-crates.co.in\/wp-content\/uploads\/2022\/01\/plastic-storage-totes-with-lids-600-415-1-768x768.png",768,768,true],"large":["https:\/\/www.plastic-crates.co.in\/wp-content\/uploads\/2022\/01\/plastic-storage-totes-with-lids-600-415-1.png",1000,1000,false],"1536x1536":["https:\/\/www.plastic-crates.co.in\/wp-content\/uploads\/2022\/01\/plastic-storage-totes-with-lids-600-415-1.png",1000,1000,false],"2048x2048":["https:\/\/www.plastic-crates.co.in\/wp-content\/uploads\/2022\/01\/plastic-storage-totes-with-lids-600-415-1.png",1000,1000,false],"trp-custom-language-flag":["https:\/\/www.plastic-crates.co.in\/wp-content\/uploads\/2022\/01\/plastic-storage-totes-with-lids-600-415-1.png",12,12,false],"woocommerce_thumbnail":["https:\/\/www.plastic-crates.co.in\/wp-content\/uploads\/2022\/01\/plastic-storage-totes-with-lids-600-415-1-300x300.png",300,300,true],"woocommerce_single":["https:\/\/www.plastic-crates.co.in\/wp-content\/uploads\/2022\/01\/plastic-storage-totes-with-lids-600-415-1-600x600.png",600,600,true],"woocommerce_gallery_thumbnail":["https:\/\/www.plastic-crates.co.in\/wp-content\/uploads\/2022\/01\/plastic-storage-totes-with-lids-600-415-1-100x100.png",100,100,true]},"uagb_author_info":{"display_name":"Atticus Dixon","author_link":"https:\/\/www.plastic-crates.co.in\/es\/author\/"},"uagb_comment_info":0,"uagb_excerpt":"small stacking boxes,plastic containers with lids,collapsible plastic storage bins,reinforced plastic totes","_links":{"self":[{"href":"https:\/\/www.plastic-crates.co.in\/es\/wp-json\/wp\/v2\/product\/7088","targetHints":{"allow":["GET"]}}],"collection":[{"href":"https:\/\/www.plastic-crates.co.in\/es\/wp-json\/wp\/v2\/product"}],"about":[{"href":"https:\/\/www.plastic-crates.co.in\/es\/wp-json\/wp\/v2\/types\/product"}],"wp:featuredmedia":[{"embeddable":true,"href":"https:\/\/www.plastic-crates.co.in\/es\/wp-json\/wp\/v2\/media\/7089"}],"wp:attachment":[{"href":"https:\/\/www.plastic-crates.co.in\/es\/wp-json\/wp\/v2\/media?parent=7088"}],"wp:term":[{"taxonomy":"product_brand","embeddable":true,"href":"https:\/\/www.plastic-crates.co.in\/es\/wp-json\/wp\/v2\/product_brand?post=7088"},{"taxonomy":"product_cat","embeddable":true,"href":"https:\/\/www.plastic-crates.co.in\/es\/wp-json\/wp\/v2\/product_cat?post=7088"},{"taxonomy":"product_tag","embeddable":true,"href":"https:\/\/www.plastic-crates.co.in\/es\/wp-json\/wp\/v2\/product_tag?post=7088"}],"curies":[{"name":"wp","href":"https:\/\/api.w.org\/{rel}","templated":true}]}}