{"id":6965,"date":"2021-07-15T05:53:44","date_gmt":"2021-07-15T05:53:44","guid":{"rendered":"https:\/\/www.plastic-crates.co.in\/?post_type=product&#038;p=6965"},"modified":"2025-04-26T23:29:42","modified_gmt":"2025-04-26T23:29:42","slug":"contenedores-agricolas-ventilados","status":"publish","type":"product","link":"https:\/\/www.plastic-crates.co.in\/es\/product\/contenedores-agricolas-ventilados\/","title":{"rendered":"Contenedores agr\u00edcolas ventilados"},"content":{"rendered":"<p>Estos contenedores agr\u00edcolas ventilados est\u00e1n fabricados con materiales de alta calidad y las \u00faltimas t\u00e9cnicas para garantizar su mayor durabilidad y excelente calidad. Teniendo en cuenta la naturaleza perecedera de las frutas y verduras, las cajas tienen muy buena ventilaci\u00f3n e interiores lisos, son adecuadas para tomates, manzanas, naranjas, uvas, mangos, etc., y las cajas para tomates tienen exteriores resistentes para soportar la carga.<\/p>\n<p>Tipo de producto disponible<\/p>\n<div class=\"table-responsive\">\n<table class=\"table\" style=\"height: 234px;\" border=\"1\" width=\"828\" cellspacing=\"0\" cellpadding=\"0\">\n<tbody>\n<tr align=\"left\">\n<td rowspan=\"2\"><span data-spm-anchor-id=\"a2700.details.0.i29.249235fbYUTov5\">Art\u00edculo<\/span><\/td>\n<td rowspan=\"2\">Material<\/td>\n<td>Peso<\/td>\n<td>Tama\u00f1o exterior<\/td>\n<td>Tama\u00f1o interior<\/td>\n<td colspan=\"3\">Cantidad\/Contenedor<\/td>\n<td rowspan=\"2\">NOTA<\/td>\n<\/tr>\n<tr align=\"left\">\n<td>(kgs\u00b13%)<\/td>\n<td>(mm)<\/td>\n<td>(mm)<\/td>\n<td>20&#039;GP<\/td>\n<td>40&#039;GP<\/td>\n<td>Cuartel general de 40 pies<\/td>\n<\/tr>\n<tr align=\"left\">\n<td>\u00daNETE0358A<\/td>\n<td>HDPE<\/td>\n<td>2.1<\/td>\n<td>Largo 600 x Ancho 410 x Alto 330<\/td>\n<td>Largo 590 x Ancho 400 x Alto 300<\/td>\n<td>500<\/td>\n<td><\/td>\n<td>1336<\/td>\n<td>ventilado<\/td>\n<\/tr>\n<tr align=\"left\">\n<td>\u00daNETE0358C<\/td>\n<td>HDPE<\/td>\n<td>2<\/td>\n<td>Largo 450 x ancho 350 x alto 330<\/td>\n<td>Largo 420 x ancho 320 x alto 305 cm<\/td>\n<td>788<\/td>\n<td><\/td>\n<td>2110<\/td>\n<td>ventilado<\/td>\n<\/tr>\n<\/tbody>\n<\/table>\n<\/div>\n<p>&nbsp;<\/p>\n<p>&nbsp;<\/p>\n<p><strong>Aplicaci\u00f3n de este Contenedor agr\u00edcola ventilado<\/strong><\/p>\n<p><img loading=\"lazy\" decoding=\"async\" class=\"alignnone wp-image-6527\" src=\"https:\/\/www.vegcrates.com\/wp-content\/uploads\/2021\/06\/vegetable-crates-application-1-1024x265.png\" alt=\"Aplicaci\u00f3n de cajas para verduras\" width=\"800\" height=\"207\" \/> <img loading=\"lazy\" decoding=\"async\" class=\"alignnone wp-image-6528\" src=\"https:\/\/www.vegcrates.com\/wp-content\/uploads\/2021\/06\/vegetable-crates-application-2-1024x437.png\" alt=\"Aplicaci\u00f3n de cajas para verduras\" width=\"800\" height=\"341\" \/> <img loading=\"lazy\" decoding=\"async\" class=\"alignnone wp-image-6529\" src=\"https:\/\/www.vegcrates.com\/wp-content\/uploads\/2021\/06\/vegetable-crates-application-3-1024x361.png\" alt=\"Aplicaci\u00f3n de cajas para verduras\" width=\"800\" height=\"282\" \/> <img loading=\"lazy\" decoding=\"async\" class=\"alignnone wp-image-6530\" src=\"https:\/\/www.vegcrates.com\/wp-content\/uploads\/2021\/06\/vegetable-crates-application-4-1024x350.png\" alt=\"Aplicaci\u00f3n de cajas para verduras\" width=\"800\" height=\"274\" \/><\/p>\n<p>&nbsp;<\/p>\n<p>Las cajas de pl\u00e1stico para verduras est\u00e1n disponibles en varios tama\u00f1os y estilos para recoger, procesar y enviar frutas y verduras peque\u00f1as como fresas o esp\u00e1rragos.<\/p>\n<p><strong>Embalaje y entrega<\/strong><\/p>\n<p><img loading=\"lazy\" decoding=\"async\" class=\"alignnone wp-image-6531\" src=\"https:\/\/www.vegcrates.com\/wp-content\/uploads\/2021\/06\/foldable-crates-for-groceries-delivery-1024x505.png\" alt=\"Cajas plegables para entrega de comestibles\" width=\"800\" height=\"395\" \/><\/p>\n<p><strong>Caracter\u00edsticas y beneficios<\/strong><\/p>\n<ul>\n<li>Fabricado con materiales que cumplen con la FDA<\/li>\n<li>Resiste la exposici\u00f3n a la luz solar y a los procesos de enfriamiento; resiste el impacto y la humedad; no se astilla, no se pudre ni absorbe olores.<\/li>\n<li>Interiores f\u00e1ciles de limpiar<\/li>\n<li>Se apila cuando est\u00e1 cargado y se anida cuando est\u00e1 vac\u00edo para ahorrar espacio<\/li>\n<li>Dise\u00f1os ventilados para enfriamiento r\u00e1pido, control de temperatura y drenaje.<\/li>\n<li>\u00daselo con temperaturas de -20\u02da a 120\u02da F<\/li>\n<li>Opciones de personalizaci\u00f3n e identificaci\u00f3n disponibles.<\/li>\n<li>Respaldado por una garant\u00eda limitada de un a\u00f1o<\/li>\n<li>100% HDPE reciclable<\/li>\n<\/ul>","protected":false},"excerpt":{"rendered":"<p>Tambi\u00e9n te puede interesar <a href=\"https:\/\/www.plastic-crates.com\/product-category\/plastic-dog-crates\/\" target=\"_blank\" rel=\"noopener\">jaulas de pl\u00e1stico para perros<\/a>,<a href=\"https:\/\/www.plastic-crates.co.in\/es\/product-category\/papeleras-plegables\/\" target=\"_blank\" rel=\"noopener\">cajas de pl\u00e1stico plegables<\/a><\/p>","protected":false},"featured_media":7010,"template":"","meta":{"_acf_changed":false,"_uag_custom_page_level_css":"","site-sidebar-layout":"default","site-content-layout":"","ast-site-content-layout":"default","site-content-style":"default","site-sidebar-style":"default","ast-global-header-display":"","ast-banner-title-visibility":"","ast-main-header-display":"","ast-hfb-above-header-display":"","ast-hfb-below-header-display":"","ast-hfb-mobile-header-display":"","site-post-title":"","ast-breadcrumbs-content":"","ast-featured-img":"","footer-sml-layout":"","theme-transparent-header-meta":"","adv-header-id-meta":"","stick-header-meta":"","header-above-stick-meta":"","header-main-stick-meta":"","header-below-stick-meta":"","astra-migrate-meta-layouts":"default","ast-page-background-enabled":"default","ast-page-background-meta":{"desktop":{"background-color":"var(--ast-global-color-4)","background-image":"","background-repeat":"repeat","background-position":"center center","background-size":"auto","background-attachment":"scroll","background-type":"","background-media":"","overlay-type":"","overlay-color":"","overlay-opacity":"","overlay-gradient":""},"tablet":{"background-color":"","background-image":"","background-repeat":"repeat","background-position":"center center","background-size":"auto","background-attachment":"scroll","background-type":"","background-media":"","overlay-type":"","overlay-color":"","overlay-opacity":"","overlay-gradient":""},"mobile":{"background-color":"","background-image":"","background-repeat":"repeat","background-position":"center center","background-size":"auto","background-attachment":"scroll","background-type":"","background-media":"","overlay-type":"","overlay-color":"","overlay-opacity":"","overlay-gradient":""}},"ast-content-background-meta":{"desktop":{"background-color":"var(--ast-global-color-5)","background-image":"","background-repeat":"repeat","background-position":"center center","background-size":"auto","background-attachment":"scroll","background-type":"","background-media":"","overlay-type":"","overlay-color":"","overlay-opacity":"","overlay-gradient":""},"tablet":{"background-color":"var(--ast-global-color-5)","background-image":"","background-repeat":"repeat","background-position":"center center","background-size":"auto","background-attachment":"scroll","background-type":"","background-media":"","overlay-type":"","overlay-color":"","overlay-opacity":"","overlay-gradient":""},"mobile":{"background-color":"var(--ast-global-color-5)","background-image":"","background-repeat":"repeat","background-position":"center center","background-size":"auto","background-attachment":"scroll","background-type":"","background-media":"","overlay-type":"","overlay-color":"","overlay-opacity":"","overlay-gradient":""}}},"product_brand":[],"product_cat":[20],"product_tag":[126,127],"class_list":{"0":"post-6965","1":"product","2":"type-product","3":"status-publish","4":"has-post-thumbnail","6":"product_cat-fruit-vegetable-crates","7":"product_tag-plastic-vegetable-and-fruit-crate","8":"product_tag-plastic-vegetable-basket","9":"desktop-align-left","10":"tablet-align-left","11":"mobile-align-left","13":"first","14":"instock","15":"product-type-simple"},"acf":[],"yoast_head":"<!-- This site is optimized with the Yoast SEO plugin v26.4 - https:\/\/yoast.com\/wordpress\/plugins\/seo\/ -->\n<title>Ventilated agricultural containers | High Quality &amp; Factory Price\u200e<\/title>\n<meta name=\"description\" content=\"Professional manufacturer of Ventilated agricultural containers, Dimensions(L*W*H):600*410*330mm, Volumn:77L, agricultural crates for sale\" \/>\n<meta name=\"robots\" content=\"index, follow, max-snippet:-1, max-image-preview:large, max-video-preview:-1\" \/>\n<link rel=\"canonical\" href=\"https:\/\/www.plastic-crates.co.in\/es\/product\/contenedores-agricolas-ventilados\/\" \/>\n<meta property=\"og:locale\" content=\"es_ES\" \/>\n<meta property=\"og:type\" content=\"article\" \/>\n<meta property=\"og:title\" content=\"vegetable plastic crates | High Quality &amp; Factory Price\u200e\" \/>\n<meta property=\"og:description\" content=\"Professional manufacturer of Ventilated agricultural containers, Dimensions(L*W*H):600*410*330mm, Volumn:77L, agricultural crates for sale\" \/>\n<meta property=\"og:url\" content=\"https:\/\/www.plastic-crates.co.in\/es\/product\/contenedores-agricolas-ventilados\/\" \/>\n<meta property=\"og:site_name\" content=\"Wholesale plastic crates\" \/>\n<meta property=\"article:modified_time\" content=\"2025-04-26T23:29:42+00:00\" \/>\n<meta property=\"og:image\" content=\"https:\/\/www.plastic-crates.co.in\/wp-content\/uploads\/2021\/07\/plastic-apple-crates-6.jpeg\" \/>\n\t<meta property=\"og:image:width\" content=\"800\" \/>\n\t<meta property=\"og:image:height\" content=\"799\" \/>\n\t<meta property=\"og:image:type\" content=\"image\/jpeg\" \/>\n<meta name=\"twitter:card\" content=\"summary_large_image\" \/>\n<meta name=\"twitter:title\" content=\"vegetable plastic crates | High Quality &amp; Factory Price\u200e\" \/>\n<meta name=\"twitter:label1\" content=\"Tiempo de lectura\" \/>\n\t<meta name=\"twitter:data1\" content=\"2 minutos\" \/>\n<script type=\"application\/ld+json\" class=\"yoast-schema-graph\">{\"@context\":\"https:\/\/schema.org\",\"@graph\":[{\"@type\":\"WebPage\",\"@id\":\"https:\/\/www.plastic-crates.co.in\/product\/ventilated-agricultural-containers\/\",\"url\":\"https:\/\/www.plastic-crates.co.in\/product\/ventilated-agricultural-containers\/\",\"name\":\"Ventilated agricultural containers | High Quality & Factory Price\u200e\",\"isPartOf\":{\"@id\":\"https:\/\/www.plastic-crates.co.in\/#website\"},\"primaryImageOfPage\":{\"@id\":\"https:\/\/www.plastic-crates.co.in\/product\/ventilated-agricultural-containers\/#primaryimage\"},\"image\":{\"@id\":\"https:\/\/www.plastic-crates.co.in\/product\/ventilated-agricultural-containers\/#primaryimage\"},\"thumbnailUrl\":\"https:\/\/www.plastic-crates.co.in\/wp-content\/uploads\/2021\/07\/plastic-apple-crates-6.jpeg\",\"datePublished\":\"2021-07-15T05:53:44+00:00\",\"dateModified\":\"2025-04-26T23:29:42+00:00\",\"description\":\"Professional manufacturer of Ventilated agricultural containers, Dimensions(L*W*H):600*410*330mm, Volumn:77L, agricultural crates for sale\",\"breadcrumb\":{\"@id\":\"https:\/\/www.plastic-crates.co.in\/product\/ventilated-agricultural-containers\/#breadcrumb\"},\"inLanguage\":\"es\",\"potentialAction\":[{\"@type\":\"ReadAction\",\"target\":[\"https:\/\/www.plastic-crates.co.in\/product\/ventilated-agricultural-containers\/\"]}]},{\"@type\":\"ImageObject\",\"inLanguage\":\"es\",\"@id\":\"https:\/\/www.plastic-crates.co.in\/product\/ventilated-agricultural-containers\/#primaryimage\",\"url\":\"https:\/\/www.plastic-crates.co.in\/wp-content\/uploads\/2021\/07\/plastic-apple-crates-6.jpeg\",\"contentUrl\":\"https:\/\/www.plastic-crates.co.in\/wp-content\/uploads\/2021\/07\/plastic-apple-crates-6.jpeg\",\"width\":800,\"height\":799,\"caption\":\"Ventilated agricultural containers\"},{\"@type\":\"BreadcrumbList\",\"@id\":\"https:\/\/www.plastic-crates.co.in\/product\/ventilated-agricultural-containers\/#breadcrumb\",\"itemListElement\":[{\"@type\":\"ListItem\",\"position\":1,\"name\":\"Home\",\"item\":\"https:\/\/www.plastic-crates.co.in\/\"},{\"@type\":\"ListItem\",\"position\":2,\"name\":\"Products\",\"item\":\"https:\/\/www.plastic-crates.co.in\/shop\/\"},{\"@type\":\"ListItem\",\"position\":3,\"name\":\"Ventilated agricultural containers\"}]},{\"@type\":\"WebSite\",\"@id\":\"https:\/\/www.plastic-crates.co.in\/#website\",\"url\":\"https:\/\/www.plastic-crates.co.in\/\",\"name\":\"Wholesale plastic crates\",\"description\":\"Leading plastic crates manufacturer in China\",\"potentialAction\":[{\"@type\":\"SearchAction\",\"target\":{\"@type\":\"EntryPoint\",\"urlTemplate\":\"https:\/\/www.plastic-crates.co.in\/?s={search_term_string}\"},\"query-input\":{\"@type\":\"PropertyValueSpecification\",\"valueRequired\":true,\"valueName\":\"search_term_string\"}}],\"inLanguage\":\"es\"}]}<\/script>\n<!-- \/ Yoast SEO plugin. -->","yoast_head_json":{"title":"Contenedores agr\u00edcolas ventilados | Alta calidad y precio de f\u00e1brica","description":"Fabricante profesional de contenedores agr\u00edcolas ventilados, Dimensiones (L * W * H): 600 * 410 * 330 mm, Volumen: 77L, cajas agr\u00edcolas a la venta","robots":{"index":"index","follow":"follow","max-snippet":"max-snippet:-1","max-image-preview":"max-image-preview:large","max-video-preview":"max-video-preview:-1"},"canonical":"https:\/\/www.plastic-crates.co.in\/es\/product\/contenedores-agricolas-ventilados\/","og_locale":"es_ES","og_type":"article","og_title":"vegetable plastic crates | High Quality & Factory Price\u200e","og_description":"Professional manufacturer of Ventilated agricultural containers, Dimensions(L*W*H):600*410*330mm, Volumn:77L, agricultural crates for sale","og_url":"https:\/\/www.plastic-crates.co.in\/es\/product\/contenedores-agricolas-ventilados\/","og_site_name":"Wholesale plastic crates","article_modified_time":"2025-04-26T23:29:42+00:00","og_image":[{"width":800,"height":799,"url":"https:\/\/www.plastic-crates.co.in\/wp-content\/uploads\/2021\/07\/plastic-apple-crates-6.jpeg","type":"image\/jpeg"}],"twitter_card":"summary_large_image","twitter_title":"vegetable plastic crates | High Quality & Factory Price\u200e","twitter_misc":{"Tiempo de lectura":"2 minutos"},"schema":{"@context":"https:\/\/schema.org","@graph":[{"@type":"WebPage","@id":"https:\/\/www.plastic-crates.co.in\/product\/ventilated-agricultural-containers\/","url":"https:\/\/www.plastic-crates.co.in\/product\/ventilated-agricultural-containers\/","name":"Contenedores agr\u00edcolas ventilados | Alta calidad y precio de f\u00e1brica","isPartOf":{"@id":"https:\/\/www.plastic-crates.co.in\/#website"},"primaryImageOfPage":{"@id":"https:\/\/www.plastic-crates.co.in\/product\/ventilated-agricultural-containers\/#primaryimage"},"image":{"@id":"https:\/\/www.plastic-crates.co.in\/product\/ventilated-agricultural-containers\/#primaryimage"},"thumbnailUrl":"https:\/\/www.plastic-crates.co.in\/wp-content\/uploads\/2021\/07\/plastic-apple-crates-6.jpeg","datePublished":"2021-07-15T05:53:44+00:00","dateModified":"2025-04-26T23:29:42+00:00","description":"Fabricante profesional de contenedores agr\u00edcolas ventilados, Dimensiones (L * W * H): 600 * 410 * 330 mm, Volumen: 77L, cajas agr\u00edcolas a la venta","breadcrumb":{"@id":"https:\/\/www.plastic-crates.co.in\/product\/ventilated-agricultural-containers\/#breadcrumb"},"inLanguage":"es","potentialAction":[{"@type":"ReadAction","target":["https:\/\/www.plastic-crates.co.in\/product\/ventilated-agricultural-containers\/"]}]},{"@type":"ImageObject","inLanguage":"es","@id":"https:\/\/www.plastic-crates.co.in\/product\/ventilated-agricultural-containers\/#primaryimage","url":"https:\/\/www.plastic-crates.co.in\/wp-content\/uploads\/2021\/07\/plastic-apple-crates-6.jpeg","contentUrl":"https:\/\/www.plastic-crates.co.in\/wp-content\/uploads\/2021\/07\/plastic-apple-crates-6.jpeg","width":800,"height":799,"caption":"Ventilated agricultural containers"},{"@type":"BreadcrumbList","@id":"https:\/\/www.plastic-crates.co.in\/product\/ventilated-agricultural-containers\/#breadcrumb","itemListElement":[{"@type":"ListItem","position":1,"name":"Home","item":"https:\/\/www.plastic-crates.co.in\/"},{"@type":"ListItem","position":2,"name":"Products","item":"https:\/\/www.plastic-crates.co.in\/shop\/"},{"@type":"ListItem","position":3,"name":"Ventilated agricultural containers"}]},{"@type":"WebSite","@id":"https:\/\/www.plastic-crates.co.in\/#website","url":"https:\/\/www.plastic-crates.co.in\/","name":"Cajas de pl\u00e1stico al por mayor","description":"Fabricante l\u00edder de cajas de pl\u00e1stico en China","potentialAction":[{"@type":"SearchAction","target":{"@type":"EntryPoint","urlTemplate":"https:\/\/www.plastic-crates.co.in\/?s={search_term_string}"},"query-input":{"@type":"PropertyValueSpecification","valueRequired":true,"valueName":"search_term_string"}}],"inLanguage":"es"}]}},"uagb_featured_image_src":{"full":["https:\/\/www.plastic-crates.co.in\/wp-content\/uploads\/2021\/07\/plastic-apple-crates-6.jpeg",800,799,false],"thumbnail":["https:\/\/www.plastic-crates.co.in\/wp-content\/uploads\/2021\/07\/plastic-apple-crates-6-150x150.jpeg",150,150,true],"medium":["https:\/\/www.plastic-crates.co.in\/wp-content\/uploads\/2021\/07\/plastic-apple-crates-6-300x300.jpeg",300,300,true],"medium_large":["https:\/\/www.plastic-crates.co.in\/wp-content\/uploads\/2021\/07\/plastic-apple-crates-6-768x767.jpeg",768,767,true],"large":["https:\/\/www.plastic-crates.co.in\/wp-content\/uploads\/2021\/07\/plastic-apple-crates-6.jpeg",800,799,false],"1536x1536":["https:\/\/www.plastic-crates.co.in\/wp-content\/uploads\/2021\/07\/plastic-apple-crates-6.jpeg",800,799,false],"2048x2048":["https:\/\/www.plastic-crates.co.in\/wp-content\/uploads\/2021\/07\/plastic-apple-crates-6.jpeg",800,799,false],"trp-custom-language-flag":["https:\/\/www.plastic-crates.co.in\/wp-content\/uploads\/2021\/07\/plastic-apple-crates-6.jpeg",12,12,false],"woocommerce_thumbnail":["https:\/\/www.plastic-crates.co.in\/wp-content\/uploads\/2021\/07\/plastic-apple-crates-6-300x300.jpeg",300,300,true],"woocommerce_single":["https:\/\/www.plastic-crates.co.in\/wp-content\/uploads\/2021\/07\/plastic-apple-crates-6-600x599.jpeg",600,599,true],"woocommerce_gallery_thumbnail":["https:\/\/www.plastic-crates.co.in\/wp-content\/uploads\/2021\/07\/plastic-apple-crates-6-100x100.jpeg",100,100,true]},"uagb_author_info":{"display_name":"Atticus Dixon","author_link":"https:\/\/www.plastic-crates.co.in\/es\/author\/"},"uagb_comment_info":0,"uagb_excerpt":"You may also interested in plastic dog crates,collapsible plastic crates","_links":{"self":[{"href":"https:\/\/www.plastic-crates.co.in\/es\/wp-json\/wp\/v2\/product\/6965","targetHints":{"allow":["GET"]}}],"collection":[{"href":"https:\/\/www.plastic-crates.co.in\/es\/wp-json\/wp\/v2\/product"}],"about":[{"href":"https:\/\/www.plastic-crates.co.in\/es\/wp-json\/wp\/v2\/types\/product"}],"wp:featuredmedia":[{"embeddable":true,"href":"https:\/\/www.plastic-crates.co.in\/es\/wp-json\/wp\/v2\/media\/7010"}],"wp:attachment":[{"href":"https:\/\/www.plastic-crates.co.in\/es\/wp-json\/wp\/v2\/media?parent=6965"}],"wp:term":[{"taxonomy":"product_brand","embeddable":true,"href":"https:\/\/www.plastic-crates.co.in\/es\/wp-json\/wp\/v2\/product_brand?post=6965"},{"taxonomy":"product_cat","embeddable":true,"href":"https:\/\/www.plastic-crates.co.in\/es\/wp-json\/wp\/v2\/product_cat?post=6965"},{"taxonomy":"product_tag","embeddable":true,"href":"https:\/\/www.plastic-crates.co.in\/es\/wp-json\/wp\/v2\/product_tag?post=6965"}],"curies":[{"name":"wp","href":"https:\/\/api.w.org\/{rel}","templated":true}]}}