{"id":6777,"date":"2019-09-29T21:55:10","date_gmt":"2019-09-29T21:55:10","guid":{"rendered":"https:\/\/www.plastic-crates.co.in\/product\/pallet-plastic-container-foldable-1140-985\/"},"modified":"2025-04-15T23:15:09","modified_gmt":"2025-04-15T23:15:09","slug":"contenedor-de-plastico-para-palets-plegable-1140-985","status":"publish","type":"product","link":"https:\/\/www.plastic-crates.co.in\/es\/product\/contenedor-de-plastico-para-palets-plegable-1140-985\/","title":{"rendered":"palet contenedor de pl\u00e1stico plegable 1140-985"},"content":{"rendered":"","protected":false},"excerpt":{"rendered":"<div><a href=\"https:\/\/www.plastic-crates.co.in\/es\/product-category\/shelving-plastic-bins\/\" target=\"_blank\" rel=\"noopener noreferrer\">contenedores para estanterias<\/a>,<a href=\"https:\/\/www.plastic-crates.co.in\/es\/product-category\/papeleras-plegables\/\" target=\"_blank\" rel=\"noopener noreferrer\">Caja de almacenamiento plegable de pl\u00e1stico PP para uso qu\u00edmico<\/a>,<a href=\"https:\/\/www.plastic-crates.co.in\/es\/product-category\/contenedores-apilables-y-anidados\/\" target=\"_blank\" rel=\"noopener noreferrer\">contenedores con tapas adjuntas<\/a>,<a href=\"https:\/\/www.plastic-crates.co.in\/es\/product-category\/contenedores-de-almacenamiento-a-granel\/\" target=\"_blank\" rel=\"noopener noreferrer\">Contenedores de almacenamiento de paletas<\/a>,<a href=\"https:\/\/www.plastic-crates.co.in\/es\/product-category\/contenedores-apilables-de-plastico\/\" target=\"_blank\" rel=\"noopener noreferrer\">eurocontenedores apilables con tapa<\/a><\/div>","protected":false},"featured_media":6778,"template":"","meta":{"_acf_changed":false,"_uag_custom_page_level_css":"","site-sidebar-layout":"default","site-content-layout":"","ast-site-content-layout":"default","site-content-style":"default","site-sidebar-style":"default","ast-global-header-display":"","ast-banner-title-visibility":"","ast-main-header-display":"","ast-hfb-above-header-display":"","ast-hfb-below-header-display":"","ast-hfb-mobile-header-display":"","site-post-title":"","ast-breadcrumbs-content":"","ast-featured-img":"","footer-sml-layout":"","theme-transparent-header-meta":"","adv-header-id-meta":"","stick-header-meta":"","header-above-stick-meta":"","header-main-stick-meta":"","header-below-stick-meta":"","astra-migrate-meta-layouts":"default","ast-page-background-enabled":"default","ast-page-background-meta":{"desktop":{"background-color":"var(--ast-global-color-4)","background-image":"","background-repeat":"repeat","background-position":"center center","background-size":"auto","background-attachment":"scroll","background-type":"","background-media":"","overlay-type":"","overlay-color":"","overlay-opacity":"","overlay-gradient":""},"tablet":{"background-color":"","background-image":"","background-repeat":"repeat","background-position":"center center","background-size":"auto","background-attachment":"scroll","background-type":"","background-media":"","overlay-type":"","overlay-color":"","overlay-opacity":"","overlay-gradient":""},"mobile":{"background-color":"","background-image":"","background-repeat":"repeat","background-position":"center center","background-size":"auto","background-attachment":"scroll","background-type":"","background-media":"","overlay-type":"","overlay-color":"","overlay-opacity":"","overlay-gradient":""}},"ast-content-background-meta":{"desktop":{"background-color":"var(--ast-global-color-5)","background-image":"","background-repeat":"repeat","background-position":"center center","background-size":"auto","background-attachment":"scroll","background-type":"","background-media":"","overlay-type":"","overlay-color":"","overlay-opacity":"","overlay-gradient":""},"tablet":{"background-color":"var(--ast-global-color-5)","background-image":"","background-repeat":"repeat","background-position":"center center","background-size":"auto","background-attachment":"scroll","background-type":"","background-media":"","overlay-type":"","overlay-color":"","overlay-opacity":"","overlay-gradient":""},"mobile":{"background-color":"var(--ast-global-color-5)","background-image":"","background-repeat":"repeat","background-position":"center center","background-size":"auto","background-attachment":"scroll","background-type":"","background-media":"","overlay-type":"","overlay-color":"","overlay-opacity":"","overlay-gradient":""}}},"product_brand":[],"product_cat":[14],"product_tag":[147,87,17,86],"class_list":{"0":"post-6777","1":"product","2":"type-product","3":"status-publish","4":"has-post-thumbnail","6":"product_cat-bulk-storage-containers","7":"product_tag-cobra-collapsible-container","8":"product_tag-foldable-pallet-container","9":"product_tag-large-plastic-storage-containers","10":"product_tag-plastic-pallet-box","11":"desktop-align-left","12":"tablet-align-left","13":"mobile-align-left","15":"first","16":"instock","17":"product-type-simple"},"acf":[],"yoast_head":"<!-- This site is optimized with the Yoast SEO plugin v26.4 - https:\/\/yoast.com\/wordpress\/plugins\/seo\/ -->\n<title>pallet plastic container wholesale &amp; Factory Price<\/title>\n<meta name=\"description\" content=\"Wholesale pallet plastic container, pallet container supplier, Dimensions(L*W*H):1140 * 980 * 1050 mm, Volume: 878L, pallet plastic container for sale\" \/>\n<meta name=\"robots\" content=\"index, follow, max-snippet:-1, max-image-preview:large, max-video-preview:-1\" \/>\n<link rel=\"canonical\" href=\"https:\/\/www.plastic-crates.co.in\/es\/product\/contenedor-de-plastico-para-palets-plegable-1140-985\/\" \/>\n<meta property=\"og:locale\" content=\"es_ES\" \/>\n<meta property=\"og:type\" content=\"article\" \/>\n<meta property=\"og:title\" content=\"pallet plastic container\" \/>\n<meta property=\"og:description\" content=\"Wholesale pallet plastic container, pallet container supplier, Dimensions(L*W*H):1140 * 980 * 1050 mm, Volume: 878L, pallet plastic container for sale\" \/>\n<meta property=\"og:url\" content=\"https:\/\/www.plastic-crates.co.in\/es\/product\/contenedor-de-plastico-para-palets-plegable-1140-985\/\" \/>\n<meta property=\"og:site_name\" content=\"Wholesale plastic crates\" \/>\n<meta property=\"article:modified_time\" content=\"2025-04-15T23:15:09+00:00\" \/>\n<meta property=\"og:image\" content=\"https:\/\/www.plastic-crates.co.in\/wp-content\/uploads\/2019\/11\/pallet-plastic-container.jpg\" \/>\n\t<meta property=\"og:image:width\" content=\"1920\" \/>\n\t<meta property=\"og:image:height\" content=\"1440\" \/>\n\t<meta property=\"og:image:type\" content=\"image\/jpeg\" \/>\n<meta name=\"twitter:card\" content=\"summary_large_image\" \/>\n<meta name=\"twitter:title\" content=\"pallet plastic container\" \/>\n<meta name=\"twitter:label1\" content=\"Tiempo de lectura\" \/>\n\t<meta name=\"twitter:data1\" content=\"1 minuto\" \/>\n<script type=\"application\/ld+json\" class=\"yoast-schema-graph\">{\"@context\":\"https:\/\/schema.org\",\"@graph\":[{\"@type\":\"WebPage\",\"@id\":\"https:\/\/www.plastic-crates.co.in\/product\/pallet-plastic-container-foldable-1140-985\/\",\"url\":\"https:\/\/www.plastic-crates.co.in\/product\/pallet-plastic-container-foldable-1140-985\/\",\"name\":\"pallet plastic container wholesale & Factory Price\",\"isPartOf\":{\"@id\":\"https:\/\/www.plastic-crates.co.in\/#website\"},\"primaryImageOfPage\":{\"@id\":\"https:\/\/www.plastic-crates.co.in\/product\/pallet-plastic-container-foldable-1140-985\/#primaryimage\"},\"image\":{\"@id\":\"https:\/\/www.plastic-crates.co.in\/product\/pallet-plastic-container-foldable-1140-985\/#primaryimage\"},\"thumbnailUrl\":\"https:\/\/www.plastic-crates.co.in\/wp-content\/uploads\/2019\/11\/pallet-plastic-container.jpg\",\"datePublished\":\"2019-09-29T21:55:10+00:00\",\"dateModified\":\"2025-04-15T23:15:09+00:00\",\"description\":\"Wholesale pallet plastic container, pallet container supplier, Dimensions(L*W*H):1140 * 980 * 1050 mm, Volume: 878L, pallet plastic container for sale\",\"breadcrumb\":{\"@id\":\"https:\/\/www.plastic-crates.co.in\/product\/pallet-plastic-container-foldable-1140-985\/#breadcrumb\"},\"inLanguage\":\"es\",\"potentialAction\":[{\"@type\":\"ReadAction\",\"target\":[\"https:\/\/www.plastic-crates.co.in\/product\/pallet-plastic-container-foldable-1140-985\/\"]}]},{\"@type\":\"ImageObject\",\"inLanguage\":\"es\",\"@id\":\"https:\/\/www.plastic-crates.co.in\/product\/pallet-plastic-container-foldable-1140-985\/#primaryimage\",\"url\":\"https:\/\/www.plastic-crates.co.in\/wp-content\/uploads\/2019\/11\/pallet-plastic-container.jpg\",\"contentUrl\":\"https:\/\/www.plastic-crates.co.in\/wp-content\/uploads\/2019\/11\/pallet-plastic-container.jpg\",\"width\":1920,\"height\":1440,\"caption\":\"pallet plastic container\"},{\"@type\":\"BreadcrumbList\",\"@id\":\"https:\/\/www.plastic-crates.co.in\/product\/pallet-plastic-container-foldable-1140-985\/#breadcrumb\",\"itemListElement\":[{\"@type\":\"ListItem\",\"position\":1,\"name\":\"Home\",\"item\":\"https:\/\/www.plastic-crates.co.in\/\"},{\"@type\":\"ListItem\",\"position\":2,\"name\":\"Products\",\"item\":\"https:\/\/www.plastic-crates.co.in\/shop\/\"},{\"@type\":\"ListItem\",\"position\":3,\"name\":\"pallet plastic container-foldable 1140-985\"}]},{\"@type\":\"WebSite\",\"@id\":\"https:\/\/www.plastic-crates.co.in\/#website\",\"url\":\"https:\/\/www.plastic-crates.co.in\/\",\"name\":\"Wholesale plastic crates\",\"description\":\"Leading plastic crates manufacturer in China\",\"potentialAction\":[{\"@type\":\"SearchAction\",\"target\":{\"@type\":\"EntryPoint\",\"urlTemplate\":\"https:\/\/www.plastic-crates.co.in\/?s={search_term_string}\"},\"query-input\":{\"@type\":\"PropertyValueSpecification\",\"valueRequired\":true,\"valueName\":\"search_term_string\"}}],\"inLanguage\":\"es\"}]}<\/script>\n<!-- \/ Yoast SEO plugin. -->","yoast_head_json":{"title":"Contenedor de paletas de pl\u00e1stico al por mayor y precio de f\u00e1brica","description":"Contenedor de paletas de pl\u00e1stico al por mayor, proveedor de contenedores de paletas, Dimensiones (L * An * Al): 1140 * 980 * 1050 mm, Volumen: 878L, contenedor de paletas de pl\u00e1stico a la venta","robots":{"index":"index","follow":"follow","max-snippet":"max-snippet:-1","max-image-preview":"max-image-preview:large","max-video-preview":"max-video-preview:-1"},"canonical":"https:\/\/www.plastic-crates.co.in\/es\/product\/contenedor-de-plastico-para-palets-plegable-1140-985\/","og_locale":"es_ES","og_type":"article","og_title":"pallet plastic container","og_description":"Wholesale pallet plastic container, pallet container supplier, Dimensions(L*W*H):1140 * 980 * 1050 mm, Volume: 878L, pallet plastic container for sale","og_url":"https:\/\/www.plastic-crates.co.in\/es\/product\/contenedor-de-plastico-para-palets-plegable-1140-985\/","og_site_name":"Wholesale plastic crates","article_modified_time":"2025-04-15T23:15:09+00:00","og_image":[{"width":1920,"height":1440,"url":"https:\/\/www.plastic-crates.co.in\/wp-content\/uploads\/2019\/11\/pallet-plastic-container.jpg","type":"image\/jpeg"}],"twitter_card":"summary_large_image","twitter_title":"pallet plastic container","twitter_misc":{"Tiempo de lectura":"1 minuto"},"schema":{"@context":"https:\/\/schema.org","@graph":[{"@type":"WebPage","@id":"https:\/\/www.plastic-crates.co.in\/product\/pallet-plastic-container-foldable-1140-985\/","url":"https:\/\/www.plastic-crates.co.in\/product\/pallet-plastic-container-foldable-1140-985\/","name":"Contenedor de paletas de pl\u00e1stico al por mayor y precio de f\u00e1brica","isPartOf":{"@id":"https:\/\/www.plastic-crates.co.in\/#website"},"primaryImageOfPage":{"@id":"https:\/\/www.plastic-crates.co.in\/product\/pallet-plastic-container-foldable-1140-985\/#primaryimage"},"image":{"@id":"https:\/\/www.plastic-crates.co.in\/product\/pallet-plastic-container-foldable-1140-985\/#primaryimage"},"thumbnailUrl":"https:\/\/www.plastic-crates.co.in\/wp-content\/uploads\/2019\/11\/pallet-plastic-container.jpg","datePublished":"2019-09-29T21:55:10+00:00","dateModified":"2025-04-15T23:15:09+00:00","description":"Contenedor de paletas de pl\u00e1stico al por mayor, proveedor de contenedores de paletas, Dimensiones (L * An * Al): 1140 * 980 * 1050 mm, Volumen: 878L, contenedor de paletas de pl\u00e1stico a la venta","breadcrumb":{"@id":"https:\/\/www.plastic-crates.co.in\/product\/pallet-plastic-container-foldable-1140-985\/#breadcrumb"},"inLanguage":"es","potentialAction":[{"@type":"ReadAction","target":["https:\/\/www.plastic-crates.co.in\/product\/pallet-plastic-container-foldable-1140-985\/"]}]},{"@type":"ImageObject","inLanguage":"es","@id":"https:\/\/www.plastic-crates.co.in\/product\/pallet-plastic-container-foldable-1140-985\/#primaryimage","url":"https:\/\/www.plastic-crates.co.in\/wp-content\/uploads\/2019\/11\/pallet-plastic-container.jpg","contentUrl":"https:\/\/www.plastic-crates.co.in\/wp-content\/uploads\/2019\/11\/pallet-plastic-container.jpg","width":1920,"height":1440,"caption":"pallet plastic container"},{"@type":"BreadcrumbList","@id":"https:\/\/www.plastic-crates.co.in\/product\/pallet-plastic-container-foldable-1140-985\/#breadcrumb","itemListElement":[{"@type":"ListItem","position":1,"name":"Home","item":"https:\/\/www.plastic-crates.co.in\/"},{"@type":"ListItem","position":2,"name":"Products","item":"https:\/\/www.plastic-crates.co.in\/shop\/"},{"@type":"ListItem","position":3,"name":"pallet plastic container-foldable 1140-985"}]},{"@type":"WebSite","@id":"https:\/\/www.plastic-crates.co.in\/#website","url":"https:\/\/www.plastic-crates.co.in\/","name":"Cajas de pl\u00e1stico al por mayor","description":"Fabricante l\u00edder de cajas de pl\u00e1stico en China","potentialAction":[{"@type":"SearchAction","target":{"@type":"EntryPoint","urlTemplate":"https:\/\/www.plastic-crates.co.in\/?s={search_term_string}"},"query-input":{"@type":"PropertyValueSpecification","valueRequired":true,"valueName":"search_term_string"}}],"inLanguage":"es"}]}},"uagb_featured_image_src":{"full":["https:\/\/www.plastic-crates.co.in\/wp-content\/uploads\/2019\/11\/pallet-plastic-container.jpg",1920,1440,false],"thumbnail":["https:\/\/www.plastic-crates.co.in\/wp-content\/uploads\/2019\/11\/pallet-plastic-container-150x150.jpg",150,150,true],"medium":["https:\/\/www.plastic-crates.co.in\/wp-content\/uploads\/2019\/11\/pallet-plastic-container-300x225.jpg",300,225,true],"medium_large":["https:\/\/www.plastic-crates.co.in\/wp-content\/uploads\/2019\/11\/pallet-plastic-container-768x576.jpg",768,576,true],"large":["https:\/\/www.plastic-crates.co.in\/wp-content\/uploads\/2019\/11\/pallet-plastic-container-1024x768.jpg",1024,768,true],"1536x1536":["https:\/\/www.plastic-crates.co.in\/wp-content\/uploads\/2019\/11\/pallet-plastic-container.jpg",1536,1152,false],"2048x2048":["https:\/\/www.plastic-crates.co.in\/wp-content\/uploads\/2019\/11\/pallet-plastic-container.jpg",1920,1440,false],"trp-custom-language-flag":["https:\/\/www.plastic-crates.co.in\/wp-content\/uploads\/2019\/11\/pallet-plastic-container.jpg",16,12,false],"woocommerce_thumbnail":["https:\/\/www.plastic-crates.co.in\/wp-content\/uploads\/2019\/11\/pallet-plastic-container-300x300.jpg",300,300,true],"woocommerce_single":["https:\/\/www.plastic-crates.co.in\/wp-content\/uploads\/2019\/11\/pallet-plastic-container-600x450.jpg",600,450,true],"woocommerce_gallery_thumbnail":["https:\/\/www.plastic-crates.co.in\/wp-content\/uploads\/2019\/11\/pallet-plastic-container-100x100.jpg",100,100,true]},"uagb_author_info":{"display_name":"Atticus Dixon","author_link":"https:\/\/www.plastic-crates.co.in\/es\/author\/"},"uagb_comment_info":0,"uagb_excerpt":"bins for shelves,PP plastic folding storage box chemical use,containers with lids attached,pallet storage containers,euro stacking containers with lids","_links":{"self":[{"href":"https:\/\/www.plastic-crates.co.in\/es\/wp-json\/wp\/v2\/product\/6777","targetHints":{"allow":["GET"]}}],"collection":[{"href":"https:\/\/www.plastic-crates.co.in\/es\/wp-json\/wp\/v2\/product"}],"about":[{"href":"https:\/\/www.plastic-crates.co.in\/es\/wp-json\/wp\/v2\/types\/product"}],"wp:featuredmedia":[{"embeddable":true,"href":"https:\/\/www.plastic-crates.co.in\/es\/wp-json\/wp\/v2\/media\/6778"}],"wp:attachment":[{"href":"https:\/\/www.plastic-crates.co.in\/es\/wp-json\/wp\/v2\/media?parent=6777"}],"wp:term":[{"taxonomy":"product_brand","embeddable":true,"href":"https:\/\/www.plastic-crates.co.in\/es\/wp-json\/wp\/v2\/product_brand?post=6777"},{"taxonomy":"product_cat","embeddable":true,"href":"https:\/\/www.plastic-crates.co.in\/es\/wp-json\/wp\/v2\/product_cat?post=6777"},{"taxonomy":"product_tag","embeddable":true,"href":"https:\/\/www.plastic-crates.co.in\/es\/wp-json\/wp\/v2\/product_tag?post=6777"}],"curies":[{"name":"wp","href":"https:\/\/api.w.org\/{rel}","templated":true}]}}