{"id":6609,"date":"2019-08-02T10:10:26","date_gmt":"2019-08-02T10:10:26","guid":{"rendered":"https:\/\/www.plastic-crates.co.in\/product\/euro-stacking-box-st-b\/"},"modified":"2025-04-15T23:16:07","modified_gmt":"2025-04-15T23:16:07","slug":"caja-apilable-euro-st-b","status":"publish","type":"product","link":"https:\/\/www.plastic-crates.co.in\/es\/product\/caja-apilable-euro-st-b\/","title":{"rendered":"caja apilable euro-ST-B"},"content":{"rendered":"","protected":false},"excerpt":{"rendered":"<div><a href=\"https:\/\/www.plastic-crates.co.in\/es\/product-category\/papeleras-plegables\/\" target=\"_blank\" rel=\"noopener noreferrer\">Cajas plegables resistentes<\/a>,<a href=\"https:\/\/www.plastic-crates.co.in\/es\/product-category\/contenedores-apilables-y-anidados\/\" target=\"_blank\" rel=\"noopener noreferrer\">caja con tapa abatible<\/a>,<a href=\"https:\/\/www.plastic-crates.co.in\/es\/product-category\/shelving-plastic-bins\/\" target=\"_blank\" rel=\"noopener noreferrer\">Contenedores de almacenamiento de piezas de pl\u00e1stico<\/a>,<a href=\"https:\/\/www.plastic-crates.co.in\/es\/product-category\/contenedores-de-almacenamiento-a-granel\/\" target=\"_blank\" rel=\"noopener noreferrer\">Paletas en contenedor<\/a>,<a href=\"https:\/\/www.plastic-crates.co.in\/es\/product-category\/contenedores-apilables-de-plastico\/\" target=\"_blank\" rel=\"noopener noreferrer\">peque\u00f1os contenedores de almacenamiento apilables<\/a><\/div>","protected":false},"featured_media":6610,"template":"","meta":{"_acf_changed":false,"_uag_custom_page_level_css":"","site-sidebar-layout":"default","site-content-layout":"","ast-site-content-layout":"default","site-content-style":"default","site-sidebar-style":"default","ast-global-header-display":"","ast-banner-title-visibility":"","ast-main-header-display":"","ast-hfb-above-header-display":"","ast-hfb-below-header-display":"","ast-hfb-mobile-header-display":"","site-post-title":"","ast-breadcrumbs-content":"","ast-featured-img":"","footer-sml-layout":"","theme-transparent-header-meta":"","adv-header-id-meta":"","stick-header-meta":"","header-above-stick-meta":"","header-main-stick-meta":"","header-below-stick-meta":"","astra-migrate-meta-layouts":"default","ast-page-background-enabled":"default","ast-page-background-meta":{"desktop":{"background-color":"var(--ast-global-color-4)","background-image":"","background-repeat":"repeat","background-position":"center center","background-size":"auto","background-attachment":"scroll","background-type":"","background-media":"","overlay-type":"","overlay-color":"","overlay-opacity":"","overlay-gradient":""},"tablet":{"background-color":"","background-image":"","background-repeat":"repeat","background-position":"center center","background-size":"auto","background-attachment":"scroll","background-type":"","background-media":"","overlay-type":"","overlay-color":"","overlay-opacity":"","overlay-gradient":""},"mobile":{"background-color":"","background-image":"","background-repeat":"repeat","background-position":"center center","background-size":"auto","background-attachment":"scroll","background-type":"","background-media":"","overlay-type":"","overlay-color":"","overlay-opacity":"","overlay-gradient":""}},"ast-content-background-meta":{"desktop":{"background-color":"var(--ast-global-color-5)","background-image":"","background-repeat":"repeat","background-position":"center center","background-size":"auto","background-attachment":"scroll","background-type":"","background-media":"","overlay-type":"","overlay-color":"","overlay-opacity":"","overlay-gradient":""},"tablet":{"background-color":"var(--ast-global-color-5)","background-image":"","background-repeat":"repeat","background-position":"center center","background-size":"auto","background-attachment":"scroll","background-type":"","background-media":"","overlay-type":"","overlay-color":"","overlay-opacity":"","overlay-gradient":""},"mobile":{"background-color":"var(--ast-global-color-5)","background-image":"","background-repeat":"repeat","background-position":"center center","background-size":"auto","background-attachment":"scroll","background-type":"","background-media":"","overlay-type":"","overlay-color":"","overlay-opacity":"","overlay-gradient":""}}},"product_brand":[],"product_cat":[15],"product_tag":[109,110],"class_list":{"0":"post-6609","1":"product","2":"type-product","3":"status-publish","4":"has-post-thumbnail","6":"product_cat-plastic-stacking-bins","7":"product_tag-stacking-crate","8":"product_tag-straight-wall-container","9":"desktop-align-left","10":"tablet-align-left","11":"mobile-align-left","13":"first","14":"instock","15":"product-type-simple"},"acf":[],"yoast_head":"<!-- This site is optimized with the Yoast SEO plugin v26.4 - https:\/\/yoast.com\/wordpress\/plugins\/seo\/ -->\n<title>euro stacking box wholesale &amp; Factory Price<\/title>\n<meta name=\"description\" content=\"Wholesale euro stacking box, stackable plastic containers supplier, Dimensions(L*W*H):400 * 300 * 148 mm, Volume: 12L, euro stacking box for sale\" \/>\n<meta name=\"robots\" content=\"index, follow, max-snippet:-1, max-image-preview:large, max-video-preview:-1\" \/>\n<link rel=\"canonical\" href=\"https:\/\/www.plastic-crates.co.in\/es\/product\/caja-apilable-euro-st-b\/\" \/>\n<meta property=\"og:locale\" content=\"es_ES\" \/>\n<meta property=\"og:type\" content=\"article\" \/>\n<meta property=\"og:title\" content=\"euro stacking box\" \/>\n<meta property=\"og:description\" content=\"Wholesale euro stacking box, stackable plastic containers supplier, Dimensions(L*W*H):400 * 300 * 148 mm, Volume: 12L, euro stacking box for sale\" \/>\n<meta property=\"og:url\" content=\"https:\/\/www.plastic-crates.co.in\/es\/product\/caja-apilable-euro-st-b\/\" \/>\n<meta property=\"og:site_name\" content=\"Wholesale plastic crates\" \/>\n<meta property=\"article:modified_time\" content=\"2025-04-15T23:16:07+00:00\" \/>\n<meta property=\"og:image\" content=\"https:\/\/www.plastic-crates.co.in\/wp-content\/uploads\/2019\/11\/euro-stacking-box.jpg\" \/>\n\t<meta property=\"og:image:width\" content=\"700\" \/>\n\t<meta property=\"og:image:height\" content=\"700\" \/>\n\t<meta property=\"og:image:type\" content=\"image\/jpeg\" \/>\n<meta name=\"twitter:card\" content=\"summary_large_image\" \/>\n<meta name=\"twitter:title\" content=\"euro stacking box\" \/>\n<script type=\"application\/ld+json\" class=\"yoast-schema-graph\">{\"@context\":\"https:\/\/schema.org\",\"@graph\":[{\"@type\":\"WebPage\",\"@id\":\"https:\/\/www.plastic-crates.co.in\/product\/euro-stacking-box-st-b\/\",\"url\":\"https:\/\/www.plastic-crates.co.in\/product\/euro-stacking-box-st-b\/\",\"name\":\"euro stacking box wholesale & Factory Price\",\"isPartOf\":{\"@id\":\"https:\/\/www.plastic-crates.co.in\/#website\"},\"primaryImageOfPage\":{\"@id\":\"https:\/\/www.plastic-crates.co.in\/product\/euro-stacking-box-st-b\/#primaryimage\"},\"image\":{\"@id\":\"https:\/\/www.plastic-crates.co.in\/product\/euro-stacking-box-st-b\/#primaryimage\"},\"thumbnailUrl\":\"https:\/\/www.plastic-crates.co.in\/wp-content\/uploads\/2019\/11\/euro-stacking-box.jpg\",\"datePublished\":\"2019-08-02T10:10:26+00:00\",\"dateModified\":\"2025-04-15T23:16:07+00:00\",\"description\":\"Wholesale euro stacking box, stackable plastic containers supplier, Dimensions(L*W*H):400 * 300 * 148 mm, Volume: 12L, euro stacking box for sale\",\"breadcrumb\":{\"@id\":\"https:\/\/www.plastic-crates.co.in\/product\/euro-stacking-box-st-b\/#breadcrumb\"},\"inLanguage\":\"es\",\"potentialAction\":[{\"@type\":\"ReadAction\",\"target\":[\"https:\/\/www.plastic-crates.co.in\/product\/euro-stacking-box-st-b\/\"]}]},{\"@type\":\"ImageObject\",\"inLanguage\":\"es\",\"@id\":\"https:\/\/www.plastic-crates.co.in\/product\/euro-stacking-box-st-b\/#primaryimage\",\"url\":\"https:\/\/www.plastic-crates.co.in\/wp-content\/uploads\/2019\/11\/euro-stacking-box.jpg\",\"contentUrl\":\"https:\/\/www.plastic-crates.co.in\/wp-content\/uploads\/2019\/11\/euro-stacking-box.jpg\",\"width\":700,\"height\":700,\"caption\":\"euro stacking box\"},{\"@type\":\"BreadcrumbList\",\"@id\":\"https:\/\/www.plastic-crates.co.in\/product\/euro-stacking-box-st-b\/#breadcrumb\",\"itemListElement\":[{\"@type\":\"ListItem\",\"position\":1,\"name\":\"Home\",\"item\":\"https:\/\/www.plastic-crates.co.in\/\"},{\"@type\":\"ListItem\",\"position\":2,\"name\":\"Products\",\"item\":\"https:\/\/www.plastic-crates.co.in\/shop\/\"},{\"@type\":\"ListItem\",\"position\":3,\"name\":\"euro stacking box-ST-B\"}]},{\"@type\":\"WebSite\",\"@id\":\"https:\/\/www.plastic-crates.co.in\/#website\",\"url\":\"https:\/\/www.plastic-crates.co.in\/\",\"name\":\"Wholesale plastic crates\",\"description\":\"Leading plastic crates manufacturer in China\",\"potentialAction\":[{\"@type\":\"SearchAction\",\"target\":{\"@type\":\"EntryPoint\",\"urlTemplate\":\"https:\/\/www.plastic-crates.co.in\/?s={search_term_string}\"},\"query-input\":{\"@type\":\"PropertyValueSpecification\",\"valueRequired\":true,\"valueName\":\"search_term_string\"}}],\"inLanguage\":\"es\"}]}<\/script>\n<!-- \/ Yoast SEO plugin. -->","yoast_head_json":{"title":"Caja apilable de euro al por mayor y precio de f\u00e1brica","description":"Proveedor de cajas apilables de pl\u00e1stico al por mayor, cajas apilables de pl\u00e1stico, dimensiones (largo x ancho x alto): 400 x 300 x 148 mm, volumen: 12 l, cajas apilables de pl\u00e1stico a la venta","robots":{"index":"index","follow":"follow","max-snippet":"max-snippet:-1","max-image-preview":"max-image-preview:large","max-video-preview":"max-video-preview:-1"},"canonical":"https:\/\/www.plastic-crates.co.in\/es\/product\/caja-apilable-euro-st-b\/","og_locale":"es_ES","og_type":"article","og_title":"euro stacking box","og_description":"Wholesale euro stacking box, stackable plastic containers supplier, Dimensions(L*W*H):400 * 300 * 148 mm, Volume: 12L, euro stacking box for sale","og_url":"https:\/\/www.plastic-crates.co.in\/es\/product\/caja-apilable-euro-st-b\/","og_site_name":"Wholesale plastic crates","article_modified_time":"2025-04-15T23:16:07+00:00","og_image":[{"width":700,"height":700,"url":"https:\/\/www.plastic-crates.co.in\/wp-content\/uploads\/2019\/11\/euro-stacking-box.jpg","type":"image\/jpeg"}],"twitter_card":"summary_large_image","twitter_title":"euro stacking box","schema":{"@context":"https:\/\/schema.org","@graph":[{"@type":"WebPage","@id":"https:\/\/www.plastic-crates.co.in\/product\/euro-stacking-box-st-b\/","url":"https:\/\/www.plastic-crates.co.in\/product\/euro-stacking-box-st-b\/","name":"Caja apilable de euro al por mayor y precio de f\u00e1brica","isPartOf":{"@id":"https:\/\/www.plastic-crates.co.in\/#website"},"primaryImageOfPage":{"@id":"https:\/\/www.plastic-crates.co.in\/product\/euro-stacking-box-st-b\/#primaryimage"},"image":{"@id":"https:\/\/www.plastic-crates.co.in\/product\/euro-stacking-box-st-b\/#primaryimage"},"thumbnailUrl":"https:\/\/www.plastic-crates.co.in\/wp-content\/uploads\/2019\/11\/euro-stacking-box.jpg","datePublished":"2019-08-02T10:10:26+00:00","dateModified":"2025-04-15T23:16:07+00:00","description":"Proveedor de cajas apilables de pl\u00e1stico al por mayor, cajas apilables de pl\u00e1stico, dimensiones (largo x ancho x alto): 400 x 300 x 148 mm, volumen: 12 l, cajas apilables de pl\u00e1stico a la venta","breadcrumb":{"@id":"https:\/\/www.plastic-crates.co.in\/product\/euro-stacking-box-st-b\/#breadcrumb"},"inLanguage":"es","potentialAction":[{"@type":"ReadAction","target":["https:\/\/www.plastic-crates.co.in\/product\/euro-stacking-box-st-b\/"]}]},{"@type":"ImageObject","inLanguage":"es","@id":"https:\/\/www.plastic-crates.co.in\/product\/euro-stacking-box-st-b\/#primaryimage","url":"https:\/\/www.plastic-crates.co.in\/wp-content\/uploads\/2019\/11\/euro-stacking-box.jpg","contentUrl":"https:\/\/www.plastic-crates.co.in\/wp-content\/uploads\/2019\/11\/euro-stacking-box.jpg","width":700,"height":700,"caption":"euro stacking box"},{"@type":"BreadcrumbList","@id":"https:\/\/www.plastic-crates.co.in\/product\/euro-stacking-box-st-b\/#breadcrumb","itemListElement":[{"@type":"ListItem","position":1,"name":"Home","item":"https:\/\/www.plastic-crates.co.in\/"},{"@type":"ListItem","position":2,"name":"Products","item":"https:\/\/www.plastic-crates.co.in\/shop\/"},{"@type":"ListItem","position":3,"name":"euro stacking box-ST-B"}]},{"@type":"WebSite","@id":"https:\/\/www.plastic-crates.co.in\/#website","url":"https:\/\/www.plastic-crates.co.in\/","name":"Cajas de pl\u00e1stico al por mayor","description":"Fabricante l\u00edder de cajas de pl\u00e1stico en China","potentialAction":[{"@type":"SearchAction","target":{"@type":"EntryPoint","urlTemplate":"https:\/\/www.plastic-crates.co.in\/?s={search_term_string}"},"query-input":{"@type":"PropertyValueSpecification","valueRequired":true,"valueName":"search_term_string"}}],"inLanguage":"es"}]}},"uagb_featured_image_src":{"full":["https:\/\/www.plastic-crates.co.in\/wp-content\/uploads\/2019\/11\/euro-stacking-box.jpg",700,700,false],"thumbnail":["https:\/\/www.plastic-crates.co.in\/wp-content\/uploads\/2019\/11\/euro-stacking-box-150x150.jpg",150,150,true],"medium":["https:\/\/www.plastic-crates.co.in\/wp-content\/uploads\/2019\/11\/euro-stacking-box-300x300.jpg",300,300,true],"medium_large":["https:\/\/www.plastic-crates.co.in\/wp-content\/uploads\/2019\/11\/euro-stacking-box.jpg",700,700,false],"large":["https:\/\/www.plastic-crates.co.in\/wp-content\/uploads\/2019\/11\/euro-stacking-box.jpg",700,700,false],"1536x1536":["https:\/\/www.plastic-crates.co.in\/wp-content\/uploads\/2019\/11\/euro-stacking-box.jpg",700,700,false],"2048x2048":["https:\/\/www.plastic-crates.co.in\/wp-content\/uploads\/2019\/11\/euro-stacking-box.jpg",700,700,false],"trp-custom-language-flag":["https:\/\/www.plastic-crates.co.in\/wp-content\/uploads\/2019\/11\/euro-stacking-box.jpg",12,12,false],"woocommerce_thumbnail":["https:\/\/www.plastic-crates.co.in\/wp-content\/uploads\/2019\/11\/euro-stacking-box-300x300.jpg",300,300,true],"woocommerce_single":["https:\/\/www.plastic-crates.co.in\/wp-content\/uploads\/2019\/11\/euro-stacking-box-600x600.jpg",600,600,true],"woocommerce_gallery_thumbnail":["https:\/\/www.plastic-crates.co.in\/wp-content\/uploads\/2019\/11\/euro-stacking-box-100x100.jpg",100,100,true]},"uagb_author_info":{"display_name":"Atticus Dixon","author_link":"https:\/\/www.plastic-crates.co.in\/es\/author\/"},"uagb_comment_info":0,"uagb_excerpt":"strong collapsible crates,crate with hinged lid,plastic parts storage bins,pallets in container,small stackable storage bins","_links":{"self":[{"href":"https:\/\/www.plastic-crates.co.in\/es\/wp-json\/wp\/v2\/product\/6609","targetHints":{"allow":["GET"]}}],"collection":[{"href":"https:\/\/www.plastic-crates.co.in\/es\/wp-json\/wp\/v2\/product"}],"about":[{"href":"https:\/\/www.plastic-crates.co.in\/es\/wp-json\/wp\/v2\/types\/product"}],"wp:featuredmedia":[{"embeddable":true,"href":"https:\/\/www.plastic-crates.co.in\/es\/wp-json\/wp\/v2\/media\/6610"}],"wp:attachment":[{"href":"https:\/\/www.plastic-crates.co.in\/es\/wp-json\/wp\/v2\/media?parent=6609"}],"wp:term":[{"taxonomy":"product_brand","embeddable":true,"href":"https:\/\/www.plastic-crates.co.in\/es\/wp-json\/wp\/v2\/product_brand?post=6609"},{"taxonomy":"product_cat","embeddable":true,"href":"https:\/\/www.plastic-crates.co.in\/es\/wp-json\/wp\/v2\/product_cat?post=6609"},{"taxonomy":"product_tag","embeddable":true,"href":"https:\/\/www.plastic-crates.co.in\/es\/wp-json\/wp\/v2\/product_tag?post=6609"}],"curies":[{"name":"wp","href":"https:\/\/api.w.org\/{rel}","templated":true}]}}