{"id":6585,"date":"2019-10-11T00:11:15","date_gmt":"2019-10-11T00:11:15","guid":{"rendered":"https:\/\/www.plastic-crates.co.in\/product\/stackable-storage-crates-6440\/"},"modified":"2025-05-10T11:49:43","modified_gmt":"2025-05-10T11:49:43","slug":"cajas-de-almacenamiento-apilables-6440","status":"publish","type":"product","link":"https:\/\/www.plastic-crates.co.in\/es\/product\/cajas-de-almacenamiento-apilables-6440\/","title":{"rendered":"cajas de almacenamiento apilables-6440"},"content":{"rendered":"","protected":false},"excerpt":{"rendered":"<div><a href=\"https:\/\/www.plastic-crates.co.in\/es\/product-category\/papeleras-plegables\/\" target=\"_blank\" rel=\"noopener noreferrer\">caja plegable<\/a>,<a href=\"https:\/\/www.plastic-crates.co.in\/es\/product-category\/contenedores-apilables-de-plastico\/\" target=\"_blank\" rel=\"noopener noreferrer\">cajas de almacenamiento apilables<\/a>,<a href=\"https:\/\/www.plastic-crates.co.in\/es\/product-category\/shelving-plastic-bins\/\" target=\"_blank\" rel=\"noopener noreferrer\">contenedores grandes de piezas de pl\u00e1stico<\/a>,<a href=\"https:\/\/www.plastic-crates.co.in\/es\/product-category\/contenedores-apilables-y-anidados\/\" target=\"_blank\" rel=\"noopener noreferrer\">Cajas de almacenamiento de pl\u00e1stico de colores<\/a>,<a href=\"https:\/\/www.plastic-crates.co.in\/es\/product-category\/contenedores-de-almacenamiento-a-granel\/\" target=\"_blank\" rel=\"noopener noreferrer\">contenedores a granel plegables<\/a><\/div>","protected":false},"featured_media":6586,"template":"","meta":{"_acf_changed":false,"_uag_custom_page_level_css":"","site-sidebar-layout":"default","site-content-layout":"","ast-site-content-layout":"default","site-content-style":"default","site-sidebar-style":"default","ast-global-header-display":"","ast-banner-title-visibility":"","ast-main-header-display":"","ast-hfb-above-header-display":"","ast-hfb-below-header-display":"","ast-hfb-mobile-header-display":"","site-post-title":"","ast-breadcrumbs-content":"","ast-featured-img":"","footer-sml-layout":"","theme-transparent-header-meta":"default","adv-header-id-meta":"","stick-header-meta":"","header-above-stick-meta":"","header-main-stick-meta":"","header-below-stick-meta":"","astra-migrate-meta-layouts":"set","ast-page-background-enabled":"default","ast-page-background-meta":{"desktop":{"background-color":"var(--ast-global-color-4)","background-image":"","background-repeat":"repeat","background-position":"center center","background-size":"auto","background-attachment":"scroll","background-type":"","background-media":"","overlay-type":"","overlay-color":"","overlay-opacity":"","overlay-gradient":""},"tablet":{"background-color":"","background-image":"","background-repeat":"repeat","background-position":"center center","background-size":"auto","background-attachment":"scroll","background-type":"","background-media":"","overlay-type":"","overlay-color":"","overlay-opacity":"","overlay-gradient":""},"mobile":{"background-color":"","background-image":"","background-repeat":"repeat","background-position":"center center","background-size":"auto","background-attachment":"scroll","background-type":"","background-media":"","overlay-type":"","overlay-color":"","overlay-opacity":"","overlay-gradient":""}},"ast-content-background-meta":{"desktop":{"background-color":"var(--ast-global-color-5)","background-image":"","background-repeat":"repeat","background-position":"center center","background-size":"auto","background-attachment":"scroll","background-type":"","background-media":"","overlay-type":"","overlay-color":"","overlay-opacity":"","overlay-gradient":""},"tablet":{"background-color":"var(--ast-global-color-5)","background-image":"","background-repeat":"repeat","background-position":"center center","background-size":"auto","background-attachment":"scroll","background-type":"","background-media":"","overlay-type":"","overlay-color":"","overlay-opacity":"","overlay-gradient":""},"mobile":{"background-color":"var(--ast-global-color-5)","background-image":"","background-repeat":"repeat","background-position":"center center","background-size":"auto","background-attachment":"scroll","background-type":"","background-media":"","overlay-type":"","overlay-color":"","overlay-opacity":"","overlay-gradient":""}}},"product_brand":[],"product_cat":[15],"product_tag":[154,152,113,77],"class_list":{"0":"post-6585","1":"product","2":"type-product","3":"status-publish","4":"has-post-thumbnail","6":"product_cat-plastic-stacking-bins","7":"product_tag-jumbo-box","8":"product_tag-plastic-crates-big-size","9":"product_tag-plastic-stackable-bin","10":"product_tag-warehouse-storage-bin","11":"desktop-align-left","12":"tablet-align-left","13":"mobile-align-left","15":"first","16":"instock","17":"product-type-simple"},"acf":[],"yoast_head":"<!-- This site is optimized with the Yoast SEO plugin v26.4 - https:\/\/yoast.com\/wordpress\/plugins\/seo\/ -->\n<title>stackable storage crates wholesale &amp; Factory Price<\/title>\n<meta name=\"description\" content=\"Wholesale stackable storage crates, stackable plastic containers supplier, Dimensions(L*W*H):600 * 400 * 400 mm, Volume: 72L, stackable storage crates for sale\" \/>\n<meta name=\"robots\" content=\"index, follow, max-snippet:-1, max-image-preview:large, max-video-preview:-1\" \/>\n<link rel=\"canonical\" href=\"https:\/\/www.plastic-crates.co.in\/es\/product\/cajas-de-almacenamiento-apilables-6440\/\" \/>\n<meta property=\"og:locale\" content=\"es_ES\" \/>\n<meta property=\"og:type\" content=\"article\" \/>\n<meta property=\"og:title\" content=\"stackable storage crates\" \/>\n<meta property=\"og:description\" content=\"Wholesale stackable storage crates, stackable plastic containers supplier, Dimensions(L*W*H):600 * 400 * 400 mm, Volume: 72L, stackable storage crates for sale\" \/>\n<meta property=\"og:url\" content=\"https:\/\/www.plastic-crates.co.in\/es\/product\/cajas-de-almacenamiento-apilables-6440\/\" \/>\n<meta property=\"og:site_name\" content=\"Wholesale plastic crates\" \/>\n<meta property=\"article:modified_time\" content=\"2025-05-10T11:49:43+00:00\" \/>\n<meta property=\"og:image\" content=\"https:\/\/www.plastic-crates.co.in\/wp-content\/uploads\/2019\/11\/stackable-storage-crates.jpg\" \/>\n\t<meta property=\"og:image:width\" content=\"3586\" \/>\n\t<meta property=\"og:image:height\" content=\"2391\" \/>\n\t<meta property=\"og:image:type\" content=\"image\/jpeg\" \/>\n<meta name=\"twitter:card\" content=\"summary_large_image\" \/>\n<meta name=\"twitter:title\" content=\"stackable storage crates\" \/>\n<meta name=\"twitter:label1\" content=\"Tiempo de lectura\" \/>\n\t<meta name=\"twitter:data1\" content=\"1 minuto\" \/>\n<script type=\"application\/ld+json\" class=\"yoast-schema-graph\">{\"@context\":\"https:\/\/schema.org\",\"@graph\":[{\"@type\":\"WebPage\",\"@id\":\"https:\/\/www.plastic-crates.co.in\/product\/stackable-storage-crates-6440\/\",\"url\":\"https:\/\/www.plastic-crates.co.in\/product\/stackable-storage-crates-6440\/\",\"name\":\"stackable storage crates wholesale & Factory Price\",\"isPartOf\":{\"@id\":\"https:\/\/www.plastic-crates.co.in\/#website\"},\"primaryImageOfPage\":{\"@id\":\"https:\/\/www.plastic-crates.co.in\/product\/stackable-storage-crates-6440\/#primaryimage\"},\"image\":{\"@id\":\"https:\/\/www.plastic-crates.co.in\/product\/stackable-storage-crates-6440\/#primaryimage\"},\"thumbnailUrl\":\"https:\/\/www.plastic-crates.co.in\/wp-content\/uploads\/2019\/11\/stackable-storage-crates.jpg\",\"datePublished\":\"2019-10-11T00:11:15+00:00\",\"dateModified\":\"2025-05-10T11:49:43+00:00\",\"description\":\"Wholesale stackable storage crates, stackable plastic containers supplier, Dimensions(L*W*H):600 * 400 * 400 mm, Volume: 72L, stackable storage crates for sale\",\"breadcrumb\":{\"@id\":\"https:\/\/www.plastic-crates.co.in\/product\/stackable-storage-crates-6440\/#breadcrumb\"},\"inLanguage\":\"es\",\"potentialAction\":[{\"@type\":\"ReadAction\",\"target\":[\"https:\/\/www.plastic-crates.co.in\/product\/stackable-storage-crates-6440\/\"]}]},{\"@type\":\"ImageObject\",\"inLanguage\":\"es\",\"@id\":\"https:\/\/www.plastic-crates.co.in\/product\/stackable-storage-crates-6440\/#primaryimage\",\"url\":\"https:\/\/www.plastic-crates.co.in\/wp-content\/uploads\/2019\/11\/stackable-storage-crates.jpg\",\"contentUrl\":\"https:\/\/www.plastic-crates.co.in\/wp-content\/uploads\/2019\/11\/stackable-storage-crates.jpg\",\"width\":3586,\"height\":2391,\"caption\":\"stackable storage crates\"},{\"@type\":\"BreadcrumbList\",\"@id\":\"https:\/\/www.plastic-crates.co.in\/product\/stackable-storage-crates-6440\/#breadcrumb\",\"itemListElement\":[{\"@type\":\"ListItem\",\"position\":1,\"name\":\"Home\",\"item\":\"https:\/\/www.plastic-crates.co.in\/\"},{\"@type\":\"ListItem\",\"position\":2,\"name\":\"Products\",\"item\":\"https:\/\/www.plastic-crates.co.in\/shop\/\"},{\"@type\":\"ListItem\",\"position\":3,\"name\":\"stackable storage crates-6440\"}]},{\"@type\":\"WebSite\",\"@id\":\"https:\/\/www.plastic-crates.co.in\/#website\",\"url\":\"https:\/\/www.plastic-crates.co.in\/\",\"name\":\"Wholesale plastic crates\",\"description\":\"Leading plastic crates manufacturer in China\",\"potentialAction\":[{\"@type\":\"SearchAction\",\"target\":{\"@type\":\"EntryPoint\",\"urlTemplate\":\"https:\/\/www.plastic-crates.co.in\/?s={search_term_string}\"},\"query-input\":{\"@type\":\"PropertyValueSpecification\",\"valueRequired\":true,\"valueName\":\"search_term_string\"}}],\"inLanguage\":\"es\"}]}<\/script>\n<!-- \/ Yoast SEO plugin. -->","yoast_head_json":{"title":"Cajas de almacenamiento apilables al por mayor y precio de f\u00e1brica","description":"Cajas de almacenamiento apilables al por mayor, proveedor de contenedores de pl\u00e1stico apilables, Dimensiones (L * W * H): 600 * 400 * 400 mm, Volumen: 72L, cajas de almacenamiento apilables a la venta","robots":{"index":"index","follow":"follow","max-snippet":"max-snippet:-1","max-image-preview":"max-image-preview:large","max-video-preview":"max-video-preview:-1"},"canonical":"https:\/\/www.plastic-crates.co.in\/es\/product\/cajas-de-almacenamiento-apilables-6440\/","og_locale":"es_ES","og_type":"article","og_title":"stackable storage crates","og_description":"Wholesale stackable storage crates, stackable plastic containers supplier, Dimensions(L*W*H):600 * 400 * 400 mm, Volume: 72L, stackable storage crates for sale","og_url":"https:\/\/www.plastic-crates.co.in\/es\/product\/cajas-de-almacenamiento-apilables-6440\/","og_site_name":"Wholesale plastic crates","article_modified_time":"2025-05-10T11:49:43+00:00","og_image":[{"width":3586,"height":2391,"url":"https:\/\/www.plastic-crates.co.in\/wp-content\/uploads\/2019\/11\/stackable-storage-crates.jpg","type":"image\/jpeg"}],"twitter_card":"summary_large_image","twitter_title":"stackable storage crates","twitter_misc":{"Tiempo de lectura":"1 minuto"},"schema":{"@context":"https:\/\/schema.org","@graph":[{"@type":"WebPage","@id":"https:\/\/www.plastic-crates.co.in\/product\/stackable-storage-crates-6440\/","url":"https:\/\/www.plastic-crates.co.in\/product\/stackable-storage-crates-6440\/","name":"Cajas de almacenamiento apilables al por mayor y precio de f\u00e1brica","isPartOf":{"@id":"https:\/\/www.plastic-crates.co.in\/#website"},"primaryImageOfPage":{"@id":"https:\/\/www.plastic-crates.co.in\/product\/stackable-storage-crates-6440\/#primaryimage"},"image":{"@id":"https:\/\/www.plastic-crates.co.in\/product\/stackable-storage-crates-6440\/#primaryimage"},"thumbnailUrl":"https:\/\/www.plastic-crates.co.in\/wp-content\/uploads\/2019\/11\/stackable-storage-crates.jpg","datePublished":"2019-10-11T00:11:15+00:00","dateModified":"2025-05-10T11:49:43+00:00","description":"Cajas de almacenamiento apilables al por mayor, proveedor de contenedores de pl\u00e1stico apilables, Dimensiones (L * W * H): 600 * 400 * 400 mm, Volumen: 72L, cajas de almacenamiento apilables a la venta","breadcrumb":{"@id":"https:\/\/www.plastic-crates.co.in\/product\/stackable-storage-crates-6440\/#breadcrumb"},"inLanguage":"es","potentialAction":[{"@type":"ReadAction","target":["https:\/\/www.plastic-crates.co.in\/product\/stackable-storage-crates-6440\/"]}]},{"@type":"ImageObject","inLanguage":"es","@id":"https:\/\/www.plastic-crates.co.in\/product\/stackable-storage-crates-6440\/#primaryimage","url":"https:\/\/www.plastic-crates.co.in\/wp-content\/uploads\/2019\/11\/stackable-storage-crates.jpg","contentUrl":"https:\/\/www.plastic-crates.co.in\/wp-content\/uploads\/2019\/11\/stackable-storage-crates.jpg","width":3586,"height":2391,"caption":"stackable storage crates"},{"@type":"BreadcrumbList","@id":"https:\/\/www.plastic-crates.co.in\/product\/stackable-storage-crates-6440\/#breadcrumb","itemListElement":[{"@type":"ListItem","position":1,"name":"Home","item":"https:\/\/www.plastic-crates.co.in\/"},{"@type":"ListItem","position":2,"name":"Products","item":"https:\/\/www.plastic-crates.co.in\/shop\/"},{"@type":"ListItem","position":3,"name":"stackable storage crates-6440"}]},{"@type":"WebSite","@id":"https:\/\/www.plastic-crates.co.in\/#website","url":"https:\/\/www.plastic-crates.co.in\/","name":"Cajas de pl\u00e1stico al por mayor","description":"Fabricante l\u00edder de cajas de pl\u00e1stico en China","potentialAction":[{"@type":"SearchAction","target":{"@type":"EntryPoint","urlTemplate":"https:\/\/www.plastic-crates.co.in\/?s={search_term_string}"},"query-input":{"@type":"PropertyValueSpecification","valueRequired":true,"valueName":"search_term_string"}}],"inLanguage":"es"}]}},"uagb_featured_image_src":{"full":["https:\/\/www.plastic-crates.co.in\/wp-content\/uploads\/2019\/11\/stackable-storage-crates.jpg",3586,2391,false],"thumbnail":["https:\/\/www.plastic-crates.co.in\/wp-content\/uploads\/2019\/11\/stackable-storage-crates-150x150.jpg",150,150,true],"medium":["https:\/\/www.plastic-crates.co.in\/wp-content\/uploads\/2019\/11\/stackable-storage-crates-300x200.jpg",300,200,true],"medium_large":["https:\/\/www.plastic-crates.co.in\/wp-content\/uploads\/2019\/11\/stackable-storage-crates-768x512.jpg",768,512,true],"large":["https:\/\/www.plastic-crates.co.in\/wp-content\/uploads\/2019\/11\/stackable-storage-crates-1024x683.jpg",1024,683,true],"1536x1536":["https:\/\/www.plastic-crates.co.in\/wp-content\/uploads\/2019\/11\/stackable-storage-crates.jpg",1536,1024,false],"2048x2048":["https:\/\/www.plastic-crates.co.in\/wp-content\/uploads\/2019\/11\/stackable-storage-crates.jpg",2048,1366,false],"trp-custom-language-flag":["https:\/\/www.plastic-crates.co.in\/wp-content\/uploads\/2019\/11\/stackable-storage-crates.jpg",18,12,false],"woocommerce_thumbnail":["https:\/\/www.plastic-crates.co.in\/wp-content\/uploads\/2019\/11\/stackable-storage-crates-300x300.jpg",300,300,true],"woocommerce_single":["https:\/\/www.plastic-crates.co.in\/wp-content\/uploads\/2019\/11\/stackable-storage-crates-600x400.jpg",600,400,true],"woocommerce_gallery_thumbnail":["https:\/\/www.plastic-crates.co.in\/wp-content\/uploads\/2019\/11\/stackable-storage-crates-100x100.jpg",100,100,true]},"uagb_author_info":{"display_name":"Atticus Dixon","author_link":"https:\/\/www.plastic-crates.co.in\/es\/author\/"},"uagb_comment_info":0,"uagb_excerpt":"folding box,stacking storage boxes,large plastic parts bins,plastic coloured storage boxes,collapsible bulk containers","_links":{"self":[{"href":"https:\/\/www.plastic-crates.co.in\/es\/wp-json\/wp\/v2\/product\/6585","targetHints":{"allow":["GET"]}}],"collection":[{"href":"https:\/\/www.plastic-crates.co.in\/es\/wp-json\/wp\/v2\/product"}],"about":[{"href":"https:\/\/www.plastic-crates.co.in\/es\/wp-json\/wp\/v2\/types\/product"}],"wp:featuredmedia":[{"embeddable":true,"href":"https:\/\/www.plastic-crates.co.in\/es\/wp-json\/wp\/v2\/media\/6586"}],"wp:attachment":[{"href":"https:\/\/www.plastic-crates.co.in\/es\/wp-json\/wp\/v2\/media?parent=6585"}],"wp:term":[{"taxonomy":"product_brand","embeddable":true,"href":"https:\/\/www.plastic-crates.co.in\/es\/wp-json\/wp\/v2\/product_brand?post=6585"},{"taxonomy":"product_cat","embeddable":true,"href":"https:\/\/www.plastic-crates.co.in\/es\/wp-json\/wp\/v2\/product_cat?post=6585"},{"taxonomy":"product_tag","embeddable":true,"href":"https:\/\/www.plastic-crates.co.in\/es\/wp-json\/wp\/v2\/product_tag?post=6585"}],"curies":[{"name":"wp","href":"https:\/\/api.w.org\/{rel}","templated":true}]}}