{"id":6573,"date":"2019-09-08T19:52:01","date_gmt":"2019-09-08T19:52:01","guid":{"rendered":"https:\/\/www.plastic-crates.co.in\/product\/straight-wall-containers-with-lids-qs-438\/"},"modified":"2025-04-15T23:15:40","modified_gmt":"2025-04-15T23:15:40","slug":"contenedores-de-pared-recta-con-tapa-qs-438","status":"publish","type":"product","link":"https:\/\/www.plastic-crates.co.in\/es\/product\/contenedores-de-pared-recta-con-tapa-qs-438\/","title":{"rendered":"Contenedores de pared recta con tapa-QS-438"},"content":{"rendered":"","protected":false},"excerpt":{"rendered":"<div><a href=\"https:\/\/www.plastic-crates.co.in\/es\/product-category\/papeleras-plegables\/\" target=\"_blank\" rel=\"noopener noreferrer\">proveedor de cajas plegables<\/a>,<a href=\"https:\/\/www.plastic-crates.co.in\/es\/product-category\/contenedores-apilables-de-plastico\/\" target=\"_blank\" rel=\"noopener noreferrer\">cajas de almacenamiento de pl\u00e1stico baratas<\/a>,<a href=\"https:\/\/www.plastic-crates.co.in\/es\/product-category\/shelving-plastic-bins\/\" target=\"_blank\" rel=\"noopener noreferrer\">Caj\u00f3n de almacenamiento de pl\u00e1stico<\/a>,<a href=\"https:\/\/www.plastic-crates.co.in\/es\/product-category\/contenedores-de-almacenamiento-a-granel\/\" target=\"_blank\" rel=\"noopener noreferrer\">Contenedor de env\u00edo a granel plegable de pl\u00e1stico<\/a>,<a href=\"https:\/\/www.plastic-crates.co.in\/es\/product-category\/contenedores-apilables-y-anidados\/\" target=\"_blank\" rel=\"noopener noreferrer\">cajas de almacenamiento de pl\u00e1stico cajas de pl\u00e1stico<\/a><\/div>","protected":false},"featured_media":6574,"template":"","meta":{"_acf_changed":false,"_uag_custom_page_level_css":"","site-sidebar-layout":"default","site-content-layout":"","ast-site-content-layout":"default","site-content-style":"default","site-sidebar-style":"default","ast-global-header-display":"","ast-banner-title-visibility":"","ast-main-header-display":"","ast-hfb-above-header-display":"","ast-hfb-below-header-display":"","ast-hfb-mobile-header-display":"","site-post-title":"","ast-breadcrumbs-content":"","ast-featured-img":"","footer-sml-layout":"","theme-transparent-header-meta":"","adv-header-id-meta":"","stick-header-meta":"","header-above-stick-meta":"","header-main-stick-meta":"","header-below-stick-meta":"","astra-migrate-meta-layouts":"default","ast-page-background-enabled":"default","ast-page-background-meta":{"desktop":{"background-color":"var(--ast-global-color-4)","background-image":"","background-repeat":"repeat","background-position":"center center","background-size":"auto","background-attachment":"scroll","background-type":"","background-media":"","overlay-type":"","overlay-color":"","overlay-opacity":"","overlay-gradient":""},"tablet":{"background-color":"","background-image":"","background-repeat":"repeat","background-position":"center center","background-size":"auto","background-attachment":"scroll","background-type":"","background-media":"","overlay-type":"","overlay-color":"","overlay-opacity":"","overlay-gradient":""},"mobile":{"background-color":"","background-image":"","background-repeat":"repeat","background-position":"center center","background-size":"auto","background-attachment":"scroll","background-type":"","background-media":"","overlay-type":"","overlay-color":"","overlay-opacity":"","overlay-gradient":""}},"ast-content-background-meta":{"desktop":{"background-color":"var(--ast-global-color-5)","background-image":"","background-repeat":"repeat","background-position":"center center","background-size":"auto","background-attachment":"scroll","background-type":"","background-media":"","overlay-type":"","overlay-color":"","overlay-opacity":"","overlay-gradient":""},"tablet":{"background-color":"var(--ast-global-color-5)","background-image":"","background-repeat":"repeat","background-position":"center center","background-size":"auto","background-attachment":"scroll","background-type":"","background-media":"","overlay-type":"","overlay-color":"","overlay-opacity":"","overlay-gradient":""},"mobile":{"background-color":"var(--ast-global-color-5)","background-image":"","background-repeat":"repeat","background-position":"center center","background-size":"auto","background-attachment":"scroll","background-type":"","background-media":"","overlay-type":"","overlay-color":"","overlay-opacity":"","overlay-gradient":""}}},"product_brand":[],"product_cat":[15],"product_tag":[111,109,77],"class_list":{"0":"post-6573","1":"product","2":"type-product","3":"status-publish","4":"has-post-thumbnail","6":"product_cat-plastic-stacking-bins","7":"product_tag-stackable-bin","8":"product_tag-stacking-crate","9":"product_tag-warehouse-storage-bin","10":"desktop-align-left","11":"tablet-align-left","12":"mobile-align-left","14":"first","15":"instock","16":"product-type-simple"},"acf":[],"yoast_head":"<!-- This site is optimized with the Yoast SEO plugin v26.4 - https:\/\/yoast.com\/wordpress\/plugins\/seo\/ -->\n<title>straight wall containers with lids wholesale &amp; Factory Price<\/title>\n<meta name=\"description\" content=\"Wholesale straight wall containers with lids, stackable plastic containers supplier, Dimensions(L*W*H):438 * 385 * 283 mm, Volume: 32.6L, straight wall containers with lids for sale\" \/>\n<meta name=\"robots\" content=\"index, follow, max-snippet:-1, max-image-preview:large, max-video-preview:-1\" \/>\n<link rel=\"canonical\" href=\"https:\/\/www.plastic-crates.co.in\/es\/product\/contenedores-de-pared-recta-con-tapa-qs-438\/\" \/>\n<meta property=\"og:locale\" content=\"es_ES\" \/>\n<meta property=\"og:type\" content=\"article\" \/>\n<meta property=\"og:title\" content=\"straight wall containers with lids\" \/>\n<meta property=\"og:description\" content=\"Wholesale straight wall containers with lids, stackable plastic containers supplier, Dimensions(L*W*H):438 * 385 * 283 mm, Volume: 32.6L, straight wall containers with lids for sale\" \/>\n<meta property=\"og:url\" content=\"https:\/\/www.plastic-crates.co.in\/es\/product\/contenedores-de-pared-recta-con-tapa-qs-438\/\" \/>\n<meta property=\"og:site_name\" content=\"Wholesale plastic crates\" \/>\n<meta property=\"article:modified_time\" content=\"2025-04-15T23:15:40+00:00\" \/>\n<meta property=\"og:image\" content=\"https:\/\/www.plastic-crates.co.in\/wp-content\/uploads\/2019\/11\/straight-wall-containers-with-lids.jpg\" \/>\n\t<meta property=\"og:image:width\" content=\"600\" \/>\n\t<meta property=\"og:image:height\" content=\"600\" \/>\n\t<meta property=\"og:image:type\" content=\"image\/jpeg\" \/>\n<meta name=\"twitter:card\" content=\"summary_large_image\" \/>\n<meta name=\"twitter:title\" content=\"straight wall containers with lids\" \/>\n<script type=\"application\/ld+json\" class=\"yoast-schema-graph\">{\"@context\":\"https:\/\/schema.org\",\"@graph\":[{\"@type\":\"WebPage\",\"@id\":\"https:\/\/www.plastic-crates.co.in\/product\/straight-wall-containers-with-lids-qs-438\/\",\"url\":\"https:\/\/www.plastic-crates.co.in\/product\/straight-wall-containers-with-lids-qs-438\/\",\"name\":\"straight wall containers with lids wholesale & Factory Price\",\"isPartOf\":{\"@id\":\"https:\/\/www.plastic-crates.co.in\/#website\"},\"primaryImageOfPage\":{\"@id\":\"https:\/\/www.plastic-crates.co.in\/product\/straight-wall-containers-with-lids-qs-438\/#primaryimage\"},\"image\":{\"@id\":\"https:\/\/www.plastic-crates.co.in\/product\/straight-wall-containers-with-lids-qs-438\/#primaryimage\"},\"thumbnailUrl\":\"https:\/\/www.plastic-crates.co.in\/wp-content\/uploads\/2019\/11\/straight-wall-containers-with-lids.jpg\",\"datePublished\":\"2019-09-08T19:52:01+00:00\",\"dateModified\":\"2025-04-15T23:15:40+00:00\",\"description\":\"Wholesale straight wall containers with lids, stackable plastic containers supplier, Dimensions(L*W*H):438 * 385 * 283 mm, Volume: 32.6L, straight wall containers with lids for sale\",\"breadcrumb\":{\"@id\":\"https:\/\/www.plastic-crates.co.in\/product\/straight-wall-containers-with-lids-qs-438\/#breadcrumb\"},\"inLanguage\":\"es\",\"potentialAction\":[{\"@type\":\"ReadAction\",\"target\":[\"https:\/\/www.plastic-crates.co.in\/product\/straight-wall-containers-with-lids-qs-438\/\"]}]},{\"@type\":\"ImageObject\",\"inLanguage\":\"es\",\"@id\":\"https:\/\/www.plastic-crates.co.in\/product\/straight-wall-containers-with-lids-qs-438\/#primaryimage\",\"url\":\"https:\/\/www.plastic-crates.co.in\/wp-content\/uploads\/2019\/11\/straight-wall-containers-with-lids.jpg\",\"contentUrl\":\"https:\/\/www.plastic-crates.co.in\/wp-content\/uploads\/2019\/11\/straight-wall-containers-with-lids.jpg\",\"width\":600,\"height\":600,\"caption\":\"straight wall containers with lids\"},{\"@type\":\"BreadcrumbList\",\"@id\":\"https:\/\/www.plastic-crates.co.in\/product\/straight-wall-containers-with-lids-qs-438\/#breadcrumb\",\"itemListElement\":[{\"@type\":\"ListItem\",\"position\":1,\"name\":\"Home\",\"item\":\"https:\/\/www.plastic-crates.co.in\/\"},{\"@type\":\"ListItem\",\"position\":2,\"name\":\"Products\",\"item\":\"https:\/\/www.plastic-crates.co.in\/shop\/\"},{\"@type\":\"ListItem\",\"position\":3,\"name\":\"straight wall containers with lids-QS-438\"}]},{\"@type\":\"WebSite\",\"@id\":\"https:\/\/www.plastic-crates.co.in\/#website\",\"url\":\"https:\/\/www.plastic-crates.co.in\/\",\"name\":\"Wholesale plastic crates\",\"description\":\"Leading plastic crates manufacturer in China\",\"potentialAction\":[{\"@type\":\"SearchAction\",\"target\":{\"@type\":\"EntryPoint\",\"urlTemplate\":\"https:\/\/www.plastic-crates.co.in\/?s={search_term_string}\"},\"query-input\":{\"@type\":\"PropertyValueSpecification\",\"valueRequired\":true,\"valueName\":\"search_term_string\"}}],\"inLanguage\":\"es\"}]}<\/script>\n<!-- \/ Yoast SEO plugin. -->","yoast_head_json":{"title":"Contenedores de pared recta con tapas al por mayor y precio de f\u00e1brica","description":"Contenedores de pared recta con tapa al por mayor, proveedor de contenedores de pl\u00e1stico apilables, Dimensiones (L * W * H): 438 * 385 * 283 mm, Volumen: 32,6 L, contenedores de pared recta con tapa a la venta","robots":{"index":"index","follow":"follow","max-snippet":"max-snippet:-1","max-image-preview":"max-image-preview:large","max-video-preview":"max-video-preview:-1"},"canonical":"https:\/\/www.plastic-crates.co.in\/es\/product\/contenedores-de-pared-recta-con-tapa-qs-438\/","og_locale":"es_ES","og_type":"article","og_title":"straight wall containers with lids","og_description":"Wholesale straight wall containers with lids, stackable plastic containers supplier, Dimensions(L*W*H):438 * 385 * 283 mm, Volume: 32.6L, straight wall containers with lids for sale","og_url":"https:\/\/www.plastic-crates.co.in\/es\/product\/contenedores-de-pared-recta-con-tapa-qs-438\/","og_site_name":"Wholesale plastic crates","article_modified_time":"2025-04-15T23:15:40+00:00","og_image":[{"width":600,"height":600,"url":"https:\/\/www.plastic-crates.co.in\/wp-content\/uploads\/2019\/11\/straight-wall-containers-with-lids.jpg","type":"image\/jpeg"}],"twitter_card":"summary_large_image","twitter_title":"straight wall containers with lids","schema":{"@context":"https:\/\/schema.org","@graph":[{"@type":"WebPage","@id":"https:\/\/www.plastic-crates.co.in\/product\/straight-wall-containers-with-lids-qs-438\/","url":"https:\/\/www.plastic-crates.co.in\/product\/straight-wall-containers-with-lids-qs-438\/","name":"Contenedores de pared recta con tapas al por mayor y precio de f\u00e1brica","isPartOf":{"@id":"https:\/\/www.plastic-crates.co.in\/#website"},"primaryImageOfPage":{"@id":"https:\/\/www.plastic-crates.co.in\/product\/straight-wall-containers-with-lids-qs-438\/#primaryimage"},"image":{"@id":"https:\/\/www.plastic-crates.co.in\/product\/straight-wall-containers-with-lids-qs-438\/#primaryimage"},"thumbnailUrl":"https:\/\/www.plastic-crates.co.in\/wp-content\/uploads\/2019\/11\/straight-wall-containers-with-lids.jpg","datePublished":"2019-09-08T19:52:01+00:00","dateModified":"2025-04-15T23:15:40+00:00","description":"Contenedores de pared recta con tapa al por mayor, proveedor de contenedores de pl\u00e1stico apilables, Dimensiones (L * W * H): 438 * 385 * 283 mm, Volumen: 32,6 L, contenedores de pared recta con tapa a la venta","breadcrumb":{"@id":"https:\/\/www.plastic-crates.co.in\/product\/straight-wall-containers-with-lids-qs-438\/#breadcrumb"},"inLanguage":"es","potentialAction":[{"@type":"ReadAction","target":["https:\/\/www.plastic-crates.co.in\/product\/straight-wall-containers-with-lids-qs-438\/"]}]},{"@type":"ImageObject","inLanguage":"es","@id":"https:\/\/www.plastic-crates.co.in\/product\/straight-wall-containers-with-lids-qs-438\/#primaryimage","url":"https:\/\/www.plastic-crates.co.in\/wp-content\/uploads\/2019\/11\/straight-wall-containers-with-lids.jpg","contentUrl":"https:\/\/www.plastic-crates.co.in\/wp-content\/uploads\/2019\/11\/straight-wall-containers-with-lids.jpg","width":600,"height":600,"caption":"straight wall containers with lids"},{"@type":"BreadcrumbList","@id":"https:\/\/www.plastic-crates.co.in\/product\/straight-wall-containers-with-lids-qs-438\/#breadcrumb","itemListElement":[{"@type":"ListItem","position":1,"name":"Home","item":"https:\/\/www.plastic-crates.co.in\/"},{"@type":"ListItem","position":2,"name":"Products","item":"https:\/\/www.plastic-crates.co.in\/shop\/"},{"@type":"ListItem","position":3,"name":"straight wall containers with lids-QS-438"}]},{"@type":"WebSite","@id":"https:\/\/www.plastic-crates.co.in\/#website","url":"https:\/\/www.plastic-crates.co.in\/","name":"Cajas de pl\u00e1stico al por mayor","description":"Fabricante l\u00edder de cajas de pl\u00e1stico en China","potentialAction":[{"@type":"SearchAction","target":{"@type":"EntryPoint","urlTemplate":"https:\/\/www.plastic-crates.co.in\/?s={search_term_string}"},"query-input":{"@type":"PropertyValueSpecification","valueRequired":true,"valueName":"search_term_string"}}],"inLanguage":"es"}]}},"uagb_featured_image_src":{"full":["https:\/\/www.plastic-crates.co.in\/wp-content\/uploads\/2019\/11\/straight-wall-containers-with-lids.jpg",600,600,false],"thumbnail":["https:\/\/www.plastic-crates.co.in\/wp-content\/uploads\/2019\/11\/straight-wall-containers-with-lids-150x150.jpg",150,150,true],"medium":["https:\/\/www.plastic-crates.co.in\/wp-content\/uploads\/2019\/11\/straight-wall-containers-with-lids-300x300.jpg",300,300,true],"medium_large":["https:\/\/www.plastic-crates.co.in\/wp-content\/uploads\/2019\/11\/straight-wall-containers-with-lids.jpg",600,600,false],"large":["https:\/\/www.plastic-crates.co.in\/wp-content\/uploads\/2019\/11\/straight-wall-containers-with-lids.jpg",600,600,false],"1536x1536":["https:\/\/www.plastic-crates.co.in\/wp-content\/uploads\/2019\/11\/straight-wall-containers-with-lids.jpg",600,600,false],"2048x2048":["https:\/\/www.plastic-crates.co.in\/wp-content\/uploads\/2019\/11\/straight-wall-containers-with-lids.jpg",600,600,false],"trp-custom-language-flag":["https:\/\/www.plastic-crates.co.in\/wp-content\/uploads\/2019\/11\/straight-wall-containers-with-lids.jpg",12,12,false],"woocommerce_thumbnail":["https:\/\/www.plastic-crates.co.in\/wp-content\/uploads\/2019\/11\/straight-wall-containers-with-lids-300x300.jpg",300,300,true],"woocommerce_single":["https:\/\/www.plastic-crates.co.in\/wp-content\/uploads\/2019\/11\/straight-wall-containers-with-lids-600x600.jpg",600,600,true],"woocommerce_gallery_thumbnail":["https:\/\/www.plastic-crates.co.in\/wp-content\/uploads\/2019\/11\/straight-wall-containers-with-lids-100x100.jpg",100,100,true]},"uagb_author_info":{"display_name":"Atticus Dixon","author_link":"https:\/\/www.plastic-crates.co.in\/es\/author\/"},"uagb_comment_info":0,"uagb_excerpt":"foldable crate supplier,cheap plastic storage boxes,plastic drawer storage,plastic folding bulk shipping container,plastic storage boxes plastic crates","_links":{"self":[{"href":"https:\/\/www.plastic-crates.co.in\/es\/wp-json\/wp\/v2\/product\/6573","targetHints":{"allow":["GET"]}}],"collection":[{"href":"https:\/\/www.plastic-crates.co.in\/es\/wp-json\/wp\/v2\/product"}],"about":[{"href":"https:\/\/www.plastic-crates.co.in\/es\/wp-json\/wp\/v2\/types\/product"}],"wp:featuredmedia":[{"embeddable":true,"href":"https:\/\/www.plastic-crates.co.in\/es\/wp-json\/wp\/v2\/media\/6574"}],"wp:attachment":[{"href":"https:\/\/www.plastic-crates.co.in\/es\/wp-json\/wp\/v2\/media?parent=6573"}],"wp:term":[{"taxonomy":"product_brand","embeddable":true,"href":"https:\/\/www.plastic-crates.co.in\/es\/wp-json\/wp\/v2\/product_brand?post=6573"},{"taxonomy":"product_cat","embeddable":true,"href":"https:\/\/www.plastic-crates.co.in\/es\/wp-json\/wp\/v2\/product_cat?post=6573"},{"taxonomy":"product_tag","embeddable":true,"href":"https:\/\/www.plastic-crates.co.in\/es\/wp-json\/wp\/v2\/product_tag?post=6573"}],"curies":[{"name":"wp","href":"https:\/\/api.w.org\/{rel}","templated":true}]}}