{"id":6409,"date":"2019-09-11T14:33:32","date_gmt":"2019-09-11T14:33:32","guid":{"rendered":"https:\/\/www.plastic-crates.co.in\/product\/folding-plastic-storage-boxes-zjkl604030w\/"},"modified":"2025-04-15T23:15:38","modified_gmt":"2025-04-15T23:15:38","slug":"cajas-de-almacenamiento-de-plastico-plegables-zjkl604030w","status":"publish","type":"product","link":"https:\/\/www.plastic-crates.co.in\/es\/product\/cajas-de-almacenamiento-de-plastico-plegables-zjkl604030w\/","title":{"rendered":"Cajas de almacenamiento de pl\u00e1stico plegables -JOIN-KL604030W"},"content":{"rendered":"","protected":false},"excerpt":{"rendered":"<div><a href=\"https:\/\/www.plastic-crates.co.in\/es\/product-category\/contenedores-apilables-y-anidados\/\" target=\"_blank\" rel=\"noopener noreferrer\">cajas de pl\u00e1stico grandes<\/a>,<a href=\"https:\/\/www.plastic-crates.co.in\/es\/product-category\/contenedores-de-almacenamiento-a-granel\/\" target=\"_blank\" rel=\"noopener noreferrer\">contenedores de almacenamiento grandes<\/a>,<a href=\"https:\/\/www.plastic-crates.co.in\/es\/product-category\/papeleras-plegables\/\" target=\"_blank\" rel=\"noopener noreferrer\">cajas de almacenamiento de pl\u00e1stico<\/a>,<a href=\"https:\/\/www.plastic-crates.co.in\/es\/product-category\/shelving-plastic-bins\/\" target=\"_blank\" rel=\"noopener noreferrer\">Contenedores de almacenamiento de pl\u00e1stico para estantes<\/a>,<a href=\"https:\/\/www.plastic-crates.co.in\/es\/product-category\/contenedores-apilables-de-plastico\/\" target=\"_blank\" rel=\"noopener noreferrer\">contenedores industriales<\/a><\/div>","protected":false},"featured_media":6410,"template":"","meta":{"_acf_changed":false,"_uag_custom_page_level_css":"","site-sidebar-layout":"default","site-content-layout":"","ast-site-content-layout":"default","site-content-style":"default","site-sidebar-style":"default","ast-global-header-display":"","ast-banner-title-visibility":"","ast-main-header-display":"","ast-hfb-above-header-display":"","ast-hfb-below-header-display":"","ast-hfb-mobile-header-display":"","site-post-title":"","ast-breadcrumbs-content":"","ast-featured-img":"","footer-sml-layout":"","theme-transparent-header-meta":"","adv-header-id-meta":"","stick-header-meta":"","header-above-stick-meta":"","header-main-stick-meta":"","header-below-stick-meta":"","astra-migrate-meta-layouts":"default","ast-page-background-enabled":"default","ast-page-background-meta":{"desktop":{"background-color":"var(--ast-global-color-4)","background-image":"","background-repeat":"repeat","background-position":"center center","background-size":"auto","background-attachment":"scroll","background-type":"","background-media":"","overlay-type":"","overlay-color":"","overlay-opacity":"","overlay-gradient":""},"tablet":{"background-color":"","background-image":"","background-repeat":"repeat","background-position":"center center","background-size":"auto","background-attachment":"scroll","background-type":"","background-media":"","overlay-type":"","overlay-color":"","overlay-opacity":"","overlay-gradient":""},"mobile":{"background-color":"","background-image":"","background-repeat":"repeat","background-position":"center center","background-size":"auto","background-attachment":"scroll","background-type":"","background-media":"","overlay-type":"","overlay-color":"","overlay-opacity":"","overlay-gradient":""}},"ast-content-background-meta":{"desktop":{"background-color":"var(--ast-global-color-5)","background-image":"","background-repeat":"repeat","background-position":"center center","background-size":"auto","background-attachment":"scroll","background-type":"","background-media":"","overlay-type":"","overlay-color":"","overlay-opacity":"","overlay-gradient":""},"tablet":{"background-color":"var(--ast-global-color-5)","background-image":"","background-repeat":"repeat","background-position":"center center","background-size":"auto","background-attachment":"scroll","background-type":"","background-media":"","overlay-type":"","overlay-color":"","overlay-opacity":"","overlay-gradient":""},"mobile":{"background-color":"var(--ast-global-color-5)","background-image":"","background-repeat":"repeat","background-position":"center center","background-size":"auto","background-attachment":"scroll","background-type":"","background-media":"","overlay-type":"","overlay-color":"","overlay-opacity":"","overlay-gradient":""}}},"product_brand":[],"product_cat":[11],"product_tag":[102],"class_list":{"0":"post-6409","1":"product","2":"type-product","3":"status-publish","4":"has-post-thumbnail","6":"product_cat-folding-storage-bins","7":"product_tag-plastic-folding-basket","8":"desktop-align-left","9":"tablet-align-left","10":"mobile-align-left","12":"first","13":"instock","14":"product-type-simple"},"acf":[],"yoast_head":"<!-- This site is optimized with the Yoast SEO plugin v26.4 - https:\/\/yoast.com\/wordpress\/plugins\/seo\/ -->\n<title>folding plastic storage boxes wholesale &amp; Factory Price<\/title>\n<meta name=\"description\" content=\"Wholesale folding plastic storage boxes, collapsable box supplier, Dimensions(L*W*H):600 * 400 * 300 mm, Volume: 57.94L, folding plastic storage boxes for sale\" \/>\n<meta name=\"robots\" content=\"index, follow, max-snippet:-1, max-image-preview:large, max-video-preview:-1\" \/>\n<link rel=\"canonical\" href=\"https:\/\/www.plastic-crates.co.in\/es\/product\/cajas-de-almacenamiento-de-plastico-plegables-zjkl604030w\/\" \/>\n<meta property=\"og:locale\" content=\"es_ES\" \/>\n<meta property=\"og:type\" content=\"article\" \/>\n<meta property=\"og:title\" content=\"folding plastic storage boxes\" \/>\n<meta property=\"og:description\" content=\"Wholesale folding plastic storage boxes, collapsable box supplier, Dimensions(L*W*H):600 * 400 * 300 mm, Volume: 57.94L, folding plastic storage boxes for sale\" \/>\n<meta property=\"og:url\" content=\"https:\/\/www.plastic-crates.co.in\/es\/product\/cajas-de-almacenamiento-de-plastico-plegables-zjkl604030w\/\" \/>\n<meta property=\"og:site_name\" content=\"Wholesale plastic crates\" \/>\n<meta property=\"article:modified_time\" content=\"2025-04-15T23:15:38+00:00\" \/>\n<meta property=\"og:image\" content=\"https:\/\/www.plastic-crates.co.in\/wp-content\/uploads\/2019\/11\/folding-plastic-storage-boxes.jpg\" \/>\n\t<meta property=\"og:image:width\" content=\"498\" \/>\n\t<meta property=\"og:image:height\" content=\"314\" \/>\n\t<meta property=\"og:image:type\" content=\"image\/jpeg\" \/>\n<meta name=\"twitter:card\" content=\"summary_large_image\" \/>\n<meta name=\"twitter:title\" content=\"folding plastic storage boxes\" \/>\n<script type=\"application\/ld+json\" class=\"yoast-schema-graph\">{\"@context\":\"https:\/\/schema.org\",\"@graph\":[{\"@type\":\"WebPage\",\"@id\":\"https:\/\/www.plastic-crates.co.in\/product\/folding-plastic-storage-boxes-zjkl604030w\/\",\"url\":\"https:\/\/www.plastic-crates.co.in\/product\/folding-plastic-storage-boxes-zjkl604030w\/\",\"name\":\"folding plastic storage boxes wholesale & Factory Price\",\"isPartOf\":{\"@id\":\"https:\/\/www.plastic-crates.co.in\/#website\"},\"primaryImageOfPage\":{\"@id\":\"https:\/\/www.plastic-crates.co.in\/product\/folding-plastic-storage-boxes-zjkl604030w\/#primaryimage\"},\"image\":{\"@id\":\"https:\/\/www.plastic-crates.co.in\/product\/folding-plastic-storage-boxes-zjkl604030w\/#primaryimage\"},\"thumbnailUrl\":\"https:\/\/www.plastic-crates.co.in\/wp-content\/uploads\/2019\/11\/folding-plastic-storage-boxes.jpg\",\"datePublished\":\"2019-09-11T14:33:32+00:00\",\"dateModified\":\"2025-04-15T23:15:38+00:00\",\"description\":\"Wholesale folding plastic storage boxes, collapsable box supplier, Dimensions(L*W*H):600 * 400 * 300 mm, Volume: 57.94L, folding plastic storage boxes for sale\",\"breadcrumb\":{\"@id\":\"https:\/\/www.plastic-crates.co.in\/product\/folding-plastic-storage-boxes-zjkl604030w\/#breadcrumb\"},\"inLanguage\":\"es\",\"potentialAction\":[{\"@type\":\"ReadAction\",\"target\":[\"https:\/\/www.plastic-crates.co.in\/product\/folding-plastic-storage-boxes-zjkl604030w\/\"]}]},{\"@type\":\"ImageObject\",\"inLanguage\":\"es\",\"@id\":\"https:\/\/www.plastic-crates.co.in\/product\/folding-plastic-storage-boxes-zjkl604030w\/#primaryimage\",\"url\":\"https:\/\/www.plastic-crates.co.in\/wp-content\/uploads\/2019\/11\/folding-plastic-storage-boxes.jpg\",\"contentUrl\":\"https:\/\/www.plastic-crates.co.in\/wp-content\/uploads\/2019\/11\/folding-plastic-storage-boxes.jpg\",\"width\":498,\"height\":314,\"caption\":\"folding plastic storage boxes\"},{\"@type\":\"BreadcrumbList\",\"@id\":\"https:\/\/www.plastic-crates.co.in\/product\/folding-plastic-storage-boxes-zjkl604030w\/#breadcrumb\",\"itemListElement\":[{\"@type\":\"ListItem\",\"position\":1,\"name\":\"Home\",\"item\":\"https:\/\/www.plastic-crates.co.in\/\"},{\"@type\":\"ListItem\",\"position\":2,\"name\":\"Products\",\"item\":\"https:\/\/www.plastic-crates.co.in\/shop\/\"},{\"@type\":\"ListItem\",\"position\":3,\"name\":\"folding plastic storage boxes-JOIN-KL604030W\"}]},{\"@type\":\"WebSite\",\"@id\":\"https:\/\/www.plastic-crates.co.in\/#website\",\"url\":\"https:\/\/www.plastic-crates.co.in\/\",\"name\":\"Wholesale plastic crates\",\"description\":\"Leading plastic crates manufacturer in China\",\"potentialAction\":[{\"@type\":\"SearchAction\",\"target\":{\"@type\":\"EntryPoint\",\"urlTemplate\":\"https:\/\/www.plastic-crates.co.in\/?s={search_term_string}\"},\"query-input\":{\"@type\":\"PropertyValueSpecification\",\"valueRequired\":true,\"valueName\":\"search_term_string\"}}],\"inLanguage\":\"es\"}]}<\/script>\n<!-- \/ Yoast SEO plugin. -->","yoast_head_json":{"title":"Cajas de almacenamiento de pl\u00e1stico plegables al por mayor y precio de f\u00e1brica","description":"Cajas de almacenamiento de pl\u00e1stico plegables al por mayor, proveedor de cajas plegables, Dimensiones (L * An * Al): 600 * 400 * 300 mm, Volumen: 57,94 L, cajas de almacenamiento de pl\u00e1stico plegables a la venta","robots":{"index":"index","follow":"follow","max-snippet":"max-snippet:-1","max-image-preview":"max-image-preview:large","max-video-preview":"max-video-preview:-1"},"canonical":"https:\/\/www.plastic-crates.co.in\/es\/product\/cajas-de-almacenamiento-de-plastico-plegables-zjkl604030w\/","og_locale":"es_ES","og_type":"article","og_title":"folding plastic storage boxes","og_description":"Wholesale folding plastic storage boxes, collapsable box supplier, Dimensions(L*W*H):600 * 400 * 300 mm, Volume: 57.94L, folding plastic storage boxes for sale","og_url":"https:\/\/www.plastic-crates.co.in\/es\/product\/cajas-de-almacenamiento-de-plastico-plegables-zjkl604030w\/","og_site_name":"Wholesale plastic crates","article_modified_time":"2025-04-15T23:15:38+00:00","og_image":[{"width":498,"height":314,"url":"https:\/\/www.plastic-crates.co.in\/wp-content\/uploads\/2019\/11\/folding-plastic-storage-boxes.jpg","type":"image\/jpeg"}],"twitter_card":"summary_large_image","twitter_title":"folding plastic storage boxes","schema":{"@context":"https:\/\/schema.org","@graph":[{"@type":"WebPage","@id":"https:\/\/www.plastic-crates.co.in\/product\/folding-plastic-storage-boxes-zjkl604030w\/","url":"https:\/\/www.plastic-crates.co.in\/product\/folding-plastic-storage-boxes-zjkl604030w\/","name":"Cajas de almacenamiento de pl\u00e1stico plegables al por mayor y precio de f\u00e1brica","isPartOf":{"@id":"https:\/\/www.plastic-crates.co.in\/#website"},"primaryImageOfPage":{"@id":"https:\/\/www.plastic-crates.co.in\/product\/folding-plastic-storage-boxes-zjkl604030w\/#primaryimage"},"image":{"@id":"https:\/\/www.plastic-crates.co.in\/product\/folding-plastic-storage-boxes-zjkl604030w\/#primaryimage"},"thumbnailUrl":"https:\/\/www.plastic-crates.co.in\/wp-content\/uploads\/2019\/11\/folding-plastic-storage-boxes.jpg","datePublished":"2019-09-11T14:33:32+00:00","dateModified":"2025-04-15T23:15:38+00:00","description":"Cajas de almacenamiento de pl\u00e1stico plegables al por mayor, proveedor de cajas plegables, Dimensiones (L * An * Al): 600 * 400 * 300 mm, Volumen: 57,94 L, cajas de almacenamiento de pl\u00e1stico plegables a la venta","breadcrumb":{"@id":"https:\/\/www.plastic-crates.co.in\/product\/folding-plastic-storage-boxes-zjkl604030w\/#breadcrumb"},"inLanguage":"es","potentialAction":[{"@type":"ReadAction","target":["https:\/\/www.plastic-crates.co.in\/product\/folding-plastic-storage-boxes-zjkl604030w\/"]}]},{"@type":"ImageObject","inLanguage":"es","@id":"https:\/\/www.plastic-crates.co.in\/product\/folding-plastic-storage-boxes-zjkl604030w\/#primaryimage","url":"https:\/\/www.plastic-crates.co.in\/wp-content\/uploads\/2019\/11\/folding-plastic-storage-boxes.jpg","contentUrl":"https:\/\/www.plastic-crates.co.in\/wp-content\/uploads\/2019\/11\/folding-plastic-storage-boxes.jpg","width":498,"height":314,"caption":"folding plastic storage boxes"},{"@type":"BreadcrumbList","@id":"https:\/\/www.plastic-crates.co.in\/product\/folding-plastic-storage-boxes-zjkl604030w\/#breadcrumb","itemListElement":[{"@type":"ListItem","position":1,"name":"Home","item":"https:\/\/www.plastic-crates.co.in\/"},{"@type":"ListItem","position":2,"name":"Products","item":"https:\/\/www.plastic-crates.co.in\/shop\/"},{"@type":"ListItem","position":3,"name":"folding plastic storage boxes-JOIN-KL604030W"}]},{"@type":"WebSite","@id":"https:\/\/www.plastic-crates.co.in\/#website","url":"https:\/\/www.plastic-crates.co.in\/","name":"Cajas de pl\u00e1stico al por mayor","description":"Fabricante l\u00edder de cajas de pl\u00e1stico en China","potentialAction":[{"@type":"SearchAction","target":{"@type":"EntryPoint","urlTemplate":"https:\/\/www.plastic-crates.co.in\/?s={search_term_string}"},"query-input":{"@type":"PropertyValueSpecification","valueRequired":true,"valueName":"search_term_string"}}],"inLanguage":"es"}]}},"uagb_featured_image_src":{"full":["https:\/\/www.plastic-crates.co.in\/wp-content\/uploads\/2019\/11\/folding-plastic-storage-boxes.jpg",498,314,false],"thumbnail":["https:\/\/www.plastic-crates.co.in\/wp-content\/uploads\/2019\/11\/folding-plastic-storage-boxes-150x150.jpg",150,150,true],"medium":["https:\/\/www.plastic-crates.co.in\/wp-content\/uploads\/2019\/11\/folding-plastic-storage-boxes-300x189.jpg",300,189,true],"medium_large":["https:\/\/www.plastic-crates.co.in\/wp-content\/uploads\/2019\/11\/folding-plastic-storage-boxes.jpg",498,314,false],"large":["https:\/\/www.plastic-crates.co.in\/wp-content\/uploads\/2019\/11\/folding-plastic-storage-boxes.jpg",498,314,false],"1536x1536":["https:\/\/www.plastic-crates.co.in\/wp-content\/uploads\/2019\/11\/folding-plastic-storage-boxes.jpg",498,314,false],"2048x2048":["https:\/\/www.plastic-crates.co.in\/wp-content\/uploads\/2019\/11\/folding-plastic-storage-boxes.jpg",498,314,false],"trp-custom-language-flag":["https:\/\/www.plastic-crates.co.in\/wp-content\/uploads\/2019\/11\/folding-plastic-storage-boxes.jpg",18,12,false],"woocommerce_thumbnail":["https:\/\/www.plastic-crates.co.in\/wp-content\/uploads\/2019\/11\/folding-plastic-storage-boxes-300x300.jpg",300,300,true],"woocommerce_single":["https:\/\/www.plastic-crates.co.in\/wp-content\/uploads\/2019\/11\/folding-plastic-storage-boxes.jpg",498,314,false],"woocommerce_gallery_thumbnail":["https:\/\/www.plastic-crates.co.in\/wp-content\/uploads\/2019\/11\/folding-plastic-storage-boxes-100x100.jpg",100,100,true]},"uagb_author_info":{"display_name":"Atticus Dixon","author_link":"https:\/\/www.plastic-crates.co.in\/es\/author\/"},"uagb_comment_info":0,"uagb_excerpt":"large plastic crates,large storage bins,storage crates plastic,plastic shelf storage bins,industrial bins","_links":{"self":[{"href":"https:\/\/www.plastic-crates.co.in\/es\/wp-json\/wp\/v2\/product\/6409","targetHints":{"allow":["GET"]}}],"collection":[{"href":"https:\/\/www.plastic-crates.co.in\/es\/wp-json\/wp\/v2\/product"}],"about":[{"href":"https:\/\/www.plastic-crates.co.in\/es\/wp-json\/wp\/v2\/types\/product"}],"wp:featuredmedia":[{"embeddable":true,"href":"https:\/\/www.plastic-crates.co.in\/es\/wp-json\/wp\/v2\/media\/6410"}],"wp:attachment":[{"href":"https:\/\/www.plastic-crates.co.in\/es\/wp-json\/wp\/v2\/media?parent=6409"}],"wp:term":[{"taxonomy":"product_brand","embeddable":true,"href":"https:\/\/www.plastic-crates.co.in\/es\/wp-json\/wp\/v2\/product_brand?post=6409"},{"taxonomy":"product_cat","embeddable":true,"href":"https:\/\/www.plastic-crates.co.in\/es\/wp-json\/wp\/v2\/product_cat?post=6409"},{"taxonomy":"product_tag","embeddable":true,"href":"https:\/\/www.plastic-crates.co.in\/es\/wp-json\/wp\/v2\/product_tag?post=6409"}],"curies":[{"name":"wp","href":"https:\/\/api.w.org\/{rel}","templated":true}]}}