{"id":6147,"date":"2019-07-17T22:48:58","date_gmt":"2019-07-17T22:48:58","guid":{"rendered":"https:\/\/www.plastic-crates.co.in\/product\/plastic-collapsible-crates-egg-plastic-crate\/"},"modified":"2025-04-15T23:16:20","modified_gmt":"2025-04-15T23:16:20","slug":"cajas-de-plastico-plegables-para-huevos","status":"publish","type":"product","link":"https:\/\/www.plastic-crates.co.in\/es\/product\/cajas-de-plastico-plegables-para-huevos\/","title":{"rendered":"Cajas de pl\u00e1stico plegables - Caja de pl\u00e1stico para huevos"},"content":{"rendered":"","protected":false},"excerpt":{"rendered":"<div><a href=\"https:\/\/www.plastic-crates.co.in\/es\/product-category\/contenedores-apilables-de-plastico\/\" target=\"_blank\" rel=\"noopener noreferrer\">peque\u00f1os contenedores de almacenamiento apilables<\/a>,<a href=\"https:\/\/www.plastic-crates.co.in\/es\/product-category\/contenedores-apilables-y-anidados\/\" target=\"_blank\" rel=\"noopener noreferrer\">comprar contenedores de pl\u00e1stico al por mayor<\/a>,<a href=\"https:\/\/www.plastic-crates.co.in\/es\/product-category\/shelving-plastic-bins\/\" target=\"_blank\" rel=\"noopener noreferrer\">contenedores de estantes<\/a>,<a href=\"https:\/\/www.plastic-crates.co.in\/es\/product-category\/contenedores-de-almacenamiento-a-granel\/\" target=\"_blank\" rel=\"noopener noreferrer\">contenedores de pl\u00e1stico a granel<\/a>,<a href=\"https:\/\/www.plastic-crates.co.in\/es\/product-category\/papeleras-plegables\/\" target=\"_blank\" rel=\"noopener noreferrer\">Contenedor de pl\u00e1stico plegable personalizado por color<\/a><\/div>","protected":false},"featured_media":0,"template":"","meta":{"_acf_changed":false,"_uag_custom_page_level_css":"","site-sidebar-layout":"default","site-content-layout":"","ast-site-content-layout":"default","site-content-style":"default","site-sidebar-style":"default","ast-global-header-display":"","ast-banner-title-visibility":"","ast-main-header-display":"","ast-hfb-above-header-display":"","ast-hfb-below-header-display":"","ast-hfb-mobile-header-display":"","site-post-title":"","ast-breadcrumbs-content":"","ast-featured-img":"","footer-sml-layout":"","theme-transparent-header-meta":"","adv-header-id-meta":"","stick-header-meta":"","header-above-stick-meta":"","header-main-stick-meta":"","header-below-stick-meta":"","astra-migrate-meta-layouts":"default","ast-page-background-enabled":"default","ast-page-background-meta":{"desktop":{"background-color":"var(--ast-global-color-4)","background-image":"","background-repeat":"repeat","background-position":"center center","background-size":"auto","background-attachment":"scroll","background-type":"","background-media":"","overlay-type":"","overlay-color":"","overlay-opacity":"","overlay-gradient":""},"tablet":{"background-color":"","background-image":"","background-repeat":"repeat","background-position":"center center","background-size":"auto","background-attachment":"scroll","background-type":"","background-media":"","overlay-type":"","overlay-color":"","overlay-opacity":"","overlay-gradient":""},"mobile":{"background-color":"","background-image":"","background-repeat":"repeat","background-position":"center center","background-size":"auto","background-attachment":"scroll","background-type":"","background-media":"","overlay-type":"","overlay-color":"","overlay-opacity":"","overlay-gradient":""}},"ast-content-background-meta":{"desktop":{"background-color":"var(--ast-global-color-5)","background-image":"","background-repeat":"repeat","background-position":"center center","background-size":"auto","background-attachment":"scroll","background-type":"","background-media":"","overlay-type":"","overlay-color":"","overlay-opacity":"","overlay-gradient":""},"tablet":{"background-color":"var(--ast-global-color-5)","background-image":"","background-repeat":"repeat","background-position":"center center","background-size":"auto","background-attachment":"scroll","background-type":"","background-media":"","overlay-type":"","overlay-color":"","overlay-opacity":"","overlay-gradient":""},"mobile":{"background-color":"var(--ast-global-color-5)","background-image":"","background-repeat":"repeat","background-position":"center center","background-size":"auto","background-attachment":"scroll","background-type":"","background-media":"","overlay-type":"","overlay-color":"","overlay-opacity":"","overlay-gradient":""}}},"product_brand":[],"product_cat":[11],"product_tag":[67],"class_list":{"0":"post-6147","1":"product","2":"type-product","3":"status-publish","5":"product_cat-folding-storage-bins","6":"product_tag-collapsible-egg-crate","7":"desktop-align-left","8":"tablet-align-left","9":"mobile-align-left","11":"first","12":"instock","13":"product-type-simple"},"acf":[],"yoast_head":"<!-- This site is optimized with the Yoast SEO plugin v26.4 - https:\/\/yoast.com\/wordpress\/plugins\/seo\/ -->\n<title>plastic collapsible crates wholesale &amp; Factory Price<\/title>\n<meta name=\"description\" content=\"Wholesale plastic collapsible crates, collapsable box supplier, Dimensions(L*W*H):630 * 330 * 257 mm, Volume: 43.7L, plastic collapsible crates for sale\" \/>\n<meta name=\"robots\" content=\"index, follow, max-snippet:-1, max-image-preview:large, max-video-preview:-1\" \/>\n<link rel=\"canonical\" href=\"https:\/\/www.plastic-crates.co.in\/es\/product\/cajas-de-plastico-plegables-para-huevos\/\" \/>\n<meta property=\"og:locale\" content=\"es_ES\" \/>\n<meta property=\"og:type\" content=\"article\" \/>\n<meta property=\"og:title\" content=\"plastic collapsible crates\" \/>\n<meta property=\"og:description\" content=\"Wholesale plastic collapsible crates, collapsable box supplier, Dimensions(L*W*H):630 * 330 * 257 mm, Volume: 43.7L, plastic collapsible crates for sale\" \/>\n<meta property=\"og:url\" content=\"https:\/\/www.plastic-crates.co.in\/es\/product\/cajas-de-plastico-plegables-para-huevos\/\" \/>\n<meta property=\"og:site_name\" content=\"Wholesale plastic crates\" \/>\n<meta property=\"article:modified_time\" content=\"2025-04-15T23:16:20+00:00\" \/>\n<meta property=\"og:image\" content=\"https:\/\/www.plastic-crates.co.in\/wp-content\/uploads\/2017\/06\/foldable-egg-crate.jpg\" \/>\n\t<meta property=\"og:image:width\" content=\"360\" \/>\n\t<meta property=\"og:image:height\" content=\"270\" \/>\n\t<meta property=\"og:image:type\" content=\"image\/jpeg\" \/>\n<meta name=\"twitter:card\" content=\"summary_large_image\" \/>\n<meta name=\"twitter:title\" content=\"plastic collapsible crates\" \/>\n<script type=\"application\/ld+json\" class=\"yoast-schema-graph\">{\"@context\":\"https:\/\/schema.org\",\"@graph\":[{\"@type\":\"WebPage\",\"@id\":\"https:\/\/www.plastic-crates.co.in\/product\/plastic-collapsible-crates-egg-plastic-crate\/\",\"url\":\"https:\/\/www.plastic-crates.co.in\/product\/plastic-collapsible-crates-egg-plastic-crate\/\",\"name\":\"plastic collapsible crates wholesale & Factory Price\",\"isPartOf\":{\"@id\":\"https:\/\/www.plastic-crates.co.in\/#website\"},\"datePublished\":\"2019-07-17T22:48:58+00:00\",\"dateModified\":\"2025-04-15T23:16:20+00:00\",\"description\":\"Wholesale plastic collapsible crates, collapsable box supplier, Dimensions(L*W*H):630 * 330 * 257 mm, Volume: 43.7L, plastic collapsible crates for sale\",\"breadcrumb\":{\"@id\":\"https:\/\/www.plastic-crates.co.in\/product\/plastic-collapsible-crates-egg-plastic-crate\/#breadcrumb\"},\"inLanguage\":\"es\",\"potentialAction\":[{\"@type\":\"ReadAction\",\"target\":[\"https:\/\/www.plastic-crates.co.in\/product\/plastic-collapsible-crates-egg-plastic-crate\/\"]}]},{\"@type\":\"BreadcrumbList\",\"@id\":\"https:\/\/www.plastic-crates.co.in\/product\/plastic-collapsible-crates-egg-plastic-crate\/#breadcrumb\",\"itemListElement\":[{\"@type\":\"ListItem\",\"position\":1,\"name\":\"Home\",\"item\":\"https:\/\/www.plastic-crates.co.in\/\"},{\"@type\":\"ListItem\",\"position\":2,\"name\":\"Products\",\"item\":\"https:\/\/www.plastic-crates.co.in\/shop\/\"},{\"@type\":\"ListItem\",\"position\":3,\"name\":\"plastic collapsible crates-Egg plastic crate\"}]},{\"@type\":\"WebSite\",\"@id\":\"https:\/\/www.plastic-crates.co.in\/#website\",\"url\":\"https:\/\/www.plastic-crates.co.in\/\",\"name\":\"Wholesale plastic crates\",\"description\":\"Leading plastic crates manufacturer in China\",\"potentialAction\":[{\"@type\":\"SearchAction\",\"target\":{\"@type\":\"EntryPoint\",\"urlTemplate\":\"https:\/\/www.plastic-crates.co.in\/?s={search_term_string}\"},\"query-input\":{\"@type\":\"PropertyValueSpecification\",\"valueRequired\":true,\"valueName\":\"search_term_string\"}}],\"inLanguage\":\"es\"}]}<\/script>\n<!-- \/ Yoast SEO plugin. -->","yoast_head_json":{"title":"Cajas de pl\u00e1stico plegables al por mayor y precio de f\u00e1brica","description":"Cajas plegables de pl\u00e1stico al por mayor, proveedor de cajas plegables, Dimensiones (L*A*H): 630 * 330 * 257 mm, Volumen: 43,7 L, cajas plegables de pl\u00e1stico en venta","robots":{"index":"index","follow":"follow","max-snippet":"max-snippet:-1","max-image-preview":"max-image-preview:large","max-video-preview":"max-video-preview:-1"},"canonical":"https:\/\/www.plastic-crates.co.in\/es\/product\/cajas-de-plastico-plegables-para-huevos\/","og_locale":"es_ES","og_type":"article","og_title":"plastic collapsible crates","og_description":"Wholesale plastic collapsible crates, collapsable box supplier, Dimensions(L*W*H):630 * 330 * 257 mm, Volume: 43.7L, plastic collapsible crates for sale","og_url":"https:\/\/www.plastic-crates.co.in\/es\/product\/cajas-de-plastico-plegables-para-huevos\/","og_site_name":"Wholesale plastic crates","article_modified_time":"2025-04-15T23:16:20+00:00","og_image":[{"width":360,"height":270,"url":"https:\/\/www.plastic-crates.co.in\/wp-content\/uploads\/2017\/06\/foldable-egg-crate.jpg","type":"image\/jpeg"}],"twitter_card":"summary_large_image","twitter_title":"plastic collapsible crates","schema":{"@context":"https:\/\/schema.org","@graph":[{"@type":"WebPage","@id":"https:\/\/www.plastic-crates.co.in\/product\/plastic-collapsible-crates-egg-plastic-crate\/","url":"https:\/\/www.plastic-crates.co.in\/product\/plastic-collapsible-crates-egg-plastic-crate\/","name":"Cajas de pl\u00e1stico plegables al por mayor y precio de f\u00e1brica","isPartOf":{"@id":"https:\/\/www.plastic-crates.co.in\/#website"},"datePublished":"2019-07-17T22:48:58+00:00","dateModified":"2025-04-15T23:16:20+00:00","description":"Cajas plegables de pl\u00e1stico al por mayor, proveedor de cajas plegables, Dimensiones (L*A*H): 630 * 330 * 257 mm, Volumen: 43,7 L, cajas plegables de pl\u00e1stico en venta","breadcrumb":{"@id":"https:\/\/www.plastic-crates.co.in\/product\/plastic-collapsible-crates-egg-plastic-crate\/#breadcrumb"},"inLanguage":"es","potentialAction":[{"@type":"ReadAction","target":["https:\/\/www.plastic-crates.co.in\/product\/plastic-collapsible-crates-egg-plastic-crate\/"]}]},{"@type":"BreadcrumbList","@id":"https:\/\/www.plastic-crates.co.in\/product\/plastic-collapsible-crates-egg-plastic-crate\/#breadcrumb","itemListElement":[{"@type":"ListItem","position":1,"name":"Home","item":"https:\/\/www.plastic-crates.co.in\/"},{"@type":"ListItem","position":2,"name":"Products","item":"https:\/\/www.plastic-crates.co.in\/shop\/"},{"@type":"ListItem","position":3,"name":"plastic collapsible crates-Egg plastic crate"}]},{"@type":"WebSite","@id":"https:\/\/www.plastic-crates.co.in\/#website","url":"https:\/\/www.plastic-crates.co.in\/","name":"Cajas de pl\u00e1stico al por mayor","description":"Fabricante l\u00edder de cajas de pl\u00e1stico en China","potentialAction":[{"@type":"SearchAction","target":{"@type":"EntryPoint","urlTemplate":"https:\/\/www.plastic-crates.co.in\/?s={search_term_string}"},"query-input":{"@type":"PropertyValueSpecification","valueRequired":true,"valueName":"search_term_string"}}],"inLanguage":"es"}]}},"uagb_featured_image_src":{"full":false,"thumbnail":false,"medium":false,"medium_large":false,"large":false,"1536x1536":false,"2048x2048":false,"trp-custom-language-flag":false,"woocommerce_thumbnail":false,"woocommerce_single":false,"woocommerce_gallery_thumbnail":false},"uagb_author_info":{"display_name":"Atticus Dixon","author_link":"https:\/\/www.plastic-crates.co.in\/es\/author\/"},"uagb_comment_info":0,"uagb_excerpt":"small stackable storage bins,buy plastic totes in bulk,shelf bins,plastic containers bulk,color customized foldable plastic container","_links":{"self":[{"href":"https:\/\/www.plastic-crates.co.in\/es\/wp-json\/wp\/v2\/product\/6147","targetHints":{"allow":["GET"]}}],"collection":[{"href":"https:\/\/www.plastic-crates.co.in\/es\/wp-json\/wp\/v2\/product"}],"about":[{"href":"https:\/\/www.plastic-crates.co.in\/es\/wp-json\/wp\/v2\/types\/product"}],"wp:attachment":[{"href":"https:\/\/www.plastic-crates.co.in\/es\/wp-json\/wp\/v2\/media?parent=6147"}],"wp:term":[{"taxonomy":"product_brand","embeddable":true,"href":"https:\/\/www.plastic-crates.co.in\/es\/wp-json\/wp\/v2\/product_brand?post=6147"},{"taxonomy":"product_cat","embeddable":true,"href":"https:\/\/www.plastic-crates.co.in\/es\/wp-json\/wp\/v2\/product_cat?post=6147"},{"taxonomy":"product_tag","embeddable":true,"href":"https:\/\/www.plastic-crates.co.in\/es\/wp-json\/wp\/v2\/product_tag?post=6147"}],"curies":[{"name":"wp","href":"https:\/\/api.w.org\/{rel}","templated":true}]}}