{"id":6017,"date":"2019-07-27T11:42:13","date_gmt":"2019-07-27T11:42:13","guid":{"rendered":"https:\/\/www.plastic-crates.co.in\/product\/moving-foldable-crate-zjks4835255w\/"},"modified":"2025-04-15T23:16:09","modified_gmt":"2025-04-15T23:16:09","slug":"caja-plegable-movil-zjks4835255w","status":"publish","type":"product","link":"https:\/\/www.plastic-crates.co.in\/es\/product\/caja-plegable-movil-zjks4835255w\/","title":{"rendered":"Caja plegable m\u00f3vil -JOIN-KS4835255W"},"content":{"rendered":"","protected":false},"excerpt":{"rendered":"<div><a href=\"https:\/\/www.plastic-crates.co.in\/es\/product-category\/papeleras-plegables\/\" target=\"_blank\" rel=\"noopener noreferrer\">Cajas plegables de alta resistencia<\/a>,<a href=\"https:\/\/www.plastic-crates.co.in\/es\/product-category\/contenedores-apilables-de-plastico\/\" target=\"_blank\" rel=\"noopener noreferrer\">eurocontenedores apilables con tapa<\/a>,<a href=\"https:\/\/www.plastic-crates.co.in\/es\/product-category\/contenedores-apilables-y-anidados\/\" target=\"_blank\" rel=\"noopener noreferrer\">contenedores de env\u00edo de pl\u00e1stico<\/a>,<a href=\"https:\/\/www.plastic-crates.co.in\/es\/product-category\/contenedores-de-almacenamiento-a-granel\/\" target=\"_blank\" rel=\"noopener noreferrer\">Contenedores de palets plegables<\/a>,<a href=\"https:\/\/www.plastic-crates.co.in\/es\/product-category\/shelving-plastic-bins\/\" target=\"_blank\" rel=\"noopener noreferrer\">contenedores grandes de piezas de pl\u00e1stico<\/a><\/div>","protected":false},"featured_media":6018,"template":"","meta":{"_acf_changed":false,"_uag_custom_page_level_css":"","site-sidebar-layout":"default","site-content-layout":"","ast-site-content-layout":"default","site-content-style":"default","site-sidebar-style":"default","ast-global-header-display":"","ast-banner-title-visibility":"","ast-main-header-display":"","ast-hfb-above-header-display":"","ast-hfb-below-header-display":"","ast-hfb-mobile-header-display":"","site-post-title":"","ast-breadcrumbs-content":"","ast-featured-img":"","footer-sml-layout":"","theme-transparent-header-meta":"","adv-header-id-meta":"","stick-header-meta":"","header-above-stick-meta":"","header-main-stick-meta":"","header-below-stick-meta":"","astra-migrate-meta-layouts":"default","ast-page-background-enabled":"default","ast-page-background-meta":{"desktop":{"background-color":"var(--ast-global-color-4)","background-image":"","background-repeat":"repeat","background-position":"center center","background-size":"auto","background-attachment":"scroll","background-type":"","background-media":"","overlay-type":"","overlay-color":"","overlay-opacity":"","overlay-gradient":""},"tablet":{"background-color":"","background-image":"","background-repeat":"repeat","background-position":"center center","background-size":"auto","background-attachment":"scroll","background-type":"","background-media":"","overlay-type":"","overlay-color":"","overlay-opacity":"","overlay-gradient":""},"mobile":{"background-color":"","background-image":"","background-repeat":"repeat","background-position":"center center","background-size":"auto","background-attachment":"scroll","background-type":"","background-media":"","overlay-type":"","overlay-color":"","overlay-opacity":"","overlay-gradient":""}},"ast-content-background-meta":{"desktop":{"background-color":"var(--ast-global-color-5)","background-image":"","background-repeat":"repeat","background-position":"center center","background-size":"auto","background-attachment":"scroll","background-type":"","background-media":"","overlay-type":"","overlay-color":"","overlay-opacity":"","overlay-gradient":""},"tablet":{"background-color":"var(--ast-global-color-5)","background-image":"","background-repeat":"repeat","background-position":"center center","background-size":"auto","background-attachment":"scroll","background-type":"","background-media":"","overlay-type":"","overlay-color":"","overlay-opacity":"","overlay-gradient":""},"mobile":{"background-color":"var(--ast-global-color-5)","background-image":"","background-repeat":"repeat","background-position":"center center","background-size":"auto","background-attachment":"scroll","background-type":"","background-media":"","overlay-type":"","overlay-color":"","overlay-opacity":"","overlay-gradient":""}}},"product_brand":[],"product_cat":[11],"product_tag":[102],"class_list":{"0":"post-6017","1":"product","2":"type-product","3":"status-publish","4":"has-post-thumbnail","6":"product_cat-folding-storage-bins","7":"product_tag-plastic-folding-basket","8":"desktop-align-left","9":"tablet-align-left","10":"mobile-align-left","12":"first","13":"instock","14":"product-type-simple"},"acf":[],"yoast_head":"<!-- This site is optimized with the Yoast SEO plugin v26.4 - https:\/\/yoast.com\/wordpress\/plugins\/seo\/ -->\n<title>moving foldable crate wholesale &amp; Factory Price<\/title>\n<meta name=\"description\" content=\"Wholesale moving foldable crate, collapsable box supplier, Dimensions(L*W*H):480 * 350 * 255 mm, Volume: 35.10L, moving foldable crate for sale\" \/>\n<meta name=\"robots\" content=\"index, follow, max-snippet:-1, max-image-preview:large, max-video-preview:-1\" \/>\n<link rel=\"canonical\" href=\"https:\/\/www.plastic-crates.co.in\/es\/product\/caja-plegable-movil-zjks4835255w\/\" \/>\n<meta property=\"og:locale\" content=\"es_ES\" \/>\n<meta property=\"og:type\" content=\"article\" \/>\n<meta property=\"og:title\" content=\"moving foldable crate\" \/>\n<meta property=\"og:description\" content=\"Wholesale moving foldable crate, collapsable box supplier, Dimensions(L*W*H):480 * 350 * 255 mm, Volume: 35.10L, moving foldable crate for sale\" \/>\n<meta property=\"og:url\" content=\"https:\/\/www.plastic-crates.co.in\/es\/product\/caja-plegable-movil-zjks4835255w\/\" \/>\n<meta property=\"og:site_name\" content=\"Wholesale plastic crates\" \/>\n<meta property=\"article:modified_time\" content=\"2025-04-15T23:16:09+00:00\" \/>\n<meta property=\"og:image\" content=\"https:\/\/www.plastic-crates.co.in\/wp-content\/uploads\/2019\/11\/moving-foldable-crate.jpg\" \/>\n\t<meta property=\"og:image:width\" content=\"498\" \/>\n\t<meta property=\"og:image:height\" content=\"314\" \/>\n\t<meta property=\"og:image:type\" content=\"image\/jpeg\" \/>\n<meta name=\"twitter:card\" content=\"summary_large_image\" \/>\n<meta name=\"twitter:title\" content=\"moving foldable crate\" \/>\n<script type=\"application\/ld+json\" class=\"yoast-schema-graph\">{\"@context\":\"https:\/\/schema.org\",\"@graph\":[{\"@type\":\"WebPage\",\"@id\":\"https:\/\/www.plastic-crates.co.in\/product\/moving-foldable-crate-zjks4835255w\/\",\"url\":\"https:\/\/www.plastic-crates.co.in\/product\/moving-foldable-crate-zjks4835255w\/\",\"name\":\"moving foldable crate wholesale & Factory Price\",\"isPartOf\":{\"@id\":\"https:\/\/www.plastic-crates.co.in\/#website\"},\"primaryImageOfPage\":{\"@id\":\"https:\/\/www.plastic-crates.co.in\/product\/moving-foldable-crate-zjks4835255w\/#primaryimage\"},\"image\":{\"@id\":\"https:\/\/www.plastic-crates.co.in\/product\/moving-foldable-crate-zjks4835255w\/#primaryimage\"},\"thumbnailUrl\":\"https:\/\/www.plastic-crates.co.in\/wp-content\/uploads\/2019\/11\/moving-foldable-crate.jpg\",\"datePublished\":\"2019-07-27T11:42:13+00:00\",\"dateModified\":\"2025-04-15T23:16:09+00:00\",\"description\":\"Wholesale moving foldable crate, collapsable box supplier, Dimensions(L*W*H):480 * 350 * 255 mm, Volume: 35.10L, moving foldable crate for sale\",\"breadcrumb\":{\"@id\":\"https:\/\/www.plastic-crates.co.in\/product\/moving-foldable-crate-zjks4835255w\/#breadcrumb\"},\"inLanguage\":\"es\",\"potentialAction\":[{\"@type\":\"ReadAction\",\"target\":[\"https:\/\/www.plastic-crates.co.in\/product\/moving-foldable-crate-zjks4835255w\/\"]}]},{\"@type\":\"ImageObject\",\"inLanguage\":\"es\",\"@id\":\"https:\/\/www.plastic-crates.co.in\/product\/moving-foldable-crate-zjks4835255w\/#primaryimage\",\"url\":\"https:\/\/www.plastic-crates.co.in\/wp-content\/uploads\/2019\/11\/moving-foldable-crate.jpg\",\"contentUrl\":\"https:\/\/www.plastic-crates.co.in\/wp-content\/uploads\/2019\/11\/moving-foldable-crate.jpg\",\"width\":498,\"height\":314,\"caption\":\"moving foldable crate\"},{\"@type\":\"BreadcrumbList\",\"@id\":\"https:\/\/www.plastic-crates.co.in\/product\/moving-foldable-crate-zjks4835255w\/#breadcrumb\",\"itemListElement\":[{\"@type\":\"ListItem\",\"position\":1,\"name\":\"Home\",\"item\":\"https:\/\/www.plastic-crates.co.in\/\"},{\"@type\":\"ListItem\",\"position\":2,\"name\":\"Products\",\"item\":\"https:\/\/www.plastic-crates.co.in\/shop\/\"},{\"@type\":\"ListItem\",\"position\":3,\"name\":\"moving foldable crate-JOIN-KS4835255W\"}]},{\"@type\":\"WebSite\",\"@id\":\"https:\/\/www.plastic-crates.co.in\/#website\",\"url\":\"https:\/\/www.plastic-crates.co.in\/\",\"name\":\"Wholesale plastic crates\",\"description\":\"Leading plastic crates manufacturer in China\",\"potentialAction\":[{\"@type\":\"SearchAction\",\"target\":{\"@type\":\"EntryPoint\",\"urlTemplate\":\"https:\/\/www.plastic-crates.co.in\/?s={search_term_string}\"},\"query-input\":{\"@type\":\"PropertyValueSpecification\",\"valueRequired\":true,\"valueName\":\"search_term_string\"}}],\"inLanguage\":\"es\"}]}<\/script>\n<!-- \/ Yoast SEO plugin. -->","yoast_head_json":{"title":"Cajas plegables para mudanzas al por mayor y precio de f\u00e1brica","description":"Caja plegable para mudanzas al por mayor, proveedor de cajas plegables, Dimensiones (L*A*H): 480 * 350 * 255 mm, Volumen: 35,10 L, caja plegable para mudanzas en venta","robots":{"index":"index","follow":"follow","max-snippet":"max-snippet:-1","max-image-preview":"max-image-preview:large","max-video-preview":"max-video-preview:-1"},"canonical":"https:\/\/www.plastic-crates.co.in\/es\/product\/caja-plegable-movil-zjks4835255w\/","og_locale":"es_ES","og_type":"article","og_title":"moving foldable crate","og_description":"Wholesale moving foldable crate, collapsable box supplier, Dimensions(L*W*H):480 * 350 * 255 mm, Volume: 35.10L, moving foldable crate for sale","og_url":"https:\/\/www.plastic-crates.co.in\/es\/product\/caja-plegable-movil-zjks4835255w\/","og_site_name":"Wholesale plastic crates","article_modified_time":"2025-04-15T23:16:09+00:00","og_image":[{"width":498,"height":314,"url":"https:\/\/www.plastic-crates.co.in\/wp-content\/uploads\/2019\/11\/moving-foldable-crate.jpg","type":"image\/jpeg"}],"twitter_card":"summary_large_image","twitter_title":"moving foldable crate","schema":{"@context":"https:\/\/schema.org","@graph":[{"@type":"WebPage","@id":"https:\/\/www.plastic-crates.co.in\/product\/moving-foldable-crate-zjks4835255w\/","url":"https:\/\/www.plastic-crates.co.in\/product\/moving-foldable-crate-zjks4835255w\/","name":"Cajas plegables para mudanzas al por mayor y precio de f\u00e1brica","isPartOf":{"@id":"https:\/\/www.plastic-crates.co.in\/#website"},"primaryImageOfPage":{"@id":"https:\/\/www.plastic-crates.co.in\/product\/moving-foldable-crate-zjks4835255w\/#primaryimage"},"image":{"@id":"https:\/\/www.plastic-crates.co.in\/product\/moving-foldable-crate-zjks4835255w\/#primaryimage"},"thumbnailUrl":"https:\/\/www.plastic-crates.co.in\/wp-content\/uploads\/2019\/11\/moving-foldable-crate.jpg","datePublished":"2019-07-27T11:42:13+00:00","dateModified":"2025-04-15T23:16:09+00:00","description":"Caja plegable para mudanzas al por mayor, proveedor de cajas plegables, Dimensiones (L*A*H): 480 * 350 * 255 mm, Volumen: 35,10 L, caja plegable para mudanzas en venta","breadcrumb":{"@id":"https:\/\/www.plastic-crates.co.in\/product\/moving-foldable-crate-zjks4835255w\/#breadcrumb"},"inLanguage":"es","potentialAction":[{"@type":"ReadAction","target":["https:\/\/www.plastic-crates.co.in\/product\/moving-foldable-crate-zjks4835255w\/"]}]},{"@type":"ImageObject","inLanguage":"es","@id":"https:\/\/www.plastic-crates.co.in\/product\/moving-foldable-crate-zjks4835255w\/#primaryimage","url":"https:\/\/www.plastic-crates.co.in\/wp-content\/uploads\/2019\/11\/moving-foldable-crate.jpg","contentUrl":"https:\/\/www.plastic-crates.co.in\/wp-content\/uploads\/2019\/11\/moving-foldable-crate.jpg","width":498,"height":314,"caption":"moving foldable crate"},{"@type":"BreadcrumbList","@id":"https:\/\/www.plastic-crates.co.in\/product\/moving-foldable-crate-zjks4835255w\/#breadcrumb","itemListElement":[{"@type":"ListItem","position":1,"name":"Home","item":"https:\/\/www.plastic-crates.co.in\/"},{"@type":"ListItem","position":2,"name":"Products","item":"https:\/\/www.plastic-crates.co.in\/shop\/"},{"@type":"ListItem","position":3,"name":"moving foldable crate-JOIN-KS4835255W"}]},{"@type":"WebSite","@id":"https:\/\/www.plastic-crates.co.in\/#website","url":"https:\/\/www.plastic-crates.co.in\/","name":"Cajas de pl\u00e1stico al por mayor","description":"Fabricante l\u00edder de cajas de pl\u00e1stico en China","potentialAction":[{"@type":"SearchAction","target":{"@type":"EntryPoint","urlTemplate":"https:\/\/www.plastic-crates.co.in\/?s={search_term_string}"},"query-input":{"@type":"PropertyValueSpecification","valueRequired":true,"valueName":"search_term_string"}}],"inLanguage":"es"}]}},"uagb_featured_image_src":{"full":["https:\/\/www.plastic-crates.co.in\/wp-content\/uploads\/2019\/11\/moving-foldable-crate.jpg",498,314,false],"thumbnail":["https:\/\/www.plastic-crates.co.in\/wp-content\/uploads\/2019\/11\/moving-foldable-crate-150x150.jpg",150,150,true],"medium":["https:\/\/www.plastic-crates.co.in\/wp-content\/uploads\/2019\/11\/moving-foldable-crate-300x189.jpg",300,189,true],"medium_large":["https:\/\/www.plastic-crates.co.in\/wp-content\/uploads\/2019\/11\/moving-foldable-crate.jpg",498,314,false],"large":["https:\/\/www.plastic-crates.co.in\/wp-content\/uploads\/2019\/11\/moving-foldable-crate.jpg",498,314,false],"1536x1536":["https:\/\/www.plastic-crates.co.in\/wp-content\/uploads\/2019\/11\/moving-foldable-crate.jpg",498,314,false],"2048x2048":["https:\/\/www.plastic-crates.co.in\/wp-content\/uploads\/2019\/11\/moving-foldable-crate.jpg",498,314,false],"trp-custom-language-flag":["https:\/\/www.plastic-crates.co.in\/wp-content\/uploads\/2019\/11\/moving-foldable-crate.jpg",18,12,false],"woocommerce_thumbnail":["https:\/\/www.plastic-crates.co.in\/wp-content\/uploads\/2019\/11\/moving-foldable-crate-300x300.jpg",300,300,true],"woocommerce_single":["https:\/\/www.plastic-crates.co.in\/wp-content\/uploads\/2019\/11\/moving-foldable-crate.jpg",498,314,false],"woocommerce_gallery_thumbnail":["https:\/\/www.plastic-crates.co.in\/wp-content\/uploads\/2019\/11\/moving-foldable-crate-100x100.jpg",100,100,true]},"uagb_author_info":{"display_name":"Atticus Dixon","author_link":"https:\/\/www.plastic-crates.co.in\/es\/author\/"},"uagb_comment_info":0,"uagb_excerpt":"heavy duty collapsible crates,euro stacking containers with lids,plastic shipping containers,collapsible pallet pack containers,large plastic parts bins","_links":{"self":[{"href":"https:\/\/www.plastic-crates.co.in\/es\/wp-json\/wp\/v2\/product\/6017","targetHints":{"allow":["GET"]}}],"collection":[{"href":"https:\/\/www.plastic-crates.co.in\/es\/wp-json\/wp\/v2\/product"}],"about":[{"href":"https:\/\/www.plastic-crates.co.in\/es\/wp-json\/wp\/v2\/types\/product"}],"wp:featuredmedia":[{"embeddable":true,"href":"https:\/\/www.plastic-crates.co.in\/es\/wp-json\/wp\/v2\/media\/6018"}],"wp:attachment":[{"href":"https:\/\/www.plastic-crates.co.in\/es\/wp-json\/wp\/v2\/media?parent=6017"}],"wp:term":[{"taxonomy":"product_brand","embeddable":true,"href":"https:\/\/www.plastic-crates.co.in\/es\/wp-json\/wp\/v2\/product_brand?post=6017"},{"taxonomy":"product_cat","embeddable":true,"href":"https:\/\/www.plastic-crates.co.in\/es\/wp-json\/wp\/v2\/product_cat?post=6017"},{"taxonomy":"product_tag","embeddable":true,"href":"https:\/\/www.plastic-crates.co.in\/es\/wp-json\/wp\/v2\/product_tag?post=6017"}],"curies":[{"name":"wp","href":"https:\/\/api.w.org\/{rel}","templated":true}]}}