{"id":280,"date":"2025-04-18T21:11:43","date_gmt":"2025-04-18T21:11:43","guid":{"rendered":"https:\/\/www.plastic-crates.co.in\/services\/"},"modified":"2025-04-18T21:12:19","modified_gmt":"2025-04-18T21:12:19","slug":"servicios","status":"publish","type":"page","link":"https:\/\/www.plastic-crates.co.in\/es\/servicios\/","title":{"rendered":"Servicios"},"content":{"rendered":"<div class=\"wp-block-uagb-container uagb-block-d43d0c88 alignfull uagb-is-root-container\"><div class=\"uagb-container-inner-blocks-wrap\">\n<div class=\"wp-block-uagb-advanced-heading uagb-block-8f5d1181\"><p class=\"uagb-desc-text\">Nuestra experiencia<\/p><h1 class=\"uagb-heading-text\">Soluciones integrales de almacenamiento de pl\u00e1stico<\/h1><\/div>\n<\/div><\/div>\n\n\n\n<div class=\"wp-block-uagb-container uagb-block-1c26696c alignfull uagb-is-root-container\"><div class=\"uagb-container-inner-blocks-wrap\">\n<div class=\"wp-block-uagb-container uagb-layout-grid uagb-block-db6d347b\">\n<div class=\"wp-block-uagb-image uagb-block-32b0bc6b wp-block-uagb-image--layout-default wp-block-uagb-image--effect-static wp-block-uagb-image--align-none\"><figure class=\"wp-block-uagb-image__figure\"><img decoding=\"async\" srcset=\"https:\/\/www.plastic-crates.co.in\/wp-content\/uploads\/2024\/05\/services-01.jpg ,https:\/\/www.plastic-crates.co.in\/wp-content\/uploads\/2024\/05\/services-01.jpg 780w, https:\/\/www.plastic-crates.co.in\/wp-content\/uploads\/2024\/05\/services-01.jpg 360w\" sizes=\"auto, (max-width: 480px) 150px\" src=\"https:\/\/www.plastic-crates.co.in\/wp-content\/uploads\/2024\/05\/services-01.jpg\" alt=\"\" class=\"uag-image-260\" width=\"512\" height=\"400\" title=\"servicios-01\" loading=\"lazy\" role=\"img\"\/><\/figure><\/div>\n\n\n\n<div class=\"wp-block-uagb-info-box uagb-block-f77218c5 uagb-infobox__content-wrap  uagb-infobox-icon-above-title uagb-infobox-image-valign-top wp-block-uagb-info-box--has-margin\"><div class=\"uagb-infobox-margin-wrapper\"><div class=\"uagb-ifb-content\"><div class=\"uagb-ifb-title-wrap\"><h2 class=\"uagb-ifb-title-prefix\">01.<\/h2><div class=\"uagb-ifb-separator\"><\/div><h3 class=\"uagb-ifb-title\">Fabricaci\u00f3n a medida<\/h3><\/div><p class=\"uagb-ifb-desc\">Nos especializamos en la fabricaci\u00f3n a medida de cajas y contenedores de pl\u00e1stico que cumplen con sus especificaciones \u00fanicas. Nuestro equipo de expertos trabaja en estrecha colaboraci\u00f3n con los clientes para desarrollar soluciones que optimicen la funcionalidad y la eficiencia para diversos sectores, garantizando resultados de alta calidad que cumplen con los est\u00e1ndares de la industria.<\/p><\/div><\/div><\/div>\n<\/div>\n\n\n\n<div class=\"wp-block-uagb-container uagb-layout-grid uagb-block-f46edbe6\">\n<div class=\"wp-block-uagb-image uagb-block-bcb273d9 wp-block-uagb-image--layout-default wp-block-uagb-image--effect-static wp-block-uagb-image--align-none\"><figure class=\"wp-block-uagb-image__figure\"><img decoding=\"async\" srcset=\"https:\/\/www.plastic-crates.co.in\/wp-content\/uploads\/2024\/05\/services-02.jpg ,https:\/\/www.plastic-crates.co.in\/wp-content\/uploads\/2024\/05\/services-02.jpg 780w, https:\/\/www.plastic-crates.co.in\/wp-content\/uploads\/2024\/05\/services-02.jpg 360w\" sizes=\"auto, (max-width: 480px) 150px\" src=\"https:\/\/www.plastic-crates.co.in\/wp-content\/uploads\/2024\/05\/services-02.jpg\" alt=\"\" class=\"uag-image-261\" width=\"512\" height=\"400\" title=\"servicios-02\" loading=\"lazy\" role=\"img\"\/><\/figure><\/div>\n\n\n\n<div class=\"wp-block-uagb-info-box uagb-block-b0c52ba5 uagb-infobox__content-wrap  uagb-infobox-icon-above-title uagb-infobox-image-valign-top wp-block-uagb-info-box--has-margin\"><div class=\"uagb-infobox-margin-wrapper\"><div class=\"uagb-ifb-content\"><div class=\"uagb-ifb-title-wrap\"><h2 class=\"uagb-ifb-title-prefix\">02.<\/h2><div class=\"uagb-ifb-separator\"><\/div><h3 class=\"uagb-ifb-title\">Gama de productos<\/h3><\/div><p class=\"uagb-ifb-desc\">Nuestra amplia gama de productos incluye contenedores apilables y encajables, cajas de almacenamiento plegables y cajones para frutas y verduras. Cada producto est\u00e1 dise\u00f1ado para ofrecer durabilidad, fiabilidad y practicidad, lo que los hace id\u00f3neos para aplicaciones agr\u00edcolas, log\u00edsticas y minoristas, satisfaciendo as\u00ed las necesidades espec\u00edficas de cada sector y garantizando la m\u00e1xima usabilidad.<\/p><\/div><\/div><\/div>\n<\/div>\n\n\n\n<div class=\"wp-block-uagb-container uagb-layout-grid uagb-block-acdfb74d\">\n<div class=\"wp-block-uagb-image uagb-block-b2aef285 wp-block-uagb-image--layout-default wp-block-uagb-image--effect-static wp-block-uagb-image--align-none\"><figure class=\"wp-block-uagb-image__figure\"><img decoding=\"async\" srcset=\"https:\/\/www.plastic-crates.co.in\/wp-content\/uploads\/2024\/05\/services-03.jpg ,https:\/\/www.plastic-crates.co.in\/wp-content\/uploads\/2024\/05\/services-03.jpg 780w, https:\/\/www.plastic-crates.co.in\/wp-content\/uploads\/2024\/05\/services-03.jpg 360w\" sizes=\"auto, (max-width: 480px) 150px\" src=\"https:\/\/www.plastic-crates.co.in\/wp-content\/uploads\/2024\/05\/services-03.jpg\" alt=\"\" class=\"uag-image-262\" width=\"512\" height=\"400\" title=\"servicios-03\" loading=\"lazy\" role=\"img\"\/><\/figure><\/div>\n\n\n\n<div class=\"wp-block-uagb-info-box uagb-block-a9241075 uagb-infobox__content-wrap  uagb-infobox-icon-above-title uagb-infobox-image-valign-top wp-block-uagb-info-box--has-margin\"><div class=\"uagb-infobox-margin-wrapper\"><div class=\"uagb-ifb-content\"><div class=\"uagb-ifb-title-wrap\"><h2 class=\"uagb-ifb-title-prefix\">03.<\/h2><div class=\"uagb-ifb-separator\"><\/div><h3 class=\"uagb-ifb-title\">Enfoque en la sostenibilidad<\/h3><\/div><p class=\"uagb-ifb-desc\">En Suzhou Qusheng Plastics, priorizamos la sostenibilidad en nuestros procesos de fabricaci\u00f3n. Nuestros productos est\u00e1n dise\u00f1ados para ser reutilizables y reciclables, lo que ayuda a las empresas a reducir su impacto ambiental. Al elegir nuestras soluciones de almacenamiento, los clientes contribuyen a una econom\u00eda circular y se benefician de materiales sostenibles y de alta calidad.<\/p><\/div><\/div><\/div>\n<\/div>\n\n\n\n<div class=\"wp-block-uagb-container uagb-layout-grid uagb-block-bf258a9a\">\n<div class=\"wp-block-uagb-image uagb-block-3367d708 wp-block-uagb-image--layout-default wp-block-uagb-image--effect-static wp-block-uagb-image--align-none\"><figure class=\"wp-block-uagb-image__figure\"><img decoding=\"async\" srcset=\"https:\/\/www.plastic-crates.co.in\/wp-content\/uploads\/2024\/05\/services-04.jpg ,https:\/\/www.plastic-crates.co.in\/wp-content\/uploads\/2024\/05\/services-04.jpg 780w, https:\/\/www.plastic-crates.co.in\/wp-content\/uploads\/2024\/05\/services-04.jpg 360w\" sizes=\"auto, (max-width: 480px) 150px\" src=\"https:\/\/www.plastic-crates.co.in\/wp-content\/uploads\/2024\/05\/services-04.jpg\" alt=\"\" class=\"uag-image-263\" width=\"512\" height=\"400\" title=\"servicios-04\" loading=\"lazy\" role=\"img\"\/><\/figure><\/div>\n\n\n\n<div class=\"wp-block-uagb-info-box uagb-block-0a3de28d uagb-infobox__content-wrap  uagb-infobox-icon-above-title uagb-infobox-image-valign-top wp-block-uagb-info-box--has-margin\"><div class=\"uagb-infobox-margin-wrapper\"><div class=\"uagb-ifb-content\"><div class=\"uagb-ifb-title-wrap\"><h2 class=\"uagb-ifb-title-prefix\">04.<\/h2><div class=\"uagb-ifb-separator\"><\/div><h3 class=\"uagb-ifb-title\">Garant\u00eda de calidad<\/h3><\/div><p class=\"uagb-ifb-desc\">Nuestros procesos de control de calidad incluyen pruebas y evaluaciones exhaustivas de todos los productos. Al cumplir con los m\u00e1s altos est\u00e1ndares de la industria y las pr\u00e1cticas de mejora continua, garantizamos que nuestras soluciones de almacenamiento de pl\u00e1stico ofrezcan siempre el m\u00e1ximo rendimiento y durabilidad, lo que nos ha permitido ganarnos la confianza de los l\u00edderes del sector.<\/p><\/div><\/div><\/div>\n<\/div>\n<\/div><\/div>\n\n\n\n<div class=\"wp-block-uagb-container uagb-layout-grid uagb-block-d3a06ec4 alignfull uagb-is-root-container\"><div class=\"uagb-container-inner-blocks-wrap\">\n<div class=\"wp-block-uagb-info-box uagb-block-92f0d55a uagb-infobox__content-wrap  uagb-infobox-icon-above-title uagb-infobox-image-valign-top wp-block-uagb-info-box--has-margin\"><div class=\"uagb-infobox-margin-wrapper\"><div class=\"uagb-ifb-content\"><div class=\"uagb-ifb-icon-wrap\"><svg xmlns=\"https:\/\/www.w3.org\/2000\/svg\" viewbox=\"0 0 512 512\"><path d=\"M0 256C0 114.6 114.6 0 256 0C397.4 0 512 114.6 512 256C512 397.4 397.4 512 256 512C114.6 512 0 397.4 0 256zM371.8 211.8C382.7 200.9 382.7 183.1 371.8 172.2C360.9 161.3 343.1 161.3 332.2 172.2L224 280.4L179.8 236.2C168.9 225.3 151.1 225.3 140.2 236.2C129.3 247.1 129.3 264.9 140.2 275.8L204.2 339.8C215.1 350.7 232.9 350.7 243.8 339.8L371.8 211.8z\"><\/path><\/svg><\/div><div class=\"uagb-ifb-title-wrap\"><span class=\"uagb-ifb-title-prefix\">\u00danase a nosotros hoy<\/span><h2 class=\"uagb-ifb-title\">Descubra el potencial de las soluciones de almacenamiento eficientes<\/h2><\/div><p class=\"uagb-ifb-desc\">Con\u00e9ctese con nosotros para explorar nuestra innovadora gama de productos dise\u00f1ados para satisfacer todos sus desaf\u00edos de almacenamiento.<\/p><div class=\"uagb-ifb-button-wrapper wp-block-button\"><a href=\"\/es\/contacto\/\" class=\"uagb-infobox-cta-link wp-block-button__link\" target=\"_self\" rel=\"noopener noreferrer\" onclick=\"return true;\"><span class=\"uagb-inline-editing\">Cont\u00e1ctenos<\/span><\/a><\/div><\/div><\/div><\/div>\n<\/div><\/div>","protected":false},"excerpt":{"rendered":"<p>Nuestra experiencia: Soluciones integrales de almacenamiento de pl\u00e1stico<\/p>","protected":false},"author":1,"featured_media":0,"parent":0,"menu_order":0,"comment_status":"closed","ping_status":"closed","template":"","meta":{"_acf_changed":false,"_uag_custom_page_level_css":"","site-sidebar-layout":"default","site-content-layout":"","ast-site-content-layout":"default","site-content-style":"default","site-sidebar-style":"default","ast-global-header-display":"","ast-banner-title-visibility":"","ast-main-header-display":"","ast-hfb-above-header-display":"","ast-hfb-below-header-display":"","ast-hfb-mobile-header-display":"","site-post-title":"disabled","ast-breadcrumbs-content":"","ast-featured-img":"","footer-sml-layout":"","theme-transparent-header-meta":"enabled","adv-header-id-meta":"","stick-header-meta":"","header-above-stick-meta":"","header-main-stick-meta":"","header-below-stick-meta":"","astra-migrate-meta-layouts":"default","ast-page-background-enabled":"default","ast-page-background-meta":{"desktop":{"background-color":"var(--ast-global-color-4)","background-image":"","background-repeat":"repeat","background-position":"center center","background-size":"auto","background-attachment":"scroll","background-type":"","background-media":"","overlay-type":"","overlay-color":"","overlay-opacity":"","overlay-gradient":""},"tablet":{"background-color":"","background-image":"","background-repeat":"repeat","background-position":"center center","background-size":"auto","background-attachment":"scroll","background-type":"","background-media":"","overlay-type":"","overlay-color":"","overlay-opacity":"","overlay-gradient":""},"mobile":{"background-color":"","background-image":"","background-repeat":"repeat","background-position":"center center","background-size":"auto","background-attachment":"scroll","background-type":"","background-media":"","overlay-type":"","overlay-color":"","overlay-opacity":"","overlay-gradient":""}},"ast-content-background-meta":{"desktop":{"background-color":"var(--ast-global-color-5)","background-image":"","background-repeat":"repeat","background-position":"center center","background-size":"auto","background-attachment":"scroll","background-type":"","background-media":"","overlay-type":"","overlay-color":"","overlay-opacity":"","overlay-gradient":""},"tablet":{"background-color":"var(--ast-global-color-5)","background-image":"","background-repeat":"repeat","background-position":"center center","background-size":"auto","background-attachment":"scroll","background-type":"","background-media":"","overlay-type":"","overlay-color":"","overlay-opacity":"","overlay-gradient":""},"mobile":{"background-color":"var(--ast-global-color-5)","background-image":"","background-repeat":"repeat","background-position":"center center","background-size":"auto","background-attachment":"scroll","background-type":"","background-media":"","overlay-type":"","overlay-color":"","overlay-opacity":"","overlay-gradient":""}},"footnotes":""},"class_list":["post-280","page","type-page","status-publish","hentry"],"acf":[],"yoast_head":"<!-- This site is optimized with the Yoast SEO plugin v26.4 - https:\/\/yoast.com\/wordpress\/plugins\/seo\/ -->\n<title>Services - Wholesale plastic crates<\/title>\n<meta name=\"robots\" content=\"index, follow, max-snippet:-1, max-image-preview:large, max-video-preview:-1\" \/>\n<link rel=\"canonical\" href=\"https:\/\/www.plastic-crates.co.in\/es\/servicios\/\" \/>\n<meta property=\"og:locale\" content=\"es_ES\" \/>\n<meta property=\"og:type\" content=\"article\" \/>\n<meta property=\"og:title\" content=\"Services - Wholesale plastic crates\" \/>\n<meta property=\"og:description\" content=\"Our Expertise Comprehensive Plastic Storage Solutions\" \/>\n<meta property=\"og:url\" content=\"https:\/\/www.plastic-crates.co.in\/es\/servicios\/\" \/>\n<meta property=\"og:site_name\" content=\"Wholesale plastic crates\" \/>\n<meta property=\"article:modified_time\" content=\"2025-04-18T21:12:19+00:00\" \/>\n<meta property=\"og:image\" content=\"https:\/\/www.plastic-crates.co.in\/wp-content\/uploads\/2024\/05\/services-01.jpg\" \/>\n<meta name=\"twitter:card\" content=\"summary_large_image\" \/>\n<meta name=\"twitter:label1\" content=\"Tiempo de lectura\" \/>\n\t<meta name=\"twitter:data1\" content=\"1 minuto\" \/>\n<script type=\"application\/ld+json\" class=\"yoast-schema-graph\">{\"@context\":\"https:\/\/schema.org\",\"@graph\":[{\"@type\":\"WebPage\",\"@id\":\"https:\/\/www.plastic-crates.co.in\/hi\/%e0%a4%b8%e0%a5%87%e0%a4%b5%e0%a4%be\/\",\"url\":\"https:\/\/www.plastic-crates.co.in\/hi\/%e0%a4%b8%e0%a5%87%e0%a4%b5%e0%a4%be\/\",\"name\":\"Services - Wholesale plastic crates\",\"isPartOf\":{\"@id\":\"https:\/\/www.plastic-crates.co.in\/#website\"},\"primaryImageOfPage\":{\"@id\":\"https:\/\/www.plastic-crates.co.in\/hi\/%e0%a4%b8%e0%a5%87%e0%a4%b5%e0%a4%be\/#primaryimage\"},\"image\":{\"@id\":\"https:\/\/www.plastic-crates.co.in\/hi\/%e0%a4%b8%e0%a5%87%e0%a4%b5%e0%a4%be\/#primaryimage\"},\"thumbnailUrl\":\"https:\/\/www.plastic-crates.co.in\/wp-content\/uploads\/2024\/05\/services-01.jpg\",\"datePublished\":\"2025-04-18T21:11:43+00:00\",\"dateModified\":\"2025-04-18T21:12:19+00:00\",\"breadcrumb\":{\"@id\":\"https:\/\/www.plastic-crates.co.in\/hi\/%e0%a4%b8%e0%a5%87%e0%a4%b5%e0%a4%be\/#breadcrumb\"},\"inLanguage\":\"es\",\"potentialAction\":[{\"@type\":\"ReadAction\",\"target\":[\"https:\/\/www.plastic-crates.co.in\/hi\/%e0%a4%b8%e0%a5%87%e0%a4%b5%e0%a4%be\/\"]}]},{\"@type\":\"ImageObject\",\"inLanguage\":\"es\",\"@id\":\"https:\/\/www.plastic-crates.co.in\/hi\/%e0%a4%b8%e0%a5%87%e0%a4%b5%e0%a4%be\/#primaryimage\",\"url\":\"https:\/\/www.plastic-crates.co.in\/wp-content\/uploads\/2024\/05\/services-01.jpg\",\"contentUrl\":\"https:\/\/www.plastic-crates.co.in\/wp-content\/uploads\/2024\/05\/services-01.jpg\"},{\"@type\":\"BreadcrumbList\",\"@id\":\"https:\/\/www.plastic-crates.co.in\/hi\/%e0%a4%b8%e0%a5%87%e0%a4%b5%e0%a4%be\/#breadcrumb\",\"itemListElement\":[{\"@type\":\"ListItem\",\"position\":1,\"name\":\"Home\",\"item\":\"https:\/\/www.plastic-crates.co.in\/\"},{\"@type\":\"ListItem\",\"position\":2,\"name\":\"Services\"}]},{\"@type\":\"WebSite\",\"@id\":\"https:\/\/www.plastic-crates.co.in\/#website\",\"url\":\"https:\/\/www.plastic-crates.co.in\/\",\"name\":\"Wholesale plastic crates\",\"description\":\"Leading plastic crates manufacturer in China\",\"potentialAction\":[{\"@type\":\"SearchAction\",\"target\":{\"@type\":\"EntryPoint\",\"urlTemplate\":\"https:\/\/www.plastic-crates.co.in\/?s={search_term_string}\"},\"query-input\":{\"@type\":\"PropertyValueSpecification\",\"valueRequired\":true,\"valueName\":\"search_term_string\"}}],\"inLanguage\":\"es\"}]}<\/script>\n<!-- \/ Yoast SEO plugin. -->","yoast_head_json":{"title":"Servicios - Venta al por mayor de cajas de pl\u00e1stico","robots":{"index":"index","follow":"follow","max-snippet":"max-snippet:-1","max-image-preview":"max-image-preview:large","max-video-preview":"max-video-preview:-1"},"canonical":"https:\/\/www.plastic-crates.co.in\/es\/servicios\/","og_locale":"es_ES","og_type":"article","og_title":"Services - Wholesale plastic crates","og_description":"Our Expertise Comprehensive Plastic Storage Solutions","og_url":"https:\/\/www.plastic-crates.co.in\/es\/servicios\/","og_site_name":"Wholesale plastic crates","article_modified_time":"2025-04-18T21:12:19+00:00","og_image":[{"url":"https:\/\/www.plastic-crates.co.in\/wp-content\/uploads\/2024\/05\/services-01.jpg","type":"","width":"","height":""}],"twitter_card":"summary_large_image","twitter_misc":{"Tiempo de lectura":"1 minuto"},"schema":{"@context":"https:\/\/schema.org","@graph":[{"@type":"WebPage","@id":"https:\/\/www.plastic-crates.co.in\/hi\/%e0%a4%b8%e0%a5%87%e0%a4%b5%e0%a4%be\/","url":"https:\/\/www.plastic-crates.co.in\/hi\/%e0%a4%b8%e0%a5%87%e0%a4%b5%e0%a4%be\/","name":"Servicios - Venta al por mayor de cajas de pl\u00e1stico","isPartOf":{"@id":"https:\/\/www.plastic-crates.co.in\/#website"},"primaryImageOfPage":{"@id":"https:\/\/www.plastic-crates.co.in\/hi\/%e0%a4%b8%e0%a5%87%e0%a4%b5%e0%a4%be\/#primaryimage"},"image":{"@id":"https:\/\/www.plastic-crates.co.in\/hi\/%e0%a4%b8%e0%a5%87%e0%a4%b5%e0%a4%be\/#primaryimage"},"thumbnailUrl":"https:\/\/www.plastic-crates.co.in\/wp-content\/uploads\/2024\/05\/services-01.jpg","datePublished":"2025-04-18T21:11:43+00:00","dateModified":"2025-04-18T21:12:19+00:00","breadcrumb":{"@id":"https:\/\/www.plastic-crates.co.in\/hi\/%e0%a4%b8%e0%a5%87%e0%a4%b5%e0%a4%be\/#breadcrumb"},"inLanguage":"es","potentialAction":[{"@type":"ReadAction","target":["https:\/\/www.plastic-crates.co.in\/hi\/%e0%a4%b8%e0%a5%87%e0%a4%b5%e0%a4%be\/"]}]},{"@type":"ImageObject","inLanguage":"es","@id":"https:\/\/www.plastic-crates.co.in\/hi\/%e0%a4%b8%e0%a5%87%e0%a4%b5%e0%a4%be\/#primaryimage","url":"https:\/\/www.plastic-crates.co.in\/wp-content\/uploads\/2024\/05\/services-01.jpg","contentUrl":"https:\/\/www.plastic-crates.co.in\/wp-content\/uploads\/2024\/05\/services-01.jpg"},{"@type":"BreadcrumbList","@id":"https:\/\/www.plastic-crates.co.in\/hi\/%e0%a4%b8%e0%a5%87%e0%a4%b5%e0%a4%be\/#breadcrumb","itemListElement":[{"@type":"ListItem","position":1,"name":"Home","item":"https:\/\/www.plastic-crates.co.in\/"},{"@type":"ListItem","position":2,"name":"Services"}]},{"@type":"WebSite","@id":"https:\/\/www.plastic-crates.co.in\/#website","url":"https:\/\/www.plastic-crates.co.in\/","name":"Cajas de pl\u00e1stico al por mayor","description":"Fabricante l\u00edder de cajas de pl\u00e1stico en China","potentialAction":[{"@type":"SearchAction","target":{"@type":"EntryPoint","urlTemplate":"https:\/\/www.plastic-crates.co.in\/?s={search_term_string}"},"query-input":{"@type":"PropertyValueSpecification","valueRequired":true,"valueName":"search_term_string"}}],"inLanguage":"es"}]}},"uagb_featured_image_src":{"full":false,"thumbnail":false,"medium":false,"medium_large":false,"large":false,"1536x1536":false,"2048x2048":false,"trp-custom-language-flag":false,"woocommerce_thumbnail":false,"woocommerce_single":false,"woocommerce_gallery_thumbnail":false},"uagb_author_info":{"display_name":"Atticus Dixon","author_link":"https:\/\/www.plastic-crates.co.in\/es\/author\/luxingchao\/"},"uagb_comment_info":0,"uagb_excerpt":"Our Expertise Comprehensive Plastic Storage Solutions","_links":{"self":[{"href":"https:\/\/www.plastic-crates.co.in\/es\/wp-json\/wp\/v2\/pages\/280","targetHints":{"allow":["GET"]}}],"collection":[{"href":"https:\/\/www.plastic-crates.co.in\/es\/wp-json\/wp\/v2\/pages"}],"about":[{"href":"https:\/\/www.plastic-crates.co.in\/es\/wp-json\/wp\/v2\/types\/page"}],"author":[{"embeddable":true,"href":"https:\/\/www.plastic-crates.co.in\/es\/wp-json\/wp\/v2\/users\/1"}],"replies":[{"embeddable":true,"href":"https:\/\/www.plastic-crates.co.in\/es\/wp-json\/wp\/v2\/comments?post=280"}],"version-history":[{"count":0,"href":"https:\/\/www.plastic-crates.co.in\/es\/wp-json\/wp\/v2\/pages\/280\/revisions"}],"wp:attachment":[{"href":"https:\/\/www.plastic-crates.co.in\/es\/wp-json\/wp\/v2\/media?parent=280"}],"curies":[{"name":"wp","href":"https:\/\/api.w.org\/{rel}","templated":true}]}}